{"id":953,"date":"2011-11-23T15:51:06","date_gmt":"2011-11-23T15:51:06","guid":{"rendered":"http:\/\/www.bengs-modellbau.de\/magazin\/?page_id=953"},"modified":"2025-02-18T23:23:38","modified_gmt":"2025-02-18T21:23:38","slug":"kleine-bohrungen-entgratkopf-entgraten","status":"publish","type":"page","link":"https:\/\/www.bengs-modellbau.de\/magazin\/tutorial\/kleine-bohrungen-entgratkopf-entgraten\/","title":{"rendered":"Kleine Bohrungen mit dem Entgratkopf entgraten"},"content":{"rendered":"<figure id=\"attachment_958\" aria-describedby=\"caption-attachment-958\" style=\"width: 300px\" class=\"wp-caption alignleft\"><a href=\"http:\/\/www.bengs-modellbau.de\/magazin\/wp-content\/uploads\/2011\/11\/Kegelsenker.jpg\"><img fetchpriority=\"high\" decoding=\"async\" class=\"size-medium wp-image-958\" title=\"Kegelsenker\" src=\"http:\/\/www.bengs-modellbau.de\/magazin\/wp-content\/uploads\/2011\/11\/Kegelsenker-300x300.jpg\" alt=\"\" width=\"300\" height=\"300\" srcset=\"https:\/\/www.bengs-modellbau.de\/magazin\/wp-content\/uploads\/2011\/11\/Kegelsenker-300x300.jpg 300w, https:\/\/www.bengs-modellbau.de\/magazin\/wp-content\/uploads\/2011\/11\/Kegelsenker-150x150.jpg 150w, https:\/\/www.bengs-modellbau.de\/magazin\/wp-content\/uploads\/2011\/11\/Kegelsenker-1024x1024.jpg 1024w, https:\/\/www.bengs-modellbau.de\/magazin\/wp-content\/uploads\/2011\/11\/Kegelsenker.jpg 1200w\" sizes=\"(max-width: 300px) 100vw, 300px\" \/><\/a><figcaption id=\"caption-attachment-958\" class=\"wp-caption-text\">Kegelsenker sind nur bedingt bei kleinen Bohrungen einsetzbar<\/figcaption><\/figure>\n<p>Sicherlich kennen Sie als Modellbauer das Problem. Sie m\u00f6chten eine 1,6mm Bohrung entgraten um anschlie\u00dfend ein M2 Gewinde zu schneiden. Aber selbst ihr kleinster Kegelsenker ist zu gro\u00df da er an der Spitze flach geschliffen ist. Au\u00dferdem m\u00fcssten Sie den Senker in die Bohrmaschine spannen und die Drehzahl durch umlegen des Riemens \u00e4ndern.<\/p>\n<p>Um Ihnen diese Arbeit zu ersparen m\u00f6chten wir Ihnen den <a href=\"https:\/\/www.bengs-modellbau.de\/werkzeug\/werkzeuge\/entgratkopf-hss-900\">Entgratkopf<\/a> vorstellen den Sie einfach in das Handst\u00fcck eines <a href=\"https:\/\/www.bengs-modellbau.de\/werkzeug\/werkzeuge\/handentgrater\">Handentgraters<\/a> einspannen k\u00f6nnen. Der Entgratkopf ist ein HSS Senker mit nur einer Schneide die bis zur Spitze angeschliffen ist. Dadurch kann man mit dem Entgratkopf bereits Bohrungen ab 0.5mm entgraten ohne eine Bohrmaschine oder eine Vorrichtung zu ben\u00f6tigen.<\/p>\n<p>Es gibt die Entgratk\u00f6pfe in unterschiedlichen Durchmessern wir bei Bengs Modellbau<\/p>\n<figure id=\"attachment_960\" aria-describedby=\"caption-attachment-960\" style=\"width: 300px\" class=\"wp-caption alignright\"><a href=\"http:\/\/www.bengs-modellbau.de\/magazin\/wp-content\/uploads\/2011\/11\/Entgratkopf-63mm.jpg\"><img decoding=\"async\" class=\"size-medium wp-image-960\" title=\"Entgratkopf-6,3mm\" src=\"http:\/\/www.bengs-modellbau.de\/magazin\/wp-content\/uploads\/2011\/11\/Entgratkopf-63mm-300x300.jpg\" alt=\"\" width=\"300\" height=\"300\" srcset=\"https:\/\/www.bengs-modellbau.de\/magazin\/wp-content\/uploads\/2011\/11\/Entgratkopf-63mm-300x300.jpg 300w, https:\/\/www.bengs-modellbau.de\/magazin\/wp-content\/uploads\/2011\/11\/Entgratkopf-63mm-150x150.jpg 150w, https:\/\/www.bengs-modellbau.de\/magazin\/wp-content\/uploads\/2011\/11\/Entgratkopf-63mm-1024x1024.jpg 1024w, https:\/\/www.bengs-modellbau.de\/magazin\/wp-content\/uploads\/2011\/11\/Entgratkopf-63mm.jpg 1083w\" sizes=\"(max-width: 300px) 100vw, 300px\" \/><\/a><figcaption id=\"caption-attachment-960\" class=\"wp-caption-text\">Entgratkopf mit 6,3mm Durchmesser<\/figcaption><\/figure>\n<p>benutzen allerdings den 6,3mm Entgratkopf am liebsten. Mit dem 6,3er kann man Bohrungen von 0,5mm bis 5,5mm entgraten. Au\u00dferdem k\u00f6nnen die Kernlochbohrungen vom M2,M3,M4,M5 und sogar M6 Gewinde problemlos entgratet werden. Somit erf\u00fcllt der 6,3mm <a href=\"https:\/\/www.bengs-modellbau.de\/werkzeug\/werkzeuge\/handentgrater\">Entgratkopf<\/a> einen Gro\u00dfteil der Anforderungen die im Technischen Modellbau gestellt werden. Der Entgratkopf wir einfach in ein Handst\u00fcck eingespannt in dem er sich frei drehen kann und schon kann man die Bohrungen in seinem Bauteil entgraten. Das geht sehr schnell und ist sehr genau. Wenn man bei jedem Loch die gleiche Anzahl Umdrehungen macht ( 2 Runden reichen vollkommen aus) hat man exakt die gleiche Senktiefe. Grade im Modellbau sieht es nicht besonders sch\u00f6n aus wenn gesenkte L\u00f6cher unterschiedlich tief gesenkt sind.<\/p>\n<p>&nbsp;<\/p>\n<figure id=\"attachment_962\" aria-describedby=\"caption-attachment-962\" style=\"width: 300px\" class=\"wp-caption alignleft\"><a href=\"http:\/\/www.bengs-modellbau.de\/magazin\/wp-content\/uploads\/2011\/11\/entgratkopf-handentgrater.jpg\"><img decoding=\"async\" class=\"size-medium wp-image-962\" title=\"entgratkopf-handentgrater\" src=\"http:\/\/www.bengs-modellbau.de\/magazin\/wp-content\/uploads\/2011\/11\/entgratkopf-handentgrater-300x200.jpg\" alt=\"\" width=\"300\" height=\"200\" srcset=\"https:\/\/www.bengs-modellbau.de\/magazin\/wp-content\/uploads\/2011\/11\/entgratkopf-handentgrater-300x200.jpg 300w, https:\/\/www.bengs-modellbau.de\/magazin\/wp-content\/uploads\/2011\/11\/entgratkopf-handentgrater-1024x683.jpg 1024w, https:\/\/www.bengs-modellbau.de\/magazin\/wp-content\/uploads\/2011\/11\/entgratkopf-handentgrater.jpg 1200w\" sizes=\"(max-width: 300px) 100vw, 300px\" \/><\/a><figcaption id=\"caption-attachment-962\" class=\"wp-caption-text\">Der Entgratkopf wird im Griffst\u00fcck vom Handentgrater eingespannt<\/figcaption><\/figure>\n<p>Es ist in <a href=\"https:\/\/www.bengs-modellbau.de\/material\/halbzeuge\/messing-ms58-rund\">Messing<\/a> oder <a href=\"https:\/\/www.bengs-modellbau.de\/material\/halbzeuge\/aluminiumrundstange-alcumgpb\">Aluminium<\/a> sogar m\u00f6glich Senkungen f\u00fcr M2 Senkschrauben oder 2mm Holzschrauben von Hand herzustellen nat\u00fcrlich muss man dann ein paar Umdrehungen mehr machen um das gew\u00fcnschte Ergebnis zu erhalten. im folgenden Video sehen Sie wie sie dem Entgratkopf mit dem Handentgater Griffst\u00fcck benutzen.<\/p>\n<p>&nbsp;<\/p>\n<p><strong><a href=\"https:\/\/www.bengs-modellbau.de\/werkzeug\/werkzeuge\/entgratkopf-hss-900\">Hier finden Sie Entgratkopf im Bengs Modellbau Shop<\/a>\u00a0<\/strong><\/p>\n<p><object width=\"640\" height=\"360\" classid=\"clsid:d27cdb6e-ae6d-11cf-96b8-444553540000\" codebase=\"http:\/\/download.macromedia.com\/pub\/shockwave\/cabs\/flash\/swflash.cab#version=6,0,40,0\"><param name=\"allowFullScreen\" value=\"true\" \/><param name=\"allowscriptaccess\" value=\"always\" \/><param name=\"src\" value=\"http:\/\/www.youtube.com\/v\/PtdAY7hUBuw?version=3&amp;hl=de_DE&amp;rel=0\" \/><param name=\"allowfullscreen\" value=\"true\" \/><embed width=\"640\" height=\"360\" type=\"application\/x-shockwave-flash\" src=\"http:\/\/www.youtube.com\/v\/PtdAY7hUBuw?version=3&amp;hl=de_DE&amp;rel=0\" allowfullscreen=\"allowfullscreen\" allowscriptaccess=\"always\" allowfullscreen=\"allowfullscreen\" \/><\/object><\/p>\n<p>&nbsp;<\/p>\n<p>&nbsp;<\/p>\n","protected":false},"excerpt":{"rendered":"<p>Sicherlich kennen Sie als Modellbauer das Problem. Sie m\u00f6chten eine 1,6mm Bohrung entgraten um anschlie\u00dfend ein M2 Gewinde zu schneiden. Aber selbst ihr kleinster Kegelsenker ist zu gro\u00df da er an der Spitze flach geschliffen ist. Au\u00dferdem m\u00fcssten Sie den Senker in die Bohrmaschine spannen und die Drehzahl durch umlegen des Riemens \u00e4ndern. Um Ihnen [&hellip;]<\/p>\n","protected":false},"author":1,"featured_media":0,"parent":346,"menu_order":0,"comment_status":"closed","ping_status":"closed","template":"","meta":{"footnotes":""},"class_list":["post-953","page","type-page","status-publish","hentry"],"yoast_head":"<!-- This site is optimized with the Yoast SEO plugin v27.2 - https:\/\/yoast.com\/product\/yoast-seo-wordpress\/ -->\n<title>Kleine Bohrungen mit dem Entgratkopf entgraten - Bengs Modellbau Magazin<\/title>\n<meta name=\"robots\" content=\"index, follow, max-snippet:-1, max-image-preview:large, max-video-preview:-1\" \/>\n<link rel=\"canonical\" href=\"https:\/\/www.bengs-modellbau.de\/magazin\/tutorial\/kleine-bohrungen-entgratkopf-entgraten\/\" \/>\n<meta property=\"og:locale\" content=\"de_DE\" \/>\n<meta property=\"og:type\" content=\"article\" \/>\n<meta property=\"og:title\" content=\"Kleine Bohrungen mit dem Entgratkopf entgraten - Bengs Modellbau Magazin\" \/>\n<meta property=\"og:description\" content=\"Sicherlich kennen Sie als Modellbauer das Problem. Sie m\u00f6chten eine 1,6mm Bohrung entgraten um anschlie\u00dfend ein M2 Gewinde zu schneiden. Aber selbst ihr kleinster Kegelsenker ist zu gro\u00df da er an der Spitze flach geschliffen ist. Au\u00dferdem m\u00fcssten Sie den Senker in die Bohrmaschine spannen und die Drehzahl durch umlegen des Riemens \u00e4ndern. Um Ihnen [&hellip;]\" \/>\n<meta property=\"og:url\" content=\"https:\/\/www.bengs-modellbau.de\/magazin\/tutorial\/kleine-bohrungen-entgratkopf-entgraten\/\" \/>\n<meta property=\"og:site_name\" content=\"Bengs Modellbau Magazin\" \/>\n<meta property=\"article:modified_time\" content=\"2025-02-18T21:23:38+00:00\" \/>\n<meta property=\"og:image\" content=\"https:\/\/www.bengs-modellbau.de\/magazin\/wp-content\/uploads\/2011\/11\/Kegelsenker.jpg\" \/>\n\t<meta property=\"og:image:width\" content=\"1200\" \/>\n\t<meta property=\"og:image:height\" content=\"1200\" \/>\n\t<meta property=\"og:image:type\" content=\"image\/jpeg\" \/>\n<meta name=\"twitter:card\" content=\"summary_large_image\" \/>\n<meta name=\"twitter:label1\" content=\"Gesch\u00e4tzte Lesezeit\" \/>\n\t<meta name=\"twitter:data1\" content=\"2\u00a0Minuten\" \/>\n<script type=\"application\/ld+json\" class=\"yoast-schema-graph\">{\"@context\":\"https:\/\/schema.org\",\"@graph\":[{\"@type\":\"WebPage\",\"@id\":\"https:\/\/www.bengs-modellbau.de\/magazin\/tutorial\/kleine-bohrungen-entgratkopf-entgraten\/\",\"url\":\"https:\/\/www.bengs-modellbau.de\/magazin\/tutorial\/kleine-bohrungen-entgratkopf-entgraten\/\",\"name\":\"Kleine Bohrungen mit dem Entgratkopf entgraten - Bengs Modellbau Magazin\",\"isPartOf\":{\"@id\":\"https:\/\/www.bengs-modellbau.de\/magazin\/#website\"},\"primaryImageOfPage\":{\"@id\":\"https:\/\/www.bengs-modellbau.de\/magazin\/tutorial\/kleine-bohrungen-entgratkopf-entgraten\/#primaryimage\"},\"image\":{\"@id\":\"https:\/\/www.bengs-modellbau.de\/magazin\/tutorial\/kleine-bohrungen-entgratkopf-entgraten\/#primaryimage\"},\"thumbnailUrl\":\"http:\/\/www.bengs-modellbau.de\/magazin\/wp-content\/uploads\/2011\/11\/Kegelsenker-300x300.jpg\",\"datePublished\":\"2011-11-23T15:51:06+00:00\",\"dateModified\":\"2025-02-18T21:23:38+00:00\",\"breadcrumb\":{\"@id\":\"https:\/\/www.bengs-modellbau.de\/magazin\/tutorial\/kleine-bohrungen-entgratkopf-entgraten\/#breadcrumb\"},\"inLanguage\":\"de\",\"potentialAction\":[{\"@type\":\"ReadAction\",\"target\":[\"https:\/\/www.bengs-modellbau.de\/magazin\/tutorial\/kleine-bohrungen-entgratkopf-entgraten\/\"]}]},{\"@type\":\"ImageObject\",\"inLanguage\":\"de\",\"@id\":\"https:\/\/www.bengs-modellbau.de\/magazin\/tutorial\/kleine-bohrungen-entgratkopf-entgraten\/#primaryimage\",\"url\":\"https:\/\/www.bengs-modellbau.de\/magazin\/wp-content\/uploads\/2011\/11\/Kegelsenker.jpg\",\"contentUrl\":\"https:\/\/www.bengs-modellbau.de\/magazin\/wp-content\/uploads\/2011\/11\/Kegelsenker.jpg\",\"width\":\"1200\",\"height\":\"1200\",\"caption\":\"Kegelsenker sind nur bedingt bei kleinen Bohrungen einsetzbar\"},{\"@type\":\"BreadcrumbList\",\"@id\":\"https:\/\/www.bengs-modellbau.de\/magazin\/tutorial\/kleine-bohrungen-entgratkopf-entgraten\/#breadcrumb\",\"itemListElement\":[{\"@type\":\"ListItem\",\"position\":1,\"name\":\"Startseite\",\"item\":\"https:\/\/www.bengs-modellbau.de\/magazin\/\"},{\"@type\":\"ListItem\",\"position\":2,\"name\":\"Tipps und Tricks (Tutorial)\",\"item\":\"https:\/\/www.bengs-modellbau.de\/magazin\/tutorial\/\"},{\"@type\":\"ListItem\",\"position\":3,\"name\":\"Kleine Bohrungen mit dem Entgratkopf entgraten\"}]},{\"@type\":\"WebSite\",\"@id\":\"https:\/\/www.bengs-modellbau.de\/magazin\/#website\",\"url\":\"https:\/\/www.bengs-modellbau.de\/magazin\/\",\"name\":\"Bengs Modellbau Magazin\",\"description\":\"\",\"publisher\":{\"@id\":\"https:\/\/www.bengs-modellbau.de\/magazin\/#organization\"},\"potentialAction\":[{\"@type\":\"SearchAction\",\"target\":{\"@type\":\"EntryPoint\",\"urlTemplate\":\"https:\/\/www.bengs-modellbau.de\/magazin\/?s={search_term_string}\"},\"query-input\":{\"@type\":\"PropertyValueSpecification\",\"valueRequired\":true,\"valueName\":\"search_term_string\"}}],\"inLanguage\":\"de\"},{\"@type\":\"Organization\",\"@id\":\"https:\/\/www.bengs-modellbau.de\/magazin\/#organization\",\"name\":\"Bengs Modellbau Magazin\",\"url\":\"https:\/\/www.bengs-modellbau.de\/magazin\/\",\"logo\":{\"@type\":\"ImageObject\",\"inLanguage\":\"de\",\"@id\":\"https:\/\/www.bengs-modellbau.de\/magazin\/#\/schema\/logo\/image\/\",\"url\":\"https:\/\/www.bengs-modellbau.de\/magazin\/wp-content\/uploads\/2024\/01\/logo-bengs-ebay-2.jpg\",\"contentUrl\":\"https:\/\/www.bengs-modellbau.de\/magazin\/wp-content\/uploads\/2024\/01\/logo-bengs-ebay-2.jpg\",\"width\":369,\"height\":167,\"caption\":\"Bengs Modellbau Magazin\"},\"image\":{\"@id\":\"https:\/\/www.bengs-modellbau.de\/magazin\/#\/schema\/logo\/image\/\"}}]}<\/script>\n<!-- \/ Yoast SEO plugin. -->","yoast_head_json":{"title":"Kleine Bohrungen mit dem Entgratkopf entgraten - Bengs Modellbau Magazin","robots":{"index":"index","follow":"follow","max-snippet":"max-snippet:-1","max-image-preview":"max-image-preview:large","max-video-preview":"max-video-preview:-1"},"canonical":"https:\/\/www.bengs-modellbau.de\/magazin\/tutorial\/kleine-bohrungen-entgratkopf-entgraten\/","og_locale":"de_DE","og_type":"article","og_title":"Kleine Bohrungen mit dem Entgratkopf entgraten - Bengs Modellbau Magazin","og_description":"Sicherlich kennen Sie als Modellbauer das Problem. Sie m\u00f6chten eine 1,6mm Bohrung entgraten um anschlie\u00dfend ein M2 Gewinde zu schneiden. Aber selbst ihr kleinster Kegelsenker ist zu gro\u00df da er an der Spitze flach geschliffen ist. Au\u00dferdem m\u00fcssten Sie den Senker in die Bohrmaschine spannen und die Drehzahl durch umlegen des Riemens \u00e4ndern. Um Ihnen [&hellip;]","og_url":"https:\/\/www.bengs-modellbau.de\/magazin\/tutorial\/kleine-bohrungen-entgratkopf-entgraten\/","og_site_name":"Bengs Modellbau Magazin","article_modified_time":"2025-02-18T21:23:38+00:00","og_image":[{"width":1200,"height":1200,"url":"https:\/\/www.bengs-modellbau.de\/magazin\/wp-content\/uploads\/2011\/11\/Kegelsenker.jpg","type":"image\/jpeg"}],"twitter_card":"summary_large_image","twitter_misc":{"Gesch\u00e4tzte Lesezeit":"2\u00a0Minuten"},"schema":{"@context":"https:\/\/schema.org","@graph":[{"@type":"WebPage","@id":"https:\/\/www.bengs-modellbau.de\/magazin\/tutorial\/kleine-bohrungen-entgratkopf-entgraten\/","url":"https:\/\/www.bengs-modellbau.de\/magazin\/tutorial\/kleine-bohrungen-entgratkopf-entgraten\/","name":"Kleine Bohrungen mit dem Entgratkopf entgraten - Bengs Modellbau Magazin","isPartOf":{"@id":"https:\/\/www.bengs-modellbau.de\/magazin\/#website"},"primaryImageOfPage":{"@id":"https:\/\/www.bengs-modellbau.de\/magazin\/tutorial\/kleine-bohrungen-entgratkopf-entgraten\/#primaryimage"},"image":{"@id":"https:\/\/www.bengs-modellbau.de\/magazin\/tutorial\/kleine-bohrungen-entgratkopf-entgraten\/#primaryimage"},"thumbnailUrl":"http:\/\/www.bengs-modellbau.de\/magazin\/wp-content\/uploads\/2011\/11\/Kegelsenker-300x300.jpg","datePublished":"2011-11-23T15:51:06+00:00","dateModified":"2025-02-18T21:23:38+00:00","breadcrumb":{"@id":"https:\/\/www.bengs-modellbau.de\/magazin\/tutorial\/kleine-bohrungen-entgratkopf-entgraten\/#breadcrumb"},"inLanguage":"de","potentialAction":[{"@type":"ReadAction","target":["https:\/\/www.bengs-modellbau.de\/magazin\/tutorial\/kleine-bohrungen-entgratkopf-entgraten\/"]}]},{"@type":"ImageObject","inLanguage":"de","@id":"https:\/\/www.bengs-modellbau.de\/magazin\/tutorial\/kleine-bohrungen-entgratkopf-entgraten\/#primaryimage","url":"https:\/\/www.bengs-modellbau.de\/magazin\/wp-content\/uploads\/2011\/11\/Kegelsenker.jpg","contentUrl":"https:\/\/www.bengs-modellbau.de\/magazin\/wp-content\/uploads\/2011\/11\/Kegelsenker.jpg","width":"1200","height":"1200","caption":"Kegelsenker sind nur bedingt bei kleinen Bohrungen einsetzbar"},{"@type":"BreadcrumbList","@id":"https:\/\/www.bengs-modellbau.de\/magazin\/tutorial\/kleine-bohrungen-entgratkopf-entgraten\/#breadcrumb","itemListElement":[{"@type":"ListItem","position":1,"name":"Startseite","item":"https:\/\/www.bengs-modellbau.de\/magazin\/"},{"@type":"ListItem","position":2,"name":"Tipps und Tricks (Tutorial)","item":"https:\/\/www.bengs-modellbau.de\/magazin\/tutorial\/"},{"@type":"ListItem","position":3,"name":"Kleine Bohrungen mit dem Entgratkopf entgraten"}]},{"@type":"WebSite","@id":"https:\/\/www.bengs-modellbau.de\/magazin\/#website","url":"https:\/\/www.bengs-modellbau.de\/magazin\/","name":"Bengs Modellbau Magazin","description":"","publisher":{"@id":"https:\/\/www.bengs-modellbau.de\/magazin\/#organization"},"potentialAction":[{"@type":"SearchAction","target":{"@type":"EntryPoint","urlTemplate":"https:\/\/www.bengs-modellbau.de\/magazin\/?s={search_term_string}"},"query-input":{"@type":"PropertyValueSpecification","valueRequired":true,"valueName":"search_term_string"}}],"inLanguage":"de"},{"@type":"Organization","@id":"https:\/\/www.bengs-modellbau.de\/magazin\/#organization","name":"Bengs Modellbau Magazin","url":"https:\/\/www.bengs-modellbau.de\/magazin\/","logo":{"@type":"ImageObject","inLanguage":"de","@id":"https:\/\/www.bengs-modellbau.de\/magazin\/#\/schema\/logo\/image\/","url":"https:\/\/www.bengs-modellbau.de\/magazin\/wp-content\/uploads\/2024\/01\/logo-bengs-ebay-2.jpg","contentUrl":"https:\/\/www.bengs-modellbau.de\/magazin\/wp-content\/uploads\/2024\/01\/logo-bengs-ebay-2.jpg","width":369,"height":167,"caption":"Bengs Modellbau Magazin"},"image":{"@id":"https:\/\/www.bengs-modellbau.de\/magazin\/#\/schema\/logo\/image\/"}}]}},"_links":{"self":[{"href":"https:\/\/www.bengs-modellbau.de\/magazin\/wp-json\/wp\/v2\/pages\/953","targetHints":{"allow":["GET"]}}],"collection":[{"href":"https:\/\/www.bengs-modellbau.de\/magazin\/wp-json\/wp\/v2\/pages"}],"about":[{"href":"https:\/\/www.bengs-modellbau.de\/magazin\/wp-json\/wp\/v2\/types\/page"}],"author":[{"embeddable":true,"href":"https:\/\/www.bengs-modellbau.de\/magazin\/wp-json\/wp\/v2\/users\/1"}],"replies":[{"embeddable":true,"href":"https:\/\/www.bengs-modellbau.de\/magazin\/wp-json\/wp\/v2\/comments?post=953"}],"version-history":[{"count":14,"href":"https:\/\/www.bengs-modellbau.de\/magazin\/wp-json\/wp\/v2\/pages\/953\/revisions"}],"predecessor-version":[{"id":5442,"href":"https:\/\/www.bengs-modellbau.de\/magazin\/wp-json\/wp\/v2\/pages\/953\/revisions\/5442"}],"up":[{"embeddable":true,"href":"https:\/\/www.bengs-modellbau.de\/magazin\/wp-json\/wp\/v2\/pages\/346"}],"wp:attachment":[{"href":"https:\/\/www.bengs-modellbau.de\/magazin\/wp-json\/wp\/v2\/media?parent=953"}],"curies":[{"name":"wp","href":"https:\/\/api.w.org\/{rel}","templated":true}]}}