{"id":927,"date":"2011-11-11T16:34:50","date_gmt":"2011-11-11T16:34:50","guid":{"rendered":"http:\/\/www.bengs-modellbau.de\/magazin\/?page_id=927"},"modified":"2025-02-18T23:32:27","modified_gmt":"2025-02-18T21:32:27","slug":"schwarzbeize-bruenirbeize-schwefelleber-messing","status":"publish","type":"page","link":"https:\/\/www.bengs-modellbau.de\/magazin\/tutorial\/schwarzbeize-bruenirbeize-schwefelleber-messing\/","title":{"rendered":"Schwarzbeizen \/ Br\u00fcnieren von Messing"},"content":{"rendered":"<p>In diesem Beitrag m\u00f6chten wir Ihnen zeigen wie man Messing und Kupfer schw\u00e4rzen kann. Urspr\u00fcnglich wurden zum br\u00fcnieren oder auch schw\u00e4rzen von Messing Schwefelleber oder auch Pariser Oxyd verwendet. Der gro\u00dfer Nachteil von Schwefelleber ist die starke Geruchsbel\u00e4stigung beim Einsatz dieser Beize. Pariser Oxyd ist sehr teuer.<br \/>\nBengs Modellbau benutzt zum schw\u00e4rzen von Kupfer und Messing die Schwarzbeize Balistol Nerofor\u00a0der Effekt ist der gleiche wie bei Pariser Oxyd oder Schwefelleber, nur das es erschwinglich ist und nicht riecht.<\/p>\n<p>&nbsp;<\/p>\n<h2>Arbeitschritte beim br\u00fcnieren und schwarzbeizen.<\/h2>\n<h4><span style=\"color: #000000; font-size: 18px; line-height: 27px;\">Vorbehandlung<\/span><span style=\"font-size: 18px; line-height: 27px;\"> des<\/span><span style=\"color: #000000; font-size: 18px; line-height: 27px;\"> zu beizenden Bauteils<\/span><\/h4>\n<p>Zuerst sollte das zu br\u00fcnierende Teil fertig bearbeitet werden. Auch die Oberfl\u00e4che sollte fertig bearbeitet sein. Nachtr\u00e4gliches Schlichten oder polieren entfernt die dunkel F\u00e4rbung der Schwarzbeize von Bauteil. Das Messing oder Kupferteil muss nat\u00fcrlich Schmutz, Fett und \u00d6l frei sein. Au\u00dferdem ist es wichtig das das zu beizende Teil metallisch rein ist. Das erreicht man durch schmirgeln mit Schleifvlies oder Stahlwolle.<a href=\"http:\/\/www.bengs-modellbau.de\/magazin\/wp-content\/uploads\/2011\/11\/Schwarzbeize-messing1.jpg\"><img fetchpriority=\"high\" decoding=\"async\" class=\"size-full wp-image-1938 alignleft\" title=\"Schwarzbeize-messing\" src=\"http:\/\/www.bengs-modellbau.de\/magazin\/wp-content\/uploads\/2011\/11\/Schwarzbeize-messing1.jpg\" alt=\"\" width=\"770\" height=\"434\" srcset=\"https:\/\/www.bengs-modellbau.de\/magazin\/wp-content\/uploads\/2011\/11\/Schwarzbeize-messing1.jpg 770w, https:\/\/www.bengs-modellbau.de\/magazin\/wp-content\/uploads\/2011\/11\/Schwarzbeize-messing1-300x169.jpg 300w, https:\/\/www.bengs-modellbau.de\/magazin\/wp-content\/uploads\/2011\/11\/Schwarzbeize-messing1-160x90.jpg 160w, https:\/\/www.bengs-modellbau.de\/magazin\/wp-content\/uploads\/2011\/11\/Schwarzbeize-messing1-260x146.jpg 260w, https:\/\/www.bengs-modellbau.de\/magazin\/wp-content\/uploads\/2011\/11\/Schwarzbeize-messing1-360x202.jpg 360w\" sizes=\"(max-width: 770px) 100vw, 770px\" \/><\/a><\/p>\n<h4><span style=\"font-size: 1.17em; color: #000000;\">Das F\u00e4rben mit Schwarzbeize<\/span><\/h4>\n<p>Die buntmetallbeize f\u00fcr Messing, Kupfer und Bronze kann kalt verwendet werden. Das zu beizende Teil kann entweder an einem Draht in die Fl\u00fcssigkeit geh\u00e4ngt werden oder mit einem Pinsel bestrichen werden. Wenn Sie Ihr Bauteil pinseln sollten sie das mehrmals tun um eine gleichm\u00e4\u00dfige F\u00e4rbung zu bekommen. Durch die Schwarzbeize wird das Bauteil zuerst dunkelbraun und dann schwarz. Der F\u00e4rbeprozess kann je nach dem wie frisch die Schwarzbeize 1-3 Minuten dauen. Nach dem beizen sollten die geschw\u00e4rzten Messing Bauteile gr\u00fcndlich mit hei\u00dfem Wasser abgesp\u00fclt werden.<\/p>\n<p><a href=\"http:\/\/www.bengs-modellbau.de\/magazin\/wp-content\/uploads\/2011\/11\/messing-schwaerzen.jpg\"><img decoding=\"async\" class=\"size-full wp-image-1939 alignleft\" title=\"messing-schwaerzen\" src=\"http:\/\/www.bengs-modellbau.de\/magazin\/wp-content\/uploads\/2011\/11\/messing-schwaerzen.jpg\" alt=\"\" width=\"770\" height=\"433\" srcset=\"https:\/\/www.bengs-modellbau.de\/magazin\/wp-content\/uploads\/2011\/11\/messing-schwaerzen.jpg 770w, https:\/\/www.bengs-modellbau.de\/magazin\/wp-content\/uploads\/2011\/11\/messing-schwaerzen-300x168.jpg 300w, https:\/\/www.bengs-modellbau.de\/magazin\/wp-content\/uploads\/2011\/11\/messing-schwaerzen-160x89.jpg 160w, https:\/\/www.bengs-modellbau.de\/magazin\/wp-content\/uploads\/2011\/11\/messing-schwaerzen-260x146.jpg 260w, https:\/\/www.bengs-modellbau.de\/magazin\/wp-content\/uploads\/2011\/11\/messing-schwaerzen-360x202.jpg 360w\" sizes=\"(max-width: 770px) 100vw, 770px\" \/><\/a><\/p>\n<h3>Hier im Shop erh\u00e4ltlich:\u00a0Schwarzbeize zum Br\u00fcnieren von Messing<\/h3>\n<figure id=\"attachment_1030\" aria-describedby=\"caption-attachment-1030\" style=\"width: 770px\" class=\"wp-caption alignleft\"><a href=\"http:\/\/www.bengs-modellbau.de\/magazin\/wp-content\/uploads\/2011\/11\/messing-beize.jpg\"><img decoding=\"async\" class=\" wp-image-1030 \" title=\"messing-beize\" src=\"http:\/\/www.bengs-modellbau.de\/magazin\/wp-content\/uploads\/2011\/11\/messing-beize.jpg\" alt=\"\" width=\"770\" height=\"500\" \/><\/a><figcaption id=\"caption-attachment-1030\" class=\"wp-caption-text\">Optimales Ergebnis mit Messing Schwarzbeize<\/figcaption><\/figure>\n<h2>Video Schwarzbeizen \/ Br\u00fcnieren von Messing<\/h2>\n<div class=\"brlbs-cmpnt-container brlbs-cmpnt-content-blocker brlbs-cmpnt-with-individual-styles\" data-borlabs-cookie-content-blocker-id=\"youtube-content-blocker\" data-borlabs-cookie-content=\"PGlmcmFtZSBzcmM9Ii8vd3d3LnlvdXR1YmUtbm9jb29raWUuY29tL2VtYmVkLzdKZlZ2Q1lHdWJ3P3JlbD0wJmFtcDtzaG93aW5mbz0wIiB3aWR0aD0iNzcwIiBoZWlnaHQ9IjU3OCIgZnJhbWVib3JkZXI9IjAiPjwvaWZyYW1lPg==\">\n<div class=\"brlbs-cmpnt-cb-preset-c brlbs-cmpnt-cb-youtube\">\n<div class=\"brlbs-cmpnt-cb-thumbnail\" style=\"background-image: url('https:\/\/www.bengs-modellbau.de\/magazin\/wp-content\/uploads\/borlabs-cookie\/1\/yt_7JfVvCYGubw_hqdefault.jpg')\"><\/div>\n<div class=\"brlbs-cmpnt-cb-main\">\n<div class=\"brlbs-cmpnt-cb-play-button\"><\/div>\n<div class=\"brlbs-cmpnt-cb-content\">\n<p class=\"brlbs-cmpnt-cb-description\">Sie sehen gerade einen Platzhalterinhalt von <strong>YouTube<\/strong>. Um auf den eigentlichen Inhalt zuzugreifen, klicken Sie auf die Schaltfl\u00e4che unten. Bitte beachten Sie, dass dabei Daten an Drittanbieter weitergegeben werden.<\/p>\n<p> <a class=\"brlbs-cmpnt-cb-provider-toggle\" href=\"#\" data-borlabs-cookie-show-provider-information role=\"button\">Mehr Informationen<\/a> <\/div>\n<div class=\"brlbs-cmpnt-cb-buttons\"> <a class=\"brlbs-cmpnt-cb-btn\" href=\"#\" data-borlabs-cookie-unblock role=\"button\">Inhalt entsperren<\/a> <a class=\"brlbs-cmpnt-cb-btn\" href=\"#\" data-borlabs-cookie-accept-service role=\"button\" style=\"display: inherit\">Erforderlichen Service akzeptieren und Inhalte entsperren<\/a> <\/div>\n<\/p><\/div>\n<\/p><\/div>\n<\/div>\n","protected":false},"excerpt":{"rendered":"<p>In diesem Beitrag m\u00f6chten wir Ihnen zeigen wie man Messing und Kupfer schw\u00e4rzen kann. Urspr\u00fcnglich wurden zum br\u00fcnieren oder auch schw\u00e4rzen von Messing Schwefelleber oder auch Pariser Oxyd verwendet. Der gro\u00dfer Nachteil von Schwefelleber ist die starke Geruchsbel\u00e4stigung beim Einsatz dieser Beize. Pariser Oxyd ist sehr teuer. Bengs Modellbau benutzt zum schw\u00e4rzen von Kupfer und [&hellip;]<\/p>\n","protected":false},"author":1,"featured_media":0,"parent":346,"menu_order":0,"comment_status":"closed","ping_status":"closed","template":"","meta":{"footnotes":""},"class_list":["post-927","page","type-page","status-publish","hentry"],"yoast_head":"<!-- This site is optimized with the Yoast SEO plugin v27.4 - https:\/\/yoast.com\/product\/yoast-seo-wordpress\/ -->\n<title>Messing br\u00fcnieren \u2022 Anleitung 2026 \u2022 Alle Arbeitschritte \u00bb<\/title>\n<meta name=\"description\" content=\"In diesem Beitrag m\u00f6chten wir Ihnen zeigen wie man Messing und Kupfer schw\u00e4rzen kann. Urspr\u00fcnglich wurden zum br\u00fcnieren...\" \/>\n<meta name=\"robots\" content=\"index, follow, max-snippet:-1, max-image-preview:large, max-video-preview:-1\" \/>\n<link rel=\"canonical\" href=\"https:\/\/www.bengs-modellbau.de\/magazin\/tutorial\/schwarzbeize-bruenirbeize-schwefelleber-messing\/\" \/>\n<meta property=\"og:locale\" content=\"de_DE\" \/>\n<meta property=\"og:type\" content=\"article\" \/>\n<meta property=\"og:title\" content=\"Messing br\u00fcnieren \u2022 Anleitung 2026 \u2022 Alle Arbeitschritte \u00bb\" \/>\n<meta property=\"og:description\" content=\"In diesem Beitrag m\u00f6chten wir Ihnen zeigen wie man Messing und Kupfer schw\u00e4rzen kann. Urspr\u00fcnglich wurden zum br\u00fcnieren...\" \/>\n<meta property=\"og:url\" content=\"https:\/\/www.bengs-modellbau.de\/magazin\/tutorial\/schwarzbeize-bruenirbeize-schwefelleber-messing\/\" \/>\n<meta property=\"og:site_name\" content=\"Bengs Modellbau Magazin\" \/>\n<meta property=\"article:modified_time\" content=\"2025-02-18T21:32:27+00:00\" \/>\n<meta property=\"og:image\" content=\"https:\/\/www.bengs-modellbau.de\/magazin\/wp-content\/uploads\/2011\/11\/Schwarzbeize-messing1.jpg\" \/>\n\t<meta property=\"og:image:width\" content=\"770\" \/>\n\t<meta property=\"og:image:height\" content=\"434\" \/>\n\t<meta property=\"og:image:type\" content=\"image\/jpeg\" \/>\n<meta name=\"twitter:card\" content=\"summary_large_image\" \/>\n<meta name=\"twitter:label1\" content=\"Gesch\u00e4tzte Lesezeit\" \/>\n\t<meta name=\"twitter:data1\" content=\"1\u00a0Minute\" \/>\n<script type=\"application\/ld+json\" class=\"yoast-schema-graph\">{\"@context\":\"https:\\\/\\\/schema.org\",\"@graph\":[{\"@type\":\"WebPage\",\"@id\":\"https:\\\/\\\/www.bengs-modellbau.de\\\/magazin\\\/tutorial\\\/schwarzbeize-bruenirbeize-schwefelleber-messing\\\/\",\"url\":\"https:\\\/\\\/www.bengs-modellbau.de\\\/magazin\\\/tutorial\\\/schwarzbeize-bruenirbeize-schwefelleber-messing\\\/\",\"name\":\"Messing br\u00fcnieren \u2022 Anleitung 2026 \u2022 Alle Arbeitschritte \u00bb\",\"isPartOf\":{\"@id\":\"https:\\\/\\\/www.bengs-modellbau.de\\\/magazin\\\/#website\"},\"primaryImageOfPage\":{\"@id\":\"https:\\\/\\\/www.bengs-modellbau.de\\\/magazin\\\/tutorial\\\/schwarzbeize-bruenirbeize-schwefelleber-messing\\\/#primaryimage\"},\"image\":{\"@id\":\"https:\\\/\\\/www.bengs-modellbau.de\\\/magazin\\\/tutorial\\\/schwarzbeize-bruenirbeize-schwefelleber-messing\\\/#primaryimage\"},\"thumbnailUrl\":\"http:\\\/\\\/www.bengs-modellbau.de\\\/magazin\\\/wp-content\\\/uploads\\\/2011\\\/11\\\/Schwarzbeize-messing1.jpg\",\"datePublished\":\"2011-11-11T16:34:50+00:00\",\"dateModified\":\"2025-02-18T21:32:27+00:00\",\"description\":\"In diesem Beitrag m\u00f6chten wir Ihnen zeigen wie man Messing und Kupfer schw\u00e4rzen kann. Urspr\u00fcnglich wurden zum br\u00fcnieren...\",\"breadcrumb\":{\"@id\":\"https:\\\/\\\/www.bengs-modellbau.de\\\/magazin\\\/tutorial\\\/schwarzbeize-bruenirbeize-schwefelleber-messing\\\/#breadcrumb\"},\"inLanguage\":\"de\",\"potentialAction\":[{\"@type\":\"ReadAction\",\"target\":[\"https:\\\/\\\/www.bengs-modellbau.de\\\/magazin\\\/tutorial\\\/schwarzbeize-bruenirbeize-schwefelleber-messing\\\/\"]}]},{\"@type\":\"ImageObject\",\"inLanguage\":\"de\",\"@id\":\"https:\\\/\\\/www.bengs-modellbau.de\\\/magazin\\\/tutorial\\\/schwarzbeize-bruenirbeize-schwefelleber-messing\\\/#primaryimage\",\"url\":\"https:\\\/\\\/www.bengs-modellbau.de\\\/magazin\\\/wp-content\\\/uploads\\\/2011\\\/11\\\/Schwarzbeize-messing1.jpg\",\"contentUrl\":\"https:\\\/\\\/www.bengs-modellbau.de\\\/magazin\\\/wp-content\\\/uploads\\\/2011\\\/11\\\/Schwarzbeize-messing1.jpg\",\"width\":\"770\",\"height\":\"434\",\"caption\":\"Messing br\u00fcnieren mit Nerofor Schwarzbeize von Ballistol\"},{\"@type\":\"BreadcrumbList\",\"@id\":\"https:\\\/\\\/www.bengs-modellbau.de\\\/magazin\\\/tutorial\\\/schwarzbeize-bruenirbeize-schwefelleber-messing\\\/#breadcrumb\",\"itemListElement\":[{\"@type\":\"ListItem\",\"position\":1,\"name\":\"Startseite\",\"item\":\"https:\\\/\\\/www.bengs-modellbau.de\\\/magazin\\\/\"},{\"@type\":\"ListItem\",\"position\":2,\"name\":\"Tipps und Tricks (Tutorial)\",\"item\":\"https:\\\/\\\/www.bengs-modellbau.de\\\/magazin\\\/tutorial\\\/\"},{\"@type\":\"ListItem\",\"position\":3,\"name\":\"Schwarzbeizen \\\/ Br\u00fcnieren von Messing\"}]},{\"@type\":\"WebSite\",\"@id\":\"https:\\\/\\\/www.bengs-modellbau.de\\\/magazin\\\/#website\",\"url\":\"https:\\\/\\\/www.bengs-modellbau.de\\\/magazin\\\/\",\"name\":\"Bengs Modellbau Magazin\",\"description\":\"\",\"publisher\":{\"@id\":\"https:\\\/\\\/www.bengs-modellbau.de\\\/magazin\\\/#organization\"},\"potentialAction\":[{\"@type\":\"SearchAction\",\"target\":{\"@type\":\"EntryPoint\",\"urlTemplate\":\"https:\\\/\\\/www.bengs-modellbau.de\\\/magazin\\\/?s={search_term_string}\"},\"query-input\":{\"@type\":\"PropertyValueSpecification\",\"valueRequired\":true,\"valueName\":\"search_term_string\"}}],\"inLanguage\":\"de\"},{\"@type\":\"Organization\",\"@id\":\"https:\\\/\\\/www.bengs-modellbau.de\\\/magazin\\\/#organization\",\"name\":\"Bengs Modellbau Magazin\",\"url\":\"https:\\\/\\\/www.bengs-modellbau.de\\\/magazin\\\/\",\"logo\":{\"@type\":\"ImageObject\",\"inLanguage\":\"de\",\"@id\":\"https:\\\/\\\/www.bengs-modellbau.de\\\/magazin\\\/#\\\/schema\\\/logo\\\/image\\\/\",\"url\":\"https:\\\/\\\/www.bengs-modellbau.de\\\/magazin\\\/wp-content\\\/uploads\\\/2024\\\/01\\\/logo-bengs-ebay-2.jpg\",\"contentUrl\":\"https:\\\/\\\/www.bengs-modellbau.de\\\/magazin\\\/wp-content\\\/uploads\\\/2024\\\/01\\\/logo-bengs-ebay-2.jpg\",\"width\":369,\"height\":167,\"caption\":\"Bengs Modellbau Magazin\"},\"image\":{\"@id\":\"https:\\\/\\\/www.bengs-modellbau.de\\\/magazin\\\/#\\\/schema\\\/logo\\\/image\\\/\"}}]}<\/script>\n<!-- \/ Yoast SEO plugin. -->","yoast_head_json":{"title":"Messing br\u00fcnieren \u2022 Anleitung 2026 \u2022 Alle Arbeitschritte \u00bb","description":"In diesem Beitrag m\u00f6chten wir Ihnen zeigen wie man Messing und Kupfer schw\u00e4rzen kann. Urspr\u00fcnglich wurden zum br\u00fcnieren...","robots":{"index":"index","follow":"follow","max-snippet":"max-snippet:-1","max-image-preview":"max-image-preview:large","max-video-preview":"max-video-preview:-1"},"canonical":"https:\/\/www.bengs-modellbau.de\/magazin\/tutorial\/schwarzbeize-bruenirbeize-schwefelleber-messing\/","og_locale":"de_DE","og_type":"article","og_title":"Messing br\u00fcnieren \u2022 Anleitung 2026 \u2022 Alle Arbeitschritte \u00bb","og_description":"In diesem Beitrag m\u00f6chten wir Ihnen zeigen wie man Messing und Kupfer schw\u00e4rzen kann. Urspr\u00fcnglich wurden zum br\u00fcnieren...","og_url":"https:\/\/www.bengs-modellbau.de\/magazin\/tutorial\/schwarzbeize-bruenirbeize-schwefelleber-messing\/","og_site_name":"Bengs Modellbau Magazin","article_modified_time":"2025-02-18T21:32:27+00:00","og_image":[{"width":770,"height":434,"url":"https:\/\/www.bengs-modellbau.de\/magazin\/wp-content\/uploads\/2011\/11\/Schwarzbeize-messing1.jpg","type":"image\/jpeg"}],"twitter_card":"summary_large_image","twitter_misc":{"Gesch\u00e4tzte Lesezeit":"1\u00a0Minute"},"schema":{"@context":"https:\/\/schema.org","@graph":[{"@type":"WebPage","@id":"https:\/\/www.bengs-modellbau.de\/magazin\/tutorial\/schwarzbeize-bruenirbeize-schwefelleber-messing\/","url":"https:\/\/www.bengs-modellbau.de\/magazin\/tutorial\/schwarzbeize-bruenirbeize-schwefelleber-messing\/","name":"Messing br\u00fcnieren \u2022 Anleitung 2026 \u2022 Alle Arbeitschritte \u00bb","isPartOf":{"@id":"https:\/\/www.bengs-modellbau.de\/magazin\/#website"},"primaryImageOfPage":{"@id":"https:\/\/www.bengs-modellbau.de\/magazin\/tutorial\/schwarzbeize-bruenirbeize-schwefelleber-messing\/#primaryimage"},"image":{"@id":"https:\/\/www.bengs-modellbau.de\/magazin\/tutorial\/schwarzbeize-bruenirbeize-schwefelleber-messing\/#primaryimage"},"thumbnailUrl":"http:\/\/www.bengs-modellbau.de\/magazin\/wp-content\/uploads\/2011\/11\/Schwarzbeize-messing1.jpg","datePublished":"2011-11-11T16:34:50+00:00","dateModified":"2025-02-18T21:32:27+00:00","description":"In diesem Beitrag m\u00f6chten wir Ihnen zeigen wie man Messing und Kupfer schw\u00e4rzen kann. Urspr\u00fcnglich wurden zum br\u00fcnieren...","breadcrumb":{"@id":"https:\/\/www.bengs-modellbau.de\/magazin\/tutorial\/schwarzbeize-bruenirbeize-schwefelleber-messing\/#breadcrumb"},"inLanguage":"de","potentialAction":[{"@type":"ReadAction","target":["https:\/\/www.bengs-modellbau.de\/magazin\/tutorial\/schwarzbeize-bruenirbeize-schwefelleber-messing\/"]}]},{"@type":"ImageObject","inLanguage":"de","@id":"https:\/\/www.bengs-modellbau.de\/magazin\/tutorial\/schwarzbeize-bruenirbeize-schwefelleber-messing\/#primaryimage","url":"https:\/\/www.bengs-modellbau.de\/magazin\/wp-content\/uploads\/2011\/11\/Schwarzbeize-messing1.jpg","contentUrl":"https:\/\/www.bengs-modellbau.de\/magazin\/wp-content\/uploads\/2011\/11\/Schwarzbeize-messing1.jpg","width":"770","height":"434","caption":"Messing br\u00fcnieren mit Nerofor Schwarzbeize von Ballistol"},{"@type":"BreadcrumbList","@id":"https:\/\/www.bengs-modellbau.de\/magazin\/tutorial\/schwarzbeize-bruenirbeize-schwefelleber-messing\/#breadcrumb","itemListElement":[{"@type":"ListItem","position":1,"name":"Startseite","item":"https:\/\/www.bengs-modellbau.de\/magazin\/"},{"@type":"ListItem","position":2,"name":"Tipps und Tricks (Tutorial)","item":"https:\/\/www.bengs-modellbau.de\/magazin\/tutorial\/"},{"@type":"ListItem","position":3,"name":"Schwarzbeizen \/ Br\u00fcnieren von Messing"}]},{"@type":"WebSite","@id":"https:\/\/www.bengs-modellbau.de\/magazin\/#website","url":"https:\/\/www.bengs-modellbau.de\/magazin\/","name":"Bengs Modellbau Magazin","description":"","publisher":{"@id":"https:\/\/www.bengs-modellbau.de\/magazin\/#organization"},"potentialAction":[{"@type":"SearchAction","target":{"@type":"EntryPoint","urlTemplate":"https:\/\/www.bengs-modellbau.de\/magazin\/?s={search_term_string}"},"query-input":{"@type":"PropertyValueSpecification","valueRequired":true,"valueName":"search_term_string"}}],"inLanguage":"de"},{"@type":"Organization","@id":"https:\/\/www.bengs-modellbau.de\/magazin\/#organization","name":"Bengs Modellbau Magazin","url":"https:\/\/www.bengs-modellbau.de\/magazin\/","logo":{"@type":"ImageObject","inLanguage":"de","@id":"https:\/\/www.bengs-modellbau.de\/magazin\/#\/schema\/logo\/image\/","url":"https:\/\/www.bengs-modellbau.de\/magazin\/wp-content\/uploads\/2024\/01\/logo-bengs-ebay-2.jpg","contentUrl":"https:\/\/www.bengs-modellbau.de\/magazin\/wp-content\/uploads\/2024\/01\/logo-bengs-ebay-2.jpg","width":369,"height":167,"caption":"Bengs Modellbau Magazin"},"image":{"@id":"https:\/\/www.bengs-modellbau.de\/magazin\/#\/schema\/logo\/image\/"}}]}},"_links":{"self":[{"href":"https:\/\/www.bengs-modellbau.de\/magazin\/wp-json\/wp\/v2\/pages\/927","targetHints":{"allow":["GET"]}}],"collection":[{"href":"https:\/\/www.bengs-modellbau.de\/magazin\/wp-json\/wp\/v2\/pages"}],"about":[{"href":"https:\/\/www.bengs-modellbau.de\/magazin\/wp-json\/wp\/v2\/types\/page"}],"author":[{"embeddable":true,"href":"https:\/\/www.bengs-modellbau.de\/magazin\/wp-json\/wp\/v2\/users\/1"}],"replies":[{"embeddable":true,"href":"https:\/\/www.bengs-modellbau.de\/magazin\/wp-json\/wp\/v2\/comments?post=927"}],"version-history":[{"count":31,"href":"https:\/\/www.bengs-modellbau.de\/magazin\/wp-json\/wp\/v2\/pages\/927\/revisions"}],"predecessor-version":[{"id":5451,"href":"https:\/\/www.bengs-modellbau.de\/magazin\/wp-json\/wp\/v2\/pages\/927\/revisions\/5451"}],"up":[{"embeddable":true,"href":"https:\/\/www.bengs-modellbau.de\/magazin\/wp-json\/wp\/v2\/pages\/346"}],"wp:attachment":[{"href":"https:\/\/www.bengs-modellbau.de\/magazin\/wp-json\/wp\/v2\/media?parent=927"}],"curies":[{"name":"wp","href":"https:\/\/api.w.org\/{rel}","templated":true}]}}