{"id":911,"date":"2011-10-21T06:18:55","date_gmt":"2011-10-21T06:18:55","guid":{"rendered":"http:\/\/www.bengs-modellbau.de\/magazin\/?page_id=911"},"modified":"2025-02-18T23:27:45","modified_gmt":"2025-02-18T21:27:45","slug":"modellbau-guss-schwungrad-gefraest","status":"publish","type":"page","link":"https:\/\/www.bengs-modellbau.de\/magazin\/tutorial\/modellbau-guss-schwungrad-gefraest\/","title":{"rendered":"Fertiges Modellbau Guss Schwungrad gefr\u00e4st"},"content":{"rendered":"<p><img decoding=\"async\" src=\"http:\/\/www.bengs-modellbau.de\/magazin\/wp-content\/uploads\/2011\/10\/Schwungrad-modellbau.jpg\" alt=\"\" \/> Fertiges Modellbau Guss Schwungrad mit\u00a0geschwungenen Speichen<\/p>\n<p>Wenn Sie es Ihrer Drehbank oder Ihren Drehst\u00e4hlen nicht zumuten m\u00f6chten ein Rohguss GG20 Schwungrad zu drehen oder Sie einfach keine Lust haben Ihre Werkstatt nach dem bearbeiten eines Grauguss-Schwungrades komplett zu reinigen und vom Graphitstaub zu befreien. Dann greifen Sie einfach zu unseren Guss-Schwungrad 80mm gefr\u00e4st. Der Vorteil dieser Schwungr\u00e4der ist das sie auch auf kleinen Drehmaschinen fertig bearbeitet werden k\u00f6nnen. Es mu\u00df nur noch die ben\u00f6tigte Narbenbohrung hergestellt werden und schon sind die Schwungr\u00e4der \u00fcberall im Modellbau einsetztbar.<\/p>\n<p>&nbsp;<\/p>\n<h2>Baubericht Guss-Schwungrad 80mm gefr\u00e4st<\/h2>\n<p>In diesem Video k\u00f6nnen Sie sehen wie bei Bengs Modellbau die <a href=\"https:\/\/www.bengs-modellbau.de\/Gussschwungrad-80mm-6-Speichen\/6025\">Schwungr\u00e4der<\/a> gefr\u00e4st werden. Die geschwungenen Schwungr\u00e4der sehen besonders sch\u00f6n auf Dampfmaschinen Stirlingmotoren oder Flammenfressern aus. Die Fertigung der Modellbau Schwungr\u00e4der besteht aus folgenden Arbeitsschritten.<\/p>\n<ol>\n<li>Vom Grauguss GG20 eine Scheibe abs\u00e4gen<\/li>\n<li>Mit der CNC Drehmaschine wird die erste Seite bearbeitet.<\/li>\n<li>Mit der CNC Drehmaschine wird die zweite Seite bearbeitet.<\/li>\n<li>Die Zwischenr\u00e4ume zwischen den Seichen werden ausgefr\u00e4st.<\/li>\n<li>Mit einem Radienfr\u00e4ser bekommen die Speichen einen Radius.<\/li>\n<\/ol>\n<p>Fertig ist der Schwungrad Rohling. Der Rohling wird optional bei einigen Modellbaus\u00e4tzen von Bengs Modellbau angeboten wie zum Beispiel beim <a href=\"https:\/\/www.bengs-modellbau.de\/materialbausaetze\/flammenfresser\/flammenfresser-nick-materialsatz\">Flammenfresser \u201eNick\u201c<\/a>, beim <a href=\"https:\/\/www.bengs-modellbau.de\/materialbausaetze\/stirlingmotoren\/rider-ericsson-stirlingmotor-john\">Stirlingmotor \u201eJohn\u201c<\/a> oder bei der <a href=\"https:\/\/www.bengs-modellbau.de\/materialbausaetze\/dampfmaschinen\/dampfmaschine-danni\">Dampfmaschine \u201eDanni\u201c<\/a>. Bengs Modellbau verkauft die Schwungr\u00e4der aus GG20 aber auch einzeln so das Sie sie f\u00fcr Ihr Modellbau Projekt nutzen k\u00f6nnen.<\/p>\n<h2>Video Herstellung Guss-Schwungrad 80mm gefr\u00e4st<\/h2>\n<p><object width=\"640\" height=\"360\" classid=\"clsid:d27cdb6e-ae6d-11cf-96b8-444553540000\" codebase=\"http:\/\/download.macromedia.com\/pub\/shockwave\/cabs\/flash\/swflash.cab#version=6,0,40,0\"><param name=\"src\" value=\"http:\/\/www.youtube.com\/v\/MskYuBsf1iU?version=3&amp;hl=de_DE&amp;rel=0\" \/><param name=\"allowscriptaccess\" value=\"always\" \/><param name=\"allowfullscreen\" value=\"true\" \/><embed width=\"640\" height=\"360\" type=\"application\/x-shockwave-flash\" src=\"http:\/\/www.youtube.com\/v\/MskYuBsf1iU?version=3&amp;hl=de_DE&amp;rel=0\" allowscriptaccess=\"always\" allowfullscreen=\"allowfullscreen\" \/><\/object><\/p>\n","protected":false},"excerpt":{"rendered":"<p>Fertiges Modellbau Guss Schwungrad mit\u00a0geschwungenen Speichen Wenn Sie es Ihrer Drehbank oder Ihren Drehst\u00e4hlen nicht zumuten m\u00f6chten ein Rohguss GG20 Schwungrad zu drehen oder Sie einfach keine Lust haben Ihre Werkstatt nach dem bearbeiten eines Grauguss-Schwungrades komplett zu reinigen und vom Graphitstaub zu befreien. Dann greifen Sie einfach zu unseren Guss-Schwungrad 80mm gefr\u00e4st. Der Vorteil [&hellip;]<\/p>\n","protected":false},"author":1,"featured_media":0,"parent":346,"menu_order":0,"comment_status":"closed","ping_status":"closed","template":"","meta":{"footnotes":""},"class_list":["post-911","page","type-page","status-publish","hentry"],"yoast_head":"<!-- This site is optimized with the Yoast SEO plugin v27.4 - https:\/\/yoast.com\/product\/yoast-seo-wordpress\/ -->\n<title>Fertiges Modellbau Guss Schwungrad gefr\u00e4st - Bengs Modellbau Magazin<\/title>\n<meta name=\"robots\" content=\"index, follow, max-snippet:-1, max-image-preview:large, max-video-preview:-1\" \/>\n<link rel=\"canonical\" href=\"https:\/\/www.bengs-modellbau.de\/magazin\/tutorial\/modellbau-guss-schwungrad-gefraest\/\" \/>\n<meta property=\"og:locale\" content=\"de_DE\" \/>\n<meta property=\"og:type\" content=\"article\" \/>\n<meta property=\"og:title\" content=\"Fertiges Modellbau Guss Schwungrad gefr\u00e4st - Bengs Modellbau Magazin\" \/>\n<meta property=\"og:description\" content=\"Fertiges Modellbau Guss Schwungrad mit\u00a0geschwungenen Speichen Wenn Sie es Ihrer Drehbank oder Ihren Drehst\u00e4hlen nicht zumuten m\u00f6chten ein Rohguss GG20 Schwungrad zu drehen oder Sie einfach keine Lust haben Ihre Werkstatt nach dem bearbeiten eines Grauguss-Schwungrades komplett zu reinigen und vom Graphitstaub zu befreien. Dann greifen Sie einfach zu unseren Guss-Schwungrad 80mm gefr\u00e4st. Der Vorteil [&hellip;]\" \/>\n<meta property=\"og:url\" content=\"https:\/\/www.bengs-modellbau.de\/magazin\/tutorial\/modellbau-guss-schwungrad-gefraest\/\" \/>\n<meta property=\"og:site_name\" content=\"Bengs Modellbau Magazin\" \/>\n<meta property=\"article:modified_time\" content=\"2025-02-18T21:27:45+00:00\" \/>\n<meta property=\"og:image\" content=\"http:\/\/www.bengs-modellbau.de\/magazin\/wp-content\/uploads\/2011\/10\/Schwungrad-modellbau.jpg\" \/>\n<meta name=\"twitter:card\" content=\"summary_large_image\" \/>\n<meta name=\"twitter:label1\" content=\"Gesch\u00e4tzte Lesezeit\" \/>\n\t<meta name=\"twitter:data1\" content=\"1\u00a0Minute\" \/>\n<script type=\"application\/ld+json\" class=\"yoast-schema-graph\">{\"@context\":\"https:\\\/\\\/schema.org\",\"@graph\":[{\"@type\":\"WebPage\",\"@id\":\"https:\\\/\\\/www.bengs-modellbau.de\\\/magazin\\\/tutorial\\\/modellbau-guss-schwungrad-gefraest\\\/\",\"url\":\"https:\\\/\\\/www.bengs-modellbau.de\\\/magazin\\\/tutorial\\\/modellbau-guss-schwungrad-gefraest\\\/\",\"name\":\"Fertiges Modellbau Guss Schwungrad gefr\u00e4st - Bengs Modellbau Magazin\",\"isPartOf\":{\"@id\":\"https:\\\/\\\/www.bengs-modellbau.de\\\/magazin\\\/#website\"},\"primaryImageOfPage\":{\"@id\":\"https:\\\/\\\/www.bengs-modellbau.de\\\/magazin\\\/tutorial\\\/modellbau-guss-schwungrad-gefraest\\\/#primaryimage\"},\"image\":{\"@id\":\"https:\\\/\\\/www.bengs-modellbau.de\\\/magazin\\\/tutorial\\\/modellbau-guss-schwungrad-gefraest\\\/#primaryimage\"},\"thumbnailUrl\":\"http:\\\/\\\/www.bengs-modellbau.de\\\/magazin\\\/wp-content\\\/uploads\\\/2011\\\/10\\\/Schwungrad-modellbau.jpg\",\"datePublished\":\"2011-10-21T06:18:55+00:00\",\"dateModified\":\"2025-02-18T21:27:45+00:00\",\"breadcrumb\":{\"@id\":\"https:\\\/\\\/www.bengs-modellbau.de\\\/magazin\\\/tutorial\\\/modellbau-guss-schwungrad-gefraest\\\/#breadcrumb\"},\"inLanguage\":\"de\",\"potentialAction\":[{\"@type\":\"ReadAction\",\"target\":[\"https:\\\/\\\/www.bengs-modellbau.de\\\/magazin\\\/tutorial\\\/modellbau-guss-schwungrad-gefraest\\\/\"]}]},{\"@type\":\"ImageObject\",\"inLanguage\":\"de\",\"@id\":\"https:\\\/\\\/www.bengs-modellbau.de\\\/magazin\\\/tutorial\\\/modellbau-guss-schwungrad-gefraest\\\/#primaryimage\",\"url\":\"https:\\\/\\\/www.bengs-modellbau.de\\\/magazin\\\/wp-content\\\/uploads\\\/2011\\\/10\\\/Schwungrad-modellbau.jpg\",\"contentUrl\":\"https:\\\/\\\/www.bengs-modellbau.de\\\/magazin\\\/wp-content\\\/uploads\\\/2011\\\/10\\\/Schwungrad-modellbau.jpg\",\"width\":\"1600\",\"height\":\"900\",\"caption\":\"Schwungrad mit geschwungenen Speichen\"},{\"@type\":\"BreadcrumbList\",\"@id\":\"https:\\\/\\\/www.bengs-modellbau.de\\\/magazin\\\/tutorial\\\/modellbau-guss-schwungrad-gefraest\\\/#breadcrumb\",\"itemListElement\":[{\"@type\":\"ListItem\",\"position\":1,\"name\":\"Startseite\",\"item\":\"https:\\\/\\\/www.bengs-modellbau.de\\\/magazin\\\/\"},{\"@type\":\"ListItem\",\"position\":2,\"name\":\"Tipps und Tricks (Tutorial)\",\"item\":\"https:\\\/\\\/www.bengs-modellbau.de\\\/magazin\\\/tutorial\\\/\"},{\"@type\":\"ListItem\",\"position\":3,\"name\":\"Fertiges Modellbau Guss Schwungrad gefr\u00e4st\"}]},{\"@type\":\"WebSite\",\"@id\":\"https:\\\/\\\/www.bengs-modellbau.de\\\/magazin\\\/#website\",\"url\":\"https:\\\/\\\/www.bengs-modellbau.de\\\/magazin\\\/\",\"name\":\"Bengs Modellbau Magazin\",\"description\":\"\",\"publisher\":{\"@id\":\"https:\\\/\\\/www.bengs-modellbau.de\\\/magazin\\\/#organization\"},\"potentialAction\":[{\"@type\":\"SearchAction\",\"target\":{\"@type\":\"EntryPoint\",\"urlTemplate\":\"https:\\\/\\\/www.bengs-modellbau.de\\\/magazin\\\/?s={search_term_string}\"},\"query-input\":{\"@type\":\"PropertyValueSpecification\",\"valueRequired\":true,\"valueName\":\"search_term_string\"}}],\"inLanguage\":\"de\"},{\"@type\":\"Organization\",\"@id\":\"https:\\\/\\\/www.bengs-modellbau.de\\\/magazin\\\/#organization\",\"name\":\"Bengs Modellbau Magazin\",\"url\":\"https:\\\/\\\/www.bengs-modellbau.de\\\/magazin\\\/\",\"logo\":{\"@type\":\"ImageObject\",\"inLanguage\":\"de\",\"@id\":\"https:\\\/\\\/www.bengs-modellbau.de\\\/magazin\\\/#\\\/schema\\\/logo\\\/image\\\/\",\"url\":\"https:\\\/\\\/www.bengs-modellbau.de\\\/magazin\\\/wp-content\\\/uploads\\\/2024\\\/01\\\/logo-bengs-ebay-2.jpg\",\"contentUrl\":\"https:\\\/\\\/www.bengs-modellbau.de\\\/magazin\\\/wp-content\\\/uploads\\\/2024\\\/01\\\/logo-bengs-ebay-2.jpg\",\"width\":369,\"height\":167,\"caption\":\"Bengs Modellbau Magazin\"},\"image\":{\"@id\":\"https:\\\/\\\/www.bengs-modellbau.de\\\/magazin\\\/#\\\/schema\\\/logo\\\/image\\\/\"}}]}<\/script>\n<!-- \/ Yoast SEO plugin. -->","yoast_head_json":{"title":"Fertiges Modellbau Guss Schwungrad gefr\u00e4st - Bengs Modellbau Magazin","robots":{"index":"index","follow":"follow","max-snippet":"max-snippet:-1","max-image-preview":"max-image-preview:large","max-video-preview":"max-video-preview:-1"},"canonical":"https:\/\/www.bengs-modellbau.de\/magazin\/tutorial\/modellbau-guss-schwungrad-gefraest\/","og_locale":"de_DE","og_type":"article","og_title":"Fertiges Modellbau Guss Schwungrad gefr\u00e4st - Bengs Modellbau Magazin","og_description":"Fertiges Modellbau Guss Schwungrad mit\u00a0geschwungenen Speichen Wenn Sie es Ihrer Drehbank oder Ihren Drehst\u00e4hlen nicht zumuten m\u00f6chten ein Rohguss GG20 Schwungrad zu drehen oder Sie einfach keine Lust haben Ihre Werkstatt nach dem bearbeiten eines Grauguss-Schwungrades komplett zu reinigen und vom Graphitstaub zu befreien. Dann greifen Sie einfach zu unseren Guss-Schwungrad 80mm gefr\u00e4st. Der Vorteil [&hellip;]","og_url":"https:\/\/www.bengs-modellbau.de\/magazin\/tutorial\/modellbau-guss-schwungrad-gefraest\/","og_site_name":"Bengs Modellbau Magazin","article_modified_time":"2025-02-18T21:27:45+00:00","og_image":[{"url":"http:\/\/www.bengs-modellbau.de\/magazin\/wp-content\/uploads\/2011\/10\/Schwungrad-modellbau.jpg","type":"","width":"","height":""}],"twitter_card":"summary_large_image","twitter_misc":{"Gesch\u00e4tzte Lesezeit":"1\u00a0Minute"},"schema":{"@context":"https:\/\/schema.org","@graph":[{"@type":"WebPage","@id":"https:\/\/www.bengs-modellbau.de\/magazin\/tutorial\/modellbau-guss-schwungrad-gefraest\/","url":"https:\/\/www.bengs-modellbau.de\/magazin\/tutorial\/modellbau-guss-schwungrad-gefraest\/","name":"Fertiges Modellbau Guss Schwungrad gefr\u00e4st - Bengs Modellbau Magazin","isPartOf":{"@id":"https:\/\/www.bengs-modellbau.de\/magazin\/#website"},"primaryImageOfPage":{"@id":"https:\/\/www.bengs-modellbau.de\/magazin\/tutorial\/modellbau-guss-schwungrad-gefraest\/#primaryimage"},"image":{"@id":"https:\/\/www.bengs-modellbau.de\/magazin\/tutorial\/modellbau-guss-schwungrad-gefraest\/#primaryimage"},"thumbnailUrl":"http:\/\/www.bengs-modellbau.de\/magazin\/wp-content\/uploads\/2011\/10\/Schwungrad-modellbau.jpg","datePublished":"2011-10-21T06:18:55+00:00","dateModified":"2025-02-18T21:27:45+00:00","breadcrumb":{"@id":"https:\/\/www.bengs-modellbau.de\/magazin\/tutorial\/modellbau-guss-schwungrad-gefraest\/#breadcrumb"},"inLanguage":"de","potentialAction":[{"@type":"ReadAction","target":["https:\/\/www.bengs-modellbau.de\/magazin\/tutorial\/modellbau-guss-schwungrad-gefraest\/"]}]},{"@type":"ImageObject","inLanguage":"de","@id":"https:\/\/www.bengs-modellbau.de\/magazin\/tutorial\/modellbau-guss-schwungrad-gefraest\/#primaryimage","url":"https:\/\/www.bengs-modellbau.de\/magazin\/wp-content\/uploads\/2011\/10\/Schwungrad-modellbau.jpg","contentUrl":"https:\/\/www.bengs-modellbau.de\/magazin\/wp-content\/uploads\/2011\/10\/Schwungrad-modellbau.jpg","width":"1600","height":"900","caption":"Schwungrad mit geschwungenen Speichen"},{"@type":"BreadcrumbList","@id":"https:\/\/www.bengs-modellbau.de\/magazin\/tutorial\/modellbau-guss-schwungrad-gefraest\/#breadcrumb","itemListElement":[{"@type":"ListItem","position":1,"name":"Startseite","item":"https:\/\/www.bengs-modellbau.de\/magazin\/"},{"@type":"ListItem","position":2,"name":"Tipps und Tricks (Tutorial)","item":"https:\/\/www.bengs-modellbau.de\/magazin\/tutorial\/"},{"@type":"ListItem","position":3,"name":"Fertiges Modellbau Guss Schwungrad gefr\u00e4st"}]},{"@type":"WebSite","@id":"https:\/\/www.bengs-modellbau.de\/magazin\/#website","url":"https:\/\/www.bengs-modellbau.de\/magazin\/","name":"Bengs Modellbau Magazin","description":"","publisher":{"@id":"https:\/\/www.bengs-modellbau.de\/magazin\/#organization"},"potentialAction":[{"@type":"SearchAction","target":{"@type":"EntryPoint","urlTemplate":"https:\/\/www.bengs-modellbau.de\/magazin\/?s={search_term_string}"},"query-input":{"@type":"PropertyValueSpecification","valueRequired":true,"valueName":"search_term_string"}}],"inLanguage":"de"},{"@type":"Organization","@id":"https:\/\/www.bengs-modellbau.de\/magazin\/#organization","name":"Bengs Modellbau Magazin","url":"https:\/\/www.bengs-modellbau.de\/magazin\/","logo":{"@type":"ImageObject","inLanguage":"de","@id":"https:\/\/www.bengs-modellbau.de\/magazin\/#\/schema\/logo\/image\/","url":"https:\/\/www.bengs-modellbau.de\/magazin\/wp-content\/uploads\/2024\/01\/logo-bengs-ebay-2.jpg","contentUrl":"https:\/\/www.bengs-modellbau.de\/magazin\/wp-content\/uploads\/2024\/01\/logo-bengs-ebay-2.jpg","width":369,"height":167,"caption":"Bengs Modellbau Magazin"},"image":{"@id":"https:\/\/www.bengs-modellbau.de\/magazin\/#\/schema\/logo\/image\/"}}]}},"_links":{"self":[{"href":"https:\/\/www.bengs-modellbau.de\/magazin\/wp-json\/wp\/v2\/pages\/911","targetHints":{"allow":["GET"]}}],"collection":[{"href":"https:\/\/www.bengs-modellbau.de\/magazin\/wp-json\/wp\/v2\/pages"}],"about":[{"href":"https:\/\/www.bengs-modellbau.de\/magazin\/wp-json\/wp\/v2\/types\/page"}],"author":[{"embeddable":true,"href":"https:\/\/www.bengs-modellbau.de\/magazin\/wp-json\/wp\/v2\/users\/1"}],"replies":[{"embeddable":true,"href":"https:\/\/www.bengs-modellbau.de\/magazin\/wp-json\/wp\/v2\/comments?post=911"}],"version-history":[{"count":9,"href":"https:\/\/www.bengs-modellbau.de\/magazin\/wp-json\/wp\/v2\/pages\/911\/revisions"}],"predecessor-version":[{"id":5446,"href":"https:\/\/www.bengs-modellbau.de\/magazin\/wp-json\/wp\/v2\/pages\/911\/revisions\/5446"}],"up":[{"embeddable":true,"href":"https:\/\/www.bengs-modellbau.de\/magazin\/wp-json\/wp\/v2\/pages\/346"}],"wp:attachment":[{"href":"https:\/\/www.bengs-modellbau.de\/magazin\/wp-json\/wp\/v2\/media?parent=911"}],"curies":[{"name":"wp","href":"https:\/\/api.w.org\/{rel}","templated":true}]}}