{"id":846,"date":"2011-09-27T11:52:38","date_gmt":"2011-09-27T11:52:38","guid":{"rendered":"http:\/\/www.bengs-modellbau.de\/magazin\/?page_id=846"},"modified":"2025-02-18T23:25:35","modified_gmt":"2025-02-18T21:25:35","slug":"messing-kupfer-weichgluhen","status":"publish","type":"page","link":"https:\/\/www.bengs-modellbau.de\/magazin\/tutorial\/messing-kupfer-weichgluhen\/","title":{"rendered":"Messing und Kupfer weichgl\u00fchen"},"content":{"rendered":"<p>Wenn Sie Messing oder Kupfer biegen oder umformen m\u00f6chten und es besteht die M\u00f6glichkeit das das Material bricht oder die von Ihnen aufgebrachte Kraft nicht reicht besteht die M\u00f6glichkeit des weichgl\u00fchens. Folgende Anwendungsm\u00f6glichkeiten w\u00e4ren denkbar:<\/p>\n<ul>\n<li><a href=\"https:\/\/www.bengs-modellbau.de\/material\/halbzeuge\/kupferrohr-weich\">Kupferrohr <\/a>weichgl\u00fchen zum biegen enger Radien im Modellbau<\/li>\n<li>Kupferblech weichgl\u00fchen bei der Herstellung eines Kesselbodens<\/li>\n<li>Kupfervollmaterial vor dem biegen weichgl\u00fchen um Risse zu vermeiden<\/li>\n<\/ul>\n<figure id=\"attachment_853\" aria-describedby=\"caption-attachment-853\" style=\"width: 300px\" class=\"wp-caption alignleft\"><a href=\"http:\/\/www.bengs-modellbau.de\/magazin\/wp-content\/uploads\/2011\/09\/kupferrohr-biegen.jpg\"><img fetchpriority=\"high\" decoding=\"async\" class=\"size-medium wp-image-853\" title=\"kupferrohr-biegen\" src=\"http:\/\/www.bengs-modellbau.de\/magazin\/wp-content\/uploads\/2011\/09\/kupferrohr-biegen-300x199.jpg\" alt=\"\" width=\"300\" height=\"199\" srcset=\"https:\/\/www.bengs-modellbau.de\/magazin\/wp-content\/uploads\/2011\/09\/kupferrohr-biegen-300x199.jpg 300w, https:\/\/www.bengs-modellbau.de\/magazin\/wp-content\/uploads\/2011\/09\/kupferrohr-biegen-1024x682.jpg 1024w, https:\/\/www.bengs-modellbau.de\/magazin\/wp-content\/uploads\/2011\/09\/kupferrohr-biegen.jpg 1600w\" sizes=\"(max-width: 300px) 100vw, 300px\" \/><\/a><figcaption id=\"caption-attachment-853\" class=\"wp-caption-text\">Weichgegl\u00fchtes Kupferrohr l\u00e4sst sich von Hand biegen<\/figcaption><\/figure>\n<p>Zum weichgl\u00fchen von Kupfer oder Messing ist ein Brenner mit ausreichend Leistung von N\u00f6ten. Die ben\u00f6tigte Leistung ist abh\u00e4ngig von der Gr\u00f6\u00dfe der Bauteile. Das weichgl\u00fchen sollte nicht zu w\u00f6rtlich genommen werden. Um Messing oder Kupfer weich zu gl\u00fchen wird eine Temperatur von 450C\u00b0 &#8211; 600C\u00b0 ben\u00f6tigt also nicht rot gl\u00fchen lassen. Nach dem Weichgl\u00fchen lassen sich alle Teile aus Kupfer sehr einfach biegen Egal ob Kupferrohr oder Kupfer Vollmaterial. Jedes biegen oder umformen gibt dem Kupfer einen Teil seiner Festigkeit zur\u00fcck. Es kann also von N\u00f6ten sein das man ein Bauteil mehrere mal weichgl\u00fchen muss, wie zum Beispiel beim herstellen von Kesselb\u00f6den. Es sollte nat\u00fcrlich auch beachtet werden das alle Teile die weichgegl\u00fcht werden einen Teil Ihrer Stabilit\u00e4t verlieren. Wenn sich also ein Bauteil nicht verbiegen soll sollten man es nicht weichgl\u00fchen.<\/p>\n<h2><span style=\"color: #444444; font-size: 16px; line-height: 24px;\"><a href=\"http:\/\/www.bengs-modellbau.de\/magazin\/wp-content\/uploads\/2011\/09\/weichgluehen-kupferrohr.jpg\"><img decoding=\"async\" class=\"aligncenter size-large wp-image-858\" title=\"weichgluehen-kupferrohr\" src=\"http:\/\/www.bengs-modellbau.de\/magazin\/wp-content\/uploads\/2011\/09\/weichgluehen-kupferrohr-1024x568.jpg\" alt=\"\" width=\"640\" height=\"355\" srcset=\"https:\/\/www.bengs-modellbau.de\/magazin\/wp-content\/uploads\/2011\/09\/weichgluehen-kupferrohr-1024x568.jpg 1024w, https:\/\/www.bengs-modellbau.de\/magazin\/wp-content\/uploads\/2011\/09\/weichgluehen-kupferrohr-300x166.jpg 300w, https:\/\/www.bengs-modellbau.de\/magazin\/wp-content\/uploads\/2011\/09\/weichgluehen-kupferrohr.jpg 1600w\" sizes=\"(max-width: 640px) 100vw, 640px\" \/><\/a><\/span><\/h2>\n<p>Hier sieht man die Verf\u00e4rbungen von Kupfer beim weichgl\u00fchen.<\/p>\n<ol>\n<li>Bild 1: Kupferrohr kalt<\/li>\n<li>Bild 2: Das Kupfer beginnt anzulaufen<\/li>\n<li>Bild 3: Eine solche Verf\u00e4rbung ist optimal<\/li>\n<li>Bild 4: Das Kupferrohr ist schon zu hei\u00df (nicht optimal).<\/li>\n<\/ol>\n<p><span style=\"color: #444444; font-size: 16px; line-height: 24px;\">\u00a0<\/span><\/p>\n<h2>Weichgl\u00fchen von Messing und Kupfer durch Hartl\u00f6ten<\/h2>\n<p>Leider werden auch alle Bauteile zwangsl\u00e4ufig weichgegl\u00fcht die man Hartl\u00f6tet. So sollte beim <a title=\"Hartl\u00f6ten mit Silberlot Anleitung\" href=\"https:\/\/www.bengs-modellbau.de\/magazin\/tutorial\/hartloeten-silberlot-anleitung\/\">Hartl\u00f6ten<\/a> beachtet werden das die Teile nach dem L\u00f6ten noch eine ausreichende Festigkeit haben. Ansonsten sollte man nach einer anderen Verbindungsart suchen (Weichl\u00f6ten, nieten, schrauben).<\/p>\n<p><strong><a href=\"https:\/\/www.bengs-modellbau.de\/material\/halbzeuge\/kupferrohr-weich\">Hier finden Sie harte und weiche Kupferrohre im Bengs Modellbau Shop<\/a>\u00a0<\/strong><\/p>\n<p>&nbsp;<\/p>\n","protected":false},"excerpt":{"rendered":"<p>Wenn Sie Messing oder Kupfer biegen oder umformen m\u00f6chten und es besteht die M\u00f6glichkeit das das Material bricht oder die von Ihnen aufgebrachte Kraft nicht reicht besteht die M\u00f6glichkeit des weichgl\u00fchens. Folgende Anwendungsm\u00f6glichkeiten w\u00e4ren denkbar: Kupferrohr weichgl\u00fchen zum biegen enger Radien im Modellbau Kupferblech weichgl\u00fchen bei der Herstellung eines Kesselbodens Kupfervollmaterial vor dem biegen weichgl\u00fchen [&hellip;]<\/p>\n","protected":false},"author":1,"featured_media":0,"parent":346,"menu_order":0,"comment_status":"closed","ping_status":"closed","template":"","meta":{"footnotes":""},"class_list":["post-846","page","type-page","status-publish","hentry"],"yoast_head":"<!-- This site is optimized with the Yoast SEO plugin v27.4 - https:\/\/yoast.com\/product\/yoast-seo-wordpress\/ -->\n<title>Wie kann man Messing biegen? \u2022 Tipps &amp; Tricks \u00bb<\/title>\n<meta name=\"description\" content=\"Wenn Sie Messing oder Kupfer biegen oder umformen m\u00f6chten und es besteht die M\u00f6glichkeit das das Material bricht oder ...\" \/>\n<meta name=\"robots\" content=\"index, follow, max-snippet:-1, max-image-preview:large, max-video-preview:-1\" \/>\n<link rel=\"canonical\" href=\"https:\/\/www.bengs-modellbau.de\/magazin\/tutorial\/messing-kupfer-weichgluhen\/\" \/>\n<meta property=\"og:locale\" content=\"de_DE\" \/>\n<meta property=\"og:type\" content=\"article\" \/>\n<meta property=\"og:title\" content=\"Wie kann man Messing biegen? \u2022 Tipps &amp; Tricks \u00bb\" \/>\n<meta property=\"og:description\" content=\"Wenn Sie Messing oder Kupfer biegen oder umformen m\u00f6chten und es besteht die M\u00f6glichkeit das das Material bricht oder ...\" \/>\n<meta property=\"og:url\" content=\"https:\/\/www.bengs-modellbau.de\/magazin\/tutorial\/messing-kupfer-weichgluhen\/\" \/>\n<meta property=\"og:site_name\" content=\"Bengs Modellbau Magazin\" \/>\n<meta property=\"article:modified_time\" content=\"2025-02-18T21:25:35+00:00\" \/>\n<meta property=\"og:image\" content=\"https:\/\/www.bengs-modellbau.de\/magazin\/wp-content\/uploads\/2011\/09\/kupferrohr-biegen.jpg\" \/>\n\t<meta property=\"og:image:width\" content=\"1600\" \/>\n\t<meta property=\"og:image:height\" content=\"1066\" \/>\n\t<meta property=\"og:image:type\" content=\"image\/jpeg\" \/>\n<meta name=\"twitter:card\" content=\"summary_large_image\" \/>\n<meta name=\"twitter:label1\" content=\"Gesch\u00e4tzte Lesezeit\" \/>\n\t<meta name=\"twitter:data1\" content=\"2\u00a0Minuten\" \/>\n<script type=\"application\/ld+json\" class=\"yoast-schema-graph\">{\"@context\":\"https:\\\/\\\/schema.org\",\"@graph\":[{\"@type\":\"WebPage\",\"@id\":\"https:\\\/\\\/www.bengs-modellbau.de\\\/magazin\\\/tutorial\\\/messing-kupfer-weichgluhen\\\/\",\"url\":\"https:\\\/\\\/www.bengs-modellbau.de\\\/magazin\\\/tutorial\\\/messing-kupfer-weichgluhen\\\/\",\"name\":\"Wie kann man Messing biegen? \u2022 Tipps & Tricks \u00bb\",\"isPartOf\":{\"@id\":\"https:\\\/\\\/www.bengs-modellbau.de\\\/magazin\\\/#website\"},\"primaryImageOfPage\":{\"@id\":\"https:\\\/\\\/www.bengs-modellbau.de\\\/magazin\\\/tutorial\\\/messing-kupfer-weichgluhen\\\/#primaryimage\"},\"image\":{\"@id\":\"https:\\\/\\\/www.bengs-modellbau.de\\\/magazin\\\/tutorial\\\/messing-kupfer-weichgluhen\\\/#primaryimage\"},\"thumbnailUrl\":\"http:\\\/\\\/www.bengs-modellbau.de\\\/magazin\\\/wp-content\\\/uploads\\\/2011\\\/09\\\/kupferrohr-biegen-300x199.jpg\",\"datePublished\":\"2011-09-27T11:52:38+00:00\",\"dateModified\":\"2025-02-18T21:25:35+00:00\",\"description\":\"Wenn Sie Messing oder Kupfer biegen oder umformen m\u00f6chten und es besteht die M\u00f6glichkeit das das Material bricht oder ...\",\"breadcrumb\":{\"@id\":\"https:\\\/\\\/www.bengs-modellbau.de\\\/magazin\\\/tutorial\\\/messing-kupfer-weichgluhen\\\/#breadcrumb\"},\"inLanguage\":\"de\",\"potentialAction\":[{\"@type\":\"ReadAction\",\"target\":[\"https:\\\/\\\/www.bengs-modellbau.de\\\/magazin\\\/tutorial\\\/messing-kupfer-weichgluhen\\\/\"]}]},{\"@type\":\"ImageObject\",\"inLanguage\":\"de\",\"@id\":\"https:\\\/\\\/www.bengs-modellbau.de\\\/magazin\\\/tutorial\\\/messing-kupfer-weichgluhen\\\/#primaryimage\",\"url\":\"https:\\\/\\\/www.bengs-modellbau.de\\\/magazin\\\/wp-content\\\/uploads\\\/2011\\\/09\\\/kupferrohr-biegen.jpg\",\"contentUrl\":\"https:\\\/\\\/www.bengs-modellbau.de\\\/magazin\\\/wp-content\\\/uploads\\\/2011\\\/09\\\/kupferrohr-biegen.jpg\",\"width\":\"1600\",\"height\":\"1066\",\"caption\":\"Weichgegl\u00fchtes Kupferrohr l\u00e4sst sich von Hand biegen\"},{\"@type\":\"BreadcrumbList\",\"@id\":\"https:\\\/\\\/www.bengs-modellbau.de\\\/magazin\\\/tutorial\\\/messing-kupfer-weichgluhen\\\/#breadcrumb\",\"itemListElement\":[{\"@type\":\"ListItem\",\"position\":1,\"name\":\"Startseite\",\"item\":\"https:\\\/\\\/www.bengs-modellbau.de\\\/magazin\\\/\"},{\"@type\":\"ListItem\",\"position\":2,\"name\":\"Tipps und Tricks (Tutorial)\",\"item\":\"https:\\\/\\\/www.bengs-modellbau.de\\\/magazin\\\/tutorial\\\/\"},{\"@type\":\"ListItem\",\"position\":3,\"name\":\"Messing und Kupfer weichgl\u00fchen\"}]},{\"@type\":\"WebSite\",\"@id\":\"https:\\\/\\\/www.bengs-modellbau.de\\\/magazin\\\/#website\",\"url\":\"https:\\\/\\\/www.bengs-modellbau.de\\\/magazin\\\/\",\"name\":\"Bengs Modellbau Magazin\",\"description\":\"\",\"publisher\":{\"@id\":\"https:\\\/\\\/www.bengs-modellbau.de\\\/magazin\\\/#organization\"},\"potentialAction\":[{\"@type\":\"SearchAction\",\"target\":{\"@type\":\"EntryPoint\",\"urlTemplate\":\"https:\\\/\\\/www.bengs-modellbau.de\\\/magazin\\\/?s={search_term_string}\"},\"query-input\":{\"@type\":\"PropertyValueSpecification\",\"valueRequired\":true,\"valueName\":\"search_term_string\"}}],\"inLanguage\":\"de\"},{\"@type\":\"Organization\",\"@id\":\"https:\\\/\\\/www.bengs-modellbau.de\\\/magazin\\\/#organization\",\"name\":\"Bengs Modellbau Magazin\",\"url\":\"https:\\\/\\\/www.bengs-modellbau.de\\\/magazin\\\/\",\"logo\":{\"@type\":\"ImageObject\",\"inLanguage\":\"de\",\"@id\":\"https:\\\/\\\/www.bengs-modellbau.de\\\/magazin\\\/#\\\/schema\\\/logo\\\/image\\\/\",\"url\":\"https:\\\/\\\/www.bengs-modellbau.de\\\/magazin\\\/wp-content\\\/uploads\\\/2024\\\/01\\\/logo-bengs-ebay-2.jpg\",\"contentUrl\":\"https:\\\/\\\/www.bengs-modellbau.de\\\/magazin\\\/wp-content\\\/uploads\\\/2024\\\/01\\\/logo-bengs-ebay-2.jpg\",\"width\":369,\"height\":167,\"caption\":\"Bengs Modellbau Magazin\"},\"image\":{\"@id\":\"https:\\\/\\\/www.bengs-modellbau.de\\\/magazin\\\/#\\\/schema\\\/logo\\\/image\\\/\"}}]}<\/script>\n<!-- \/ Yoast SEO plugin. -->","yoast_head_json":{"title":"Wie kann man Messing biegen? \u2022 Tipps & Tricks \u00bb","description":"Wenn Sie Messing oder Kupfer biegen oder umformen m\u00f6chten und es besteht die M\u00f6glichkeit das das Material bricht oder ...","robots":{"index":"index","follow":"follow","max-snippet":"max-snippet:-1","max-image-preview":"max-image-preview:large","max-video-preview":"max-video-preview:-1"},"canonical":"https:\/\/www.bengs-modellbau.de\/magazin\/tutorial\/messing-kupfer-weichgluhen\/","og_locale":"de_DE","og_type":"article","og_title":"Wie kann man Messing biegen? \u2022 Tipps & Tricks \u00bb","og_description":"Wenn Sie Messing oder Kupfer biegen oder umformen m\u00f6chten und es besteht die M\u00f6glichkeit das das Material bricht oder ...","og_url":"https:\/\/www.bengs-modellbau.de\/magazin\/tutorial\/messing-kupfer-weichgluhen\/","og_site_name":"Bengs Modellbau Magazin","article_modified_time":"2025-02-18T21:25:35+00:00","og_image":[{"width":1600,"height":1066,"url":"https:\/\/www.bengs-modellbau.de\/magazin\/wp-content\/uploads\/2011\/09\/kupferrohr-biegen.jpg","type":"image\/jpeg"}],"twitter_card":"summary_large_image","twitter_misc":{"Gesch\u00e4tzte Lesezeit":"2\u00a0Minuten"},"schema":{"@context":"https:\/\/schema.org","@graph":[{"@type":"WebPage","@id":"https:\/\/www.bengs-modellbau.de\/magazin\/tutorial\/messing-kupfer-weichgluhen\/","url":"https:\/\/www.bengs-modellbau.de\/magazin\/tutorial\/messing-kupfer-weichgluhen\/","name":"Wie kann man Messing biegen? \u2022 Tipps & Tricks \u00bb","isPartOf":{"@id":"https:\/\/www.bengs-modellbau.de\/magazin\/#website"},"primaryImageOfPage":{"@id":"https:\/\/www.bengs-modellbau.de\/magazin\/tutorial\/messing-kupfer-weichgluhen\/#primaryimage"},"image":{"@id":"https:\/\/www.bengs-modellbau.de\/magazin\/tutorial\/messing-kupfer-weichgluhen\/#primaryimage"},"thumbnailUrl":"http:\/\/www.bengs-modellbau.de\/magazin\/wp-content\/uploads\/2011\/09\/kupferrohr-biegen-300x199.jpg","datePublished":"2011-09-27T11:52:38+00:00","dateModified":"2025-02-18T21:25:35+00:00","description":"Wenn Sie Messing oder Kupfer biegen oder umformen m\u00f6chten und es besteht die M\u00f6glichkeit das das Material bricht oder ...","breadcrumb":{"@id":"https:\/\/www.bengs-modellbau.de\/magazin\/tutorial\/messing-kupfer-weichgluhen\/#breadcrumb"},"inLanguage":"de","potentialAction":[{"@type":"ReadAction","target":["https:\/\/www.bengs-modellbau.de\/magazin\/tutorial\/messing-kupfer-weichgluhen\/"]}]},{"@type":"ImageObject","inLanguage":"de","@id":"https:\/\/www.bengs-modellbau.de\/magazin\/tutorial\/messing-kupfer-weichgluhen\/#primaryimage","url":"https:\/\/www.bengs-modellbau.de\/magazin\/wp-content\/uploads\/2011\/09\/kupferrohr-biegen.jpg","contentUrl":"https:\/\/www.bengs-modellbau.de\/magazin\/wp-content\/uploads\/2011\/09\/kupferrohr-biegen.jpg","width":"1600","height":"1066","caption":"Weichgegl\u00fchtes Kupferrohr l\u00e4sst sich von Hand biegen"},{"@type":"BreadcrumbList","@id":"https:\/\/www.bengs-modellbau.de\/magazin\/tutorial\/messing-kupfer-weichgluhen\/#breadcrumb","itemListElement":[{"@type":"ListItem","position":1,"name":"Startseite","item":"https:\/\/www.bengs-modellbau.de\/magazin\/"},{"@type":"ListItem","position":2,"name":"Tipps und Tricks (Tutorial)","item":"https:\/\/www.bengs-modellbau.de\/magazin\/tutorial\/"},{"@type":"ListItem","position":3,"name":"Messing und Kupfer weichgl\u00fchen"}]},{"@type":"WebSite","@id":"https:\/\/www.bengs-modellbau.de\/magazin\/#website","url":"https:\/\/www.bengs-modellbau.de\/magazin\/","name":"Bengs Modellbau Magazin","description":"","publisher":{"@id":"https:\/\/www.bengs-modellbau.de\/magazin\/#organization"},"potentialAction":[{"@type":"SearchAction","target":{"@type":"EntryPoint","urlTemplate":"https:\/\/www.bengs-modellbau.de\/magazin\/?s={search_term_string}"},"query-input":{"@type":"PropertyValueSpecification","valueRequired":true,"valueName":"search_term_string"}}],"inLanguage":"de"},{"@type":"Organization","@id":"https:\/\/www.bengs-modellbau.de\/magazin\/#organization","name":"Bengs Modellbau Magazin","url":"https:\/\/www.bengs-modellbau.de\/magazin\/","logo":{"@type":"ImageObject","inLanguage":"de","@id":"https:\/\/www.bengs-modellbau.de\/magazin\/#\/schema\/logo\/image\/","url":"https:\/\/www.bengs-modellbau.de\/magazin\/wp-content\/uploads\/2024\/01\/logo-bengs-ebay-2.jpg","contentUrl":"https:\/\/www.bengs-modellbau.de\/magazin\/wp-content\/uploads\/2024\/01\/logo-bengs-ebay-2.jpg","width":369,"height":167,"caption":"Bengs Modellbau Magazin"},"image":{"@id":"https:\/\/www.bengs-modellbau.de\/magazin\/#\/schema\/logo\/image\/"}}]}},"_links":{"self":[{"href":"https:\/\/www.bengs-modellbau.de\/magazin\/wp-json\/wp\/v2\/pages\/846","targetHints":{"allow":["GET"]}}],"collection":[{"href":"https:\/\/www.bengs-modellbau.de\/magazin\/wp-json\/wp\/v2\/pages"}],"about":[{"href":"https:\/\/www.bengs-modellbau.de\/magazin\/wp-json\/wp\/v2\/types\/page"}],"author":[{"embeddable":true,"href":"https:\/\/www.bengs-modellbau.de\/magazin\/wp-json\/wp\/v2\/users\/1"}],"replies":[{"embeddable":true,"href":"https:\/\/www.bengs-modellbau.de\/magazin\/wp-json\/wp\/v2\/comments?post=846"}],"version-history":[{"count":16,"href":"https:\/\/www.bengs-modellbau.de\/magazin\/wp-json\/wp\/v2\/pages\/846\/revisions"}],"predecessor-version":[{"id":5444,"href":"https:\/\/www.bengs-modellbau.de\/magazin\/wp-json\/wp\/v2\/pages\/846\/revisions\/5444"}],"up":[{"embeddable":true,"href":"https:\/\/www.bengs-modellbau.de\/magazin\/wp-json\/wp\/v2\/pages\/346"}],"wp:attachment":[{"href":"https:\/\/www.bengs-modellbau.de\/magazin\/wp-json\/wp\/v2\/media?parent=846"}],"curies":[{"name":"wp","href":"https:\/\/api.w.org\/{rel}","templated":true}]}}