{"id":832,"date":"2011-09-19T17:25:01","date_gmt":"2011-09-19T17:25:01","guid":{"rendered":"http:\/\/www.bengs-modellbau.de\/magazin\/?page_id=832"},"modified":"2025-02-18T23:31:01","modified_gmt":"2025-02-18T21:31:01","slug":"reagenzglaeser-schneiden","status":"publish","type":"page","link":"https:\/\/www.bengs-modellbau.de\/magazin\/tutorial\/reagenzglaeser-schneiden\/","title":{"rendered":"Reagenzgl\u00e4ser schneiden"},"content":{"rendered":"<p>Sei suchen nach einer einfachen und sicheren Methode ein Reagenzglas auf l\u00e4nge zu bringen?<\/p>\n<p><a href=\"http:\/\/www.bengs-modellbau.de\/magazin\/wp-content\/uploads\/2011\/09\/Reagenzglaeser-schneiden.jpg\"><img fetchpriority=\"high\" decoding=\"async\" class=\"alignleft size-medium wp-image-837\" title=\"Reagenzglaeser-schneiden\" src=\"http:\/\/www.bengs-modellbau.de\/magazin\/wp-content\/uploads\/2011\/09\/Reagenzglaeser-schneiden-300x200.jpg\" alt=\"\" width=\"300\" height=\"200\" srcset=\"https:\/\/www.bengs-modellbau.de\/magazin\/wp-content\/uploads\/2011\/09\/Reagenzglaeser-schneiden-300x200.jpg 300w, https:\/\/www.bengs-modellbau.de\/magazin\/wp-content\/uploads\/2011\/09\/Reagenzglaeser-schneiden-1024x682.jpg 1024w, https:\/\/www.bengs-modellbau.de\/magazin\/wp-content\/uploads\/2011\/09\/Reagenzglaeser-schneiden.jpg 1600w\" sizes=\"(max-width: 300px) 100vw, 300px\" \/><\/a>Im Grunde genommen ist\u00a0 das schneiden von <a href=\"https:\/\/www.bengs-modellbau.de\/material\/baumaterial\/reagenzglaeser-aus-duran\">Reagezgl\u00e4sern <\/a>sehr einfach wenn man weis wie es geht. Sie ben\u00f6tigen dazu folgende Werkzeuge in Ihrer Modellbau-Werkstadt:<\/p>\n<ul>\n<li>Eine Drehbank<\/li>\n<li>Einen Schnelll\u00e4ufer (Dremel oder Proxxon)<\/li>\n<li>Eine kleine <a href=\"https:\/\/www.bengs-modellbau.de\/werkzeug\/werkzeuge\/diamant-trennscheibe\">Diamanttrennscheibe<\/a><\/li>\n<\/ul>\n<p>Zuerst zeichnet man die gew\u00fcnschte l\u00e4nge des Abschnitts mit einem Filzstift an. Dann spannt man das Reagenzglas vorsichtig in das Dreibackenfutter der Drehmaschine ein. Die Seite die Sie hinterher verwenden m\u00f6chten spannen Sie in das Futter. Jetzt lassen Sie die Drehmaschine so rum laufen das die Drehbewegung des eingespannten Reagenzglases gegen die Drehbewegung der Diamantscheibe l\u00e4uft. Jetzt wird der Schnelll\u00e4ufer mit der Diamatscheibe sehr vorsichtig an der markierten Stelle auf dem Reagenzglas aufgesetzt und immer mit nur sehr leichter Druck aufgelegt. Nach einigen Sekunden haben Sie das Glas so weit runter geschliffen das umlaufend nur noch sehr wenig Material den Abschnitt h\u00e4lt. Jetzt ist es besonders wichtig mir sehr geringem Druck vorzugehen und schon f\u00e4llt der nicht ben\u00f6tigte Abschnitt ab. Reagenzgl\u00e4ser k\u00fcrzen ist n\u00f6tig wenn Sie das Reagenzglas f\u00fcr einen Modellbau <a href=\"http:\/\/www.bengs-modellbau.de\/materialbausaetze\/stirlingmotoren\/\">Stirlingmotor<\/a> benutzen m\u00f6chten. Aber auch f\u00fcr andere Anwendungen im Modellbau k\u00f6nnen <a href=\"https:\/\/www.bengs-modellbau.de\/material\/baumaterial\/reagenzglaeser-aus-duran\">Reagenzgl\u00e4ser<\/a> benutzt werden zum Beispiel f\u00fcr Tanks, Zylinder oder Glas\u00f6ler. F\u00fcr den Einsatz an Stirlingmotoren haben sich bei uns Duran Reagenzgl\u00e4ser bew\u00e4hrt.<\/p>\n<p>Hier noch ein Tutorial Video zum Thema: Wie schneide ich ein Reagenzglas auf L\u00e4nge<\/p>\n<p><object width=\"640\" height=\"480\" classid=\"clsid:d27cdb6e-ae6d-11cf-96b8-444553540000\" codebase=\"http:\/\/download.macromedia.com\/pub\/shockwave\/cabs\/flash\/swflash.cab#version=6,0,40,0\"><param name=\"allowFullScreen\" value=\"true\" \/><param name=\"allowscriptaccess\" value=\"always\" \/><param name=\"src\" value=\"http:\/\/www.youtube.com\/v\/Gc_Cqr3IXpM?version=3&amp;hl=de_DE&amp;rel=0\" \/><param name=\"allowfullscreen\" value=\"true\" \/><embed width=\"640\" height=\"480\" type=\"application\/x-shockwave-flash\" src=\"http:\/\/www.youtube.com\/v\/Gc_Cqr3IXpM?version=3&amp;hl=de_DE&amp;rel=0\" allowfullscreen=\"allowfullscreen\" allowscriptaccess=\"always\" allowfullscreen=\"allowfullscreen\" \/><\/object><\/p>\n","protected":false},"excerpt":{"rendered":"<p>Sei suchen nach einer einfachen und sicheren Methode ein Reagenzglas auf l\u00e4nge zu bringen? Im Grunde genommen ist\u00a0 das schneiden von Reagezgl\u00e4sern sehr einfach wenn man weis wie es geht. Sie ben\u00f6tigen dazu folgende Werkzeuge in Ihrer Modellbau-Werkstadt: Eine Drehbank Einen Schnelll\u00e4ufer (Dremel oder Proxxon) Eine kleine Diamanttrennscheibe Zuerst zeichnet man die gew\u00fcnschte l\u00e4nge des [&hellip;]<\/p>\n","protected":false},"author":1,"featured_media":0,"parent":346,"menu_order":0,"comment_status":"closed","ping_status":"closed","template":"","meta":{"footnotes":""},"class_list":["post-832","page","type-page","status-publish","hentry"],"yoast_head":"<!-- This site is optimized with the Yoast SEO plugin v27.4 - https:\/\/yoast.com\/product\/yoast-seo-wordpress\/ -->\n<title>Reagenzgl\u00e4ser schneiden - Bengs Modellbau Magazin<\/title>\n<meta name=\"robots\" content=\"index, follow, max-snippet:-1, max-image-preview:large, max-video-preview:-1\" \/>\n<link rel=\"canonical\" href=\"https:\/\/www.bengs-modellbau.de\/magazin\/tutorial\/reagenzglaeser-schneiden\/\" \/>\n<meta property=\"og:locale\" content=\"de_DE\" \/>\n<meta property=\"og:type\" content=\"article\" \/>\n<meta property=\"og:title\" content=\"Reagenzgl\u00e4ser schneiden - Bengs Modellbau Magazin\" \/>\n<meta property=\"og:description\" content=\"Sei suchen nach einer einfachen und sicheren Methode ein Reagenzglas auf l\u00e4nge zu bringen? Im Grunde genommen ist\u00a0 das schneiden von Reagezgl\u00e4sern sehr einfach wenn man weis wie es geht. Sie ben\u00f6tigen dazu folgende Werkzeuge in Ihrer Modellbau-Werkstadt: Eine Drehbank Einen Schnelll\u00e4ufer (Dremel oder Proxxon) Eine kleine Diamanttrennscheibe Zuerst zeichnet man die gew\u00fcnschte l\u00e4nge des [&hellip;]\" \/>\n<meta property=\"og:url\" content=\"https:\/\/www.bengs-modellbau.de\/magazin\/tutorial\/reagenzglaeser-schneiden\/\" \/>\n<meta property=\"og:site_name\" content=\"Bengs Modellbau Magazin\" \/>\n<meta property=\"article:modified_time\" content=\"2025-02-18T21:31:01+00:00\" \/>\n<meta property=\"og:image\" content=\"https:\/\/www.bengs-modellbau.de\/magazin\/wp-content\/uploads\/2011\/09\/Reagenzglaeser-schneiden.jpg\" \/>\n\t<meta property=\"og:image:width\" content=\"1600\" \/>\n\t<meta property=\"og:image:height\" content=\"1067\" \/>\n\t<meta property=\"og:image:type\" content=\"image\/jpeg\" \/>\n<meta name=\"twitter:card\" content=\"summary_large_image\" \/>\n<meta name=\"twitter:label1\" content=\"Gesch\u00e4tzte Lesezeit\" \/>\n\t<meta name=\"twitter:data1\" content=\"1\u00a0Minute\" \/>\n<script type=\"application\/ld+json\" class=\"yoast-schema-graph\">{\"@context\":\"https:\\\/\\\/schema.org\",\"@graph\":[{\"@type\":\"WebPage\",\"@id\":\"https:\\\/\\\/www.bengs-modellbau.de\\\/magazin\\\/tutorial\\\/reagenzglaeser-schneiden\\\/\",\"url\":\"https:\\\/\\\/www.bengs-modellbau.de\\\/magazin\\\/tutorial\\\/reagenzglaeser-schneiden\\\/\",\"name\":\"Reagenzgl\u00e4ser schneiden - Bengs Modellbau Magazin\",\"isPartOf\":{\"@id\":\"https:\\\/\\\/www.bengs-modellbau.de\\\/magazin\\\/#website\"},\"primaryImageOfPage\":{\"@id\":\"https:\\\/\\\/www.bengs-modellbau.de\\\/magazin\\\/tutorial\\\/reagenzglaeser-schneiden\\\/#primaryimage\"},\"image\":{\"@id\":\"https:\\\/\\\/www.bengs-modellbau.de\\\/magazin\\\/tutorial\\\/reagenzglaeser-schneiden\\\/#primaryimage\"},\"thumbnailUrl\":\"http:\\\/\\\/www.bengs-modellbau.de\\\/magazin\\\/wp-content\\\/uploads\\\/2011\\\/09\\\/Reagenzglaeser-schneiden-300x200.jpg\",\"datePublished\":\"2011-09-19T17:25:01+00:00\",\"dateModified\":\"2025-02-18T21:31:01+00:00\",\"breadcrumb\":{\"@id\":\"https:\\\/\\\/www.bengs-modellbau.de\\\/magazin\\\/tutorial\\\/reagenzglaeser-schneiden\\\/#breadcrumb\"},\"inLanguage\":\"de\",\"potentialAction\":[{\"@type\":\"ReadAction\",\"target\":[\"https:\\\/\\\/www.bengs-modellbau.de\\\/magazin\\\/tutorial\\\/reagenzglaeser-schneiden\\\/\"]}]},{\"@type\":\"ImageObject\",\"inLanguage\":\"de\",\"@id\":\"https:\\\/\\\/www.bengs-modellbau.de\\\/magazin\\\/tutorial\\\/reagenzglaeser-schneiden\\\/#primaryimage\",\"url\":\"https:\\\/\\\/www.bengs-modellbau.de\\\/magazin\\\/wp-content\\\/uploads\\\/2011\\\/09\\\/Reagenzglaeser-schneiden.jpg\",\"contentUrl\":\"https:\\\/\\\/www.bengs-modellbau.de\\\/magazin\\\/wp-content\\\/uploads\\\/2011\\\/09\\\/Reagenzglaeser-schneiden.jpg\",\"width\":\"1600\",\"height\":\"1067\",\"caption\":\"Reagenzgl\u00e4ser schneiden mit Diamantscheibe\"},{\"@type\":\"BreadcrumbList\",\"@id\":\"https:\\\/\\\/www.bengs-modellbau.de\\\/magazin\\\/tutorial\\\/reagenzglaeser-schneiden\\\/#breadcrumb\",\"itemListElement\":[{\"@type\":\"ListItem\",\"position\":1,\"name\":\"Startseite\",\"item\":\"https:\\\/\\\/www.bengs-modellbau.de\\\/magazin\\\/\"},{\"@type\":\"ListItem\",\"position\":2,\"name\":\"Tipps und Tricks (Tutorial)\",\"item\":\"https:\\\/\\\/www.bengs-modellbau.de\\\/magazin\\\/tutorial\\\/\"},{\"@type\":\"ListItem\",\"position\":3,\"name\":\"Reagenzgl\u00e4ser schneiden\"}]},{\"@type\":\"WebSite\",\"@id\":\"https:\\\/\\\/www.bengs-modellbau.de\\\/magazin\\\/#website\",\"url\":\"https:\\\/\\\/www.bengs-modellbau.de\\\/magazin\\\/\",\"name\":\"Bengs Modellbau Magazin\",\"description\":\"\",\"publisher\":{\"@id\":\"https:\\\/\\\/www.bengs-modellbau.de\\\/magazin\\\/#organization\"},\"potentialAction\":[{\"@type\":\"SearchAction\",\"target\":{\"@type\":\"EntryPoint\",\"urlTemplate\":\"https:\\\/\\\/www.bengs-modellbau.de\\\/magazin\\\/?s={search_term_string}\"},\"query-input\":{\"@type\":\"PropertyValueSpecification\",\"valueRequired\":true,\"valueName\":\"search_term_string\"}}],\"inLanguage\":\"de\"},{\"@type\":\"Organization\",\"@id\":\"https:\\\/\\\/www.bengs-modellbau.de\\\/magazin\\\/#organization\",\"name\":\"Bengs Modellbau Magazin\",\"url\":\"https:\\\/\\\/www.bengs-modellbau.de\\\/magazin\\\/\",\"logo\":{\"@type\":\"ImageObject\",\"inLanguage\":\"de\",\"@id\":\"https:\\\/\\\/www.bengs-modellbau.de\\\/magazin\\\/#\\\/schema\\\/logo\\\/image\\\/\",\"url\":\"https:\\\/\\\/www.bengs-modellbau.de\\\/magazin\\\/wp-content\\\/uploads\\\/2024\\\/01\\\/logo-bengs-ebay-2.jpg\",\"contentUrl\":\"https:\\\/\\\/www.bengs-modellbau.de\\\/magazin\\\/wp-content\\\/uploads\\\/2024\\\/01\\\/logo-bengs-ebay-2.jpg\",\"width\":369,\"height\":167,\"caption\":\"Bengs Modellbau Magazin\"},\"image\":{\"@id\":\"https:\\\/\\\/www.bengs-modellbau.de\\\/magazin\\\/#\\\/schema\\\/logo\\\/image\\\/\"}}]}<\/script>\n<!-- \/ Yoast SEO plugin. -->","yoast_head_json":{"title":"Reagenzgl\u00e4ser schneiden - Bengs Modellbau Magazin","robots":{"index":"index","follow":"follow","max-snippet":"max-snippet:-1","max-image-preview":"max-image-preview:large","max-video-preview":"max-video-preview:-1"},"canonical":"https:\/\/www.bengs-modellbau.de\/magazin\/tutorial\/reagenzglaeser-schneiden\/","og_locale":"de_DE","og_type":"article","og_title":"Reagenzgl\u00e4ser schneiden - Bengs Modellbau Magazin","og_description":"Sei suchen nach einer einfachen und sicheren Methode ein Reagenzglas auf l\u00e4nge zu bringen? Im Grunde genommen ist\u00a0 das schneiden von Reagezgl\u00e4sern sehr einfach wenn man weis wie es geht. Sie ben\u00f6tigen dazu folgende Werkzeuge in Ihrer Modellbau-Werkstadt: Eine Drehbank Einen Schnelll\u00e4ufer (Dremel oder Proxxon) Eine kleine Diamanttrennscheibe Zuerst zeichnet man die gew\u00fcnschte l\u00e4nge des [&hellip;]","og_url":"https:\/\/www.bengs-modellbau.de\/magazin\/tutorial\/reagenzglaeser-schneiden\/","og_site_name":"Bengs Modellbau Magazin","article_modified_time":"2025-02-18T21:31:01+00:00","og_image":[{"width":1600,"height":1067,"url":"https:\/\/www.bengs-modellbau.de\/magazin\/wp-content\/uploads\/2011\/09\/Reagenzglaeser-schneiden.jpg","type":"image\/jpeg"}],"twitter_card":"summary_large_image","twitter_misc":{"Gesch\u00e4tzte Lesezeit":"1\u00a0Minute"},"schema":{"@context":"https:\/\/schema.org","@graph":[{"@type":"WebPage","@id":"https:\/\/www.bengs-modellbau.de\/magazin\/tutorial\/reagenzglaeser-schneiden\/","url":"https:\/\/www.bengs-modellbau.de\/magazin\/tutorial\/reagenzglaeser-schneiden\/","name":"Reagenzgl\u00e4ser schneiden - Bengs Modellbau Magazin","isPartOf":{"@id":"https:\/\/www.bengs-modellbau.de\/magazin\/#website"},"primaryImageOfPage":{"@id":"https:\/\/www.bengs-modellbau.de\/magazin\/tutorial\/reagenzglaeser-schneiden\/#primaryimage"},"image":{"@id":"https:\/\/www.bengs-modellbau.de\/magazin\/tutorial\/reagenzglaeser-schneiden\/#primaryimage"},"thumbnailUrl":"http:\/\/www.bengs-modellbau.de\/magazin\/wp-content\/uploads\/2011\/09\/Reagenzglaeser-schneiden-300x200.jpg","datePublished":"2011-09-19T17:25:01+00:00","dateModified":"2025-02-18T21:31:01+00:00","breadcrumb":{"@id":"https:\/\/www.bengs-modellbau.de\/magazin\/tutorial\/reagenzglaeser-schneiden\/#breadcrumb"},"inLanguage":"de","potentialAction":[{"@type":"ReadAction","target":["https:\/\/www.bengs-modellbau.de\/magazin\/tutorial\/reagenzglaeser-schneiden\/"]}]},{"@type":"ImageObject","inLanguage":"de","@id":"https:\/\/www.bengs-modellbau.de\/magazin\/tutorial\/reagenzglaeser-schneiden\/#primaryimage","url":"https:\/\/www.bengs-modellbau.de\/magazin\/wp-content\/uploads\/2011\/09\/Reagenzglaeser-schneiden.jpg","contentUrl":"https:\/\/www.bengs-modellbau.de\/magazin\/wp-content\/uploads\/2011\/09\/Reagenzglaeser-schneiden.jpg","width":"1600","height":"1067","caption":"Reagenzgl\u00e4ser schneiden mit Diamantscheibe"},{"@type":"BreadcrumbList","@id":"https:\/\/www.bengs-modellbau.de\/magazin\/tutorial\/reagenzglaeser-schneiden\/#breadcrumb","itemListElement":[{"@type":"ListItem","position":1,"name":"Startseite","item":"https:\/\/www.bengs-modellbau.de\/magazin\/"},{"@type":"ListItem","position":2,"name":"Tipps und Tricks (Tutorial)","item":"https:\/\/www.bengs-modellbau.de\/magazin\/tutorial\/"},{"@type":"ListItem","position":3,"name":"Reagenzgl\u00e4ser schneiden"}]},{"@type":"WebSite","@id":"https:\/\/www.bengs-modellbau.de\/magazin\/#website","url":"https:\/\/www.bengs-modellbau.de\/magazin\/","name":"Bengs Modellbau Magazin","description":"","publisher":{"@id":"https:\/\/www.bengs-modellbau.de\/magazin\/#organization"},"potentialAction":[{"@type":"SearchAction","target":{"@type":"EntryPoint","urlTemplate":"https:\/\/www.bengs-modellbau.de\/magazin\/?s={search_term_string}"},"query-input":{"@type":"PropertyValueSpecification","valueRequired":true,"valueName":"search_term_string"}}],"inLanguage":"de"},{"@type":"Organization","@id":"https:\/\/www.bengs-modellbau.de\/magazin\/#organization","name":"Bengs Modellbau Magazin","url":"https:\/\/www.bengs-modellbau.de\/magazin\/","logo":{"@type":"ImageObject","inLanguage":"de","@id":"https:\/\/www.bengs-modellbau.de\/magazin\/#\/schema\/logo\/image\/","url":"https:\/\/www.bengs-modellbau.de\/magazin\/wp-content\/uploads\/2024\/01\/logo-bengs-ebay-2.jpg","contentUrl":"https:\/\/www.bengs-modellbau.de\/magazin\/wp-content\/uploads\/2024\/01\/logo-bengs-ebay-2.jpg","width":369,"height":167,"caption":"Bengs Modellbau Magazin"},"image":{"@id":"https:\/\/www.bengs-modellbau.de\/magazin\/#\/schema\/logo\/image\/"}}]}},"_links":{"self":[{"href":"https:\/\/www.bengs-modellbau.de\/magazin\/wp-json\/wp\/v2\/pages\/832","targetHints":{"allow":["GET"]}}],"collection":[{"href":"https:\/\/www.bengs-modellbau.de\/magazin\/wp-json\/wp\/v2\/pages"}],"about":[{"href":"https:\/\/www.bengs-modellbau.de\/magazin\/wp-json\/wp\/v2\/types\/page"}],"author":[{"embeddable":true,"href":"https:\/\/www.bengs-modellbau.de\/magazin\/wp-json\/wp\/v2\/users\/1"}],"replies":[{"embeddable":true,"href":"https:\/\/www.bengs-modellbau.de\/magazin\/wp-json\/wp\/v2\/comments?post=832"}],"version-history":[{"count":10,"href":"https:\/\/www.bengs-modellbau.de\/magazin\/wp-json\/wp\/v2\/pages\/832\/revisions"}],"predecessor-version":[{"id":5450,"href":"https:\/\/www.bengs-modellbau.de\/magazin\/wp-json\/wp\/v2\/pages\/832\/revisions\/5450"}],"up":[{"embeddable":true,"href":"https:\/\/www.bengs-modellbau.de\/magazin\/wp-json\/wp\/v2\/pages\/346"}],"wp:attachment":[{"href":"https:\/\/www.bengs-modellbau.de\/magazin\/wp-json\/wp\/v2\/media?parent=832"}],"curies":[{"name":"wp","href":"https:\/\/api.w.org\/{rel}","templated":true}]}}