{"id":699,"date":"2011-08-18T08:05:37","date_gmt":"2011-08-18T08:05:37","guid":{"rendered":"http:\/\/www.bengs-modellbau.de\/magazin\/?page_id=699"},"modified":"2025-02-18T23:19:30","modified_gmt":"2025-02-18T21:19:30","slug":"hartloeten-silberlot-anleitung","status":"publish","type":"page","link":"https:\/\/www.bengs-modellbau.de\/magazin\/tutorial\/hartloeten-silberlot-anleitung\/","title":{"rendered":"Hartl\u00f6ten mit Silberlot Anleitung"},"content":{"rendered":"<figure id=\"attachment_700\" aria-describedby=\"caption-attachment-700\" style=\"width: 300px\" class=\"wp-caption alignleft\"><a href=\"http:\/\/www.bengs-modellbau.de\/magazin\/wp-content\/uploads\/2011\/08\/hartloeten-anleitung.jpg\"><img fetchpriority=\"high\" decoding=\"async\" class=\"size-medium wp-image-700\" title=\"hartloeten-anleitung\" src=\"http:\/\/www.bengs-modellbau.de\/magazin\/wp-content\/uploads\/2011\/08\/hartloeten-anleitung-300x200.jpg\" alt=\"\" width=\"300\" height=\"200\" srcset=\"https:\/\/www.bengs-modellbau.de\/magazin\/wp-content\/uploads\/2011\/08\/hartloeten-anleitung-300x200.jpg 300w, https:\/\/www.bengs-modellbau.de\/magazin\/wp-content\/uploads\/2011\/08\/hartloeten-anleitung-1024x682.jpg 1024w, https:\/\/www.bengs-modellbau.de\/magazin\/wp-content\/uploads\/2011\/08\/hartloeten-anleitung.jpg 1600w\" sizes=\"(max-width: 300px) 100vw, 300px\" \/><\/a><figcaption id=\"caption-attachment-700\" class=\"wp-caption-text\">Zum Hartl\u00f6ten ben\u00f6tigen Sie: Silberlot, Flussmittel, Reinigungsflie\u00df und eine L\u00f6tlampe<\/figcaption><\/figure>\n<p>Das Weichl\u00f6ten von Kupfer und Messingteilen ist f\u00fcr die meisten Modellbauer kein Problem. Schwieriger wird es da schon beim Hartl\u00f6ten. Im Technischen Modellbau wird hauts\u00e4chlich Silberlotstangen verwendet da <a href=\"https:\/\/www.bengs-modellbau.de\/Silberhartlot-Stangen-1mm-1-5mm\/3131\">Silberlot <\/a>eine niedrige Arbeitstemperatur hat. Mit Silberlot lassen sich Messing, Kupfer, Schwermetalle, St\u00e4hle und Edelst\u00e4hle miteinander hart verl\u00f6ten. Achten Sie beim Hartl\u00f6ten von Messing oder temperaturempfindliche Materialien auf eine m\u00f6glichst niedrigen Arbeitstemperatur des Lotes die nicht h\u00f6her als 650C\u00b0 seien sollten. Leider steigt der Preis der Silberlotstange je geringer die Arbeitstemperatur f\u00e4llt.\u00a0Desto niedriger die Arbeitstemperatur je h\u00f6her der Silberanteil. Doch grade wenn Sie Messing verl\u00f6ten m\u00f6chten ist das sehr wichtig da der Schmelzpunkt von Messing relativ niedrig ist (900C\u00b0-925C\u00b0). Bitte verwenden Sie immer das passende Flussmittel. Auch Flussmittel haben eine Arbeitstemperatur und m\u00fcssen zu Ihrem L\u00f6tmaterial passen. Teile die Hartgel\u00f6tet werden verziehen sich. L\u00f6ten Sie also keine Kurbelwellen f\u00fcr Flammenfresser oder fertig bearbeitete Zylinder f\u00fcr eine Dampfmaschinen. Au\u00dferdem werden Messing und Kupfer beim Hartl\u00f6ten weichgegl\u00fcht (auch wenn sie nicht gl\u00fchen). Sie verlieren also einen Teil Ihrer Festigkeit.<\/p>\n<p>&nbsp;<\/p>\n<figure id=\"attachment_1249\" aria-describedby=\"caption-attachment-1249\" style=\"width: 300px\" class=\"wp-caption alignright\"><a href=\"http:\/\/www.bengs-modellbau.de\/magazin\/wp-content\/uploads\/2011\/08\/Hartlot-silberlot-silberhartlot.jpg\"><img decoding=\"async\" class=\"size-medium wp-image-1249\" title=\"Hartlot-silberlot-silberhartlot\" src=\"http:\/\/www.bengs-modellbau.de\/magazin\/wp-content\/uploads\/2011\/08\/Hartlot-silberlot-silberhartlot-300x212.jpg\" alt=\"\" width=\"300\" height=\"212\" srcset=\"https:\/\/www.bengs-modellbau.de\/magazin\/wp-content\/uploads\/2011\/08\/Hartlot-silberlot-silberhartlot-300x212.jpg 300w, https:\/\/www.bengs-modellbau.de\/magazin\/wp-content\/uploads\/2011\/08\/Hartlot-silberlot-silberhartlot-1024x723.jpg 1024w, https:\/\/www.bengs-modellbau.de\/magazin\/wp-content\/uploads\/2011\/08\/Hartlot-silberlot-silberhartlot.jpg 1200w\" sizes=\"(max-width: 300px) 100vw, 300px\" \/><\/a><figcaption id=\"caption-attachment-1249\" class=\"wp-caption-text\">Verschiedene Silberlote f\u00fcr verschiedene Anwendungen.<\/figcaption><\/figure>\n<p>Sie haben die Wahl zwischen verschiedenen Silberlot Formen und unterschiedlichen Durchmessern. Wir beginnen mit den Silberlot f\u00fcr besonders feine Arbeiten. Wenn Sie dem Link folgen finden Sie weitere Informationen zu dem Silberhartlot Produkten.<\/p>\n<ul>\n<li><a href=\"https:\/\/www.bengs-modellbau.de\/werkzeug\/loetzubehoer\/silberlotpaste-zum-hartloeten\">Silberlotpaste<\/a> \/ Schmuckherstellung, Ofenl\u00f6tungen,<\/li>\n<li><a href=\"https:\/\/www.bengs-modellbau.de\/werkzeug\/loetzubehoer\/silberlot-draht-0-5mm\">Silberlotdraht<\/a> \/ Modellarmaturenbau, feine L\u00f6tungen geringem Spaltsma\u00df<\/li>\n<li><a href=\"https:\/\/bengs-modellbau.de\/Silberhartlot-Stangen-1mm-1-5mm\/3131\">Silberlotstangen blank<\/a> \/ Modellbau, Dentaltechnik<\/li>\n<li><a href=\"https:\/\/www.bengs-modellbau.de\/werkzeug\/loetzubehoer\/flussmittel-ummantelte-silberlot-stangen\">Silberlotstange flussmittel ummantelt<\/a> \/Handwerk, Industrie, Gro\u00dfmodelle<\/li>\n<\/ul>\n<p>&nbsp;<\/p>\n<h3>Der L\u00f6tbrenner \/ L\u00f6tlampe<\/h3>\n<p>F\u00fcr die L\u00f6tarbeiten im Modellbau reichen grunds\u00e4tzlich eine einfache Fl\u00fcssiggasl\u00f6tlampe wie zum Beispiel die <a title=\"L\u00f6tlampe\" href=\"https:\/\/www.bengs-modellbau.de\/werkzeug\/loetzubehoer\/loetlampe-loetmeister-pz5000\">L\u00f6tlampe L\u00f6tmeister PZ5000<\/a>\u00a0die mit einer Campinggaskatusche betrieben wird. Wenn man zwei von diesen L\u00f6tlampen hat kann man auch entsprechen gr\u00f6\u00dfere Teile auf Temperatur bringen. Sie k\u00f6nnen aber auch unseren\u00a0<a title=\"Turbobrenner L\u00f6tbrenner Set\" href=\"https:\/\/bengs-modellbau.de\/Turbobrenner-Loetbrenner-Set-TL-2000-von-CFH\/3600\">Turbobrenner L\u00f6tbrenner Set<\/a> benutzen. Der ist mit der kleinen D\u00fcse gut f\u00fcr feine Arbeiten geeignet. Mit der gro\u00dfen L\u00f6td\u00fcse ist aber auch hartl\u00f6ten an gro\u00dfen Bauteilen kein Problem.\u00a0 Wenn Sie nur kleine Teile Hartl\u00f6ten m\u00f6chten reichen auch die kleinen <a href=\"https:\/\/www.bengs-modellbau.de\/werkzeug\/loetzubehoer\/gasloeter-cfh-diamant-m50\">Gasl\u00f6ter CFH Diamant M50<\/a> und <a href=\"https:\/\/www.bengs-modellbau.de\/werkzeug\/loetzubehoer\/gasloeter-cfh-diamant-m40\">CFH Diamant M40<\/a> aus. Dieser Gasl\u00f6ter sind sehr klein und handlich und werden mit Feuerzeug Gas betrieben und finden in jeder Werkstatt Platz.<\/p>\n<h2>Hier geht es zum Bengs Modellbau OnlineShop<\/h2>\n<figure id=\"attachment_2718\" aria-describedby=\"caption-attachment-2718\" style=\"width: 800px\" class=\"wp-caption aligncenter\"><a href=\"https:\/\/www.bengs-modellbau.de\/werkzeug\/loetzubehoer\/\"><img decoding=\"async\" class=\"wp-image-2718 size-large\" src=\"https:\/\/www.bengs-modellbau.de\/magazin\/wp-content\/uploads\/2011\/08\/Loetzubehoer-bengs-modellbau-shop-1024x791.jpg\" alt=\"Loetzubehoer-bengs-modellbau-shop\" width=\"800\" height=\"618\" srcset=\"https:\/\/www.bengs-modellbau.de\/magazin\/wp-content\/uploads\/2011\/08\/Loetzubehoer-bengs-modellbau-shop-1024x791.jpg 1024w, https:\/\/www.bengs-modellbau.de\/magazin\/wp-content\/uploads\/2011\/08\/Loetzubehoer-bengs-modellbau-shop-300x232.jpg 300w, https:\/\/www.bengs-modellbau.de\/magazin\/wp-content\/uploads\/2011\/08\/Loetzubehoer-bengs-modellbau-shop-155x120.jpg 155w, https:\/\/www.bengs-modellbau.de\/magazin\/wp-content\/uploads\/2011\/08\/Loetzubehoer-bengs-modellbau-shop-233x180.jpg 233w, https:\/\/www.bengs-modellbau.de\/magazin\/wp-content\/uploads\/2011\/08\/Loetzubehoer-bengs-modellbau-shop-347x268.jpg 347w, https:\/\/www.bengs-modellbau.de\/magazin\/wp-content\/uploads\/2011\/08\/Loetzubehoer-bengs-modellbau-shop.jpg 1031w\" sizes=\"(max-width: 800px) 100vw, 800px\" \/><\/a><figcaption id=\"caption-attachment-2718\" class=\"wp-caption-text\">In unserem Shop finden Sie alles was Sie zum hartl\u00f6ten mit Silberlot ben\u00f6tigen.<\/figcaption><\/figure>\n<h3>Vorbereitungen zum Hartl\u00f6ten mit Silberhartlot<\/h3>\n<p>Zuerst sollten Sie nat\u00fcrlich pr\u00fcfen ob die Teile die Sie Hartl\u00f6ten m\u00f6chten zueinander oder ineinander passen. Wenn Sie eine Buchse auf eine Welle L\u00f6ten m\u00f6chten sollten der Luftspalt zwischen 0.05mm und 0.2mm sein. So kann das Silberlot beim l\u00f6ten selbst\u00e4ndig \u00fcberall hin flie\u00dfen. Dann sollten die Teile mit Reinigungsflie\u00df ges\u00e4ubert werden und mit Flussmittel bestrichen.\u00a0Die zu l\u00f6tenden Teile werden mit ein Brenner erw\u00e4rmt. Sind die Teile unterschiedlich gro\u00df sollte die Flamme mehr auf das gr\u00f6\u00dfere Teil gehalten werden. Eine wichtige Regel beim Hartl\u00f6ten ist: Haben Sie Geduld!! Es dauert nat\u00fcrlich l\u00e4nger als beim Weichl\u00f6ten bis die richtige Arbeitstemperatur erreicht ist. Das von Bengs Modellbau angebotene Flussmittel zeigt Ihnen immer die richtige Arbeitstemperatur an.<\/p>\n<p>&nbsp;<\/p>\n<p>Ausgangszustand: Das Flussmittel ist dickf\u00fcssing (Konsistenz von z.B. Duschgel) und wir beginnen mit der Erw\u00e4rmung der Messingteile<\/p>\n<ol>\n<li>Das <a href=\"https:\/\/bengs-modellbau.de\/Flussmittel-fuer-Silberlot\/31322\">Flussmittel<\/a> ist milchig (Temperatur ca.20C\u00b0)<\/li>\n<li>Das Flussmittel wird wei\u00df (Temperatur ca.100C\u00b0)<\/li>\n<li>Das Flussmittel wird transparent (Temperatur ca.300C\u00b0)<\/li>\n<li>Das Flussmittel bildet kleine Tr\u00f6pfchen die von der Flamme weg laufen (Temperatur ca.500C\u00b0)<\/li>\n<\/ol>\n<div>\n<p><span style=\"font-size: medium;\"><span style=\"line-height: 24px;\">\u00a0<\/span><\/span><\/p>\n<\/div>\n<p>An diesem Punkt kann man beginnen die Silberlotstange in der Brennerflamme vorzuw\u00e4rmen und nach einigen Sekunden sollte auch die Arbeitstemperatur des Silberlotes erreicht werden. Um das Silberlot auf das Bauteil aufzutragen m\u00fcssen Sie es mit dem Brenner abschmelzen. Es geht nicht wie beim Weichl\u00f6ten das das Lot am hei\u00dfen Material abschmilzt. Bildet sich beim l\u00f6ten eine kleine Silberkugel auf ihrem Messing Teil die sich nicht mit dem Material verbindet so sind die Bauteile noch nicht warm genug. Wenn die richtige Arbeitstemperatur erreicht ist flie\u00dft das Silberlot von ganz alleine. Halten sie Flamme nicht zu lange auf Ihr Werkst\u00fcck. Messing zum Beispiel gl\u00fcht erst kurz bevor es fl\u00fcssig wird und sollte es einmal gegl\u00fcht habe so ist es meistens Schrott bei Kupfer ist es nicht ganz so schlimm.<\/p>\n<h3>Reinigen des Werkst\u00fccks nach dem hartl\u00f6ten mit Silberlot und Flussmittel<\/h3>\n<p>Nach dem l\u00f6ten mit Silberlot und Flussmittel ist Ihr Bauteil sehr stark verschmutzt und angelaufen.\u00a0Es empfiehlt sich das Bauteil unmittelbar nach dem abk\u00fchlen zu reinigen da die Flussmittelreste aggressiv sind. Einen Teil der Flussmittelreste und Verf\u00e4rbungen l\u00e4sst sich mit einem Bad in Zitronens\u00e4ure entfernen. Komplett sauber bekommt man das Bauteil damit aber nicht die restlichen Verf\u00e4rbungen k\u00f6nnen Sie sehr gut durch sandstrahlen, mit <a href=\"https:\/\/www.bengs-modellbau.de\/werkzeug\/loetzubehoer\/schleifvlies\">Reinigungsflie\u00df <\/a>oder mit <a href=\"https:\/\/www.bengs-modellbau.de\/werkzeug\/werkzeuge\/satinierbuersten\">Satinierb\u00fcrsten <\/a>entfernen.<\/p>\n<p><strong><a href=\"http:\/\/www.bengs-modellbau.de\/werkzeug\/loetzubehoer\/\">Hier finden Sie alles was Sie zum Hartl\u00f6ten ben\u00f6tigen im Bengs Modellbau Shop\u00a0<\/a><\/strong><\/p>\n<div class=\"brlbs-cmpnt-container brlbs-cmpnt-content-blocker brlbs-cmpnt-with-individual-styles\" data-borlabs-cookie-content-blocker-id=\"youtube-content-blocker\" data-borlabs-cookie-content=\"PGlmcmFtZSB0aXRsZT0iWW91VHViZSB2aWRlbyBwbGF5ZXIiIHNyYz0iaHR0cHM6Ly93d3cueW91dHViZS1ub2Nvb2tpZS5jb20vZW1iZWQvUlAyQzlWdE8yaEE\/c2k9ZWF6R0dvaFl4WFV1ZmN2QyIgd2lkdGg9IjU2MCIgaGVpZ2h0PSIzMTUiIGZyYW1lYm9yZGVyPSIwIiBhbGxvd2Z1bGxzY3JlZW49ImFsbG93ZnVsbHNjcmVlbiI+PC9pZnJhbWU+\">\n<div class=\"brlbs-cmpnt-cb-preset-c brlbs-cmpnt-cb-youtube\">\n<div class=\"brlbs-cmpnt-cb-thumbnail\" style=\"background-image: url('https:\/\/www.bengs-modellbau.de\/magazin\/wp-content\/uploads\/borlabs-cookie\/1\/yt_RP2C9VtO2hA_hqdefault.jpg')\"><\/div>\n<div class=\"brlbs-cmpnt-cb-main\">\n<div class=\"brlbs-cmpnt-cb-play-button\"><\/div>\n<div class=\"brlbs-cmpnt-cb-content\">\n<p class=\"brlbs-cmpnt-cb-description\">Sie sehen gerade einen Platzhalterinhalt von <strong>YouTube<\/strong>. Um auf den eigentlichen Inhalt zuzugreifen, klicken Sie auf die Schaltfl\u00e4che unten. Bitte beachten Sie, dass dabei Daten an Drittanbieter weitergegeben werden.<\/p>\n<p> <a class=\"brlbs-cmpnt-cb-provider-toggle\" href=\"#\" data-borlabs-cookie-show-provider-information role=\"button\">Mehr Informationen<\/a> <\/div>\n<div class=\"brlbs-cmpnt-cb-buttons\"> <a class=\"brlbs-cmpnt-cb-btn\" href=\"#\" data-borlabs-cookie-unblock role=\"button\">Inhalt entsperren<\/a> <a class=\"brlbs-cmpnt-cb-btn\" href=\"#\" data-borlabs-cookie-accept-service role=\"button\" style=\"display: inherit\">Erforderlichen Service akzeptieren und Inhalte entsperren<\/a> <\/div>\n<\/p><\/div>\n<\/p><\/div>\n<\/div>\n","protected":false},"excerpt":{"rendered":"<p>Das Weichl\u00f6ten von Kupfer und Messingteilen ist f\u00fcr die meisten Modellbauer kein Problem. Schwieriger wird es da schon beim Hartl\u00f6ten. Im Technischen Modellbau wird hauts\u00e4chlich Silberlotstangen verwendet da Silberlot eine niedrige Arbeitstemperatur hat. Mit Silberlot lassen sich Messing, Kupfer, Schwermetalle, St\u00e4hle und Edelst\u00e4hle miteinander hart verl\u00f6ten. Achten Sie beim Hartl\u00f6ten von Messing oder temperaturempfindliche Materialien [&hellip;]<\/p>\n","protected":false},"author":1,"featured_media":0,"parent":346,"menu_order":0,"comment_status":"closed","ping_status":"closed","template":"","meta":{"footnotes":""},"class_list":["post-699","page","type-page","status-publish","hentry"],"yoast_head":"<!-- This site is optimized with the Yoast SEO plugin v27.2 - https:\/\/yoast.com\/product\/yoast-seo-wordpress\/ -->\n<title>Messing l\u00f6ten: Hartl\u00f6ten mit Silberlot \u2022 Anleitung 2026 \u00bb<\/title>\n<meta name=\"description\" content=\"Hartl\u00f6ten mit Silberlot Anleitung \u2713 Schritt f\u00fcr Schritt \u2713 Was ist beim L\u00f6ten mit Silberlot zu beachten? \u2713 Reinigen des Werkst\u00fccks \u2713\" \/>\n<meta name=\"robots\" content=\"index, follow, max-snippet:-1, max-image-preview:large, max-video-preview:-1\" \/>\n<link rel=\"canonical\" href=\"https:\/\/www.bengs-modellbau.de\/magazin\/tutorial\/hartloeten-silberlot-anleitung\/\" \/>\n<meta property=\"og:locale\" content=\"de_DE\" \/>\n<meta property=\"og:type\" content=\"article\" \/>\n<meta property=\"og:title\" content=\"Messing l\u00f6ten: Hartl\u00f6ten mit Silberlot \u2022 Anleitung 2026 \u00bb\" \/>\n<meta property=\"og:description\" content=\"Hartl\u00f6ten mit Silberlot Anleitung \u2713 Schritt f\u00fcr Schritt \u2713 Was ist beim L\u00f6ten mit Silberlot zu beachten? \u2713 Reinigen des Werkst\u00fccks \u2713\" \/>\n<meta property=\"og:url\" content=\"https:\/\/www.bengs-modellbau.de\/magazin\/tutorial\/hartloeten-silberlot-anleitung\/\" \/>\n<meta property=\"og:site_name\" content=\"Bengs Modellbau Magazin\" \/>\n<meta property=\"article:modified_time\" content=\"2025-02-18T21:19:30+00:00\" \/>\n<meta property=\"og:image\" content=\"https:\/\/www.bengs-modellbau.de\/magazin\/wp-content\/uploads\/2011\/08\/hartloeten-anleitung.jpg\" \/>\n\t<meta property=\"og:image:width\" content=\"1600\" \/>\n\t<meta property=\"og:image:height\" content=\"1067\" \/>\n\t<meta property=\"og:image:type\" content=\"image\/jpeg\" \/>\n<meta name=\"twitter:card\" content=\"summary_large_image\" \/>\n<meta name=\"twitter:label1\" content=\"Gesch\u00e4tzte Lesezeit\" \/>\n\t<meta name=\"twitter:data1\" content=\"4\u00a0Minuten\" \/>\n<script type=\"application\/ld+json\" class=\"yoast-schema-graph\">{\"@context\":\"https:\/\/schema.org\",\"@graph\":[{\"@type\":\"WebPage\",\"@id\":\"https:\/\/www.bengs-modellbau.de\/magazin\/tutorial\/hartloeten-silberlot-anleitung\/\",\"url\":\"https:\/\/www.bengs-modellbau.de\/magazin\/tutorial\/hartloeten-silberlot-anleitung\/\",\"name\":\"Messing l\u00f6ten: Hartl\u00f6ten mit Silberlot \u2022 Anleitung 2026 \u00bb\",\"isPartOf\":{\"@id\":\"https:\/\/www.bengs-modellbau.de\/magazin\/#website\"},\"primaryImageOfPage\":{\"@id\":\"https:\/\/www.bengs-modellbau.de\/magazin\/tutorial\/hartloeten-silberlot-anleitung\/#primaryimage\"},\"image\":{\"@id\":\"https:\/\/www.bengs-modellbau.de\/magazin\/tutorial\/hartloeten-silberlot-anleitung\/#primaryimage\"},\"thumbnailUrl\":\"http:\/\/www.bengs-modellbau.de\/magazin\/wp-content\/uploads\/2011\/08\/hartloeten-anleitung-300x200.jpg\",\"datePublished\":\"2011-08-18T08:05:37+00:00\",\"dateModified\":\"2025-02-18T21:19:30+00:00\",\"description\":\"Hartl\u00f6ten mit Silberlot Anleitung \u2713 Schritt f\u00fcr Schritt \u2713 Was ist beim L\u00f6ten mit Silberlot zu beachten? \u2713 Reinigen des Werkst\u00fccks \u2713\",\"breadcrumb\":{\"@id\":\"https:\/\/www.bengs-modellbau.de\/magazin\/tutorial\/hartloeten-silberlot-anleitung\/#breadcrumb\"},\"inLanguage\":\"de\",\"potentialAction\":[{\"@type\":\"ReadAction\",\"target\":[\"https:\/\/www.bengs-modellbau.de\/magazin\/tutorial\/hartloeten-silberlot-anleitung\/\"]}]},{\"@type\":\"ImageObject\",\"inLanguage\":\"de\",\"@id\":\"https:\/\/www.bengs-modellbau.de\/magazin\/tutorial\/hartloeten-silberlot-anleitung\/#primaryimage\",\"url\":\"https:\/\/www.bengs-modellbau.de\/magazin\/wp-content\/uploads\/2011\/08\/hartloeten-anleitung.jpg\",\"contentUrl\":\"https:\/\/www.bengs-modellbau.de\/magazin\/wp-content\/uploads\/2011\/08\/hartloeten-anleitung.jpg\",\"width\":\"1600\",\"height\":\"1067\",\"caption\":\"Zum Hartl\u00f6ten ben\u00f6tigen Sie: Silberlot, Flussmittel, Reinigungsflie\u00df und eine L\u00f6tlampe\"},{\"@type\":\"BreadcrumbList\",\"@id\":\"https:\/\/www.bengs-modellbau.de\/magazin\/tutorial\/hartloeten-silberlot-anleitung\/#breadcrumb\",\"itemListElement\":[{\"@type\":\"ListItem\",\"position\":1,\"name\":\"Startseite\",\"item\":\"https:\/\/www.bengs-modellbau.de\/magazin\/\"},{\"@type\":\"ListItem\",\"position\":2,\"name\":\"Tipps und Tricks (Tutorial)\",\"item\":\"https:\/\/www.bengs-modellbau.de\/magazin\/tutorial\/\"},{\"@type\":\"ListItem\",\"position\":3,\"name\":\"Hartl\u00f6ten mit Silberlot Anleitung\"}]},{\"@type\":\"WebSite\",\"@id\":\"https:\/\/www.bengs-modellbau.de\/magazin\/#website\",\"url\":\"https:\/\/www.bengs-modellbau.de\/magazin\/\",\"name\":\"Bengs Modellbau Magazin\",\"description\":\"\",\"publisher\":{\"@id\":\"https:\/\/www.bengs-modellbau.de\/magazin\/#organization\"},\"potentialAction\":[{\"@type\":\"SearchAction\",\"target\":{\"@type\":\"EntryPoint\",\"urlTemplate\":\"https:\/\/www.bengs-modellbau.de\/magazin\/?s={search_term_string}\"},\"query-input\":{\"@type\":\"PropertyValueSpecification\",\"valueRequired\":true,\"valueName\":\"search_term_string\"}}],\"inLanguage\":\"de\"},{\"@type\":\"Organization\",\"@id\":\"https:\/\/www.bengs-modellbau.de\/magazin\/#organization\",\"name\":\"Bengs Modellbau Magazin\",\"url\":\"https:\/\/www.bengs-modellbau.de\/magazin\/\",\"logo\":{\"@type\":\"ImageObject\",\"inLanguage\":\"de\",\"@id\":\"https:\/\/www.bengs-modellbau.de\/magazin\/#\/schema\/logo\/image\/\",\"url\":\"https:\/\/www.bengs-modellbau.de\/magazin\/wp-content\/uploads\/2024\/01\/logo-bengs-ebay-2.jpg\",\"contentUrl\":\"https:\/\/www.bengs-modellbau.de\/magazin\/wp-content\/uploads\/2024\/01\/logo-bengs-ebay-2.jpg\",\"width\":369,\"height\":167,\"caption\":\"Bengs Modellbau Magazin\"},\"image\":{\"@id\":\"https:\/\/www.bengs-modellbau.de\/magazin\/#\/schema\/logo\/image\/\"}}]}<\/script>\n<!-- \/ Yoast SEO plugin. -->","yoast_head_json":{"title":"Messing l\u00f6ten: Hartl\u00f6ten mit Silberlot \u2022 Anleitung 2026 \u00bb","description":"Hartl\u00f6ten mit Silberlot Anleitung \u2713 Schritt f\u00fcr Schritt \u2713 Was ist beim L\u00f6ten mit Silberlot zu beachten? \u2713 Reinigen des Werkst\u00fccks \u2713","robots":{"index":"index","follow":"follow","max-snippet":"max-snippet:-1","max-image-preview":"max-image-preview:large","max-video-preview":"max-video-preview:-1"},"canonical":"https:\/\/www.bengs-modellbau.de\/magazin\/tutorial\/hartloeten-silberlot-anleitung\/","og_locale":"de_DE","og_type":"article","og_title":"Messing l\u00f6ten: Hartl\u00f6ten mit Silberlot \u2022 Anleitung 2026 \u00bb","og_description":"Hartl\u00f6ten mit Silberlot Anleitung \u2713 Schritt f\u00fcr Schritt \u2713 Was ist beim L\u00f6ten mit Silberlot zu beachten? \u2713 Reinigen des Werkst\u00fccks \u2713","og_url":"https:\/\/www.bengs-modellbau.de\/magazin\/tutorial\/hartloeten-silberlot-anleitung\/","og_site_name":"Bengs Modellbau Magazin","article_modified_time":"2025-02-18T21:19:30+00:00","og_image":[{"width":1600,"height":1067,"url":"https:\/\/www.bengs-modellbau.de\/magazin\/wp-content\/uploads\/2011\/08\/hartloeten-anleitung.jpg","type":"image\/jpeg"}],"twitter_card":"summary_large_image","twitter_misc":{"Gesch\u00e4tzte Lesezeit":"4\u00a0Minuten"},"schema":{"@context":"https:\/\/schema.org","@graph":[{"@type":"WebPage","@id":"https:\/\/www.bengs-modellbau.de\/magazin\/tutorial\/hartloeten-silberlot-anleitung\/","url":"https:\/\/www.bengs-modellbau.de\/magazin\/tutorial\/hartloeten-silberlot-anleitung\/","name":"Messing l\u00f6ten: Hartl\u00f6ten mit Silberlot \u2022 Anleitung 2026 \u00bb","isPartOf":{"@id":"https:\/\/www.bengs-modellbau.de\/magazin\/#website"},"primaryImageOfPage":{"@id":"https:\/\/www.bengs-modellbau.de\/magazin\/tutorial\/hartloeten-silberlot-anleitung\/#primaryimage"},"image":{"@id":"https:\/\/www.bengs-modellbau.de\/magazin\/tutorial\/hartloeten-silberlot-anleitung\/#primaryimage"},"thumbnailUrl":"http:\/\/www.bengs-modellbau.de\/magazin\/wp-content\/uploads\/2011\/08\/hartloeten-anleitung-300x200.jpg","datePublished":"2011-08-18T08:05:37+00:00","dateModified":"2025-02-18T21:19:30+00:00","description":"Hartl\u00f6ten mit Silberlot Anleitung \u2713 Schritt f\u00fcr Schritt \u2713 Was ist beim L\u00f6ten mit Silberlot zu beachten? \u2713 Reinigen des Werkst\u00fccks \u2713","breadcrumb":{"@id":"https:\/\/www.bengs-modellbau.de\/magazin\/tutorial\/hartloeten-silberlot-anleitung\/#breadcrumb"},"inLanguage":"de","potentialAction":[{"@type":"ReadAction","target":["https:\/\/www.bengs-modellbau.de\/magazin\/tutorial\/hartloeten-silberlot-anleitung\/"]}]},{"@type":"ImageObject","inLanguage":"de","@id":"https:\/\/www.bengs-modellbau.de\/magazin\/tutorial\/hartloeten-silberlot-anleitung\/#primaryimage","url":"https:\/\/www.bengs-modellbau.de\/magazin\/wp-content\/uploads\/2011\/08\/hartloeten-anleitung.jpg","contentUrl":"https:\/\/www.bengs-modellbau.de\/magazin\/wp-content\/uploads\/2011\/08\/hartloeten-anleitung.jpg","width":"1600","height":"1067","caption":"Zum Hartl\u00f6ten ben\u00f6tigen Sie: Silberlot, Flussmittel, Reinigungsflie\u00df und eine L\u00f6tlampe"},{"@type":"BreadcrumbList","@id":"https:\/\/www.bengs-modellbau.de\/magazin\/tutorial\/hartloeten-silberlot-anleitung\/#breadcrumb","itemListElement":[{"@type":"ListItem","position":1,"name":"Startseite","item":"https:\/\/www.bengs-modellbau.de\/magazin\/"},{"@type":"ListItem","position":2,"name":"Tipps und Tricks (Tutorial)","item":"https:\/\/www.bengs-modellbau.de\/magazin\/tutorial\/"},{"@type":"ListItem","position":3,"name":"Hartl\u00f6ten mit Silberlot Anleitung"}]},{"@type":"WebSite","@id":"https:\/\/www.bengs-modellbau.de\/magazin\/#website","url":"https:\/\/www.bengs-modellbau.de\/magazin\/","name":"Bengs Modellbau Magazin","description":"","publisher":{"@id":"https:\/\/www.bengs-modellbau.de\/magazin\/#organization"},"potentialAction":[{"@type":"SearchAction","target":{"@type":"EntryPoint","urlTemplate":"https:\/\/www.bengs-modellbau.de\/magazin\/?s={search_term_string}"},"query-input":{"@type":"PropertyValueSpecification","valueRequired":true,"valueName":"search_term_string"}}],"inLanguage":"de"},{"@type":"Organization","@id":"https:\/\/www.bengs-modellbau.de\/magazin\/#organization","name":"Bengs Modellbau Magazin","url":"https:\/\/www.bengs-modellbau.de\/magazin\/","logo":{"@type":"ImageObject","inLanguage":"de","@id":"https:\/\/www.bengs-modellbau.de\/magazin\/#\/schema\/logo\/image\/","url":"https:\/\/www.bengs-modellbau.de\/magazin\/wp-content\/uploads\/2024\/01\/logo-bengs-ebay-2.jpg","contentUrl":"https:\/\/www.bengs-modellbau.de\/magazin\/wp-content\/uploads\/2024\/01\/logo-bengs-ebay-2.jpg","width":369,"height":167,"caption":"Bengs Modellbau Magazin"},"image":{"@id":"https:\/\/www.bengs-modellbau.de\/magazin\/#\/schema\/logo\/image\/"}}]}},"_links":{"self":[{"href":"https:\/\/www.bengs-modellbau.de\/magazin\/wp-json\/wp\/v2\/pages\/699","targetHints":{"allow":["GET"]}}],"collection":[{"href":"https:\/\/www.bengs-modellbau.de\/magazin\/wp-json\/wp\/v2\/pages"}],"about":[{"href":"https:\/\/www.bengs-modellbau.de\/magazin\/wp-json\/wp\/v2\/types\/page"}],"author":[{"embeddable":true,"href":"https:\/\/www.bengs-modellbau.de\/magazin\/wp-json\/wp\/v2\/users\/1"}],"replies":[{"embeddable":true,"href":"https:\/\/www.bengs-modellbau.de\/magazin\/wp-json\/wp\/v2\/comments?post=699"}],"version-history":[{"count":33,"href":"https:\/\/www.bengs-modellbau.de\/magazin\/wp-json\/wp\/v2\/pages\/699\/revisions"}],"predecessor-version":[{"id":5437,"href":"https:\/\/www.bengs-modellbau.de\/magazin\/wp-json\/wp\/v2\/pages\/699\/revisions\/5437"}],"up":[{"embeddable":true,"href":"https:\/\/www.bengs-modellbau.de\/magazin\/wp-json\/wp\/v2\/pages\/346"}],"wp:attachment":[{"href":"https:\/\/www.bengs-modellbau.de\/magazin\/wp-json\/wp\/v2\/media?parent=699"}],"curies":[{"name":"wp","href":"https:\/\/api.w.org\/{rel}","templated":true}]}}