{"id":4907,"date":"2024-01-09T18:37:23","date_gmt":"2024-01-09T16:37:23","guid":{"rendered":"https:\/\/www.bengs-modellbau.de\/magazin\/?page_id=4907"},"modified":"2024-01-09T18:44:47","modified_gmt":"2024-01-09T16:44:47","slug":"nils-exzenterpresse-kundenmodelle","status":"publish","type":"page","link":"https:\/\/www.bengs-modellbau.de\/magazin\/bauberichte\/sonstige-funktionsmodelle\/nils-exzenterpresse-kundenmodelle\/","title":{"rendered":"Nils Exzenterpresse Kundenmodelle"},"content":{"rendered":"<p>Entdecken Sie auf dieser Seite eine Vielfalt von Kundenmodellen, die die <a href=\"https:\/\/www.bengs-modellbau.de\/Exzenterpresse-Nils-Antriebsmodell\/2212\">Exzenterpresse Nils<\/a> gebaut haben. In unserer Galerie bieten wir Ihnen nicht nur beeindruckende Bilder, sondern auch aufschlussreiche Videos, die Ihnen einen umfassenden Einblick in die vielf\u00e4ltigen Ausf\u00fchrungen und Anwendungsbereiche unserer Kunden gew\u00e4hren. Erfahren Sie mehr \u00fcber die zahlreichen M\u00f6glichkeiten und individuellen Anpassungen, die die Exzenterpresse Nils bietet, und lassen Sie sich von den Modellen unserer zufriedenen Kunden inspirieren. Wir sind stolz darauf, Ihnen eine Auswahl an herausragenden Projekten pr\u00e4sentieren zu k\u00f6nnen, die die Kreativit\u00e4t unserer Kunden unterstreichen.<\/p>\n<h2>Exzenterpresse Nils\u00a0mit Elektromotor<\/h2>\n<p>Diese ansprechend gestaltete Exzenterpresse Nils ist mit einem hochwertigen <a href=\"https:\/\/www.bengs-modellbau.de\/Sonderfarben-Pulverlack\/3370161\">Pulverlack in Feinstruktur<\/a> beschichtet, der ihr eine beeindruckend realistische Oberfl\u00e4che verleiht.. Das gibt ihr eine tolle und realistische Oberfl\u00e4che. Das Modell ist auf einer Grundplatte montiert und hat gleich den passenden Antriebsmotor mit auf der Grundplatte montiert. Angetrieben wird die Exzenterpresse \u00fcber einen Flachriemen. Die Presse hat zus\u00e4tzlich zum Schwungrad noch eine Riemenscheibe f\u00fcr den Flachriemen bekommen.\u00a0Besonders sch\u00f6n ist der Glas\u00f6ler an dem Hauptwellenlager.<\/p>\n<p><a href=\"https:\/\/www.bengs-modellbau.de\/magazin\/wp-content\/uploads\/2024\/01\/V-nils-Grundplatte-Exzenterpresse.jpg\"><img fetchpriority=\"high\" decoding=\"async\" class=\"alignnone size-large wp-image-4908\" src=\"https:\/\/www.bengs-modellbau.de\/magazin\/wp-content\/uploads\/2024\/01\/V-nils-Grundplatte-Exzenterpresse-1024x881.jpg\" alt=\"Exzenterpresse als Modell von Bengs Modellbau\" width=\"840\" height=\"723\" srcset=\"https:\/\/www.bengs-modellbau.de\/magazin\/wp-content\/uploads\/2024\/01\/V-nils-Grundplatte-Exzenterpresse-1024x881.jpg 1024w, https:\/\/www.bengs-modellbau.de\/magazin\/wp-content\/uploads\/2024\/01\/V-nils-Grundplatte-Exzenterpresse-300x258.jpg 300w, https:\/\/www.bengs-modellbau.de\/magazin\/wp-content\/uploads\/2024\/01\/V-nils-Grundplatte-Exzenterpresse-768x661.jpg 768w, https:\/\/www.bengs-modellbau.de\/magazin\/wp-content\/uploads\/2024\/01\/V-nils-Grundplatte-Exzenterpresse-1536x1322.jpg 1536w, https:\/\/www.bengs-modellbau.de\/magazin\/wp-content\/uploads\/2024\/01\/V-nils-Grundplatte-Exzenterpresse-1200x1033.jpg 1200w, https:\/\/www.bengs-modellbau.de\/magazin\/wp-content\/uploads\/2024\/01\/V-nils-Grundplatte-Exzenterpresse.jpg 1600w\" sizes=\"(max-width: 840px) 100vw, 840px\" \/><\/a> <a href=\"https:\/\/www.bengs-modellbau.de\/magazin\/wp-content\/uploads\/2024\/01\/Exzenterpresse-nils-Kundenmodell.jpg\"><img decoding=\"async\" class=\"alignnone size-large wp-image-4909\" src=\"https:\/\/www.bengs-modellbau.de\/magazin\/wp-content\/uploads\/2024\/01\/Exzenterpresse-nils-Kundenmodell-1024x709.jpg\" alt=\"\" width=\"840\" height=\"582\" srcset=\"https:\/\/www.bengs-modellbau.de\/magazin\/wp-content\/uploads\/2024\/01\/Exzenterpresse-nils-Kundenmodell-1024x709.jpg 1024w, https:\/\/www.bengs-modellbau.de\/magazin\/wp-content\/uploads\/2024\/01\/Exzenterpresse-nils-Kundenmodell-300x208.jpg 300w, https:\/\/www.bengs-modellbau.de\/magazin\/wp-content\/uploads\/2024\/01\/Exzenterpresse-nils-Kundenmodell-768x532.jpg 768w, https:\/\/www.bengs-modellbau.de\/magazin\/wp-content\/uploads\/2024\/01\/Exzenterpresse-nils-Kundenmodell-1536x1064.jpg 1536w, https:\/\/www.bengs-modellbau.de\/magazin\/wp-content\/uploads\/2024\/01\/Exzenterpresse-nils-Kundenmodell-1200x831.jpg 1200w, https:\/\/www.bengs-modellbau.de\/magazin\/wp-content\/uploads\/2024\/01\/Exzenterpresse-nils-Kundenmodell.jpg 1600w\" sizes=\"(max-width: 840px) 100vw, 840px\" \/><\/a> <a href=\"https:\/\/www.bengs-modellbau.de\/magazin\/wp-content\/uploads\/2024\/01\/Exzenterpresse-nils-Motor.jpg\"><img decoding=\"async\" class=\"alignnone size-large wp-image-4910\" src=\"https:\/\/www.bengs-modellbau.de\/magazin\/wp-content\/uploads\/2024\/01\/Exzenterpresse-nils-Motor-1024x831.jpg\" alt=\"\" width=\"840\" height=\"682\" srcset=\"https:\/\/www.bengs-modellbau.de\/magazin\/wp-content\/uploads\/2024\/01\/Exzenterpresse-nils-Motor-1024x831.jpg 1024w, https:\/\/www.bengs-modellbau.de\/magazin\/wp-content\/uploads\/2024\/01\/Exzenterpresse-nils-Motor-300x244.jpg 300w, https:\/\/www.bengs-modellbau.de\/magazin\/wp-content\/uploads\/2024\/01\/Exzenterpresse-nils-Motor-768x624.jpg 768w, https:\/\/www.bengs-modellbau.de\/magazin\/wp-content\/uploads\/2024\/01\/Exzenterpresse-nils-Motor-1536x1247.jpg 1536w, https:\/\/www.bengs-modellbau.de\/magazin\/wp-content\/uploads\/2024\/01\/Exzenterpresse-nils-Motor-1200x974.jpg 1200w, https:\/\/www.bengs-modellbau.de\/magazin\/wp-content\/uploads\/2024\/01\/Exzenterpresse-nils-Motor.jpg 1600w\" sizes=\"(max-width: 840px) 100vw, 840px\" \/><\/a><\/p>\n<div class=\"brlbs-cmpnt-container brlbs-cmpnt-content-blocker brlbs-cmpnt-with-individual-styles\" data-borlabs-cookie-content-blocker-id=\"youtube-content-blocker\" data-borlabs-cookie-content=\"PGlmcmFtZSB0aXRsZT0iWW91VHViZSB2aWRlbyBwbGF5ZXIiIHNyYz0iaHR0cHM6Ly93d3cueW91dHViZS1ub2Nvb2tpZS5jb20vZW1iZWQvVXA0OTg2Y0J3U0U\/c2k9UXRMb25mVzJpVWNMQ2VSYSIgd2lkdGg9Ijg0MCIgaGVpZ2h0PSI0NTAiIGZyYW1lYm9yZGVyPSIwIiBhbGxvd2Z1bGxzY3JlZW49ImFsbG93ZnVsbHNjcmVlbiI+PC9pZnJhbWU+\">\n<div class=\"brlbs-cmpnt-cb-preset-c brlbs-cmpnt-cb-youtube\">\n<div class=\"brlbs-cmpnt-cb-thumbnail\" style=\"background-image: url('https:\/\/www.bengs-modellbau.de\/magazin\/wp-content\/uploads\/borlabs-cookie\/1\/yt_Up4986cBwSE_hqdefault.jpg')\"><\/div>\n<div class=\"brlbs-cmpnt-cb-main\">\n<div class=\"brlbs-cmpnt-cb-play-button\"><\/div>\n<div class=\"brlbs-cmpnt-cb-content\">\n<p class=\"brlbs-cmpnt-cb-description\">Sie sehen gerade einen Platzhalterinhalt von <strong>YouTube<\/strong>. Um auf den eigentlichen Inhalt zuzugreifen, klicken Sie auf die Schaltfl\u00e4che unten. Bitte beachten Sie, dass dabei Daten an Drittanbieter weitergegeben werden.<\/p>\n<p> <a class=\"brlbs-cmpnt-cb-provider-toggle\" href=\"#\" data-borlabs-cookie-show-provider-information role=\"button\">Mehr Informationen<\/a> <\/div>\n<div class=\"brlbs-cmpnt-cb-buttons\"> <a class=\"brlbs-cmpnt-cb-btn\" href=\"#\" data-borlabs-cookie-unblock role=\"button\">Inhalt entsperren<\/a> <a class=\"brlbs-cmpnt-cb-btn\" href=\"#\" data-borlabs-cookie-accept-service role=\"button\" style=\"display: inherit\">Erforderlichen Service akzeptieren und Inhalte entsperren<\/a> <\/div>\n<\/p><\/div>\n<\/p><\/div>\n<\/div>\n","protected":false},"excerpt":{"rendered":"<p>Entdecken Sie auf dieser Seite eine Vielfalt von Kundenmodellen, die die Exzenterpresse Nils gebaut haben. In unserer Galerie bieten wir Ihnen nicht nur beeindruckende Bilder, sondern auch aufschlussreiche Videos, die Ihnen einen umfassenden Einblick in die vielf\u00e4ltigen Ausf\u00fchrungen und Anwendungsbereiche unserer Kunden gew\u00e4hren. Erfahren Sie mehr \u00fcber die zahlreichen M\u00f6glichkeiten und individuellen Anpassungen, die die [&hellip;]<\/p>\n","protected":false},"author":1,"featured_media":0,"parent":4288,"menu_order":0,"comment_status":"closed","ping_status":"closed","template":"","meta":{"footnotes":""},"class_list":["post-4907","page","type-page","status-publish","hentry"],"yoast_head":"<!-- This site is optimized with the Yoast SEO plugin v27.4 - https:\/\/yoast.com\/product\/yoast-seo-wordpress\/ -->\n<title>Nils Exzenterpresse Kundenmodelle - Bengs Modellbau Magazin<\/title>\n<meta name=\"robots\" content=\"index, follow, max-snippet:-1, max-image-preview:large, max-video-preview:-1\" \/>\n<link rel=\"canonical\" href=\"https:\/\/www.bengs-modellbau.de\/magazin\/bauberichte\/sonstige-funktionsmodelle\/nils-exzenterpresse-kundenmodelle\/\" \/>\n<meta property=\"og:locale\" content=\"de_DE\" \/>\n<meta property=\"og:type\" content=\"article\" \/>\n<meta property=\"og:title\" content=\"Nils Exzenterpresse Kundenmodelle - Bengs Modellbau Magazin\" \/>\n<meta property=\"og:description\" content=\"Entdecken Sie auf dieser Seite eine Vielfalt von Kundenmodellen, die die Exzenterpresse Nils gebaut haben. In unserer Galerie bieten wir Ihnen nicht nur beeindruckende Bilder, sondern auch aufschlussreiche Videos, die Ihnen einen umfassenden Einblick in die vielf\u00e4ltigen Ausf\u00fchrungen und Anwendungsbereiche unserer Kunden gew\u00e4hren. Erfahren Sie mehr \u00fcber die zahlreichen M\u00f6glichkeiten und individuellen Anpassungen, die die [&hellip;]\" \/>\n<meta property=\"og:url\" content=\"https:\/\/www.bengs-modellbau.de\/magazin\/bauberichte\/sonstige-funktionsmodelle\/nils-exzenterpresse-kundenmodelle\/\" \/>\n<meta property=\"og:site_name\" content=\"Bengs Modellbau Magazin\" \/>\n<meta property=\"article:modified_time\" content=\"2024-01-09T16:44:47+00:00\" \/>\n<meta property=\"og:image\" content=\"https:\/\/www.bengs-modellbau.de\/magazin\/wp-content\/uploads\/2024\/01\/V-nils-Grundplatte-Exzenterpresse-1024x881.jpg\" \/>\n<meta name=\"twitter:card\" content=\"summary_large_image\" \/>\n<meta name=\"twitter:label1\" content=\"Gesch\u00e4tzte Lesezeit\" \/>\n\t<meta name=\"twitter:data1\" content=\"1\u00a0Minute\" \/>\n<script type=\"application\/ld+json\" class=\"yoast-schema-graph\">{\"@context\":\"https:\\\/\\\/schema.org\",\"@graph\":[{\"@type\":\"WebPage\",\"@id\":\"https:\\\/\\\/www.bengs-modellbau.de\\\/magazin\\\/bauberichte\\\/sonstige-funktionsmodelle\\\/nils-exzenterpresse-kundenmodelle\\\/\",\"url\":\"https:\\\/\\\/www.bengs-modellbau.de\\\/magazin\\\/bauberichte\\\/sonstige-funktionsmodelle\\\/nils-exzenterpresse-kundenmodelle\\\/\",\"name\":\"Nils Exzenterpresse Kundenmodelle - Bengs Modellbau Magazin\",\"isPartOf\":{\"@id\":\"https:\\\/\\\/www.bengs-modellbau.de\\\/magazin\\\/#website\"},\"primaryImageOfPage\":{\"@id\":\"https:\\\/\\\/www.bengs-modellbau.de\\\/magazin\\\/bauberichte\\\/sonstige-funktionsmodelle\\\/nils-exzenterpresse-kundenmodelle\\\/#primaryimage\"},\"image\":{\"@id\":\"https:\\\/\\\/www.bengs-modellbau.de\\\/magazin\\\/bauberichte\\\/sonstige-funktionsmodelle\\\/nils-exzenterpresse-kundenmodelle\\\/#primaryimage\"},\"thumbnailUrl\":\"https:\\\/\\\/www.bengs-modellbau.de\\\/magazin\\\/wp-content\\\/uploads\\\/2024\\\/01\\\/V-nils-Grundplatte-Exzenterpresse-1024x881.jpg\",\"datePublished\":\"2024-01-09T16:37:23+00:00\",\"dateModified\":\"2024-01-09T16:44:47+00:00\",\"breadcrumb\":{\"@id\":\"https:\\\/\\\/www.bengs-modellbau.de\\\/magazin\\\/bauberichte\\\/sonstige-funktionsmodelle\\\/nils-exzenterpresse-kundenmodelle\\\/#breadcrumb\"},\"inLanguage\":\"de\",\"potentialAction\":[{\"@type\":\"ReadAction\",\"target\":[\"https:\\\/\\\/www.bengs-modellbau.de\\\/magazin\\\/bauberichte\\\/sonstige-funktionsmodelle\\\/nils-exzenterpresse-kundenmodelle\\\/\"]}]},{\"@type\":\"ImageObject\",\"inLanguage\":\"de\",\"@id\":\"https:\\\/\\\/www.bengs-modellbau.de\\\/magazin\\\/bauberichte\\\/sonstige-funktionsmodelle\\\/nils-exzenterpresse-kundenmodelle\\\/#primaryimage\",\"url\":\"https:\\\/\\\/www.bengs-modellbau.de\\\/magazin\\\/wp-content\\\/uploads\\\/2024\\\/01\\\/V-nils-Grundplatte-Exzenterpresse.jpg\",\"contentUrl\":\"https:\\\/\\\/www.bengs-modellbau.de\\\/magazin\\\/wp-content\\\/uploads\\\/2024\\\/01\\\/V-nils-Grundplatte-Exzenterpresse.jpg\",\"width\":1600,\"height\":1377,\"caption\":\"Exzenterpresse als Modell von Bengs Modellbau\"},{\"@type\":\"BreadcrumbList\",\"@id\":\"https:\\\/\\\/www.bengs-modellbau.de\\\/magazin\\\/bauberichte\\\/sonstige-funktionsmodelle\\\/nils-exzenterpresse-kundenmodelle\\\/#breadcrumb\",\"itemListElement\":[{\"@type\":\"ListItem\",\"position\":1,\"name\":\"Startseite\",\"item\":\"https:\\\/\\\/www.bengs-modellbau.de\\\/magazin\\\/\"},{\"@type\":\"ListItem\",\"position\":2,\"name\":\"Bauberichte\",\"item\":\"https:\\\/\\\/www.bengs-modellbau.de\\\/magazin\\\/bauberichte\\\/\"},{\"@type\":\"ListItem\",\"position\":3,\"name\":\"Sonstige Funktionsmodelle\",\"item\":\"https:\\\/\\\/www.bengs-modellbau.de\\\/magazin\\\/bauberichte\\\/sonstige-funktionsmodelle\\\/\"},{\"@type\":\"ListItem\",\"position\":4,\"name\":\"Nils Exzenterpresse Kundenmodelle\"}]},{\"@type\":\"WebSite\",\"@id\":\"https:\\\/\\\/www.bengs-modellbau.de\\\/magazin\\\/#website\",\"url\":\"https:\\\/\\\/www.bengs-modellbau.de\\\/magazin\\\/\",\"name\":\"Bengs Modellbau Magazin\",\"description\":\"\",\"publisher\":{\"@id\":\"https:\\\/\\\/www.bengs-modellbau.de\\\/magazin\\\/#organization\"},\"potentialAction\":[{\"@type\":\"SearchAction\",\"target\":{\"@type\":\"EntryPoint\",\"urlTemplate\":\"https:\\\/\\\/www.bengs-modellbau.de\\\/magazin\\\/?s={search_term_string}\"},\"query-input\":{\"@type\":\"PropertyValueSpecification\",\"valueRequired\":true,\"valueName\":\"search_term_string\"}}],\"inLanguage\":\"de\"},{\"@type\":\"Organization\",\"@id\":\"https:\\\/\\\/www.bengs-modellbau.de\\\/magazin\\\/#organization\",\"name\":\"Bengs Modellbau Magazin\",\"url\":\"https:\\\/\\\/www.bengs-modellbau.de\\\/magazin\\\/\",\"logo\":{\"@type\":\"ImageObject\",\"inLanguage\":\"de\",\"@id\":\"https:\\\/\\\/www.bengs-modellbau.de\\\/magazin\\\/#\\\/schema\\\/logo\\\/image\\\/\",\"url\":\"https:\\\/\\\/www.bengs-modellbau.de\\\/magazin\\\/wp-content\\\/uploads\\\/2024\\\/01\\\/logo-bengs-ebay-2.jpg\",\"contentUrl\":\"https:\\\/\\\/www.bengs-modellbau.de\\\/magazin\\\/wp-content\\\/uploads\\\/2024\\\/01\\\/logo-bengs-ebay-2.jpg\",\"width\":369,\"height\":167,\"caption\":\"Bengs Modellbau Magazin\"},\"image\":{\"@id\":\"https:\\\/\\\/www.bengs-modellbau.de\\\/magazin\\\/#\\\/schema\\\/logo\\\/image\\\/\"}}]}<\/script>\n<!-- \/ Yoast SEO plugin. -->","yoast_head_json":{"title":"Nils Exzenterpresse Kundenmodelle - Bengs Modellbau Magazin","robots":{"index":"index","follow":"follow","max-snippet":"max-snippet:-1","max-image-preview":"max-image-preview:large","max-video-preview":"max-video-preview:-1"},"canonical":"https:\/\/www.bengs-modellbau.de\/magazin\/bauberichte\/sonstige-funktionsmodelle\/nils-exzenterpresse-kundenmodelle\/","og_locale":"de_DE","og_type":"article","og_title":"Nils Exzenterpresse Kundenmodelle - Bengs Modellbau Magazin","og_description":"Entdecken Sie auf dieser Seite eine Vielfalt von Kundenmodellen, die die Exzenterpresse Nils gebaut haben. In unserer Galerie bieten wir Ihnen nicht nur beeindruckende Bilder, sondern auch aufschlussreiche Videos, die Ihnen einen umfassenden Einblick in die vielf\u00e4ltigen Ausf\u00fchrungen und Anwendungsbereiche unserer Kunden gew\u00e4hren. Erfahren Sie mehr \u00fcber die zahlreichen M\u00f6glichkeiten und individuellen Anpassungen, die die [&hellip;]","og_url":"https:\/\/www.bengs-modellbau.de\/magazin\/bauberichte\/sonstige-funktionsmodelle\/nils-exzenterpresse-kundenmodelle\/","og_site_name":"Bengs Modellbau Magazin","article_modified_time":"2024-01-09T16:44:47+00:00","og_image":[{"url":"https:\/\/www.bengs-modellbau.de\/magazin\/wp-content\/uploads\/2024\/01\/V-nils-Grundplatte-Exzenterpresse-1024x881.jpg","type":"","width":"","height":""}],"twitter_card":"summary_large_image","twitter_misc":{"Gesch\u00e4tzte Lesezeit":"1\u00a0Minute"},"schema":{"@context":"https:\/\/schema.org","@graph":[{"@type":"WebPage","@id":"https:\/\/www.bengs-modellbau.de\/magazin\/bauberichte\/sonstige-funktionsmodelle\/nils-exzenterpresse-kundenmodelle\/","url":"https:\/\/www.bengs-modellbau.de\/magazin\/bauberichte\/sonstige-funktionsmodelle\/nils-exzenterpresse-kundenmodelle\/","name":"Nils Exzenterpresse Kundenmodelle - Bengs Modellbau Magazin","isPartOf":{"@id":"https:\/\/www.bengs-modellbau.de\/magazin\/#website"},"primaryImageOfPage":{"@id":"https:\/\/www.bengs-modellbau.de\/magazin\/bauberichte\/sonstige-funktionsmodelle\/nils-exzenterpresse-kundenmodelle\/#primaryimage"},"image":{"@id":"https:\/\/www.bengs-modellbau.de\/magazin\/bauberichte\/sonstige-funktionsmodelle\/nils-exzenterpresse-kundenmodelle\/#primaryimage"},"thumbnailUrl":"https:\/\/www.bengs-modellbau.de\/magazin\/wp-content\/uploads\/2024\/01\/V-nils-Grundplatte-Exzenterpresse-1024x881.jpg","datePublished":"2024-01-09T16:37:23+00:00","dateModified":"2024-01-09T16:44:47+00:00","breadcrumb":{"@id":"https:\/\/www.bengs-modellbau.de\/magazin\/bauberichte\/sonstige-funktionsmodelle\/nils-exzenterpresse-kundenmodelle\/#breadcrumb"},"inLanguage":"de","potentialAction":[{"@type":"ReadAction","target":["https:\/\/www.bengs-modellbau.de\/magazin\/bauberichte\/sonstige-funktionsmodelle\/nils-exzenterpresse-kundenmodelle\/"]}]},{"@type":"ImageObject","inLanguage":"de","@id":"https:\/\/www.bengs-modellbau.de\/magazin\/bauberichte\/sonstige-funktionsmodelle\/nils-exzenterpresse-kundenmodelle\/#primaryimage","url":"https:\/\/www.bengs-modellbau.de\/magazin\/wp-content\/uploads\/2024\/01\/V-nils-Grundplatte-Exzenterpresse.jpg","contentUrl":"https:\/\/www.bengs-modellbau.de\/magazin\/wp-content\/uploads\/2024\/01\/V-nils-Grundplatte-Exzenterpresse.jpg","width":1600,"height":1377,"caption":"Exzenterpresse als Modell von Bengs Modellbau"},{"@type":"BreadcrumbList","@id":"https:\/\/www.bengs-modellbau.de\/magazin\/bauberichte\/sonstige-funktionsmodelle\/nils-exzenterpresse-kundenmodelle\/#breadcrumb","itemListElement":[{"@type":"ListItem","position":1,"name":"Startseite","item":"https:\/\/www.bengs-modellbau.de\/magazin\/"},{"@type":"ListItem","position":2,"name":"Bauberichte","item":"https:\/\/www.bengs-modellbau.de\/magazin\/bauberichte\/"},{"@type":"ListItem","position":3,"name":"Sonstige Funktionsmodelle","item":"https:\/\/www.bengs-modellbau.de\/magazin\/bauberichte\/sonstige-funktionsmodelle\/"},{"@type":"ListItem","position":4,"name":"Nils Exzenterpresse Kundenmodelle"}]},{"@type":"WebSite","@id":"https:\/\/www.bengs-modellbau.de\/magazin\/#website","url":"https:\/\/www.bengs-modellbau.de\/magazin\/","name":"Bengs Modellbau Magazin","description":"","publisher":{"@id":"https:\/\/www.bengs-modellbau.de\/magazin\/#organization"},"potentialAction":[{"@type":"SearchAction","target":{"@type":"EntryPoint","urlTemplate":"https:\/\/www.bengs-modellbau.de\/magazin\/?s={search_term_string}"},"query-input":{"@type":"PropertyValueSpecification","valueRequired":true,"valueName":"search_term_string"}}],"inLanguage":"de"},{"@type":"Organization","@id":"https:\/\/www.bengs-modellbau.de\/magazin\/#organization","name":"Bengs Modellbau Magazin","url":"https:\/\/www.bengs-modellbau.de\/magazin\/","logo":{"@type":"ImageObject","inLanguage":"de","@id":"https:\/\/www.bengs-modellbau.de\/magazin\/#\/schema\/logo\/image\/","url":"https:\/\/www.bengs-modellbau.de\/magazin\/wp-content\/uploads\/2024\/01\/logo-bengs-ebay-2.jpg","contentUrl":"https:\/\/www.bengs-modellbau.de\/magazin\/wp-content\/uploads\/2024\/01\/logo-bengs-ebay-2.jpg","width":369,"height":167,"caption":"Bengs Modellbau Magazin"},"image":{"@id":"https:\/\/www.bengs-modellbau.de\/magazin\/#\/schema\/logo\/image\/"}}]}},"_links":{"self":[{"href":"https:\/\/www.bengs-modellbau.de\/magazin\/wp-json\/wp\/v2\/pages\/4907","targetHints":{"allow":["GET"]}}],"collection":[{"href":"https:\/\/www.bengs-modellbau.de\/magazin\/wp-json\/wp\/v2\/pages"}],"about":[{"href":"https:\/\/www.bengs-modellbau.de\/magazin\/wp-json\/wp\/v2\/types\/page"}],"author":[{"embeddable":true,"href":"https:\/\/www.bengs-modellbau.de\/magazin\/wp-json\/wp\/v2\/users\/1"}],"replies":[{"embeddable":true,"href":"https:\/\/www.bengs-modellbau.de\/magazin\/wp-json\/wp\/v2\/comments?post=4907"}],"version-history":[{"count":3,"href":"https:\/\/www.bengs-modellbau.de\/magazin\/wp-json\/wp\/v2\/pages\/4907\/revisions"}],"predecessor-version":[{"id":4913,"href":"https:\/\/www.bengs-modellbau.de\/magazin\/wp-json\/wp\/v2\/pages\/4907\/revisions\/4913"}],"up":[{"embeddable":true,"href":"https:\/\/www.bengs-modellbau.de\/magazin\/wp-json\/wp\/v2\/pages\/4288"}],"wp:attachment":[{"href":"https:\/\/www.bengs-modellbau.de\/magazin\/wp-json\/wp\/v2\/media?parent=4907"}],"curies":[{"name":"wp","href":"https:\/\/api.w.org\/{rel}","templated":true}]}}