{"id":4847,"date":"2023-02-15T16:23:10","date_gmt":"2023-02-15T14:23:10","guid":{"rendered":"https:\/\/www.bengs-modellbau.de\/magazin\/?page_id=4847"},"modified":"2023-02-15T16:23:10","modified_gmt":"2023-02-15T14:23:10","slug":"kundenmodelle-hafenkran-herkules","status":"publish","type":"page","link":"https:\/\/www.bengs-modellbau.de\/magazin\/kundenmodelle-hafenkran-herkules\/","title":{"rendered":"Kundenmodelle Hafenkran Herkules"},"content":{"rendered":"<p>Auf dieser Seite zeigen wir Kundenbilder vom Hafenkran Herkules. Die Kundenmodelle wurden aus <a href=\"https:\/\/www.bengs-modellbau.de\/materialbausaetze\/\">Materialbaus\u00e4tzen<\/a> der Firma Bengs Modellbau hergestellt. Die Fotos der Kr\u00e4ne wurden uns freundlicherweise von Modellbauern zur Verf\u00fcgung gestellt. Wenn auch Sie einen Materialbausatz von uns gebaut haben w\u00fcrden wir uns sehr \u00fcber die Zusendung von Fotos freuen.\u00a0Bei diesem Modell kann man nicht nur bei den Bau des Krans gewisse Details ab\u00e4ndern,\u00a0es ist auch besonders spannend war der Kran aufgestellt wird. Weitere Informationen zu dem <a href=\"https:\/\/www.bengs-modellbau.de\/materialbausaetze\/sonstige\/hafenkran-herkules\">Materialbausatz Hafenkran Herkules<\/a> finden Sie in unserem Onlineshop.<\/p>\n<h2>Hafenkran auf Mamod Dampftraktor mit Ladefl\u00e4che<\/h2>\n<p>Hier wurde der Hafenkran auf der Ladefl\u00e4che eines Mamod Dampftraktors mit Ladefl\u00e4che positioniert. Das Gr\u00f6\u00dfenverh\u00e4ltnis passt hier hervorragend.<\/p>\n<p><a href=\"https:\/\/www.bengs-modellbau.de\/magazin\/wp-content\/uploads\/2023\/02\/Hafenkran-Mamod-dampflastwagen-scaled.jpg\"><img fetchpriority=\"high\" decoding=\"async\" class=\"alignnone wp-image-4849 size-large\" src=\"https:\/\/www.bengs-modellbau.de\/magazin\/wp-content\/uploads\/2023\/02\/Hafenkran-Mamod-dampflastwagen-1024x768.jpg\" alt=\"Hafenkran auf Mamod Dampftraktor mit Ladefl\u00e4che\" width=\"840\" height=\"630\" srcset=\"https:\/\/www.bengs-modellbau.de\/magazin\/wp-content\/uploads\/2023\/02\/Hafenkran-Mamod-dampflastwagen-1024x768.jpg 1024w, https:\/\/www.bengs-modellbau.de\/magazin\/wp-content\/uploads\/2023\/02\/Hafenkran-Mamod-dampflastwagen-300x225.jpg 300w, https:\/\/www.bengs-modellbau.de\/magazin\/wp-content\/uploads\/2023\/02\/Hafenkran-Mamod-dampflastwagen-768x576.jpg 768w, https:\/\/www.bengs-modellbau.de\/magazin\/wp-content\/uploads\/2023\/02\/Hafenkran-Mamod-dampflastwagen-1536x1152.jpg 1536w, https:\/\/www.bengs-modellbau.de\/magazin\/wp-content\/uploads\/2023\/02\/Hafenkran-Mamod-dampflastwagen-2048x1536.jpg 2048w, https:\/\/www.bengs-modellbau.de\/magazin\/wp-content\/uploads\/2023\/02\/Hafenkran-Mamod-dampflastwagen-1200x900.jpg 1200w\" sizes=\"(max-width: 840px) 100vw, 840px\" \/><\/a><\/p>\n<p>&nbsp;<\/p>\n","protected":false},"excerpt":{"rendered":"<p>Auf dieser Seite zeigen wir Kundenbilder vom Hafenkran Herkules. Die Kundenmodelle wurden aus Materialbaus\u00e4tzen der Firma Bengs Modellbau hergestellt. Die Fotos der Kr\u00e4ne wurden uns freundlicherweise von Modellbauern zur Verf\u00fcgung gestellt. Wenn auch Sie einen Materialbausatz von uns gebaut haben w\u00fcrden wir uns sehr \u00fcber die Zusendung von Fotos freuen.\u00a0Bei diesem Modell kann man nicht [&hellip;]<\/p>\n","protected":false},"author":1,"featured_media":0,"parent":0,"menu_order":0,"comment_status":"closed","ping_status":"closed","template":"","meta":{"footnotes":""},"class_list":["post-4847","page","type-page","status-publish","hentry"],"yoast_head":"<!-- This site is optimized with the Yoast SEO plugin v27.4 - https:\/\/yoast.com\/product\/yoast-seo-wordpress\/ -->\n<title>Kundenmodelle Hafenkran Herkules - Bengs Modellbau Magazin<\/title>\n<meta name=\"description\" content=\"Kundenmodelle vom Hafenkran Herkules gebaut nach einem MaterialBausatz von Bengs Modellbau.\" \/>\n<meta name=\"robots\" content=\"index, follow, max-snippet:-1, max-image-preview:large, max-video-preview:-1\" \/>\n<link rel=\"canonical\" href=\"https:\/\/www.bengs-modellbau.de\/magazin\/kundenmodelle-hafenkran-herkules\/\" \/>\n<meta property=\"og:locale\" content=\"de_DE\" \/>\n<meta property=\"og:type\" content=\"article\" \/>\n<meta property=\"og:title\" content=\"Kundenmodelle Hafenkran Herkules - Bengs Modellbau Magazin\" \/>\n<meta property=\"og:description\" content=\"Kundenmodelle vom Hafenkran Herkules gebaut nach einem MaterialBausatz von Bengs Modellbau.\" \/>\n<meta property=\"og:url\" content=\"https:\/\/www.bengs-modellbau.de\/magazin\/kundenmodelle-hafenkran-herkules\/\" \/>\n<meta property=\"og:site_name\" content=\"Bengs Modellbau Magazin\" \/>\n<meta property=\"og:image\" content=\"https:\/\/www.bengs-modellbau.de\/magazin\/wp-content\/uploads\/2023\/02\/Hafenkran-Mamod-dampflastwagen-1024x768.jpg\" \/>\n<meta name=\"twitter:card\" content=\"summary_large_image\" \/>\n<meta name=\"twitter:label1\" content=\"Gesch\u00e4tzte Lesezeit\" \/>\n\t<meta name=\"twitter:data1\" content=\"1\u00a0Minute\" \/>\n<script type=\"application\/ld+json\" class=\"yoast-schema-graph\">{\"@context\":\"https:\\\/\\\/schema.org\",\"@graph\":[{\"@type\":\"WebPage\",\"@id\":\"https:\\\/\\\/www.bengs-modellbau.de\\\/magazin\\\/kundenmodelle-hafenkran-herkules\\\/\",\"url\":\"https:\\\/\\\/www.bengs-modellbau.de\\\/magazin\\\/kundenmodelle-hafenkran-herkules\\\/\",\"name\":\"Kundenmodelle Hafenkran Herkules - Bengs Modellbau Magazin\",\"isPartOf\":{\"@id\":\"https:\\\/\\\/www.bengs-modellbau.de\\\/magazin\\\/#website\"},\"primaryImageOfPage\":{\"@id\":\"https:\\\/\\\/www.bengs-modellbau.de\\\/magazin\\\/kundenmodelle-hafenkran-herkules\\\/#primaryimage\"},\"image\":{\"@id\":\"https:\\\/\\\/www.bengs-modellbau.de\\\/magazin\\\/kundenmodelle-hafenkran-herkules\\\/#primaryimage\"},\"thumbnailUrl\":\"https:\\\/\\\/www.bengs-modellbau.de\\\/magazin\\\/wp-content\\\/uploads\\\/2023\\\/02\\\/Hafenkran-Mamod-dampflastwagen-1024x768.jpg\",\"datePublished\":\"2023-02-15T14:23:10+00:00\",\"description\":\"Kundenmodelle vom Hafenkran Herkules gebaut nach einem MaterialBausatz von Bengs Modellbau.\",\"breadcrumb\":{\"@id\":\"https:\\\/\\\/www.bengs-modellbau.de\\\/magazin\\\/kundenmodelle-hafenkran-herkules\\\/#breadcrumb\"},\"inLanguage\":\"de\",\"potentialAction\":[{\"@type\":\"ReadAction\",\"target\":[\"https:\\\/\\\/www.bengs-modellbau.de\\\/magazin\\\/kundenmodelle-hafenkran-herkules\\\/\"]}]},{\"@type\":\"ImageObject\",\"inLanguage\":\"de\",\"@id\":\"https:\\\/\\\/www.bengs-modellbau.de\\\/magazin\\\/kundenmodelle-hafenkran-herkules\\\/#primaryimage\",\"url\":\"https:\\\/\\\/www.bengs-modellbau.de\\\/magazin\\\/wp-content\\\/uploads\\\/2023\\\/02\\\/Hafenkran-Mamod-dampflastwagen-1024x768.jpg\",\"contentUrl\":\"https:\\\/\\\/www.bengs-modellbau.de\\\/magazin\\\/wp-content\\\/uploads\\\/2023\\\/02\\\/Hafenkran-Mamod-dampflastwagen-1024x768.jpg\"},{\"@type\":\"BreadcrumbList\",\"@id\":\"https:\\\/\\\/www.bengs-modellbau.de\\\/magazin\\\/kundenmodelle-hafenkran-herkules\\\/#breadcrumb\",\"itemListElement\":[{\"@type\":\"ListItem\",\"position\":1,\"name\":\"Startseite\",\"item\":\"https:\\\/\\\/www.bengs-modellbau.de\\\/magazin\\\/\"},{\"@type\":\"ListItem\",\"position\":2,\"name\":\"Kundenmodelle Hafenkran Herkules\"}]},{\"@type\":\"WebSite\",\"@id\":\"https:\\\/\\\/www.bengs-modellbau.de\\\/magazin\\\/#website\",\"url\":\"https:\\\/\\\/www.bengs-modellbau.de\\\/magazin\\\/\",\"name\":\"Bengs Modellbau Magazin\",\"description\":\"\",\"publisher\":{\"@id\":\"https:\\\/\\\/www.bengs-modellbau.de\\\/magazin\\\/#organization\"},\"potentialAction\":[{\"@type\":\"SearchAction\",\"target\":{\"@type\":\"EntryPoint\",\"urlTemplate\":\"https:\\\/\\\/www.bengs-modellbau.de\\\/magazin\\\/?s={search_term_string}\"},\"query-input\":{\"@type\":\"PropertyValueSpecification\",\"valueRequired\":true,\"valueName\":\"search_term_string\"}}],\"inLanguage\":\"de\"},{\"@type\":\"Organization\",\"@id\":\"https:\\\/\\\/www.bengs-modellbau.de\\\/magazin\\\/#organization\",\"name\":\"Bengs Modellbau Magazin\",\"url\":\"https:\\\/\\\/www.bengs-modellbau.de\\\/magazin\\\/\",\"logo\":{\"@type\":\"ImageObject\",\"inLanguage\":\"de\",\"@id\":\"https:\\\/\\\/www.bengs-modellbau.de\\\/magazin\\\/#\\\/schema\\\/logo\\\/image\\\/\",\"url\":\"https:\\\/\\\/www.bengs-modellbau.de\\\/magazin\\\/wp-content\\\/uploads\\\/2024\\\/01\\\/logo-bengs-ebay-2.jpg\",\"contentUrl\":\"https:\\\/\\\/www.bengs-modellbau.de\\\/magazin\\\/wp-content\\\/uploads\\\/2024\\\/01\\\/logo-bengs-ebay-2.jpg\",\"width\":369,\"height\":167,\"caption\":\"Bengs Modellbau Magazin\"},\"image\":{\"@id\":\"https:\\\/\\\/www.bengs-modellbau.de\\\/magazin\\\/#\\\/schema\\\/logo\\\/image\\\/\"}}]}<\/script>\n<!-- \/ Yoast SEO plugin. -->","yoast_head_json":{"title":"Kundenmodelle Hafenkran Herkules - Bengs Modellbau Magazin","description":"Kundenmodelle vom Hafenkran Herkules gebaut nach einem MaterialBausatz von Bengs Modellbau.","robots":{"index":"index","follow":"follow","max-snippet":"max-snippet:-1","max-image-preview":"max-image-preview:large","max-video-preview":"max-video-preview:-1"},"canonical":"https:\/\/www.bengs-modellbau.de\/magazin\/kundenmodelle-hafenkran-herkules\/","og_locale":"de_DE","og_type":"article","og_title":"Kundenmodelle Hafenkran Herkules - Bengs Modellbau Magazin","og_description":"Kundenmodelle vom Hafenkran Herkules gebaut nach einem MaterialBausatz von Bengs Modellbau.","og_url":"https:\/\/www.bengs-modellbau.de\/magazin\/kundenmodelle-hafenkran-herkules\/","og_site_name":"Bengs Modellbau Magazin","og_image":[{"url":"https:\/\/www.bengs-modellbau.de\/magazin\/wp-content\/uploads\/2023\/02\/Hafenkran-Mamod-dampflastwagen-1024x768.jpg","type":"","width":"","height":""}],"twitter_card":"summary_large_image","twitter_misc":{"Gesch\u00e4tzte Lesezeit":"1\u00a0Minute"},"schema":{"@context":"https:\/\/schema.org","@graph":[{"@type":"WebPage","@id":"https:\/\/www.bengs-modellbau.de\/magazin\/kundenmodelle-hafenkran-herkules\/","url":"https:\/\/www.bengs-modellbau.de\/magazin\/kundenmodelle-hafenkran-herkules\/","name":"Kundenmodelle Hafenkran Herkules - Bengs Modellbau Magazin","isPartOf":{"@id":"https:\/\/www.bengs-modellbau.de\/magazin\/#website"},"primaryImageOfPage":{"@id":"https:\/\/www.bengs-modellbau.de\/magazin\/kundenmodelle-hafenkran-herkules\/#primaryimage"},"image":{"@id":"https:\/\/www.bengs-modellbau.de\/magazin\/kundenmodelle-hafenkran-herkules\/#primaryimage"},"thumbnailUrl":"https:\/\/www.bengs-modellbau.de\/magazin\/wp-content\/uploads\/2023\/02\/Hafenkran-Mamod-dampflastwagen-1024x768.jpg","datePublished":"2023-02-15T14:23:10+00:00","description":"Kundenmodelle vom Hafenkran Herkules gebaut nach einem MaterialBausatz von Bengs Modellbau.","breadcrumb":{"@id":"https:\/\/www.bengs-modellbau.de\/magazin\/kundenmodelle-hafenkran-herkules\/#breadcrumb"},"inLanguage":"de","potentialAction":[{"@type":"ReadAction","target":["https:\/\/www.bengs-modellbau.de\/magazin\/kundenmodelle-hafenkran-herkules\/"]}]},{"@type":"ImageObject","inLanguage":"de","@id":"https:\/\/www.bengs-modellbau.de\/magazin\/kundenmodelle-hafenkran-herkules\/#primaryimage","url":"https:\/\/www.bengs-modellbau.de\/magazin\/wp-content\/uploads\/2023\/02\/Hafenkran-Mamod-dampflastwagen-1024x768.jpg","contentUrl":"https:\/\/www.bengs-modellbau.de\/magazin\/wp-content\/uploads\/2023\/02\/Hafenkran-Mamod-dampflastwagen-1024x768.jpg"},{"@type":"BreadcrumbList","@id":"https:\/\/www.bengs-modellbau.de\/magazin\/kundenmodelle-hafenkran-herkules\/#breadcrumb","itemListElement":[{"@type":"ListItem","position":1,"name":"Startseite","item":"https:\/\/www.bengs-modellbau.de\/magazin\/"},{"@type":"ListItem","position":2,"name":"Kundenmodelle Hafenkran Herkules"}]},{"@type":"WebSite","@id":"https:\/\/www.bengs-modellbau.de\/magazin\/#website","url":"https:\/\/www.bengs-modellbau.de\/magazin\/","name":"Bengs Modellbau Magazin","description":"","publisher":{"@id":"https:\/\/www.bengs-modellbau.de\/magazin\/#organization"},"potentialAction":[{"@type":"SearchAction","target":{"@type":"EntryPoint","urlTemplate":"https:\/\/www.bengs-modellbau.de\/magazin\/?s={search_term_string}"},"query-input":{"@type":"PropertyValueSpecification","valueRequired":true,"valueName":"search_term_string"}}],"inLanguage":"de"},{"@type":"Organization","@id":"https:\/\/www.bengs-modellbau.de\/magazin\/#organization","name":"Bengs Modellbau Magazin","url":"https:\/\/www.bengs-modellbau.de\/magazin\/","logo":{"@type":"ImageObject","inLanguage":"de","@id":"https:\/\/www.bengs-modellbau.de\/magazin\/#\/schema\/logo\/image\/","url":"https:\/\/www.bengs-modellbau.de\/magazin\/wp-content\/uploads\/2024\/01\/logo-bengs-ebay-2.jpg","contentUrl":"https:\/\/www.bengs-modellbau.de\/magazin\/wp-content\/uploads\/2024\/01\/logo-bengs-ebay-2.jpg","width":369,"height":167,"caption":"Bengs Modellbau Magazin"},"image":{"@id":"https:\/\/www.bengs-modellbau.de\/magazin\/#\/schema\/logo\/image\/"}}]}},"_links":{"self":[{"href":"https:\/\/www.bengs-modellbau.de\/magazin\/wp-json\/wp\/v2\/pages\/4847","targetHints":{"allow":["GET"]}}],"collection":[{"href":"https:\/\/www.bengs-modellbau.de\/magazin\/wp-json\/wp\/v2\/pages"}],"about":[{"href":"https:\/\/www.bengs-modellbau.de\/magazin\/wp-json\/wp\/v2\/types\/page"}],"author":[{"embeddable":true,"href":"https:\/\/www.bengs-modellbau.de\/magazin\/wp-json\/wp\/v2\/users\/1"}],"replies":[{"embeddable":true,"href":"https:\/\/www.bengs-modellbau.de\/magazin\/wp-json\/wp\/v2\/comments?post=4847"}],"version-history":[{"count":2,"href":"https:\/\/www.bengs-modellbau.de\/magazin\/wp-json\/wp\/v2\/pages\/4847\/revisions"}],"predecessor-version":[{"id":4850,"href":"https:\/\/www.bengs-modellbau.de\/magazin\/wp-json\/wp\/v2\/pages\/4847\/revisions\/4850"}],"wp:attachment":[{"href":"https:\/\/www.bengs-modellbau.de\/magazin\/wp-json\/wp\/v2\/media?parent=4847"}],"curies":[{"name":"wp","href":"https:\/\/api.w.org\/{rel}","templated":true}]}}