{"id":4294,"date":"2021-07-07T13:21:09","date_gmt":"2021-07-07T11:21:09","guid":{"rendered":"https:\/\/www.bengs-modellbau.de\/magazin\/?page_id=4294"},"modified":"2024-03-30T09:04:32","modified_gmt":"2024-03-30T07:04:32","slug":"kundenmodelle-generator-2w","status":"publish","type":"page","link":"https:\/\/www.bengs-modellbau.de\/magazin\/bauberichte\/sonstige-funktionsmodelle\/kundenmodelle-generator-2w\/","title":{"rendered":"Kundenmodelle Generator 2w"},"content":{"rendered":"<p>Hier finden Sie Fotos von unserem Materialbausatz Generator 2W. Die Generatoren wurden von unseren Kunden gebaut und die Fotos uns dann freundlicherweise zur Verf\u00fcgung gestellt. Das Antriebsmodell <a href=\"https:\/\/www.bengs-modellbau.de\/materialbausaetze\/sonstige\/generator-antriebsmodel-2w\">Generator 2W<\/a> bekommen Sie in unserem Onlineshop als Materialbausatz.<\/p>\n<h2>Generator erzeugt Strom mit Karl.<\/h2>\n<p>Dieser Generator hat noch zus\u00e4tzlich einen Stromanschlusskasten von AEG erhalten. Zusammen mit dem <a href=\"https:\/\/www.bengs-modellbau.de\/materialbausaetze\/verbrennungsmotoren\/stationaermotor-karl-materialbausatz\">Verbrennungsmotor Karl<\/a> wird jetzt Strom erzeugt. Ein ganz tolles Funktionsdiorama mit vielen tollen Details. Als Flachriemen wird hier \u00fcbrigens ein Gummiband verwendet.<\/p>\n<p><a href=\"https:\/\/www.bengs-modellbau.de\/magazin\/wp-content\/uploads\/2021\/07\/generator-karl-diorama-modellbau.jpg\"><img fetchpriority=\"high\" decoding=\"async\" class=\"alignnone size-large wp-image-4307\" src=\"https:\/\/www.bengs-modellbau.de\/magazin\/wp-content\/uploads\/2021\/07\/generator-karl-diorama-modellbau-909x1024.jpg\" alt=\"Generator und Verbrennungsmotor Karl\" width=\"840\" height=\"946\" srcset=\"https:\/\/www.bengs-modellbau.de\/magazin\/wp-content\/uploads\/2021\/07\/generator-karl-diorama-modellbau-909x1024.jpg 909w, https:\/\/www.bengs-modellbau.de\/magazin\/wp-content\/uploads\/2021\/07\/generator-karl-diorama-modellbau-266x300.jpg 266w, https:\/\/www.bengs-modellbau.de\/magazin\/wp-content\/uploads\/2021\/07\/generator-karl-diorama-modellbau-768x865.jpg 768w, https:\/\/www.bengs-modellbau.de\/magazin\/wp-content\/uploads\/2021\/07\/generator-karl-diorama-modellbau.jpg 1065w\" sizes=\"(max-width: 840px) 100vw, 840px\" \/><\/a><\/p>\n<h2>2x Generator auf Grundplatte<\/h2>\n<p>Diese beiden Generatoren\u00a0 wurden auf eine lackierte Holzgrundplatte gesetzt, zus\u00e4tzlich hat jeder Generator 2 Laternen erhalten. Durch die Montage auf eine separate Grundplatte k\u00f6nnen die Generatoren bei verschiedenen Modellen eingesetzt werden.<\/p>\n<p><a href=\"https:\/\/www.bengs-modellbau.de\/magazin\/wp-content\/uploads\/2021\/07\/Generator-dampfmaschine-kundenmodell.jpg\"><img decoding=\"async\" class=\"alignnone size-large wp-image-4296\" src=\"https:\/\/www.bengs-modellbau.de\/magazin\/wp-content\/uploads\/2021\/07\/Generator-dampfmaschine-kundenmodell-1024x1024.jpg\" alt=\"Generator gebaut aus einem Bengs Modellbau Bausatz\" width=\"840\" height=\"840\" srcset=\"https:\/\/www.bengs-modellbau.de\/magazin\/wp-content\/uploads\/2021\/07\/Generator-dampfmaschine-kundenmodell-1024x1024.jpg 1024w, https:\/\/www.bengs-modellbau.de\/magazin\/wp-content\/uploads\/2021\/07\/Generator-dampfmaschine-kundenmodell-300x300.jpg 300w, https:\/\/www.bengs-modellbau.de\/magazin\/wp-content\/uploads\/2021\/07\/Generator-dampfmaschine-kundenmodell-150x150.jpg 150w, https:\/\/www.bengs-modellbau.de\/magazin\/wp-content\/uploads\/2021\/07\/Generator-dampfmaschine-kundenmodell-768x769.jpg 768w, https:\/\/www.bengs-modellbau.de\/magazin\/wp-content\/uploads\/2021\/07\/Generator-dampfmaschine-kundenmodell.jpg 1199w\" sizes=\"(max-width: 840px) 100vw, 840px\" \/><\/a><\/p>\n<p><a href=\"https:\/\/www.bengs-modellbau.de\/magazin\/wp-content\/uploads\/2021\/07\/generator-Stirlingmotor-Kundenmodell.jpg\"><img decoding=\"async\" class=\"alignnone size-large wp-image-4297\" src=\"https:\/\/www.bengs-modellbau.de\/magazin\/wp-content\/uploads\/2021\/07\/generator-Stirlingmotor-Kundenmodell-1024x1024.jpg\" alt=\"\" width=\"840\" height=\"840\" srcset=\"https:\/\/www.bengs-modellbau.de\/magazin\/wp-content\/uploads\/2021\/07\/generator-Stirlingmotor-Kundenmodell-1024x1024.jpg 1024w, https:\/\/www.bengs-modellbau.de\/magazin\/wp-content\/uploads\/2021\/07\/generator-Stirlingmotor-Kundenmodell-300x300.jpg 300w, https:\/\/www.bengs-modellbau.de\/magazin\/wp-content\/uploads\/2021\/07\/generator-Stirlingmotor-Kundenmodell-150x150.jpg 150w, https:\/\/www.bengs-modellbau.de\/magazin\/wp-content\/uploads\/2021\/07\/generator-Stirlingmotor-Kundenmodell-768x768.jpg 768w, https:\/\/www.bengs-modellbau.de\/magazin\/wp-content\/uploads\/2021\/07\/generator-Stirlingmotor-Kundenmodell.jpg 1200w\" sizes=\"(max-width: 840px) 100vw, 840px\" \/><\/a><\/p>\n<h2>Generator f\u00fcr Flachriemen<\/h2>\n<p>Dieser Generator wurde mit einer speziellen Riemenscheibe f\u00fcr Flachriemen ausgestattet. Die Riemenscheibe muss in der Mitte den gr\u00f6\u00dften Durchmesser haben damit der Flachriemen immer mittig l\u00e4uft. Als Flachriemen verwenden unsere Kunden verschiedenste Materialien. Meistens werden flache Lederb\u00e4nder zusammengeklebt was in etwa dem Original entspricht. Auch flache Gummib\u00e4nder funktionieren sehr gut und sehen nach einem originalen Flachriemen aus.<\/p>\n<p><a href=\"https:\/\/www.bengs-modellbau.de\/magazin\/wp-content\/uploads\/2021\/07\/Generator-Dampfmaschine-Flachriemen.jpg\"><img loading=\"lazy\" decoding=\"async\" class=\"alignnone size-large wp-image-4298\" src=\"https:\/\/www.bengs-modellbau.de\/magazin\/wp-content\/uploads\/2021\/07\/Generator-Dampfmaschine-Flachriemen-1022x1024.jpg\" alt=\"\" width=\"840\" height=\"842\" srcset=\"https:\/\/www.bengs-modellbau.de\/magazin\/wp-content\/uploads\/2021\/07\/Generator-Dampfmaschine-Flachriemen-1022x1024.jpg 1022w, https:\/\/www.bengs-modellbau.de\/magazin\/wp-content\/uploads\/2021\/07\/Generator-Dampfmaschine-Flachriemen-300x300.jpg 300w, https:\/\/www.bengs-modellbau.de\/magazin\/wp-content\/uploads\/2021\/07\/Generator-Dampfmaschine-Flachriemen-150x150.jpg 150w, https:\/\/www.bengs-modellbau.de\/magazin\/wp-content\/uploads\/2021\/07\/Generator-Dampfmaschine-Flachriemen-768x769.jpg 768w, https:\/\/www.bengs-modellbau.de\/magazin\/wp-content\/uploads\/2021\/07\/Generator-Dampfmaschine-Flachriemen.jpg 1198w\" sizes=\"(max-width: 840px) 100vw, 840px\" \/><\/a><\/p>\n<p>Generator in einer Maschinenanlage<\/p>\n<p>Ebenfalls von einem Kunden haben wir eine sch\u00f6ne Dampfanlage erhalten bei dem eine <a href=\"https:\/\/www.bengs-modellbau.de\/materialbausaetze\/dampfmaschinen\/dampfmaschine-danni\">Dampfmaschine\u201c Danni\u201c<\/a> Den Generator antreibt. Zum \u00dcbertragen der Kraft wurden hier Lego Komponenten verwendet. F\u00fcr die Transmission wurden die von uns angebotenen <a href=\"https:\/\/www.bengs-modellbau.de\/Lagerbock\/2801\">Lagerb\u00f6cke<\/a> und <a href=\"https:\/\/www.bengs-modellbau.de\/material\/baumaterial\/kugellager-fuer-den-modellbau\">Kugellager<\/a> verwendet.<\/p>\n<p><a href=\"https:\/\/www.bengs-modellbau.de\/magazin\/wp-content\/uploads\/2021\/07\/Dampfanlage-generator-danni.jpg\"><img loading=\"lazy\" decoding=\"async\" class=\"alignnone size-large wp-image-4303\" src=\"https:\/\/www.bengs-modellbau.de\/magazin\/wp-content\/uploads\/2021\/07\/Dampfanlage-generator-danni-1024x768.jpg\" alt=\"\" width=\"840\" height=\"630\" srcset=\"https:\/\/www.bengs-modellbau.de\/magazin\/wp-content\/uploads\/2021\/07\/Dampfanlage-generator-danni-1024x768.jpg 1024w, https:\/\/www.bengs-modellbau.de\/magazin\/wp-content\/uploads\/2021\/07\/Dampfanlage-generator-danni-300x225.jpg 300w, https:\/\/www.bengs-modellbau.de\/magazin\/wp-content\/uploads\/2021\/07\/Dampfanlage-generator-danni-768x576.jpg 768w, https:\/\/www.bengs-modellbau.de\/magazin\/wp-content\/uploads\/2021\/07\/Dampfanlage-generator-danni.jpg 1200w\" sizes=\"(max-width: 840px) 100vw, 840px\" \/><\/a><em>&#8222;Die Danni treibt den Generator und ein Schwungrad an damit sich\u00a0 einfach noch etwas mehr dreht! Der Generator l\u00e4sst entweder die Laterne oder die bunten Gl\u00fchbirnen in der Leiste leuchten, oder auch den Ventilator (aus einem ausgeschlachteten PC) drehen. Alle drei Komponenten sind mit eigenen Schaltern versehen.\u00a0 Oder ich schalte den kleinen Knipser vorne um auf &#8222;Motor&#8220;, dann dient der Generator als Motor und treibt die Dampfmaschine an. Nutze ich als &#8222;Starter&#8220; zum Anlaufen. Zahnr\u00e4der und Ketten sind von Lego Technik.&#8220;<\/em><\/p>\n<p><a href=\"https:\/\/www.bengs-modellbau.de\/magazin\/wp-content\/uploads\/2021\/07\/Generator-modellbau-voltmeter.jpg\"><img loading=\"lazy\" decoding=\"async\" class=\"alignnone size-large wp-image-4304\" src=\"https:\/\/www.bengs-modellbau.de\/magazin\/wp-content\/uploads\/2021\/07\/Generator-modellbau-voltmeter-1024x739.jpg\" alt=\"Generator auf Grundplatte mit Voltmeter\" width=\"840\" height=\"606\" srcset=\"https:\/\/www.bengs-modellbau.de\/magazin\/wp-content\/uploads\/2021\/07\/Generator-modellbau-voltmeter-1024x739.jpg 1024w, https:\/\/www.bengs-modellbau.de\/magazin\/wp-content\/uploads\/2021\/07\/Generator-modellbau-voltmeter-300x217.jpg 300w, https:\/\/www.bengs-modellbau.de\/magazin\/wp-content\/uploads\/2021\/07\/Generator-modellbau-voltmeter-768x554.jpg 768w, https:\/\/www.bengs-modellbau.de\/magazin\/wp-content\/uploads\/2021\/07\/Generator-modellbau-voltmeter.jpg 1200w\" sizes=\"(max-width: 840px) 100vw, 840px\" \/><\/a><\/p>\n","protected":false},"excerpt":{"rendered":"<p>Hier finden Sie Fotos von unserem Materialbausatz Generator 2W. Die Generatoren wurden von unseren Kunden gebaut und die Fotos uns dann freundlicherweise zur Verf\u00fcgung gestellt. Das Antriebsmodell Generator 2W bekommen Sie in unserem Onlineshop als Materialbausatz. Generator erzeugt Strom mit Karl. Dieser Generator hat noch zus\u00e4tzlich einen Stromanschlusskasten von AEG erhalten. Zusammen mit dem Verbrennungsmotor [&hellip;]<\/p>\n","protected":false},"author":1,"featured_media":0,"parent":4288,"menu_order":0,"comment_status":"closed","ping_status":"closed","template":"","meta":{"footnotes":""},"class_list":["post-4294","page","type-page","status-publish","hentry"],"yoast_head":"<!-- This site is optimized with the Yoast SEO plugin v27.2 - https:\/\/yoast.com\/product\/yoast-seo-wordpress\/ -->\n<title>Kundenmodelle Generator 2w - Bengs Modellbau Magazin<\/title>\n<meta name=\"description\" content=\"Hier finden Sie Kundenmodelle Generator 2w. Den Materialbausatz gibt es bei Bengs Modellbau\" \/>\n<meta name=\"robots\" content=\"index, follow, max-snippet:-1, max-image-preview:large, max-video-preview:-1\" \/>\n<link rel=\"canonical\" href=\"https:\/\/www.bengs-modellbau.de\/magazin\/bauberichte\/sonstige-funktionsmodelle\/kundenmodelle-generator-2w\/\" \/>\n<meta property=\"og:locale\" content=\"de_DE\" \/>\n<meta property=\"og:type\" content=\"article\" \/>\n<meta property=\"og:title\" content=\"Kundenmodelle Generator 2w - Bengs Modellbau Magazin\" \/>\n<meta property=\"og:description\" content=\"Hier finden Sie Kundenmodelle Generator 2w. Den Materialbausatz gibt es bei Bengs Modellbau\" \/>\n<meta property=\"og:url\" content=\"https:\/\/www.bengs-modellbau.de\/magazin\/bauberichte\/sonstige-funktionsmodelle\/kundenmodelle-generator-2w\/\" \/>\n<meta property=\"og:site_name\" content=\"Bengs Modellbau Magazin\" \/>\n<meta property=\"article:modified_time\" content=\"2024-03-30T07:04:32+00:00\" \/>\n<meta property=\"og:image\" content=\"https:\/\/www.bengs-modellbau.de\/magazin\/wp-content\/uploads\/2021\/07\/generator-karl-diorama-modellbau-909x1024.jpg\" \/>\n<meta name=\"twitter:card\" content=\"summary_large_image\" \/>\n<meta name=\"twitter:label1\" content=\"Gesch\u00e4tzte Lesezeit\" \/>\n\t<meta name=\"twitter:data1\" content=\"3\u00a0Minuten\" \/>\n<script type=\"application\/ld+json\" class=\"yoast-schema-graph\">{\"@context\":\"https:\/\/schema.org\",\"@graph\":[{\"@type\":\"WebPage\",\"@id\":\"https:\/\/www.bengs-modellbau.de\/magazin\/bauberichte\/sonstige-funktionsmodelle\/kundenmodelle-generator-2w\/\",\"url\":\"https:\/\/www.bengs-modellbau.de\/magazin\/bauberichte\/sonstige-funktionsmodelle\/kundenmodelle-generator-2w\/\",\"name\":\"Kundenmodelle Generator 2w - Bengs Modellbau Magazin\",\"isPartOf\":{\"@id\":\"https:\/\/www.bengs-modellbau.de\/magazin\/#website\"},\"primaryImageOfPage\":{\"@id\":\"https:\/\/www.bengs-modellbau.de\/magazin\/bauberichte\/sonstige-funktionsmodelle\/kundenmodelle-generator-2w\/#primaryimage\"},\"image\":{\"@id\":\"https:\/\/www.bengs-modellbau.de\/magazin\/bauberichte\/sonstige-funktionsmodelle\/kundenmodelle-generator-2w\/#primaryimage\"},\"thumbnailUrl\":\"https:\/\/www.bengs-modellbau.de\/magazin\/wp-content\/uploads\/2021\/07\/generator-karl-diorama-modellbau-909x1024.jpg\",\"datePublished\":\"2021-07-07T11:21:09+00:00\",\"dateModified\":\"2024-03-30T07:04:32+00:00\",\"description\":\"Hier finden Sie Kundenmodelle Generator 2w. Den Materialbausatz gibt es bei Bengs Modellbau\",\"breadcrumb\":{\"@id\":\"https:\/\/www.bengs-modellbau.de\/magazin\/bauberichte\/sonstige-funktionsmodelle\/kundenmodelle-generator-2w\/#breadcrumb\"},\"inLanguage\":\"de\",\"potentialAction\":[{\"@type\":\"ReadAction\",\"target\":[\"https:\/\/www.bengs-modellbau.de\/magazin\/bauberichte\/sonstige-funktionsmodelle\/kundenmodelle-generator-2w\/\"]}]},{\"@type\":\"ImageObject\",\"inLanguage\":\"de\",\"@id\":\"https:\/\/www.bengs-modellbau.de\/magazin\/bauberichte\/sonstige-funktionsmodelle\/kundenmodelle-generator-2w\/#primaryimage\",\"url\":\"https:\/\/www.bengs-modellbau.de\/magazin\/wp-content\/uploads\/2021\/07\/generator-karl-diorama-modellbau.jpg\",\"contentUrl\":\"https:\/\/www.bengs-modellbau.de\/magazin\/wp-content\/uploads\/2021\/07\/generator-karl-diorama-modellbau.jpg\",\"width\":1065,\"height\":1200,\"caption\":\"Generator und Verbrennungsmotor Karl\"},{\"@type\":\"BreadcrumbList\",\"@id\":\"https:\/\/www.bengs-modellbau.de\/magazin\/bauberichte\/sonstige-funktionsmodelle\/kundenmodelle-generator-2w\/#breadcrumb\",\"itemListElement\":[{\"@type\":\"ListItem\",\"position\":1,\"name\":\"Startseite\",\"item\":\"https:\/\/www.bengs-modellbau.de\/magazin\/\"},{\"@type\":\"ListItem\",\"position\":2,\"name\":\"Bauberichte\",\"item\":\"https:\/\/www.bengs-modellbau.de\/magazin\/bauberichte\/\"},{\"@type\":\"ListItem\",\"position\":3,\"name\":\"Sonstige Funktionsmodelle\",\"item\":\"https:\/\/www.bengs-modellbau.de\/magazin\/bauberichte\/sonstige-funktionsmodelle\/\"},{\"@type\":\"ListItem\",\"position\":4,\"name\":\"Kundenmodelle Generator 2w\"}]},{\"@type\":\"WebSite\",\"@id\":\"https:\/\/www.bengs-modellbau.de\/magazin\/#website\",\"url\":\"https:\/\/www.bengs-modellbau.de\/magazin\/\",\"name\":\"Bengs Modellbau Magazin\",\"description\":\"\",\"publisher\":{\"@id\":\"https:\/\/www.bengs-modellbau.de\/magazin\/#organization\"},\"potentialAction\":[{\"@type\":\"SearchAction\",\"target\":{\"@type\":\"EntryPoint\",\"urlTemplate\":\"https:\/\/www.bengs-modellbau.de\/magazin\/?s={search_term_string}\"},\"query-input\":{\"@type\":\"PropertyValueSpecification\",\"valueRequired\":true,\"valueName\":\"search_term_string\"}}],\"inLanguage\":\"de\"},{\"@type\":\"Organization\",\"@id\":\"https:\/\/www.bengs-modellbau.de\/magazin\/#organization\",\"name\":\"Bengs Modellbau Magazin\",\"url\":\"https:\/\/www.bengs-modellbau.de\/magazin\/\",\"logo\":{\"@type\":\"ImageObject\",\"inLanguage\":\"de\",\"@id\":\"https:\/\/www.bengs-modellbau.de\/magazin\/#\/schema\/logo\/image\/\",\"url\":\"https:\/\/www.bengs-modellbau.de\/magazin\/wp-content\/uploads\/2024\/01\/logo-bengs-ebay-2.jpg\",\"contentUrl\":\"https:\/\/www.bengs-modellbau.de\/magazin\/wp-content\/uploads\/2024\/01\/logo-bengs-ebay-2.jpg\",\"width\":369,\"height\":167,\"caption\":\"Bengs Modellbau Magazin\"},\"image\":{\"@id\":\"https:\/\/www.bengs-modellbau.de\/magazin\/#\/schema\/logo\/image\/\"}}]}<\/script>\n<!-- \/ Yoast SEO plugin. -->","yoast_head_json":{"title":"Kundenmodelle Generator 2w - Bengs Modellbau Magazin","description":"Hier finden Sie Kundenmodelle Generator 2w. Den Materialbausatz gibt es bei Bengs Modellbau","robots":{"index":"index","follow":"follow","max-snippet":"max-snippet:-1","max-image-preview":"max-image-preview:large","max-video-preview":"max-video-preview:-1"},"canonical":"https:\/\/www.bengs-modellbau.de\/magazin\/bauberichte\/sonstige-funktionsmodelle\/kundenmodelle-generator-2w\/","og_locale":"de_DE","og_type":"article","og_title":"Kundenmodelle Generator 2w - Bengs Modellbau Magazin","og_description":"Hier finden Sie Kundenmodelle Generator 2w. Den Materialbausatz gibt es bei Bengs Modellbau","og_url":"https:\/\/www.bengs-modellbau.de\/magazin\/bauberichte\/sonstige-funktionsmodelle\/kundenmodelle-generator-2w\/","og_site_name":"Bengs Modellbau Magazin","article_modified_time":"2024-03-30T07:04:32+00:00","og_image":[{"url":"https:\/\/www.bengs-modellbau.de\/magazin\/wp-content\/uploads\/2021\/07\/generator-karl-diorama-modellbau-909x1024.jpg","type":"","width":"","height":""}],"twitter_card":"summary_large_image","twitter_misc":{"Gesch\u00e4tzte Lesezeit":"3\u00a0Minuten"},"schema":{"@context":"https:\/\/schema.org","@graph":[{"@type":"WebPage","@id":"https:\/\/www.bengs-modellbau.de\/magazin\/bauberichte\/sonstige-funktionsmodelle\/kundenmodelle-generator-2w\/","url":"https:\/\/www.bengs-modellbau.de\/magazin\/bauberichte\/sonstige-funktionsmodelle\/kundenmodelle-generator-2w\/","name":"Kundenmodelle Generator 2w - Bengs Modellbau Magazin","isPartOf":{"@id":"https:\/\/www.bengs-modellbau.de\/magazin\/#website"},"primaryImageOfPage":{"@id":"https:\/\/www.bengs-modellbau.de\/magazin\/bauberichte\/sonstige-funktionsmodelle\/kundenmodelle-generator-2w\/#primaryimage"},"image":{"@id":"https:\/\/www.bengs-modellbau.de\/magazin\/bauberichte\/sonstige-funktionsmodelle\/kundenmodelle-generator-2w\/#primaryimage"},"thumbnailUrl":"https:\/\/www.bengs-modellbau.de\/magazin\/wp-content\/uploads\/2021\/07\/generator-karl-diorama-modellbau-909x1024.jpg","datePublished":"2021-07-07T11:21:09+00:00","dateModified":"2024-03-30T07:04:32+00:00","description":"Hier finden Sie Kundenmodelle Generator 2w. Den Materialbausatz gibt es bei Bengs Modellbau","breadcrumb":{"@id":"https:\/\/www.bengs-modellbau.de\/magazin\/bauberichte\/sonstige-funktionsmodelle\/kundenmodelle-generator-2w\/#breadcrumb"},"inLanguage":"de","potentialAction":[{"@type":"ReadAction","target":["https:\/\/www.bengs-modellbau.de\/magazin\/bauberichte\/sonstige-funktionsmodelle\/kundenmodelle-generator-2w\/"]}]},{"@type":"ImageObject","inLanguage":"de","@id":"https:\/\/www.bengs-modellbau.de\/magazin\/bauberichte\/sonstige-funktionsmodelle\/kundenmodelle-generator-2w\/#primaryimage","url":"https:\/\/www.bengs-modellbau.de\/magazin\/wp-content\/uploads\/2021\/07\/generator-karl-diorama-modellbau.jpg","contentUrl":"https:\/\/www.bengs-modellbau.de\/magazin\/wp-content\/uploads\/2021\/07\/generator-karl-diorama-modellbau.jpg","width":1065,"height":1200,"caption":"Generator und Verbrennungsmotor Karl"},{"@type":"BreadcrumbList","@id":"https:\/\/www.bengs-modellbau.de\/magazin\/bauberichte\/sonstige-funktionsmodelle\/kundenmodelle-generator-2w\/#breadcrumb","itemListElement":[{"@type":"ListItem","position":1,"name":"Startseite","item":"https:\/\/www.bengs-modellbau.de\/magazin\/"},{"@type":"ListItem","position":2,"name":"Bauberichte","item":"https:\/\/www.bengs-modellbau.de\/magazin\/bauberichte\/"},{"@type":"ListItem","position":3,"name":"Sonstige Funktionsmodelle","item":"https:\/\/www.bengs-modellbau.de\/magazin\/bauberichte\/sonstige-funktionsmodelle\/"},{"@type":"ListItem","position":4,"name":"Kundenmodelle Generator 2w"}]},{"@type":"WebSite","@id":"https:\/\/www.bengs-modellbau.de\/magazin\/#website","url":"https:\/\/www.bengs-modellbau.de\/magazin\/","name":"Bengs Modellbau Magazin","description":"","publisher":{"@id":"https:\/\/www.bengs-modellbau.de\/magazin\/#organization"},"potentialAction":[{"@type":"SearchAction","target":{"@type":"EntryPoint","urlTemplate":"https:\/\/www.bengs-modellbau.de\/magazin\/?s={search_term_string}"},"query-input":{"@type":"PropertyValueSpecification","valueRequired":true,"valueName":"search_term_string"}}],"inLanguage":"de"},{"@type":"Organization","@id":"https:\/\/www.bengs-modellbau.de\/magazin\/#organization","name":"Bengs Modellbau Magazin","url":"https:\/\/www.bengs-modellbau.de\/magazin\/","logo":{"@type":"ImageObject","inLanguage":"de","@id":"https:\/\/www.bengs-modellbau.de\/magazin\/#\/schema\/logo\/image\/","url":"https:\/\/www.bengs-modellbau.de\/magazin\/wp-content\/uploads\/2024\/01\/logo-bengs-ebay-2.jpg","contentUrl":"https:\/\/www.bengs-modellbau.de\/magazin\/wp-content\/uploads\/2024\/01\/logo-bengs-ebay-2.jpg","width":369,"height":167,"caption":"Bengs Modellbau Magazin"},"image":{"@id":"https:\/\/www.bengs-modellbau.de\/magazin\/#\/schema\/logo\/image\/"}}]}},"_links":{"self":[{"href":"https:\/\/www.bengs-modellbau.de\/magazin\/wp-json\/wp\/v2\/pages\/4294","targetHints":{"allow":["GET"]}}],"collection":[{"href":"https:\/\/www.bengs-modellbau.de\/magazin\/wp-json\/wp\/v2\/pages"}],"about":[{"href":"https:\/\/www.bengs-modellbau.de\/magazin\/wp-json\/wp\/v2\/types\/page"}],"author":[{"embeddable":true,"href":"https:\/\/www.bengs-modellbau.de\/magazin\/wp-json\/wp\/v2\/users\/1"}],"replies":[{"embeddable":true,"href":"https:\/\/www.bengs-modellbau.de\/magazin\/wp-json\/wp\/v2\/comments?post=4294"}],"version-history":[{"count":7,"href":"https:\/\/www.bengs-modellbau.de\/magazin\/wp-json\/wp\/v2\/pages\/4294\/revisions"}],"predecessor-version":[{"id":5223,"href":"https:\/\/www.bengs-modellbau.de\/magazin\/wp-json\/wp\/v2\/pages\/4294\/revisions\/5223"}],"up":[{"embeddable":true,"href":"https:\/\/www.bengs-modellbau.de\/magazin\/wp-json\/wp\/v2\/pages\/4288"}],"wp:attachment":[{"href":"https:\/\/www.bengs-modellbau.de\/magazin\/wp-json\/wp\/v2\/media?parent=4294"}],"curies":[{"name":"wp","href":"https:\/\/api.w.org\/{rel}","templated":true}]}}