{"id":418,"date":"2011-08-05T14:27:27","date_gmt":"2011-08-05T14:27:27","guid":{"rendered":"http:\/\/www.bengs-modellbau.de\/magazin\/?page_id=418"},"modified":"2025-02-17T17:59:13","modified_gmt":"2025-02-17T15:59:13","slug":"flammenfresser-laeuft-nicht","status":"publish","type":"page","link":"https:\/\/www.bengs-modellbau.de\/magazin\/fehlersuche-bei-modellbau-maschinen\/flammenfresser-laeuft-nicht\/","title":{"rendered":"Mein Flammenfresser l\u00e4uft nicht"},"content":{"rendered":"<p>Oftmals haben wir Kundenanfragen per E-Mail oder am Telefon die uns fragen: \u201eMein <a href=\"https:\/\/www.bengs-modellbau.de\/materialbausaetze\/flammenfresser\/\">Flammenfresser<\/a> l\u00e4uft nicht, was kann ich tun?\u201c oder \u201eDer Flammenfresser &#8222;Nick&#8220; will einfach nicht anspringen. Soll ich den Kolben und den Zylindern nochmal drehen?\u201c Oftmals sind es allerdings nicht die gro\u00dfen Fehler, die einen <a href=\"https:\/\/www.bengs-modellbau.de\/materialbausaetze\/flammenfresser\/\">Vakuummotor <\/a>nicht laufen lassen sondern nur Kleinigkeiten. Hier finden Sie ein Tutorial wie Sie Ihrem Flammenfresser das Laufen beibringen k\u00f6nnen. Wir haben f\u00fcr Sie die \u201ebeliebtesten\u201c Probleme zusammengetragen.<\/p>\n<h2>Steuerzeit beim Flammenfresser einstellen<\/h2>\n<p>Oftmals liegt das einzige Problem in der Einstellung der Steuerzeit. Die Steuerzeit wird bei den meisten Flammenfressern \u00fcber einen Excenter, der den Einlassschieber ansteuert, eingestellt. Der Schieber sollte den Zylinder schon ca. 30\u00b0 vor Erreichen des hinteren Totpunkts verschlie\u00dfen. Die hei\u00dfe Luft kann sich bereits ab dem Zeitpunkt abk\u00fchlen, um dann genau im richtigen Moment ein Vakuum zu erzeugen und den Kolben nach vorne zu ziehen. Jeder Modellbau-Flammenfresser reagiert ein wenig anders auf die Einstellung der Steuerzeit (sogar baugleiche Modelle). Die Toleranz bei der Einstellung des Excenters beim Flammenfresser &#8222;Nick&#8220; betr\u00e4gt zu Beispiel +-5\u00b0. Nach jeder \u00c4nderung der Einstellungen erst ein paar Mal anwerfen bevor man wieder etwas verstellt, da gerade die Zylindertemperatur eine wichtige Rolle spielt und der Flammenfresser nicht unbedingt beim ersten Andrehen startet.<\/p>\n<p>&nbsp;<\/p>\n<h3>Der Flammenfresser l\u00e4uft nicht durch<\/h3>\n<figure id=\"attachment_882\" aria-describedby=\"caption-attachment-882\" style=\"width: 300px\" class=\"wp-caption alignleft\"><a href=\"http:\/\/www.bengs-modellbau.de\/magazin\/wp-content\/uploads\/2011\/08\/Flammenfresser-laeuft.jpg\"><img fetchpriority=\"high\" decoding=\"async\" class=\"size-medium wp-image-882\" title=\"Flammenfresser-laeuft\" src=\"http:\/\/www.bengs-modellbau.de\/magazin\/wp-content\/uploads\/2011\/08\/Flammenfresser-laeuft-300x199.jpg\" alt=\"\" width=\"300\" height=\"199\" srcset=\"https:\/\/www.bengs-modellbau.de\/magazin\/wp-content\/uploads\/2011\/08\/Flammenfresser-laeuft-300x199.jpg 300w, https:\/\/www.bengs-modellbau.de\/magazin\/wp-content\/uploads\/2011\/08\/Flammenfresser-laeuft-1024x682.jpg 1024w, https:\/\/www.bengs-modellbau.de\/magazin\/wp-content\/uploads\/2011\/08\/Flammenfresser-laeuft.jpg 1600w\" sizes=\"(max-width: 300px) 100vw, 300px\" \/><\/a><figcaption id=\"caption-attachment-882\" class=\"wp-caption-text\">Flammenfresser &#8222;Der gro\u00dfe Nick&#8220; im lauf<\/figcaption><\/figure>\n<p>Ein ganz normaler Vorgang ist es, wenn Ihr Flammenfresser gut startet, schnell die Drehzahl erh\u00f6ht, anschlie\u00dfend immer langsamer wird und eventuell auch stehen bleibt. Nach nochmaligem Anwerfen l\u00e4uft der Modellmotor kontinuierlich durch. Dieser Effekt entsteht durch Kondenswasser, das eine gewisse Schwerg\u00e4ngigkeit verursacht. Wenn das Kondenswasser im Zylinder verdampft ist, l\u00e4uft der Kolben wieder leicht. Ein Trick das zu vermeiden ist die Flamme anzuz\u00fcnden und ein paar Minuten zu warten (Kaffee trinken oder Zigarette rauchen &#8211; je nach pers\u00f6nlichem Gusto) und erst dann den Motor anzuwerfen. Dadurch ist der Zylinderkopf schon gut durchgew\u00e4rmt und das Kondenswasser ist dann nicht mehr so ein gro\u00dfes Problem.<\/p>\n<p>&nbsp;<\/p>\n<h3>Mit was den Flammenfresser antreiben?<\/h3>\n<p>Brennspiritus hat sich bei uns als Treibstoff f\u00fcr die Vakuummotoren durchgesetzt. Da sich \u00fcber den Docht die Flammengr\u00f6\u00dfe relativ gut regeln l\u00e4sst. Tipp: Achten Sie beim Kauf von Brennspiritus darauf, das er leicht nach Aceton riecht und nicht wie billiger Obstler. Der Spiritus der nach Aceton riecht, verbrennt fast geruchlos w\u00e4hrend der Obstlergeruch bleibt. Achten Sie beim Glasfaserdocht darauf, das er so eingestellt ist, das eine kurze breite Flamme entstehen. Eine gro\u00dfe Flamme ist nicht unbedingt hei\u00dfer und besser als eine kleine Flamme.<\/p>\n<p>&nbsp;<\/p>\n<h3>Probleml\u00f6sung: Der Flammenfresser l\u00e4uft nicht was nun?<\/h3>\n<p>Sollte Ihr <a href=\"https:\/\/www.bengs-modellbau.de\/materialbausaetze\/flammenfresser\/\">Flammenfresser<\/a> immer noch nicht laufen, m\u00fcssen Sie sich auf die Suche nach dem Problem\u00a0machen. An folgenden Stellen k\u00f6nnen Probleme auftauchen:<\/p>\n<ol>\n<li>Der Motor l\u00e4uft zu schwer<\/li>\n<li>Spiel Zylinder\/Kolben zu gro\u00df<\/li>\n<li>Einlassschieber undicht<\/li>\n<li>Auslassventil undicht<\/li>\n<\/ol>\n<h3>L\u00e4uft mein Modellbaumotor schwer?<\/h3>\n<p>Der Flammenfresser sollte, wenn man ihn anschubst, noch mehrere Umdrehungen nachlaufen und nicht abrupt stehen bleiben. Dabei kommt es nat\u00fcrlich immer auch auf die Gr\u00f6\u00dfe des Flammenfressers und der Schwungr\u00e4der an. Ein gutes Indiz f\u00fcr einen leichtg\u00e4ngigen Flammenfresser ist, wenn die Kurbelwelle mit den Schwungr\u00e4dern nach dem Laufen nicht abrupt stehenbleiben sondern sich auspendeln.<\/p>\n<p>&nbsp;<\/p>\n<h3>Wie finde ich die schwerg\u00e4ngige Stelle?<\/h3>\n<p>Bauen Sie den Motor komplett auseinander und St\u00fcck f\u00fcr St\u00fcck wieder zusammen um die schwerg\u00e4ngige Stelle ausfindig zu machen. Nach jedem Bauteil das Reibung erzeugen k\u00f6nnte und einzeln montiert wurde, wird die Leichtl\u00e4ufigkeit erneut gepr\u00fcft. Sollte irgend ein Teil schwerg\u00e4ngig laufen, wird das Problem abgestellt.<\/p>\n<p>&nbsp;<\/p>\n<h3>Passt die Kolben- und Zylinderpassung bei meinem Flammenfresser ?<\/h3>\n<p>Das finden Sie am besten heraus indem Sie den Zylinder demontieren. Als erstes schieben Sie den Kolben in die Zylinderh\u00fclse. Wenn Sie einen Lichtspalt sehen, ist der Kolben zu klein. Sehen Sie keinen Lichtspalt, ist der Kolben in Ordnung. Wenn Sie jetzt die Zylinderh\u00fclse aufrecht hinstellen sollte der Kolben selbst\u00e4ndig aus der H\u00fclse gleiten. Klemmt der Kolben, ist er noch zu gro\u00df. Klemmt er nur an einer Stelle im Zylinder m\u00fcssen Sie das Zylinderrohr vorsichtig nacharbeiten.<\/p>\n<p>&nbsp;<\/p>\n<h3>Ist der Einlassschieber undicht?<\/h3>\n<p>Ob der Einlassschieber dicht ist k\u00f6nnen Sie sehr einfach pr\u00fcfen. Testen Sie zuerst die Kompression beim montierten Einlassschieber. Anschlie\u00dfend demontieren Sie den Einlassschieber und verschlie\u00dfen die Bohrung f\u00fcr die Einlassluft des Flammenfressers mit dem Daumen oder einem Stopfen. Jetzt l\u00e4sst sich einfach pr\u00fcfen ob die Kompression mit oder ohne Ventil besser ist und an dem Bauteil nachgebessert werden muss. \u00a0So.llte das Einlassventil mit dem Einlassschieber undicht sein m\u00fcssen beide Lauffl\u00e4chen plangeschliffen werden. \u00a0im Optimalfall nimmt man dazu eine Glasscheibe und feines Schmiergelleinen. Oftmals kann man schon am Schliffbild sehen ob der Schieber ganzfl\u00e4chig auf gelegen hat.<\/p>\n<p>&nbsp;<\/p>\n<h3>Ist das Auslassventil undicht?<\/h3>\n<p>Verfahren Sie bei der Kontrolle des Auslassventils genauso wie beim Einlassschieber. Beim Ausslassventil hat sich bei uns der Einsatz von Grafi-sil Ventilkugel bew\u00e4hrt. Durch ihre Elastizit\u00e4t passen sich die Ventilkugeln immer optimal dem Ventilsitz an und dichten das Auslassventil des Flammenfressers ab.<\/p>\n<p>&nbsp;<\/p>\n<p><span style=\"color: #000000; font-size: 18px; line-height: 27px;\">Was f\u00fcr ein \u00d6l bekommt der Flammenfresser<\/span><\/p>\n<p>Feinmechaniker\u00f6l, Graphit oder Petroleum. Mit allen Dreien l\u00e4sst sich ein Flammenfresser-Kolben schmieren \u2013 aber alle haben auch Nachteile. Das eine ist eventuell zu dickfl\u00fcssig das andere hinterl\u00e4sst Ablagerungen im Zylinder des Flammenfressers und das n\u00e4chste stinkt einem den Hobbykeller voll. Bengs Modellbau hat ein <a href=\"https:\/\/www.bengs-modellbau.de\/werkzeug\/werkstattbedarf\/flammenfresser-oel\">Flammenfresser\u00f6l<\/a> mit folgenden Eigenschaften:<\/p>\n<ul>\n<li>Sehr d\u00fcnnfl\u00fcssig<\/li>\n<li>Es hinterl\u00e4sst keine Ablagerungen<\/li>\n<li>Es ist fast geruchsneutral<\/li>\n<\/ul>\n<p>Ein weiterer sch\u00f6ner Nebeneffekt ist, dass das <a href=\"https:\/\/www.bengs-modellbau.de\/werkzeug\/werkstattbedarf\/flammenfresser-oel\">Flammenfresser\u00f6l<\/a> ab Temperaturen von ca. 150\u00b0 verdampft und einen sch\u00f6nen wei\u00dfen Rauch erzeugt. Das Flammenfresser \u00d6l ist nahezu geruchsneutral und biologisch abbaubar und somit problemlos im technischen Modellbau einsetzbar. Auch um die Lackierung Ihres Flammenfressers m\u00fcssen Sie sich keine Sorgen machen da das Flammenfresser\u00f6l Farben und Lacke nicht angreift.<\/p>\n<div class=\"brlbs-cmpnt-container brlbs-cmpnt-content-blocker brlbs-cmpnt-with-individual-styles\" data-borlabs-cookie-content-blocker-id=\"youtube-content-blocker\" data-borlabs-cookie-content=\"PGlmcmFtZSB3aWR0aD0iNjQwIiBoZWlnaHQ9IjM2MCIgc3JjPSJodHRwczovL3d3dy55b3V0dWJlLW5vY29va2llLmNvbS9lbWJlZC9hckhhZVhwZFBBTT9zaT1fMHdzdDZEQkJIdE1lSmQ1IiB0aXRsZT0iWW91VHViZSB2aWRlbyBwbGF5ZXIiIGZyYW1lYm9yZGVyPSIwIiBhbGxvdz0iYWNjZWxlcm9tZXRlcjsgYXV0b3BsYXk7IGNsaXBib2FyZC13cml0ZTsgZW5jcnlwdGVkLW1lZGlhOyBneXJvc2NvcGU7IHBpY3R1cmUtaW4tcGljdHVyZTsgd2ViLXNoYXJlIiByZWZlcnJlcnBvbGljeT0ic3RyaWN0LW9yaWdpbi13aGVuLWNyb3NzLW9yaWdpbiIgYWxsb3dmdWxsc2NyZWVuPjwvaWZyYW1lPg==\">\n<div class=\"brlbs-cmpnt-cb-preset-c brlbs-cmpnt-cb-youtube\">\n<div class=\"brlbs-cmpnt-cb-thumbnail\" style=\"background-image: url('https:\/\/www.bengs-modellbau.de\/magazin\/wp-content\/uploads\/borlabs-cookie\/1\/yt_arHaeXpdPAM_hqdefault.jpg')\"><\/div>\n<div class=\"brlbs-cmpnt-cb-main\">\n<div class=\"brlbs-cmpnt-cb-play-button\"><\/div>\n<div class=\"brlbs-cmpnt-cb-content\">\n<p class=\"brlbs-cmpnt-cb-description\">Sie sehen gerade einen Platzhalterinhalt von <strong>YouTube<\/strong>. Um auf den eigentlichen Inhalt zuzugreifen, klicken Sie auf die Schaltfl\u00e4che unten. Bitte beachten Sie, dass dabei Daten an Drittanbieter weitergegeben werden.<\/p>\n<p> <a class=\"brlbs-cmpnt-cb-provider-toggle\" href=\"#\" data-borlabs-cookie-show-provider-information role=\"button\">Mehr Informationen<\/a> <\/div>\n<div class=\"brlbs-cmpnt-cb-buttons\"> <a class=\"brlbs-cmpnt-cb-btn\" href=\"#\" data-borlabs-cookie-unblock role=\"button\">Inhalt entsperren<\/a> <a class=\"brlbs-cmpnt-cb-btn\" href=\"#\" data-borlabs-cookie-accept-service role=\"button\" style=\"display: inherit\">Erforderlichen Service akzeptieren und Inhalte entsperren<\/a> <\/div>\n<\/p><\/div>\n<\/p><\/div>\n<\/div>\n<p>Der Kolben muss aber nicht zwingend ge\u00f6lt werden. Je nach Gr\u00f6\u00dfe laufen manche Vakuummotoren besser wenn man sie trocken laufen l\u00e4sst und den Kolben nur mit ein wenig Graphitpulver schmiert. Nach ein paar Betriebsstunden muss der Kolben allerdings ausgebaut, gereinigt und wieder mit Graphit eingerieben werden. Sehr gut eignet sich auch <a href=\"https:\/\/www.bengs-modellbau.de\/material\/halbzeuge\/graphit-rundmaterial\">Graphit als Kolbenmaterial<\/a>. Graphit hat gute, selbstschmierende Eigenschaften, ist wartungsfrei und sollte nicht ge\u00f6lt werden.<\/p>\n<p>&nbsp;<\/p>\n<h3>L\u00e4uft der Flammenfresser leicht genug?<\/h3>\n<p>Die Leichtg\u00e4ngigkeit ist eine sehr wichtige Sache beim Flammenfresser \u2013 genauso wie beim <a href=\"https:\/\/www.bengs-modellbau.de\/materialbausaetze\/stirlingmotoren\/\">Stirlingmotor<\/a>. Wir werden des \u00f6fteren am Telefon gefragt: \u201cWie leicht muss eigentlich ein Vakuummotor laufen?\u201c Das ist nat\u00fcrlich am Telefon sehr schwer zu erkl\u00e4ren. Darum haben wir hier ein Video eingestellt, in dem man sehr gut sehen kann, wie leicht ein Modellbau Flammenfresser laufen sollte. Der Flammenfresser (in diesem Fall &#8222;Der gro\u00dfe Nick&#8220;) wird mit dem Finger leicht in Schwung gebracht und Sie k\u00f6nnen beobachten, wie er langsam ausl\u00e4uft. Der Brenner ist nat\u00fcrlich nicht an. Optimal ist es, wenn die Kurbelwelle auspendelt.<\/p>\n<div class=\"brlbs-cmpnt-container brlbs-cmpnt-content-blocker brlbs-cmpnt-with-individual-styles\" data-borlabs-cookie-content-blocker-id=\"youtube-content-blocker\" data-borlabs-cookie-content=\"PGlmcmFtZSB3aWR0aD0iNjQwIiBoZWlnaHQ9IjM2MCIgc3JjPSJodHRwczovL3d3dy55b3V0dWJlLW5vY29va2llLmNvbS9lbWJlZC8yd2hyOUhLcGg4VT9zaT1SMnhQajlYNDc4UHZfX0ZvIiB0aXRsZT0iWW91VHViZSB2aWRlbyBwbGF5ZXIiIGZyYW1lYm9yZGVyPSIwIiBhbGxvdz0iYWNjZWxlcm9tZXRlcjsgYXV0b3BsYXk7IGNsaXBib2FyZC13cml0ZTsgZW5jcnlwdGVkLW1lZGlhOyBneXJvc2NvcGU7IHBpY3R1cmUtaW4tcGljdHVyZTsgd2ViLXNoYXJlIiByZWZlcnJlcnBvbGljeT0ic3RyaWN0LW9yaWdpbi13aGVuLWNyb3NzLW9yaWdpbiIgYWxsb3dmdWxsc2NyZWVuPjwvaWZyYW1lPg==\">\n<div class=\"brlbs-cmpnt-cb-preset-c brlbs-cmpnt-cb-youtube\">\n<div class=\"brlbs-cmpnt-cb-thumbnail\" style=\"background-image: url('https:\/\/www.bengs-modellbau.de\/magazin\/wp-content\/uploads\/borlabs-cookie\/1\/yt_2whr9HKph8U_hqdefault.jpg')\"><\/div>\n<div class=\"brlbs-cmpnt-cb-main\">\n<div class=\"brlbs-cmpnt-cb-play-button\"><\/div>\n<div class=\"brlbs-cmpnt-cb-content\">\n<p class=\"brlbs-cmpnt-cb-description\">Sie sehen gerade einen Platzhalterinhalt von <strong>YouTube<\/strong>. Um auf den eigentlichen Inhalt zuzugreifen, klicken Sie auf die Schaltfl\u00e4che unten. Bitte beachten Sie, dass dabei Daten an Drittanbieter weitergegeben werden.<\/p>\n<p> <a class=\"brlbs-cmpnt-cb-provider-toggle\" href=\"#\" data-borlabs-cookie-show-provider-information role=\"button\">Mehr Informationen<\/a> <\/div>\n<div class=\"brlbs-cmpnt-cb-buttons\"> <a class=\"brlbs-cmpnt-cb-btn\" href=\"#\" data-borlabs-cookie-unblock role=\"button\">Inhalt entsperren<\/a> <a class=\"brlbs-cmpnt-cb-btn\" href=\"#\" data-borlabs-cookie-accept-service role=\"button\" style=\"display: inherit\">Erforderlichen Service akzeptieren und Inhalte entsperren<\/a> <\/div>\n<\/p><\/div>\n<\/p><\/div>\n<\/div>\n<p>&nbsp;<\/p>\n","protected":false},"excerpt":{"rendered":"<p>Oftmals haben wir Kundenanfragen per E-Mail oder am Telefon die uns fragen: \u201eMein Flammenfresser l\u00e4uft nicht, was kann ich tun?\u201c oder \u201eDer Flammenfresser &#8222;Nick&#8220; will einfach nicht anspringen. Soll ich den Kolben und den Zylindern nochmal drehen?\u201c Oftmals sind es allerdings nicht die gro\u00dfen Fehler, die einen Vakuummotor nicht laufen lassen sondern nur Kleinigkeiten. Hier [&hellip;]<\/p>\n","protected":false},"author":1,"featured_media":0,"parent":349,"menu_order":0,"comment_status":"closed","ping_status":"closed","template":"","meta":{"footnotes":""},"class_list":["post-418","page","type-page","status-publish","hentry"],"yoast_head":"<!-- This site is optimized with the Yoast SEO plugin v27.4 - https:\/\/yoast.com\/product\/yoast-seo-wordpress\/ -->\n<title>Mein Flammenfresser l\u00e4uft nicht - Bengs Modellbau Magazin<\/title>\n<meta name=\"robots\" content=\"index, follow, max-snippet:-1, max-image-preview:large, max-video-preview:-1\" \/>\n<link rel=\"canonical\" href=\"https:\/\/www.bengs-modellbau.de\/magazin\/fehlersuche-bei-modellbau-maschinen\/flammenfresser-laeuft-nicht\/\" \/>\n<meta property=\"og:locale\" content=\"de_DE\" \/>\n<meta property=\"og:type\" content=\"article\" \/>\n<meta property=\"og:title\" content=\"Mein Flammenfresser l\u00e4uft nicht - Bengs Modellbau Magazin\" \/>\n<meta property=\"og:description\" content=\"Oftmals haben wir Kundenanfragen per E-Mail oder am Telefon die uns fragen: \u201eMein Flammenfresser l\u00e4uft nicht, was kann ich tun?\u201c oder \u201eDer Flammenfresser &#8222;Nick&#8220; will einfach nicht anspringen. Soll ich den Kolben und den Zylindern nochmal drehen?\u201c Oftmals sind es allerdings nicht die gro\u00dfen Fehler, die einen Vakuummotor nicht laufen lassen sondern nur Kleinigkeiten. Hier [&hellip;]\" \/>\n<meta property=\"og:url\" content=\"https:\/\/www.bengs-modellbau.de\/magazin\/fehlersuche-bei-modellbau-maschinen\/flammenfresser-laeuft-nicht\/\" \/>\n<meta property=\"og:site_name\" content=\"Bengs Modellbau Magazin\" \/>\n<meta property=\"article:modified_time\" content=\"2025-02-17T15:59:13+00:00\" \/>\n<meta property=\"og:image\" content=\"https:\/\/www.bengs-modellbau.de\/magazin\/wp-content\/uploads\/2011\/08\/Flammenfresser-laeuft.jpg\" \/>\n\t<meta property=\"og:image:width\" content=\"1600\" \/>\n\t<meta property=\"og:image:height\" content=\"1066\" \/>\n\t<meta property=\"og:image:type\" content=\"image\/jpeg\" \/>\n<meta name=\"twitter:card\" content=\"summary_large_image\" \/>\n<meta name=\"twitter:label1\" content=\"Gesch\u00e4tzte Lesezeit\" \/>\n\t<meta name=\"twitter:data1\" content=\"6\u00a0Minuten\" \/>\n<script type=\"application\/ld+json\" class=\"yoast-schema-graph\">{\"@context\":\"https:\\\/\\\/schema.org\",\"@graph\":[{\"@type\":\"WebPage\",\"@id\":\"https:\\\/\\\/www.bengs-modellbau.de\\\/magazin\\\/fehlersuche-bei-modellbau-maschinen\\\/flammenfresser-laeuft-nicht\\\/\",\"url\":\"https:\\\/\\\/www.bengs-modellbau.de\\\/magazin\\\/fehlersuche-bei-modellbau-maschinen\\\/flammenfresser-laeuft-nicht\\\/\",\"name\":\"Mein Flammenfresser l\u00e4uft nicht - Bengs Modellbau Magazin\",\"isPartOf\":{\"@id\":\"https:\\\/\\\/www.bengs-modellbau.de\\\/magazin\\\/#website\"},\"primaryImageOfPage\":{\"@id\":\"https:\\\/\\\/www.bengs-modellbau.de\\\/magazin\\\/fehlersuche-bei-modellbau-maschinen\\\/flammenfresser-laeuft-nicht\\\/#primaryimage\"},\"image\":{\"@id\":\"https:\\\/\\\/www.bengs-modellbau.de\\\/magazin\\\/fehlersuche-bei-modellbau-maschinen\\\/flammenfresser-laeuft-nicht\\\/#primaryimage\"},\"thumbnailUrl\":\"http:\\\/\\\/www.bengs-modellbau.de\\\/magazin\\\/wp-content\\\/uploads\\\/2011\\\/08\\\/Flammenfresser-laeuft-300x199.jpg\",\"datePublished\":\"2011-08-05T14:27:27+00:00\",\"dateModified\":\"2025-02-17T15:59:13+00:00\",\"breadcrumb\":{\"@id\":\"https:\\\/\\\/www.bengs-modellbau.de\\\/magazin\\\/fehlersuche-bei-modellbau-maschinen\\\/flammenfresser-laeuft-nicht\\\/#breadcrumb\"},\"inLanguage\":\"de\",\"potentialAction\":[{\"@type\":\"ReadAction\",\"target\":[\"https:\\\/\\\/www.bengs-modellbau.de\\\/magazin\\\/fehlersuche-bei-modellbau-maschinen\\\/flammenfresser-laeuft-nicht\\\/\"]}]},{\"@type\":\"ImageObject\",\"inLanguage\":\"de\",\"@id\":\"https:\\\/\\\/www.bengs-modellbau.de\\\/magazin\\\/fehlersuche-bei-modellbau-maschinen\\\/flammenfresser-laeuft-nicht\\\/#primaryimage\",\"url\":\"https:\\\/\\\/www.bengs-modellbau.de\\\/magazin\\\/wp-content\\\/uploads\\\/2011\\\/08\\\/Flammenfresser-laeuft.jpg\",\"contentUrl\":\"https:\\\/\\\/www.bengs-modellbau.de\\\/magazin\\\/wp-content\\\/uploads\\\/2011\\\/08\\\/Flammenfresser-laeuft.jpg\",\"width\":\"1600\",\"height\":\"1066\",\"caption\":\"Flammenfresser \\\"Der gro\u00dfe Nick\\\" im lauf\"},{\"@type\":\"BreadcrumbList\",\"@id\":\"https:\\\/\\\/www.bengs-modellbau.de\\\/magazin\\\/fehlersuche-bei-modellbau-maschinen\\\/flammenfresser-laeuft-nicht\\\/#breadcrumb\",\"itemListElement\":[{\"@type\":\"ListItem\",\"position\":1,\"name\":\"Startseite\",\"item\":\"https:\\\/\\\/www.bengs-modellbau.de\\\/magazin\\\/\"},{\"@type\":\"ListItem\",\"position\":2,\"name\":\"Fehlersuche bei Modellbau Maschinen\",\"item\":\"https:\\\/\\\/www.bengs-modellbau.de\\\/magazin\\\/fehlersuche-bei-modellbau-maschinen\\\/\"},{\"@type\":\"ListItem\",\"position\":3,\"name\":\"Mein Flammenfresser l\u00e4uft nicht\"}]},{\"@type\":\"WebSite\",\"@id\":\"https:\\\/\\\/www.bengs-modellbau.de\\\/magazin\\\/#website\",\"url\":\"https:\\\/\\\/www.bengs-modellbau.de\\\/magazin\\\/\",\"name\":\"Bengs Modellbau Magazin\",\"description\":\"\",\"publisher\":{\"@id\":\"https:\\\/\\\/www.bengs-modellbau.de\\\/magazin\\\/#organization\"},\"potentialAction\":[{\"@type\":\"SearchAction\",\"target\":{\"@type\":\"EntryPoint\",\"urlTemplate\":\"https:\\\/\\\/www.bengs-modellbau.de\\\/magazin\\\/?s={search_term_string}\"},\"query-input\":{\"@type\":\"PropertyValueSpecification\",\"valueRequired\":true,\"valueName\":\"search_term_string\"}}],\"inLanguage\":\"de\"},{\"@type\":\"Organization\",\"@id\":\"https:\\\/\\\/www.bengs-modellbau.de\\\/magazin\\\/#organization\",\"name\":\"Bengs Modellbau Magazin\",\"url\":\"https:\\\/\\\/www.bengs-modellbau.de\\\/magazin\\\/\",\"logo\":{\"@type\":\"ImageObject\",\"inLanguage\":\"de\",\"@id\":\"https:\\\/\\\/www.bengs-modellbau.de\\\/magazin\\\/#\\\/schema\\\/logo\\\/image\\\/\",\"url\":\"https:\\\/\\\/www.bengs-modellbau.de\\\/magazin\\\/wp-content\\\/uploads\\\/2024\\\/01\\\/logo-bengs-ebay-2.jpg\",\"contentUrl\":\"https:\\\/\\\/www.bengs-modellbau.de\\\/magazin\\\/wp-content\\\/uploads\\\/2024\\\/01\\\/logo-bengs-ebay-2.jpg\",\"width\":369,\"height\":167,\"caption\":\"Bengs Modellbau Magazin\"},\"image\":{\"@id\":\"https:\\\/\\\/www.bengs-modellbau.de\\\/magazin\\\/#\\\/schema\\\/logo\\\/image\\\/\"}}]}<\/script>\n<!-- \/ Yoast SEO plugin. -->","yoast_head_json":{"title":"Mein Flammenfresser l\u00e4uft nicht - Bengs Modellbau Magazin","robots":{"index":"index","follow":"follow","max-snippet":"max-snippet:-1","max-image-preview":"max-image-preview:large","max-video-preview":"max-video-preview:-1"},"canonical":"https:\/\/www.bengs-modellbau.de\/magazin\/fehlersuche-bei-modellbau-maschinen\/flammenfresser-laeuft-nicht\/","og_locale":"de_DE","og_type":"article","og_title":"Mein Flammenfresser l\u00e4uft nicht - Bengs Modellbau Magazin","og_description":"Oftmals haben wir Kundenanfragen per E-Mail oder am Telefon die uns fragen: \u201eMein Flammenfresser l\u00e4uft nicht, was kann ich tun?\u201c oder \u201eDer Flammenfresser &#8222;Nick&#8220; will einfach nicht anspringen. Soll ich den Kolben und den Zylindern nochmal drehen?\u201c Oftmals sind es allerdings nicht die gro\u00dfen Fehler, die einen Vakuummotor nicht laufen lassen sondern nur Kleinigkeiten. Hier [&hellip;]","og_url":"https:\/\/www.bengs-modellbau.de\/magazin\/fehlersuche-bei-modellbau-maschinen\/flammenfresser-laeuft-nicht\/","og_site_name":"Bengs Modellbau Magazin","article_modified_time":"2025-02-17T15:59:13+00:00","og_image":[{"width":1600,"height":1066,"url":"https:\/\/www.bengs-modellbau.de\/magazin\/wp-content\/uploads\/2011\/08\/Flammenfresser-laeuft.jpg","type":"image\/jpeg"}],"twitter_card":"summary_large_image","twitter_misc":{"Gesch\u00e4tzte Lesezeit":"6\u00a0Minuten"},"schema":{"@context":"https:\/\/schema.org","@graph":[{"@type":"WebPage","@id":"https:\/\/www.bengs-modellbau.de\/magazin\/fehlersuche-bei-modellbau-maschinen\/flammenfresser-laeuft-nicht\/","url":"https:\/\/www.bengs-modellbau.de\/magazin\/fehlersuche-bei-modellbau-maschinen\/flammenfresser-laeuft-nicht\/","name":"Mein Flammenfresser l\u00e4uft nicht - Bengs Modellbau Magazin","isPartOf":{"@id":"https:\/\/www.bengs-modellbau.de\/magazin\/#website"},"primaryImageOfPage":{"@id":"https:\/\/www.bengs-modellbau.de\/magazin\/fehlersuche-bei-modellbau-maschinen\/flammenfresser-laeuft-nicht\/#primaryimage"},"image":{"@id":"https:\/\/www.bengs-modellbau.de\/magazin\/fehlersuche-bei-modellbau-maschinen\/flammenfresser-laeuft-nicht\/#primaryimage"},"thumbnailUrl":"http:\/\/www.bengs-modellbau.de\/magazin\/wp-content\/uploads\/2011\/08\/Flammenfresser-laeuft-300x199.jpg","datePublished":"2011-08-05T14:27:27+00:00","dateModified":"2025-02-17T15:59:13+00:00","breadcrumb":{"@id":"https:\/\/www.bengs-modellbau.de\/magazin\/fehlersuche-bei-modellbau-maschinen\/flammenfresser-laeuft-nicht\/#breadcrumb"},"inLanguage":"de","potentialAction":[{"@type":"ReadAction","target":["https:\/\/www.bengs-modellbau.de\/magazin\/fehlersuche-bei-modellbau-maschinen\/flammenfresser-laeuft-nicht\/"]}]},{"@type":"ImageObject","inLanguage":"de","@id":"https:\/\/www.bengs-modellbau.de\/magazin\/fehlersuche-bei-modellbau-maschinen\/flammenfresser-laeuft-nicht\/#primaryimage","url":"https:\/\/www.bengs-modellbau.de\/magazin\/wp-content\/uploads\/2011\/08\/Flammenfresser-laeuft.jpg","contentUrl":"https:\/\/www.bengs-modellbau.de\/magazin\/wp-content\/uploads\/2011\/08\/Flammenfresser-laeuft.jpg","width":"1600","height":"1066","caption":"Flammenfresser \"Der gro\u00dfe Nick\" im lauf"},{"@type":"BreadcrumbList","@id":"https:\/\/www.bengs-modellbau.de\/magazin\/fehlersuche-bei-modellbau-maschinen\/flammenfresser-laeuft-nicht\/#breadcrumb","itemListElement":[{"@type":"ListItem","position":1,"name":"Startseite","item":"https:\/\/www.bengs-modellbau.de\/magazin\/"},{"@type":"ListItem","position":2,"name":"Fehlersuche bei Modellbau Maschinen","item":"https:\/\/www.bengs-modellbau.de\/magazin\/fehlersuche-bei-modellbau-maschinen\/"},{"@type":"ListItem","position":3,"name":"Mein Flammenfresser l\u00e4uft nicht"}]},{"@type":"WebSite","@id":"https:\/\/www.bengs-modellbau.de\/magazin\/#website","url":"https:\/\/www.bengs-modellbau.de\/magazin\/","name":"Bengs Modellbau Magazin","description":"","publisher":{"@id":"https:\/\/www.bengs-modellbau.de\/magazin\/#organization"},"potentialAction":[{"@type":"SearchAction","target":{"@type":"EntryPoint","urlTemplate":"https:\/\/www.bengs-modellbau.de\/magazin\/?s={search_term_string}"},"query-input":{"@type":"PropertyValueSpecification","valueRequired":true,"valueName":"search_term_string"}}],"inLanguage":"de"},{"@type":"Organization","@id":"https:\/\/www.bengs-modellbau.de\/magazin\/#organization","name":"Bengs Modellbau Magazin","url":"https:\/\/www.bengs-modellbau.de\/magazin\/","logo":{"@type":"ImageObject","inLanguage":"de","@id":"https:\/\/www.bengs-modellbau.de\/magazin\/#\/schema\/logo\/image\/","url":"https:\/\/www.bengs-modellbau.de\/magazin\/wp-content\/uploads\/2024\/01\/logo-bengs-ebay-2.jpg","contentUrl":"https:\/\/www.bengs-modellbau.de\/magazin\/wp-content\/uploads\/2024\/01\/logo-bengs-ebay-2.jpg","width":369,"height":167,"caption":"Bengs Modellbau Magazin"},"image":{"@id":"https:\/\/www.bengs-modellbau.de\/magazin\/#\/schema\/logo\/image\/"}}]}},"_links":{"self":[{"href":"https:\/\/www.bengs-modellbau.de\/magazin\/wp-json\/wp\/v2\/pages\/418","targetHints":{"allow":["GET"]}}],"collection":[{"href":"https:\/\/www.bengs-modellbau.de\/magazin\/wp-json\/wp\/v2\/pages"}],"about":[{"href":"https:\/\/www.bengs-modellbau.de\/magazin\/wp-json\/wp\/v2\/types\/page"}],"author":[{"embeddable":true,"href":"https:\/\/www.bengs-modellbau.de\/magazin\/wp-json\/wp\/v2\/users\/1"}],"replies":[{"embeddable":true,"href":"https:\/\/www.bengs-modellbau.de\/magazin\/wp-json\/wp\/v2\/comments?post=418"}],"version-history":[{"count":28,"href":"https:\/\/www.bengs-modellbau.de\/magazin\/wp-json\/wp\/v2\/pages\/418\/revisions"}],"predecessor-version":[{"id":5399,"href":"https:\/\/www.bengs-modellbau.de\/magazin\/wp-json\/wp\/v2\/pages\/418\/revisions\/5399"}],"up":[{"embeddable":true,"href":"https:\/\/www.bengs-modellbau.de\/magazin\/wp-json\/wp\/v2\/pages\/349"}],"wp:attachment":[{"href":"https:\/\/www.bengs-modellbau.de\/magazin\/wp-json\/wp\/v2\/media?parent=418"}],"curies":[{"name":"wp","href":"https:\/\/api.w.org\/{rel}","templated":true}]}}