{"id":407,"date":"2011-08-05T14:20:59","date_gmt":"2011-08-05T14:20:59","guid":{"rendered":"http:\/\/www.bengs-modellbau.de\/magazin\/?page_id=407"},"modified":"2025-02-18T22:27:36","modified_gmt":"2025-02-18T20:27:36","slug":"dampfmaschine-tobias","status":"publish","type":"page","link":"https:\/\/www.bengs-modellbau.de\/magazin\/kunden-modelle\/dampfmaschine\/dampfmaschine-tobias\/","title":{"rendered":"Dampfmaschine &#8222;Tobias&#8220;"},"content":{"rendered":"<p><strong>Hier gelangen Sie in den Bengs Modellbau Shop zum Materialbausatz\u00a0<a href=\"https:\/\/www.bengs-modellbau.de\/2-Zylinder-Dampfmaschine-Tobias\/2150\">\u00a0Dampfmaschine &#8222;Tobias&#8220;<\/a><\/strong><\/p>\n<h2>Dampfmaschine Tobias f\u00fcr eine Schiffsdampfanlage<\/h2>\n<p>Auf diesen Fotos sehen Sie eine Schiffsdampfanlage einer Dampfbarkasse. Hierf\u00fcr wurde die &#8222;Tobias&#8220; als Antrieb gew\u00e4hlt. Aufgebaut auf einem Alu-Rahmen aus Standard U-Profilen kann sie so komplett f\u00fcr Wartungsarbeiten aus dem Schiffsrumpf entnommen werden. Die<a href=\"https:\/\/www.bengs-modellbau.de\/2-Zylinder-Dampfmaschine-Tobias\/2150\"> Tobias 2-Zylinder Dampfmaschine<\/a> hat genug Kraft um ein Schiff mit einer Verdr\u00e4ngung von ca. 15kg und 70mm-Schraube zu betreiben.<\/p>\n<figure id=\"attachment_1659\" aria-describedby=\"caption-attachment-1659\" style=\"width: 770px\" class=\"wp-caption aligncenter\"><a href=\"http:\/\/www.bengs-modellbau.de\/magazin\/wp-content\/uploads\/2011\/08\/Dampfanlage-schiff-2-zylinder.jpg\"><img fetchpriority=\"high\" decoding=\"async\" class=\"size-large wp-image-1659\" title=\"Dampfanlage-schiff-2-zylinder\" src=\"http:\/\/www.bengs-modellbau.de\/magazin\/wp-content\/uploads\/2011\/08\/Dampfanlage-schiff-2-zylinder-1024x596.jpg\" alt=\"\" width=\"770\" height=\"448\" srcset=\"https:\/\/www.bengs-modellbau.de\/magazin\/wp-content\/uploads\/2011\/08\/Dampfanlage-schiff-2-zylinder-1024x596.jpg 1024w, https:\/\/www.bengs-modellbau.de\/magazin\/wp-content\/uploads\/2011\/08\/Dampfanlage-schiff-2-zylinder-300x174.jpg 300w, https:\/\/www.bengs-modellbau.de\/magazin\/wp-content\/uploads\/2011\/08\/Dampfanlage-schiff-2-zylinder-160x93.jpg 160w, https:\/\/www.bengs-modellbau.de\/magazin\/wp-content\/uploads\/2011\/08\/Dampfanlage-schiff-2-zylinder-260x151.jpg 260w, https:\/\/www.bengs-modellbau.de\/magazin\/wp-content\/uploads\/2011\/08\/Dampfanlage-schiff-2-zylinder-360x209.jpg 360w, https:\/\/www.bengs-modellbau.de\/magazin\/wp-content\/uploads\/2011\/08\/Dampfanlage-schiff-2-zylinder.jpg 1200w\" sizes=\"(max-width: 770px) 100vw, 770px\" \/><\/a><figcaption id=\"caption-attachment-1659\" class=\"wp-caption-text\">Dampfanlage f\u00fcr eine Dampfbarkasse\u00a0mit der Zweizylinder Dampfmaschine Tobias<\/figcaption><\/figure>\n<p>Gegen\u00fcber dem Originalplan wurde die Zylinderbohrung von Tobias auf 13mm verringert (damit ist der Betrieb mit einem kleineren Dampfkessel m\u00f6glich), eine andere Form der Dampfzuleitung und Dampfableitung gew\u00e4hlt und die Stopfbuchse in anderer Form sowohl f\u00fcr Kolbenstangen als auch Schieberstangen ausgef\u00fchrt.<\/p>\n<figure id=\"attachment_1660\" aria-describedby=\"caption-attachment-1660\" style=\"width: 770px\" class=\"wp-caption aligncenter\"><a href=\"http:\/\/www.bengs-modellbau.de\/magazin\/wp-content\/uploads\/2011\/08\/2-zylinder-dampfmaschine-bengs.jpg\"><img decoding=\"async\" class=\"size-large wp-image-1660\" title=\"2-zylinder-dampfmaschine-bengs\" src=\"http:\/\/www.bengs-modellbau.de\/magazin\/wp-content\/uploads\/2011\/08\/2-zylinder-dampfmaschine-bengs-1024x768.jpg\" alt=\"\" width=\"770\" height=\"577\" srcset=\"https:\/\/www.bengs-modellbau.de\/magazin\/wp-content\/uploads\/2011\/08\/2-zylinder-dampfmaschine-bengs-1024x768.jpg 1024w, https:\/\/www.bengs-modellbau.de\/magazin\/wp-content\/uploads\/2011\/08\/2-zylinder-dampfmaschine-bengs-300x225.jpg 300w, https:\/\/www.bengs-modellbau.de\/magazin\/wp-content\/uploads\/2011\/08\/2-zylinder-dampfmaschine-bengs-160x120.jpg 160w, https:\/\/www.bengs-modellbau.de\/magazin\/wp-content\/uploads\/2011\/08\/2-zylinder-dampfmaschine-bengs-240x180.jpg 240w, https:\/\/www.bengs-modellbau.de\/magazin\/wp-content\/uploads\/2011\/08\/2-zylinder-dampfmaschine-bengs-357x268.jpg 357w, https:\/\/www.bengs-modellbau.de\/magazin\/wp-content\/uploads\/2011\/08\/2-zylinder-dampfmaschine-bengs.jpg 1200w\" sizes=\"(max-width: 770px) 100vw, 770px\" \/><\/a><figcaption id=\"caption-attachment-1660\" class=\"wp-caption-text\">Die Dampfmaschine Tobias mit einigen kleinen \u00c4nderungen.<\/figcaption><\/figure>\n<p>Die Stephenson-Umsteuerung wird bei dieser Maschine nicht benutzt. Daher ist die Verstellspindel fixiert. Zur Geschwindigkeitsregelung und Umsteuerung wurde ein Umsteuerungsventil konstruiert, dass \u00fcber einen Servo mittels Fernsteuerung geregelt wird.<\/p>\n<figure id=\"attachment_1661\" aria-describedby=\"caption-attachment-1661\" style=\"width: 770px\" class=\"wp-caption aligncenter\"><a href=\"http:\/\/www.bengs-modellbau.de\/magazin\/wp-content\/uploads\/2011\/08\/dampfanlage-tobias.jpg\"><img decoding=\"async\" class=\"size-large wp-image-1661\" title=\"dampfanlage-tobias\" src=\"http:\/\/www.bengs-modellbau.de\/magazin\/wp-content\/uploads\/2011\/08\/dampfanlage-tobias-1024x768.jpg\" alt=\"\" width=\"770\" height=\"577\" srcset=\"https:\/\/www.bengs-modellbau.de\/magazin\/wp-content\/uploads\/2011\/08\/dampfanlage-tobias-1024x768.jpg 1024w, https:\/\/www.bengs-modellbau.de\/magazin\/wp-content\/uploads\/2011\/08\/dampfanlage-tobias-300x225.jpg 300w, https:\/\/www.bengs-modellbau.de\/magazin\/wp-content\/uploads\/2011\/08\/dampfanlage-tobias-160x120.jpg 160w, https:\/\/www.bengs-modellbau.de\/magazin\/wp-content\/uploads\/2011\/08\/dampfanlage-tobias-240x180.jpg 240w, https:\/\/www.bengs-modellbau.de\/magazin\/wp-content\/uploads\/2011\/08\/dampfanlage-tobias-357x268.jpg 357w, https:\/\/www.bengs-modellbau.de\/magazin\/wp-content\/uploads\/2011\/08\/dampfanlage-tobias.jpg 1200w\" sizes=\"(max-width: 770px) 100vw, 770px\" \/><\/a><figcaption id=\"caption-attachment-1661\" class=\"wp-caption-text\">Eingebauter Verdr\u00e4ngungs\u00f6ler<\/figcaption><\/figure>\n<p>In die Dampfzuleitung wurde ein <a title=\"Glasverdr\u00e4ngungs\u00f6ler in Bengs Modellbaushop\" href=\"https:\/\/www.bengs-modellbau.de\/Glasverdraengungsoeler\/1202\">Glasverdr\u00e4ngungs\u00f6ler<\/a> geschaltet, um Tobias mit dem notwendigen <a title=\"Hei\u00dfdampf\u00f6l im Bengs Modellbaushop\" href=\"https:\/\/www.bengs-modellbau.de\/Glasverdraengungsoeler\/1202\">Hei\u00dfdampf\u00f6l<\/a> zu versorgen. Die Kupferrohre, Flansche und Fittings, Absperrventile etc. stammen aus dem Bengs <a href=\"http:\/\/www.bengs-modellbau.de\/zubehoerteile\/dampfanlagenzubehoer\/\">Dampfanlagenzubeh\u00f6r<\/a>. Der Abdampf wird \u00fcber einen Kondensator geleitet, um das Wasser-\u00d6lgemisch zu trennen, bevor es in den Schornstein geleitet wird. Durch \u00d6ffnen des Absperrventils wird bei laufendem Motor die abgetrennte Fl\u00fcssigkeit herausgedr\u00fcckt.<\/p>\n<figure id=\"attachment_1662\" aria-describedby=\"caption-attachment-1662\" style=\"width: 770px\" class=\"wp-caption aligncenter\"><a href=\"http:\/\/www.bengs-modellbau.de\/magazin\/wp-content\/uploads\/2011\/08\/Kessel-tobias-dampfmaschine.jpg\"><img loading=\"lazy\" decoding=\"async\" class=\"size-large wp-image-1662\" title=\"Kessel-tobias-dampfmaschine\" src=\"http:\/\/www.bengs-modellbau.de\/magazin\/wp-content\/uploads\/2011\/08\/Kessel-tobias-dampfmaschine-1024x768.jpg\" alt=\"\" width=\"770\" height=\"577\" srcset=\"https:\/\/www.bengs-modellbau.de\/magazin\/wp-content\/uploads\/2011\/08\/Kessel-tobias-dampfmaschine-1024x768.jpg 1024w, https:\/\/www.bengs-modellbau.de\/magazin\/wp-content\/uploads\/2011\/08\/Kessel-tobias-dampfmaschine-300x225.jpg 300w, https:\/\/www.bengs-modellbau.de\/magazin\/wp-content\/uploads\/2011\/08\/Kessel-tobias-dampfmaschine-160x120.jpg 160w, https:\/\/www.bengs-modellbau.de\/magazin\/wp-content\/uploads\/2011\/08\/Kessel-tobias-dampfmaschine-240x180.jpg 240w, https:\/\/www.bengs-modellbau.de\/magazin\/wp-content\/uploads\/2011\/08\/Kessel-tobias-dampfmaschine-357x268.jpg 357w, https:\/\/www.bengs-modellbau.de\/magazin\/wp-content\/uploads\/2011\/08\/Kessel-tobias-dampfmaschine.jpg 1200w\" sizes=\"(max-width: 770px) 100vw, 770px\" \/><\/a><figcaption id=\"caption-attachment-1662\" class=\"wp-caption-text\">Kessel mit Brenner f\u00fcr die Dampfmaschine Tobias<\/figcaption><\/figure>\n<p>Gastank und 4 1\/2&#8243; Kessel stammen von Maccsteam aus England. Der Gastank wurde mit einer Fl\u00e4chenheizung versehen, so dass bei starker Gasentnahme keine Vereisung auftreten kann. Zus\u00e4tzlich wurde ein Gasregelventil mit Servosteuerung eingebaut, so dass \u00fcber die Fernsteuerung die Gaszufuhr von 0 bis 100% geregelt werden kann. Sowohl Tank als auch Kessel wurden mit Mahagonileisten beplankt und mit Messingb\u00e4ndern fixiert.<\/p>\n<figure id=\"attachment_1663\" aria-describedby=\"caption-attachment-1663\" style=\"width: 770px\" class=\"wp-caption aligncenter\"><a href=\"http:\/\/www.bengs-modellbau.de\/magazin\/wp-content\/uploads\/2011\/08\/Pfeife-dampfmaschine-tobias.jpg\"><img loading=\"lazy\" decoding=\"async\" class=\"size-large wp-image-1663\" title=\"Pfeife-dampfmaschine-tobias\" src=\"http:\/\/www.bengs-modellbau.de\/magazin\/wp-content\/uploads\/2011\/08\/Pfeife-dampfmaschine-tobias-1024x768.jpg\" alt=\"\" width=\"770\" height=\"577\" srcset=\"https:\/\/www.bengs-modellbau.de\/magazin\/wp-content\/uploads\/2011\/08\/Pfeife-dampfmaschine-tobias-1024x768.jpg 1024w, https:\/\/www.bengs-modellbau.de\/magazin\/wp-content\/uploads\/2011\/08\/Pfeife-dampfmaschine-tobias-300x225.jpg 300w, https:\/\/www.bengs-modellbau.de\/magazin\/wp-content\/uploads\/2011\/08\/Pfeife-dampfmaschine-tobias-160x120.jpg 160w, https:\/\/www.bengs-modellbau.de\/magazin\/wp-content\/uploads\/2011\/08\/Pfeife-dampfmaschine-tobias-240x180.jpg 240w, https:\/\/www.bengs-modellbau.de\/magazin\/wp-content\/uploads\/2011\/08\/Pfeife-dampfmaschine-tobias-357x268.jpg 357w, https:\/\/www.bengs-modellbau.de\/magazin\/wp-content\/uploads\/2011\/08\/Pfeife-dampfmaschine-tobias.jpg 1200w\" sizes=\"(max-width: 770px) 100vw, 770px\" \/><\/a><figcaption id=\"caption-attachment-1663\" class=\"wp-caption-text\">Dampfpfeife mit Ansteuerung \u00fcber Fernsteuerung<\/figcaption><\/figure>\n<p>Die <a title=\"Dampfpfeifeventil in Bengs Modellbaushop\" href=\"https:\/\/www.bengs-modellbau.de\/Dampfpfeife-mit-Ventil\/1171\">Dampfpfeife<\/a> kann ebenfalls \u00fcber die Fernsteuerung bedient werden. Sie hat einen satten Klang, der sich bei ca. 2bar Betriebsdruck einstellt. \u00dcber eine 9-polige Buchse wird der Akku f\u00fcr die Empfangsanlage angeschaltet. Eine LED zeigt den Betrieb der Gasheizung an. Ein Servoanschluss f\u00fcr die Ruderanlage ist bis zur Antriebswelle von Tobias verl\u00e4ngert, ein Kanal der Fernsteuerung f\u00fcr die sp\u00e4tere Beleuchtung ist \u00fcber die 9-polige Buchse ausgef\u00fchrt.<\/p>\n<h2>Dampfmaschine Tobias mit Kurbel f\u00fcr den Handbetrieb<\/h2>\n<p>Die 2-Zylinder Dampfmaschine Tobias wurde hier mit einem Messingschwungrad gebaut au\u00dferdem wurde eine Kurbel an einem Ende der Kurbelwelle befestigt so das man sich auch ohne die Maschine in Betrieb zu nehmen die faszinierenden Bewegungs-Abl\u00e4ufe anschauen kann.<\/p>\n<figure id=\"attachment_743\" aria-describedby=\"caption-attachment-743\" style=\"width: 704px\" class=\"wp-caption aligncenter\"><a href=\"http:\/\/www.bengs-modellbau.de\/magazin\/wp-content\/uploads\/2011\/08\/dampfmaschine-stehend.jpg\"><img loading=\"lazy\" decoding=\"async\" class=\" wp-image-743\" title=\"dampfmaschine-stehend\" src=\"http:\/\/www.bengs-modellbau.de\/magazin\/wp-content\/uploads\/2011\/08\/dampfmaschine-stehend-1024x681.jpg\" alt=\"\" width=\"704\" height=\"468\" srcset=\"https:\/\/www.bengs-modellbau.de\/magazin\/wp-content\/uploads\/2011\/08\/dampfmaschine-stehend-1024x681.jpg 1024w, https:\/\/www.bengs-modellbau.de\/magazin\/wp-content\/uploads\/2011\/08\/dampfmaschine-stehend-300x199.jpg 300w, https:\/\/www.bengs-modellbau.de\/magazin\/wp-content\/uploads\/2011\/08\/dampfmaschine-stehend.jpg 1200w\" sizes=\"(max-width: 704px) 100vw, 704px\" \/><\/a><figcaption id=\"caption-attachment-743\" class=\"wp-caption-text\">Dampfmaschine Tobias mit Handkurbel<\/figcaption><\/figure>\n<p style=\"text-align: center;\"><a href=\"http:\/\/www.bengs-modellbau.de\/magazin\/wp-content\/uploads\/2011\/08\/Dampfmaschine-modellbau.jpg\"><img loading=\"lazy\" decoding=\"async\" class=\"aligncenter wp-image-744\" title=\"Dampfmaschine-modellbau\" src=\"http:\/\/www.bengs-modellbau.de\/magazin\/wp-content\/uploads\/2011\/08\/Dampfmaschine-modellbau-1024x682.jpg\" alt=\"\" width=\"704\" height=\"469\" srcset=\"https:\/\/www.bengs-modellbau.de\/magazin\/wp-content\/uploads\/2011\/08\/Dampfmaschine-modellbau-1024x682.jpg 1024w, https:\/\/www.bengs-modellbau.de\/magazin\/wp-content\/uploads\/2011\/08\/Dampfmaschine-modellbau-300x200.jpg 300w, https:\/\/www.bengs-modellbau.de\/magazin\/wp-content\/uploads\/2011\/08\/Dampfmaschine-modellbau.jpg 1200w\" sizes=\"(max-width: 704px) 100vw, 704px\" \/><\/a><\/p>\n<p style=\"text-align: center;\"><strong>Hier gelangen Sie in den Bengs Modellbau Shop zum Materialbausatz\u00a0<a href=\"https:\/\/www.bengs-modellbau.de\/2-Zylinder-Dampfmaschine-Tobias\/2150\">\u00a0Dampfmaschine &#8222;Tobias&#8220;<\/a><\/strong><\/p>\n","protected":false},"excerpt":{"rendered":"<p>Hier gelangen Sie in den Bengs Modellbau Shop zum Materialbausatz\u00a0\u00a0Dampfmaschine &#8222;Tobias&#8220; Dampfmaschine Tobias f\u00fcr eine Schiffsdampfanlage Auf diesen Fotos sehen Sie eine Schiffsdampfanlage einer Dampfbarkasse. Hierf\u00fcr wurde die &#8222;Tobias&#8220; als Antrieb gew\u00e4hlt. Aufgebaut auf einem Alu-Rahmen aus Standard U-Profilen kann sie so komplett f\u00fcr Wartungsarbeiten aus dem Schiffsrumpf entnommen werden. Die Tobias 2-Zylinder Dampfmaschine hat [&hellip;]<\/p>\n","protected":false},"author":1,"featured_media":0,"parent":381,"menu_order":0,"comment_status":"closed","ping_status":"closed","template":"","meta":{"footnotes":""},"class_list":["post-407","page","type-page","status-publish","hentry"],"yoast_head":"<!-- This site is optimized with the Yoast SEO plugin v27.2 - https:\/\/yoast.com\/product\/yoast-seo-wordpress\/ -->\n<title>Dampfmaschine &quot;Tobias&quot; - Bengs Modellbau Magazin<\/title>\n<meta name=\"robots\" content=\"index, follow, max-snippet:-1, max-image-preview:large, max-video-preview:-1\" \/>\n<link rel=\"canonical\" href=\"https:\/\/www.bengs-modellbau.de\/magazin\/kunden-modelle\/dampfmaschine\/dampfmaschine-tobias\/\" \/>\n<meta property=\"og:locale\" content=\"de_DE\" \/>\n<meta property=\"og:type\" content=\"article\" \/>\n<meta property=\"og:title\" content=\"Dampfmaschine &quot;Tobias&quot; - Bengs Modellbau Magazin\" \/>\n<meta property=\"og:description\" content=\"Hier gelangen Sie in den Bengs Modellbau Shop zum Materialbausatz\u00a0\u00a0Dampfmaschine &#8222;Tobias&#8220; Dampfmaschine Tobias f\u00fcr eine Schiffsdampfanlage Auf diesen Fotos sehen Sie eine Schiffsdampfanlage einer Dampfbarkasse. Hierf\u00fcr wurde die &#8222;Tobias&#8220; als Antrieb gew\u00e4hlt. Aufgebaut auf einem Alu-Rahmen aus Standard U-Profilen kann sie so komplett f\u00fcr Wartungsarbeiten aus dem Schiffsrumpf entnommen werden. Die Tobias 2-Zylinder Dampfmaschine hat [&hellip;]\" \/>\n<meta property=\"og:url\" content=\"https:\/\/www.bengs-modellbau.de\/magazin\/kunden-modelle\/dampfmaschine\/dampfmaschine-tobias\/\" \/>\n<meta property=\"og:site_name\" content=\"Bengs Modellbau Magazin\" \/>\n<meta property=\"article:modified_time\" content=\"2025-02-18T20:27:36+00:00\" \/>\n<meta property=\"og:image\" content=\"https:\/\/www.bengs-modellbau.de\/magazin\/wp-content\/uploads\/2011\/08\/Dampfanlage-schiff-2-zylinder.jpg\" \/>\n\t<meta property=\"og:image:width\" content=\"1200\" \/>\n\t<meta property=\"og:image:height\" content=\"699\" \/>\n\t<meta property=\"og:image:type\" content=\"image\/jpeg\" \/>\n<meta name=\"twitter:card\" content=\"summary_large_image\" \/>\n<meta name=\"twitter:label1\" content=\"Gesch\u00e4tzte Lesezeit\" \/>\n\t<meta name=\"twitter:data1\" content=\"2\u00a0Minuten\" \/>\n<script type=\"application\/ld+json\" class=\"yoast-schema-graph\">{\"@context\":\"https:\/\/schema.org\",\"@graph\":[{\"@type\":\"WebPage\",\"@id\":\"https:\/\/www.bengs-modellbau.de\/magazin\/kunden-modelle\/dampfmaschine\/dampfmaschine-tobias\/\",\"url\":\"https:\/\/www.bengs-modellbau.de\/magazin\/kunden-modelle\/dampfmaschine\/dampfmaschine-tobias\/\",\"name\":\"Dampfmaschine \\\"Tobias\\\" - Bengs Modellbau Magazin\",\"isPartOf\":{\"@id\":\"https:\/\/www.bengs-modellbau.de\/magazin\/#website\"},\"primaryImageOfPage\":{\"@id\":\"https:\/\/www.bengs-modellbau.de\/magazin\/kunden-modelle\/dampfmaschine\/dampfmaschine-tobias\/#primaryimage\"},\"image\":{\"@id\":\"https:\/\/www.bengs-modellbau.de\/magazin\/kunden-modelle\/dampfmaschine\/dampfmaschine-tobias\/#primaryimage\"},\"thumbnailUrl\":\"http:\/\/www.bengs-modellbau.de\/magazin\/wp-content\/uploads\/2011\/08\/Dampfanlage-schiff-2-zylinder-1024x596.jpg\",\"datePublished\":\"2011-08-05T14:20:59+00:00\",\"dateModified\":\"2025-02-18T20:27:36+00:00\",\"breadcrumb\":{\"@id\":\"https:\/\/www.bengs-modellbau.de\/magazin\/kunden-modelle\/dampfmaschine\/dampfmaschine-tobias\/#breadcrumb\"},\"inLanguage\":\"de\",\"potentialAction\":[{\"@type\":\"ReadAction\",\"target\":[\"https:\/\/www.bengs-modellbau.de\/magazin\/kunden-modelle\/dampfmaschine\/dampfmaschine-tobias\/\"]}]},{\"@type\":\"ImageObject\",\"inLanguage\":\"de\",\"@id\":\"https:\/\/www.bengs-modellbau.de\/magazin\/kunden-modelle\/dampfmaschine\/dampfmaschine-tobias\/#primaryimage\",\"url\":\"https:\/\/www.bengs-modellbau.de\/magazin\/wp-content\/uploads\/2011\/08\/Dampfanlage-schiff-2-zylinder.jpg\",\"contentUrl\":\"https:\/\/www.bengs-modellbau.de\/magazin\/wp-content\/uploads\/2011\/08\/Dampfanlage-schiff-2-zylinder.jpg\",\"width\":\"1200\",\"height\":\"699\",\"caption\":\"Dampfanlage f\u00fcr eine Dampfsparkasse mit der Zweizylinder Dampfmaschine Tobias\"},{\"@type\":\"BreadcrumbList\",\"@id\":\"https:\/\/www.bengs-modellbau.de\/magazin\/kunden-modelle\/dampfmaschine\/dampfmaschine-tobias\/#breadcrumb\",\"itemListElement\":[{\"@type\":\"ListItem\",\"position\":1,\"name\":\"Startseite\",\"item\":\"https:\/\/www.bengs-modellbau.de\/magazin\/\"},{\"@type\":\"ListItem\",\"position\":2,\"name\":\"Kunden Modelle\",\"item\":\"https:\/\/www.bengs-modellbau.de\/magazin\/kunden-modelle\/\"},{\"@type\":\"ListItem\",\"position\":3,\"name\":\"Dampfmaschine\",\"item\":\"https:\/\/www.bengs-modellbau.de\/magazin\/kunden-modelle\/dampfmaschine\/\"},{\"@type\":\"ListItem\",\"position\":4,\"name\":\"Dampfmaschine &#8222;Tobias&#8220;\"}]},{\"@type\":\"WebSite\",\"@id\":\"https:\/\/www.bengs-modellbau.de\/magazin\/#website\",\"url\":\"https:\/\/www.bengs-modellbau.de\/magazin\/\",\"name\":\"Bengs Modellbau Magazin\",\"description\":\"\",\"publisher\":{\"@id\":\"https:\/\/www.bengs-modellbau.de\/magazin\/#organization\"},\"potentialAction\":[{\"@type\":\"SearchAction\",\"target\":{\"@type\":\"EntryPoint\",\"urlTemplate\":\"https:\/\/www.bengs-modellbau.de\/magazin\/?s={search_term_string}\"},\"query-input\":{\"@type\":\"PropertyValueSpecification\",\"valueRequired\":true,\"valueName\":\"search_term_string\"}}],\"inLanguage\":\"de\"},{\"@type\":\"Organization\",\"@id\":\"https:\/\/www.bengs-modellbau.de\/magazin\/#organization\",\"name\":\"Bengs Modellbau Magazin\",\"url\":\"https:\/\/www.bengs-modellbau.de\/magazin\/\",\"logo\":{\"@type\":\"ImageObject\",\"inLanguage\":\"de\",\"@id\":\"https:\/\/www.bengs-modellbau.de\/magazin\/#\/schema\/logo\/image\/\",\"url\":\"https:\/\/www.bengs-modellbau.de\/magazin\/wp-content\/uploads\/2024\/01\/logo-bengs-ebay-2.jpg\",\"contentUrl\":\"https:\/\/www.bengs-modellbau.de\/magazin\/wp-content\/uploads\/2024\/01\/logo-bengs-ebay-2.jpg\",\"width\":369,\"height\":167,\"caption\":\"Bengs Modellbau Magazin\"},\"image\":{\"@id\":\"https:\/\/www.bengs-modellbau.de\/magazin\/#\/schema\/logo\/image\/\"}}]}<\/script>\n<!-- \/ Yoast SEO plugin. -->","yoast_head_json":{"title":"Dampfmaschine \"Tobias\" - Bengs Modellbau Magazin","robots":{"index":"index","follow":"follow","max-snippet":"max-snippet:-1","max-image-preview":"max-image-preview:large","max-video-preview":"max-video-preview:-1"},"canonical":"https:\/\/www.bengs-modellbau.de\/magazin\/kunden-modelle\/dampfmaschine\/dampfmaschine-tobias\/","og_locale":"de_DE","og_type":"article","og_title":"Dampfmaschine \"Tobias\" - Bengs Modellbau Magazin","og_description":"Hier gelangen Sie in den Bengs Modellbau Shop zum Materialbausatz\u00a0\u00a0Dampfmaschine &#8222;Tobias&#8220; Dampfmaschine Tobias f\u00fcr eine Schiffsdampfanlage Auf diesen Fotos sehen Sie eine Schiffsdampfanlage einer Dampfbarkasse. Hierf\u00fcr wurde die &#8222;Tobias&#8220; als Antrieb gew\u00e4hlt. Aufgebaut auf einem Alu-Rahmen aus Standard U-Profilen kann sie so komplett f\u00fcr Wartungsarbeiten aus dem Schiffsrumpf entnommen werden. Die Tobias 2-Zylinder Dampfmaschine hat [&hellip;]","og_url":"https:\/\/www.bengs-modellbau.de\/magazin\/kunden-modelle\/dampfmaschine\/dampfmaschine-tobias\/","og_site_name":"Bengs Modellbau Magazin","article_modified_time":"2025-02-18T20:27:36+00:00","og_image":[{"width":1200,"height":699,"url":"https:\/\/www.bengs-modellbau.de\/magazin\/wp-content\/uploads\/2011\/08\/Dampfanlage-schiff-2-zylinder.jpg","type":"image\/jpeg"}],"twitter_card":"summary_large_image","twitter_misc":{"Gesch\u00e4tzte Lesezeit":"2\u00a0Minuten"},"schema":{"@context":"https:\/\/schema.org","@graph":[{"@type":"WebPage","@id":"https:\/\/www.bengs-modellbau.de\/magazin\/kunden-modelle\/dampfmaschine\/dampfmaschine-tobias\/","url":"https:\/\/www.bengs-modellbau.de\/magazin\/kunden-modelle\/dampfmaschine\/dampfmaschine-tobias\/","name":"Dampfmaschine \"Tobias\" - Bengs Modellbau Magazin","isPartOf":{"@id":"https:\/\/www.bengs-modellbau.de\/magazin\/#website"},"primaryImageOfPage":{"@id":"https:\/\/www.bengs-modellbau.de\/magazin\/kunden-modelle\/dampfmaschine\/dampfmaschine-tobias\/#primaryimage"},"image":{"@id":"https:\/\/www.bengs-modellbau.de\/magazin\/kunden-modelle\/dampfmaschine\/dampfmaschine-tobias\/#primaryimage"},"thumbnailUrl":"http:\/\/www.bengs-modellbau.de\/magazin\/wp-content\/uploads\/2011\/08\/Dampfanlage-schiff-2-zylinder-1024x596.jpg","datePublished":"2011-08-05T14:20:59+00:00","dateModified":"2025-02-18T20:27:36+00:00","breadcrumb":{"@id":"https:\/\/www.bengs-modellbau.de\/magazin\/kunden-modelle\/dampfmaschine\/dampfmaschine-tobias\/#breadcrumb"},"inLanguage":"de","potentialAction":[{"@type":"ReadAction","target":["https:\/\/www.bengs-modellbau.de\/magazin\/kunden-modelle\/dampfmaschine\/dampfmaschine-tobias\/"]}]},{"@type":"ImageObject","inLanguage":"de","@id":"https:\/\/www.bengs-modellbau.de\/magazin\/kunden-modelle\/dampfmaschine\/dampfmaschine-tobias\/#primaryimage","url":"https:\/\/www.bengs-modellbau.de\/magazin\/wp-content\/uploads\/2011\/08\/Dampfanlage-schiff-2-zylinder.jpg","contentUrl":"https:\/\/www.bengs-modellbau.de\/magazin\/wp-content\/uploads\/2011\/08\/Dampfanlage-schiff-2-zylinder.jpg","width":"1200","height":"699","caption":"Dampfanlage f\u00fcr eine Dampfsparkasse mit der Zweizylinder Dampfmaschine Tobias"},{"@type":"BreadcrumbList","@id":"https:\/\/www.bengs-modellbau.de\/magazin\/kunden-modelle\/dampfmaschine\/dampfmaschine-tobias\/#breadcrumb","itemListElement":[{"@type":"ListItem","position":1,"name":"Startseite","item":"https:\/\/www.bengs-modellbau.de\/magazin\/"},{"@type":"ListItem","position":2,"name":"Kunden Modelle","item":"https:\/\/www.bengs-modellbau.de\/magazin\/kunden-modelle\/"},{"@type":"ListItem","position":3,"name":"Dampfmaschine","item":"https:\/\/www.bengs-modellbau.de\/magazin\/kunden-modelle\/dampfmaschine\/"},{"@type":"ListItem","position":4,"name":"Dampfmaschine &#8222;Tobias&#8220;"}]},{"@type":"WebSite","@id":"https:\/\/www.bengs-modellbau.de\/magazin\/#website","url":"https:\/\/www.bengs-modellbau.de\/magazin\/","name":"Bengs Modellbau Magazin","description":"","publisher":{"@id":"https:\/\/www.bengs-modellbau.de\/magazin\/#organization"},"potentialAction":[{"@type":"SearchAction","target":{"@type":"EntryPoint","urlTemplate":"https:\/\/www.bengs-modellbau.de\/magazin\/?s={search_term_string}"},"query-input":{"@type":"PropertyValueSpecification","valueRequired":true,"valueName":"search_term_string"}}],"inLanguage":"de"},{"@type":"Organization","@id":"https:\/\/www.bengs-modellbau.de\/magazin\/#organization","name":"Bengs Modellbau Magazin","url":"https:\/\/www.bengs-modellbau.de\/magazin\/","logo":{"@type":"ImageObject","inLanguage":"de","@id":"https:\/\/www.bengs-modellbau.de\/magazin\/#\/schema\/logo\/image\/","url":"https:\/\/www.bengs-modellbau.de\/magazin\/wp-content\/uploads\/2024\/01\/logo-bengs-ebay-2.jpg","contentUrl":"https:\/\/www.bengs-modellbau.de\/magazin\/wp-content\/uploads\/2024\/01\/logo-bengs-ebay-2.jpg","width":369,"height":167,"caption":"Bengs Modellbau Magazin"},"image":{"@id":"https:\/\/www.bengs-modellbau.de\/magazin\/#\/schema\/logo\/image\/"}}]}},"_links":{"self":[{"href":"https:\/\/www.bengs-modellbau.de\/magazin\/wp-json\/wp\/v2\/pages\/407","targetHints":{"allow":["GET"]}}],"collection":[{"href":"https:\/\/www.bengs-modellbau.de\/magazin\/wp-json\/wp\/v2\/pages"}],"about":[{"href":"https:\/\/www.bengs-modellbau.de\/magazin\/wp-json\/wp\/v2\/types\/page"}],"author":[{"embeddable":true,"href":"https:\/\/www.bengs-modellbau.de\/magazin\/wp-json\/wp\/v2\/users\/1"}],"replies":[{"embeddable":true,"href":"https:\/\/www.bengs-modellbau.de\/magazin\/wp-json\/wp\/v2\/comments?post=407"}],"version-history":[{"count":10,"href":"https:\/\/www.bengs-modellbau.de\/magazin\/wp-json\/wp\/v2\/pages\/407\/revisions"}],"predecessor-version":[{"id":5414,"href":"https:\/\/www.bengs-modellbau.de\/magazin\/wp-json\/wp\/v2\/pages\/407\/revisions\/5414"}],"up":[{"embeddable":true,"href":"https:\/\/www.bengs-modellbau.de\/magazin\/wp-json\/wp\/v2\/pages\/381"}],"wp:attachment":[{"href":"https:\/\/www.bengs-modellbau.de\/magazin\/wp-json\/wp\/v2\/media?parent=407"}],"curies":[{"name":"wp","href":"https:\/\/api.w.org\/{rel}","templated":true}]}}