{"id":405,"date":"2011-08-05T14:20:32","date_gmt":"2011-08-05T14:20:32","guid":{"rendered":"http:\/\/www.bengs-modellbau.de\/magazin\/?page_id=405"},"modified":"2011-08-18T11:41:41","modified_gmt":"2011-08-18T11:41:41","slug":"dampfmaschine-horsti","status":"publish","type":"page","link":"https:\/\/www.bengs-modellbau.de\/magazin\/kunden-modelle\/dampfmaschine\/dampfmaschine-horsti\/","title":{"rendered":"Dampfmaschine &#8222;Horsti&#8220;"},"content":{"rendered":"<p>Die kleine Dampfmaschine Horsti hat alles was sie ben\u00f6tigt auf engstem Raum: Kessel, Benner und die Dampfmaschine sind fest miteinander verbunden. Nat\u00fcrlich l\u00e4sst sich die Horsti auch anders zusammenbauen wie auf den folgenden Bilder eines Modellbauers sehen ist.<\/p>\n<p>&nbsp;<\/p>\n<h3>Dampfmaschine Horsti als Schiffsdampfmaschine<\/h3>\n<p>Die Dampfmaschine eignet sich auch zum antreiben einer kleinen Dampfbarkasse. Der Kessel wurde bei diesem Modell vergr\u00f6\u00dfert und die Dampfeinlass und Dampfauslassrohre wurden umgelegt.<\/p>\n<p style=\"text-align: center;\"><a href=\"http:\/\/www.bengs-modellbau.de\/magazin\/wp-content\/uploads\/2011\/08\/Dampfmaschine-klein-kessel.jpg\"><a href=\"http:\/\/www.bengs-modellbau.de\/magazin\/wp-content\/uploads\/2011\/08\/Dampfmaschie-kessel-boot.jpg\"><a href=\"http:\/\/www.bengs-modellbau.de\/magazin\/wp-content\/uploads\/2011\/08\/Modellbau-boot-dampf.jpg\"><img fetchpriority=\"high\" decoding=\"async\" class=\"aligncenter size-large wp-image-724\" title=\"Modellbau-boot-dampf\" src=\"http:\/\/www.bengs-modellbau.de\/magazin\/wp-content\/uploads\/2011\/08\/Modellbau-boot-dampf-768x1024.jpg\" alt=\"\" width=\"640\" height=\"853\" srcset=\"https:\/\/www.bengs-modellbau.de\/magazin\/wp-content\/uploads\/2011\/08\/Modellbau-boot-dampf-768x1024.jpg 768w, https:\/\/www.bengs-modellbau.de\/magazin\/wp-content\/uploads\/2011\/08\/Modellbau-boot-dampf-225x300.jpg 225w, https:\/\/www.bengs-modellbau.de\/magazin\/wp-content\/uploads\/2011\/08\/Modellbau-boot-dampf.jpg 900w\" sizes=\"(max-width: 640px) 100vw, 640px\" \/><\/a><img decoding=\"async\" class=\"aligncenter size-large wp-image-725\" title=\"Dampfmaschine-Horsti-Schiffsdampfmaschine\" src=\"http:\/\/www.bengs-modellbau.de\/magazin\/wp-content\/uploads\/2011\/08\/Dampfmaschie-kessel-boot-1024x768.jpg\" alt=\"\" width=\"640\" height=\"480\" srcset=\"https:\/\/www.bengs-modellbau.de\/magazin\/wp-content\/uploads\/2011\/08\/Dampfmaschie-kessel-boot-1024x768.jpg 1024w, https:\/\/www.bengs-modellbau.de\/magazin\/wp-content\/uploads\/2011\/08\/Dampfmaschie-kessel-boot-300x225.jpg 300w, https:\/\/www.bengs-modellbau.de\/magazin\/wp-content\/uploads\/2011\/08\/Dampfmaschie-kessel-boot.jpg 1200w\" sizes=\"(max-width: 640px) 100vw, 640px\" \/><\/a><img decoding=\"async\" class=\"aligncenter size-large wp-image-726\" title=\"Dampfmaschine-klein-kessel\" src=\"http:\/\/www.bengs-modellbau.de\/magazin\/wp-content\/uploads\/2011\/08\/Dampfmaschine-klein-kessel-724x1024.jpg\" alt=\"\" width=\"640\" height=\"905\" srcset=\"https:\/\/www.bengs-modellbau.de\/magazin\/wp-content\/uploads\/2011\/08\/Dampfmaschine-klein-kessel-724x1024.jpg 724w, https:\/\/www.bengs-modellbau.de\/magazin\/wp-content\/uploads\/2011\/08\/Dampfmaschine-klein-kessel-212x300.jpg 212w, https:\/\/www.bengs-modellbau.de\/magazin\/wp-content\/uploads\/2011\/08\/Dampfmaschine-klein-kessel.jpg 849w\" sizes=\"(max-width: 640px) 100vw, 640px\" \/><\/a><\/p>\n","protected":false},"excerpt":{"rendered":"<p>Die kleine Dampfmaschine Horsti hat alles was sie ben\u00f6tigt auf engstem Raum: Kessel, Benner und die Dampfmaschine sind fest miteinander verbunden. Nat\u00fcrlich l\u00e4sst sich die Horsti auch anders zusammenbauen wie auf den folgenden Bilder eines Modellbauers sehen ist. &nbsp; Dampfmaschine Horsti als Schiffsdampfmaschine Die Dampfmaschine eignet sich auch zum antreiben einer kleinen Dampfbarkasse. Der Kessel [&hellip;]<\/p>\n","protected":false},"author":1,"featured_media":0,"parent":381,"menu_order":0,"comment_status":"closed","ping_status":"closed","template":"","meta":{"footnotes":""},"class_list":["post-405","page","type-page","status-publish","hentry"],"yoast_head":"<!-- This site is optimized with the Yoast SEO plugin v27.4 - https:\/\/yoast.com\/product\/yoast-seo-wordpress\/ -->\n<title>Dampfmaschine &quot;Horsti&quot; - Bengs Modellbau Magazin<\/title>\n<meta name=\"robots\" content=\"index, follow, max-snippet:-1, max-image-preview:large, max-video-preview:-1\" \/>\n<link rel=\"canonical\" href=\"https:\/\/www.bengs-modellbau.de\/magazin\/kunden-modelle\/dampfmaschine\/dampfmaschine-horsti\/\" \/>\n<meta property=\"og:locale\" content=\"de_DE\" \/>\n<meta property=\"og:type\" content=\"article\" \/>\n<meta property=\"og:title\" content=\"Dampfmaschine &quot;Horsti&quot; - Bengs Modellbau Magazin\" \/>\n<meta property=\"og:description\" content=\"Die kleine Dampfmaschine Horsti hat alles was sie ben\u00f6tigt auf engstem Raum: Kessel, Benner und die Dampfmaschine sind fest miteinander verbunden. Nat\u00fcrlich l\u00e4sst sich die Horsti auch anders zusammenbauen wie auf den folgenden Bilder eines Modellbauers sehen ist. &nbsp; Dampfmaschine Horsti als Schiffsdampfmaschine Die Dampfmaschine eignet sich auch zum antreiben einer kleinen Dampfbarkasse. Der Kessel [&hellip;]\" \/>\n<meta property=\"og:url\" content=\"https:\/\/www.bengs-modellbau.de\/magazin\/kunden-modelle\/dampfmaschine\/dampfmaschine-horsti\/\" \/>\n<meta property=\"og:site_name\" content=\"Bengs Modellbau Magazin\" \/>\n<meta property=\"article:modified_time\" content=\"2011-08-18T11:41:41+00:00\" \/>\n<meta property=\"og:image\" content=\"http:\/\/www.bengs-modellbau.de\/magazin\/wp-content\/uploads\/2011\/08\/Modellbau-boot-dampf-768x1024.jpg\" \/>\n<meta name=\"twitter:card\" content=\"summary_large_image\" \/>\n<script type=\"application\/ld+json\" class=\"yoast-schema-graph\">{\"@context\":\"https:\\\/\\\/schema.org\",\"@graph\":[{\"@type\":\"WebPage\",\"@id\":\"https:\\\/\\\/www.bengs-modellbau.de\\\/magazin\\\/kunden-modelle\\\/dampfmaschine\\\/dampfmaschine-horsti\\\/\",\"url\":\"https:\\\/\\\/www.bengs-modellbau.de\\\/magazin\\\/kunden-modelle\\\/dampfmaschine\\\/dampfmaschine-horsti\\\/\",\"name\":\"Dampfmaschine \\\"Horsti\\\" - Bengs Modellbau Magazin\",\"isPartOf\":{\"@id\":\"https:\\\/\\\/www.bengs-modellbau.de\\\/magazin\\\/#website\"},\"primaryImageOfPage\":{\"@id\":\"https:\\\/\\\/www.bengs-modellbau.de\\\/magazin\\\/kunden-modelle\\\/dampfmaschine\\\/dampfmaschine-horsti\\\/#primaryimage\"},\"image\":{\"@id\":\"https:\\\/\\\/www.bengs-modellbau.de\\\/magazin\\\/kunden-modelle\\\/dampfmaschine\\\/dampfmaschine-horsti\\\/#primaryimage\"},\"thumbnailUrl\":\"http:\\\/\\\/www.bengs-modellbau.de\\\/magazin\\\/wp-content\\\/uploads\\\/2011\\\/08\\\/Modellbau-boot-dampf-768x1024.jpg\",\"datePublished\":\"2011-08-05T14:20:32+00:00\",\"dateModified\":\"2011-08-18T11:41:41+00:00\",\"breadcrumb\":{\"@id\":\"https:\\\/\\\/www.bengs-modellbau.de\\\/magazin\\\/kunden-modelle\\\/dampfmaschine\\\/dampfmaschine-horsti\\\/#breadcrumb\"},\"inLanguage\":\"de\",\"potentialAction\":[{\"@type\":\"ReadAction\",\"target\":[\"https:\\\/\\\/www.bengs-modellbau.de\\\/magazin\\\/kunden-modelle\\\/dampfmaschine\\\/dampfmaschine-horsti\\\/\"]}]},{\"@type\":\"ImageObject\",\"inLanguage\":\"de\",\"@id\":\"https:\\\/\\\/www.bengs-modellbau.de\\\/magazin\\\/kunden-modelle\\\/dampfmaschine\\\/dampfmaschine-horsti\\\/#primaryimage\",\"url\":\"https:\\\/\\\/www.bengs-modellbau.de\\\/magazin\\\/wp-content\\\/uploads\\\/2011\\\/08\\\/Modellbau-boot-dampf.jpg\",\"contentUrl\":\"https:\\\/\\\/www.bengs-modellbau.de\\\/magazin\\\/wp-content\\\/uploads\\\/2011\\\/08\\\/Modellbau-boot-dampf.jpg\",\"width\":\"900\",\"height\":\"1200\",\"caption\":\"Modellbau Dampfanlage f\u00fcr ein Boot\"},{\"@type\":\"BreadcrumbList\",\"@id\":\"https:\\\/\\\/www.bengs-modellbau.de\\\/magazin\\\/kunden-modelle\\\/dampfmaschine\\\/dampfmaschine-horsti\\\/#breadcrumb\",\"itemListElement\":[{\"@type\":\"ListItem\",\"position\":1,\"name\":\"Startseite\",\"item\":\"https:\\\/\\\/www.bengs-modellbau.de\\\/magazin\\\/\"},{\"@type\":\"ListItem\",\"position\":2,\"name\":\"Kunden Modelle\",\"item\":\"https:\\\/\\\/www.bengs-modellbau.de\\\/magazin\\\/kunden-modelle\\\/\"},{\"@type\":\"ListItem\",\"position\":3,\"name\":\"Dampfmaschine\",\"item\":\"https:\\\/\\\/www.bengs-modellbau.de\\\/magazin\\\/kunden-modelle\\\/dampfmaschine\\\/\"},{\"@type\":\"ListItem\",\"position\":4,\"name\":\"Dampfmaschine &#8222;Horsti&#8220;\"}]},{\"@type\":\"WebSite\",\"@id\":\"https:\\\/\\\/www.bengs-modellbau.de\\\/magazin\\\/#website\",\"url\":\"https:\\\/\\\/www.bengs-modellbau.de\\\/magazin\\\/\",\"name\":\"Bengs Modellbau Magazin\",\"description\":\"\",\"publisher\":{\"@id\":\"https:\\\/\\\/www.bengs-modellbau.de\\\/magazin\\\/#organization\"},\"potentialAction\":[{\"@type\":\"SearchAction\",\"target\":{\"@type\":\"EntryPoint\",\"urlTemplate\":\"https:\\\/\\\/www.bengs-modellbau.de\\\/magazin\\\/?s={search_term_string}\"},\"query-input\":{\"@type\":\"PropertyValueSpecification\",\"valueRequired\":true,\"valueName\":\"search_term_string\"}}],\"inLanguage\":\"de\"},{\"@type\":\"Organization\",\"@id\":\"https:\\\/\\\/www.bengs-modellbau.de\\\/magazin\\\/#organization\",\"name\":\"Bengs Modellbau Magazin\",\"url\":\"https:\\\/\\\/www.bengs-modellbau.de\\\/magazin\\\/\",\"logo\":{\"@type\":\"ImageObject\",\"inLanguage\":\"de\",\"@id\":\"https:\\\/\\\/www.bengs-modellbau.de\\\/magazin\\\/#\\\/schema\\\/logo\\\/image\\\/\",\"url\":\"https:\\\/\\\/www.bengs-modellbau.de\\\/magazin\\\/wp-content\\\/uploads\\\/2024\\\/01\\\/logo-bengs-ebay-2.jpg\",\"contentUrl\":\"https:\\\/\\\/www.bengs-modellbau.de\\\/magazin\\\/wp-content\\\/uploads\\\/2024\\\/01\\\/logo-bengs-ebay-2.jpg\",\"width\":369,\"height\":167,\"caption\":\"Bengs Modellbau Magazin\"},\"image\":{\"@id\":\"https:\\\/\\\/www.bengs-modellbau.de\\\/magazin\\\/#\\\/schema\\\/logo\\\/image\\\/\"}}]}<\/script>\n<!-- \/ Yoast SEO plugin. -->","yoast_head_json":{"title":"Dampfmaschine \"Horsti\" - Bengs Modellbau Magazin","robots":{"index":"index","follow":"follow","max-snippet":"max-snippet:-1","max-image-preview":"max-image-preview:large","max-video-preview":"max-video-preview:-1"},"canonical":"https:\/\/www.bengs-modellbau.de\/magazin\/kunden-modelle\/dampfmaschine\/dampfmaschine-horsti\/","og_locale":"de_DE","og_type":"article","og_title":"Dampfmaschine \"Horsti\" - Bengs Modellbau Magazin","og_description":"Die kleine Dampfmaschine Horsti hat alles was sie ben\u00f6tigt auf engstem Raum: Kessel, Benner und die Dampfmaschine sind fest miteinander verbunden. Nat\u00fcrlich l\u00e4sst sich die Horsti auch anders zusammenbauen wie auf den folgenden Bilder eines Modellbauers sehen ist. &nbsp; Dampfmaschine Horsti als Schiffsdampfmaschine Die Dampfmaschine eignet sich auch zum antreiben einer kleinen Dampfbarkasse. Der Kessel [&hellip;]","og_url":"https:\/\/www.bengs-modellbau.de\/magazin\/kunden-modelle\/dampfmaschine\/dampfmaschine-horsti\/","og_site_name":"Bengs Modellbau Magazin","article_modified_time":"2011-08-18T11:41:41+00:00","og_image":[{"url":"http:\/\/www.bengs-modellbau.de\/magazin\/wp-content\/uploads\/2011\/08\/Modellbau-boot-dampf-768x1024.jpg","type":"","width":"","height":""}],"twitter_card":"summary_large_image","schema":{"@context":"https:\/\/schema.org","@graph":[{"@type":"WebPage","@id":"https:\/\/www.bengs-modellbau.de\/magazin\/kunden-modelle\/dampfmaschine\/dampfmaschine-horsti\/","url":"https:\/\/www.bengs-modellbau.de\/magazin\/kunden-modelle\/dampfmaschine\/dampfmaschine-horsti\/","name":"Dampfmaschine \"Horsti\" - Bengs Modellbau Magazin","isPartOf":{"@id":"https:\/\/www.bengs-modellbau.de\/magazin\/#website"},"primaryImageOfPage":{"@id":"https:\/\/www.bengs-modellbau.de\/magazin\/kunden-modelle\/dampfmaschine\/dampfmaschine-horsti\/#primaryimage"},"image":{"@id":"https:\/\/www.bengs-modellbau.de\/magazin\/kunden-modelle\/dampfmaschine\/dampfmaschine-horsti\/#primaryimage"},"thumbnailUrl":"http:\/\/www.bengs-modellbau.de\/magazin\/wp-content\/uploads\/2011\/08\/Modellbau-boot-dampf-768x1024.jpg","datePublished":"2011-08-05T14:20:32+00:00","dateModified":"2011-08-18T11:41:41+00:00","breadcrumb":{"@id":"https:\/\/www.bengs-modellbau.de\/magazin\/kunden-modelle\/dampfmaschine\/dampfmaschine-horsti\/#breadcrumb"},"inLanguage":"de","potentialAction":[{"@type":"ReadAction","target":["https:\/\/www.bengs-modellbau.de\/magazin\/kunden-modelle\/dampfmaschine\/dampfmaschine-horsti\/"]}]},{"@type":"ImageObject","inLanguage":"de","@id":"https:\/\/www.bengs-modellbau.de\/magazin\/kunden-modelle\/dampfmaschine\/dampfmaschine-horsti\/#primaryimage","url":"https:\/\/www.bengs-modellbau.de\/magazin\/wp-content\/uploads\/2011\/08\/Modellbau-boot-dampf.jpg","contentUrl":"https:\/\/www.bengs-modellbau.de\/magazin\/wp-content\/uploads\/2011\/08\/Modellbau-boot-dampf.jpg","width":"900","height":"1200","caption":"Modellbau Dampfanlage f\u00fcr ein Boot"},{"@type":"BreadcrumbList","@id":"https:\/\/www.bengs-modellbau.de\/magazin\/kunden-modelle\/dampfmaschine\/dampfmaschine-horsti\/#breadcrumb","itemListElement":[{"@type":"ListItem","position":1,"name":"Startseite","item":"https:\/\/www.bengs-modellbau.de\/magazin\/"},{"@type":"ListItem","position":2,"name":"Kunden Modelle","item":"https:\/\/www.bengs-modellbau.de\/magazin\/kunden-modelle\/"},{"@type":"ListItem","position":3,"name":"Dampfmaschine","item":"https:\/\/www.bengs-modellbau.de\/magazin\/kunden-modelle\/dampfmaschine\/"},{"@type":"ListItem","position":4,"name":"Dampfmaschine &#8222;Horsti&#8220;"}]},{"@type":"WebSite","@id":"https:\/\/www.bengs-modellbau.de\/magazin\/#website","url":"https:\/\/www.bengs-modellbau.de\/magazin\/","name":"Bengs Modellbau Magazin","description":"","publisher":{"@id":"https:\/\/www.bengs-modellbau.de\/magazin\/#organization"},"potentialAction":[{"@type":"SearchAction","target":{"@type":"EntryPoint","urlTemplate":"https:\/\/www.bengs-modellbau.de\/magazin\/?s={search_term_string}"},"query-input":{"@type":"PropertyValueSpecification","valueRequired":true,"valueName":"search_term_string"}}],"inLanguage":"de"},{"@type":"Organization","@id":"https:\/\/www.bengs-modellbau.de\/magazin\/#organization","name":"Bengs Modellbau Magazin","url":"https:\/\/www.bengs-modellbau.de\/magazin\/","logo":{"@type":"ImageObject","inLanguage":"de","@id":"https:\/\/www.bengs-modellbau.de\/magazin\/#\/schema\/logo\/image\/","url":"https:\/\/www.bengs-modellbau.de\/magazin\/wp-content\/uploads\/2024\/01\/logo-bengs-ebay-2.jpg","contentUrl":"https:\/\/www.bengs-modellbau.de\/magazin\/wp-content\/uploads\/2024\/01\/logo-bengs-ebay-2.jpg","width":369,"height":167,"caption":"Bengs Modellbau Magazin"},"image":{"@id":"https:\/\/www.bengs-modellbau.de\/magazin\/#\/schema\/logo\/image\/"}}]}},"_links":{"self":[{"href":"https:\/\/www.bengs-modellbau.de\/magazin\/wp-json\/wp\/v2\/pages\/405","targetHints":{"allow":["GET"]}}],"collection":[{"href":"https:\/\/www.bengs-modellbau.de\/magazin\/wp-json\/wp\/v2\/pages"}],"about":[{"href":"https:\/\/www.bengs-modellbau.de\/magazin\/wp-json\/wp\/v2\/types\/page"}],"author":[{"embeddable":true,"href":"https:\/\/www.bengs-modellbau.de\/magazin\/wp-json\/wp\/v2\/users\/1"}],"replies":[{"embeddable":true,"href":"https:\/\/www.bengs-modellbau.de\/magazin\/wp-json\/wp\/v2\/comments?post=405"}],"version-history":[{"count":3,"href":"https:\/\/www.bengs-modellbau.de\/magazin\/wp-json\/wp\/v2\/pages\/405\/revisions"}],"predecessor-version":[{"id":727,"href":"https:\/\/www.bengs-modellbau.de\/magazin\/wp-json\/wp\/v2\/pages\/405\/revisions\/727"}],"up":[{"embeddable":true,"href":"https:\/\/www.bengs-modellbau.de\/magazin\/wp-json\/wp\/v2\/pages\/381"}],"wp:attachment":[{"href":"https:\/\/www.bengs-modellbau.de\/magazin\/wp-json\/wp\/v2\/media?parent=405"}],"curies":[{"name":"wp","href":"https:\/\/api.w.org\/{rel}","templated":true}]}}