{"id":403,"date":"2011-08-05T14:19:50","date_gmt":"2011-08-05T14:19:50","guid":{"rendered":"http:\/\/www.bengs-modellbau.de\/magazin\/?page_id=403"},"modified":"2025-02-18T22:23:44","modified_gmt":"2025-02-18T20:23:44","slug":"dampfmaschine-sophie","status":"publish","type":"page","link":"https:\/\/www.bengs-modellbau.de\/magazin\/kunden-modelle\/dampfmaschine\/dampfmaschine-sophie\/","title":{"rendered":"Dampfmaschine &#8222;Sophie&#8220;"},"content":{"rendered":"<p>Die Balancierdampfmaschine Sophie versetzt eine zur\u00fcck an die anh\u00e4nge der Industrialisierung. Aus dem Grund wird das Modell gerne dazu benutzt um Modellbau Maschinenanlagen mir der Balancierdampfmaschine zu bauen. Solche Maschinenanlagen k\u00f6nnen allerlei Dinge enthalten wie zum Beispiel: Kessel, Generator, Ventile, Kondensator, Transmissionen, Fliehkraftregler, Antriebsmodelle, Modellbau Werkzeugmaschinen, Speisewasserpumpen und nat\u00fcrlich auch eine Dampfmaschine.<\/p>\n<p><strong>Hier gelangen Sie in den Bengs Modellbau Shop zum Materialbausatz <a href=\"https:\/\/www.bengs-modellbau.de\/Balancierdampfmaschine-Sophie\/2021\">\u00a0Dampfmaschine &#8222;Sophie&#8220;<\/a><\/strong><\/p>\n<h2>Balancierdampfmaschine Sophie vergoldet<\/h2>\n<p>Diese Dampfmaschine k\u00f6nnte auch im Museum stehen so sch\u00f6n ist sie gebaut. Einige Messingteile wurden schwarz lackiert alle anderen wurden vergoldet. Die S\u00e4ule f\u00fcr den Balken wurde auf Hochglanz poliert.<\/p>\n<h2><a href=\"http:\/\/www.bengs-modellbau.de\/magazin\/wp-content\/uploads\/2011\/08\/Balancierdampfmaschine-Sophie-Bengs.jpg\"><img fetchpriority=\"high\" decoding=\"async\" class=\"alignnone size-large wp-image-3056\" src=\"http:\/\/www.bengs-modellbau.de\/magazin\/wp-content\/uploads\/2011\/08\/Balancierdampfmaschine-Sophie-Bengs-1024x683.jpg\" alt=\"Balancierdampfmaschine-Sophie-Bengs\" width=\"770\" height=\"514\" srcset=\"https:\/\/www.bengs-modellbau.de\/magazin\/wp-content\/uploads\/2011\/08\/Balancierdampfmaschine-Sophie-Bengs-1024x683.jpg 1024w, https:\/\/www.bengs-modellbau.de\/magazin\/wp-content\/uploads\/2011\/08\/Balancierdampfmaschine-Sophie-Bengs-300x200.jpg 300w, https:\/\/www.bengs-modellbau.de\/magazin\/wp-content\/uploads\/2011\/08\/Balancierdampfmaschine-Sophie-Bengs-160x107.jpg 160w, https:\/\/www.bengs-modellbau.de\/magazin\/wp-content\/uploads\/2011\/08\/Balancierdampfmaschine-Sophie-Bengs-260x173.jpg 260w, https:\/\/www.bengs-modellbau.de\/magazin\/wp-content\/uploads\/2011\/08\/Balancierdampfmaschine-Sophie-Bengs-360x240.jpg 360w, https:\/\/www.bengs-modellbau.de\/magazin\/wp-content\/uploads\/2011\/08\/Balancierdampfmaschine-Sophie-Bengs.jpg 1200w\" sizes=\"(max-width: 770px) 100vw, 770px\" \/><\/a><\/h2>\n<p><a href=\"http:\/\/www.bengs-modellbau.de\/magazin\/wp-content\/uploads\/2011\/08\/Dampfmaschine-Balken-Modellbau.jpg\"><img decoding=\"async\" class=\"alignnone size-large wp-image-3058\" src=\"http:\/\/www.bengs-modellbau.de\/magazin\/wp-content\/uploads\/2011\/08\/Dampfmaschine-Balken-Modellbau-1024x683.jpg\" alt=\"Dampfmaschine-Balken-Modellbau\" width=\"770\" height=\"514\" srcset=\"https:\/\/www.bengs-modellbau.de\/magazin\/wp-content\/uploads\/2011\/08\/Dampfmaschine-Balken-Modellbau-1024x683.jpg 1024w, https:\/\/www.bengs-modellbau.de\/magazin\/wp-content\/uploads\/2011\/08\/Dampfmaschine-Balken-Modellbau-300x200.jpg 300w, https:\/\/www.bengs-modellbau.de\/magazin\/wp-content\/uploads\/2011\/08\/Dampfmaschine-Balken-Modellbau-160x107.jpg 160w, https:\/\/www.bengs-modellbau.de\/magazin\/wp-content\/uploads\/2011\/08\/Dampfmaschine-Balken-Modellbau-260x173.jpg 260w, https:\/\/www.bengs-modellbau.de\/magazin\/wp-content\/uploads\/2011\/08\/Dampfmaschine-Balken-Modellbau-360x240.jpg 360w, https:\/\/www.bengs-modellbau.de\/magazin\/wp-content\/uploads\/2011\/08\/Dampfmaschine-Balken-Modellbau.jpg 1200w\" sizes=\"(max-width: 770px) 100vw, 770px\" \/><\/a><\/p>\n<p><a href=\"http:\/\/www.bengs-modellbau.de\/magazin\/wp-content\/uploads\/2011\/08\/Kundenmodell-Dampfmaschine-Bengs.jpg\"><img decoding=\"async\" class=\"alignnone size-large wp-image-3059\" src=\"http:\/\/www.bengs-modellbau.de\/magazin\/wp-content\/uploads\/2011\/08\/Kundenmodell-Dampfmaschine-Bengs-1024x683.jpg\" alt=\"Kundenmodell-Dampfmaschine-Bengs\" width=\"770\" height=\"514\" srcset=\"https:\/\/www.bengs-modellbau.de\/magazin\/wp-content\/uploads\/2011\/08\/Kundenmodell-Dampfmaschine-Bengs-1024x683.jpg 1024w, https:\/\/www.bengs-modellbau.de\/magazin\/wp-content\/uploads\/2011\/08\/Kundenmodell-Dampfmaschine-Bengs-300x200.jpg 300w, https:\/\/www.bengs-modellbau.de\/magazin\/wp-content\/uploads\/2011\/08\/Kundenmodell-Dampfmaschine-Bengs-160x107.jpg 160w, https:\/\/www.bengs-modellbau.de\/magazin\/wp-content\/uploads\/2011\/08\/Kundenmodell-Dampfmaschine-Bengs-260x173.jpg 260w, https:\/\/www.bengs-modellbau.de\/magazin\/wp-content\/uploads\/2011\/08\/Kundenmodell-Dampfmaschine-Bengs-360x240.jpg 360w, https:\/\/www.bengs-modellbau.de\/magazin\/wp-content\/uploads\/2011\/08\/Kundenmodell-Dampfmaschine-Bengs.jpg 1200w\" sizes=\"(max-width: 770px) 100vw, 770px\" \/><\/a><\/p>\n<p><a href=\"http:\/\/www.bengs-modellbau.de\/magazin\/wp-content\/uploads\/2011\/08\/Modellbau-Bengs-Balancierdampfmaschine.jpg\"><img loading=\"lazy\" decoding=\"async\" class=\"alignnone size-large wp-image-3060\" src=\"http:\/\/www.bengs-modellbau.de\/magazin\/wp-content\/uploads\/2011\/08\/Modellbau-Bengs-Balancierdampfmaschine-1024x683.jpg\" alt=\"Modellbau-Bengs - Balancierdampfmaschine\" width=\"770\" height=\"514\" srcset=\"https:\/\/www.bengs-modellbau.de\/magazin\/wp-content\/uploads\/2011\/08\/Modellbau-Bengs-Balancierdampfmaschine-1024x683.jpg 1024w, https:\/\/www.bengs-modellbau.de\/magazin\/wp-content\/uploads\/2011\/08\/Modellbau-Bengs-Balancierdampfmaschine-300x200.jpg 300w, https:\/\/www.bengs-modellbau.de\/magazin\/wp-content\/uploads\/2011\/08\/Modellbau-Bengs-Balancierdampfmaschine-160x107.jpg 160w, https:\/\/www.bengs-modellbau.de\/magazin\/wp-content\/uploads\/2011\/08\/Modellbau-Bengs-Balancierdampfmaschine-260x173.jpg 260w, https:\/\/www.bengs-modellbau.de\/magazin\/wp-content\/uploads\/2011\/08\/Modellbau-Bengs-Balancierdampfmaschine-360x240.jpg 360w, https:\/\/www.bengs-modellbau.de\/magazin\/wp-content\/uploads\/2011\/08\/Modellbau-Bengs-Balancierdampfmaschine.jpg 1200w\" sizes=\"(max-width: 770px) 100vw, 770px\" \/><\/a><\/p>\n<p>&nbsp;<\/p>\n<h2>Balancierdampfmaschine Sophie als Modellbau Maschinenanlagen<\/h2>\n<p>Hier arbeitet die Dampfmaschine Sophie in einer sch\u00f6nen Dampfmaschinenanlage. Die Anlage beinhaltet alles was man f\u00fcr den Betrieb einer <a href=\"https:\/\/www.bengs-modellbau.de\/materialsaetze\/dampfmaschinen\/\">Dampfmaschine<\/a> ben\u00f6tigt. Sie ist komplett mit Kessel, Gastank, Abstellh\u00e4hnen und Kondensator. Es wird sogar \u00fcber einen Dynamo Strom f\u00fcr eine Laterne erzeugt.<\/p>\n<p>&nbsp;<\/p>\n<p><a href=\"http:\/\/www.bengs-modellbau.de\/magazin\/wp-content\/uploads\/2011\/08\/Modelldampfanlage-Balancierdampfmaschine.jpg\"><img loading=\"lazy\" decoding=\"async\" title=\"Modelldampfanlage-Balancierdampfmaschine\" src=\"http:\/\/www.bengs-modellbau.de\/magazin\/wp-content\/uploads\/2011\/08\/Modelldampfanlage-Balancierdampfmaschine-1024x768.jpg\" alt=\"\" width=\"640\" height=\"480\" \/><\/a><a href=\"http:\/\/www.bengs-modellbau.de\/magazin\/wp-content\/uploads\/2011\/08\/modellbaudampfmaschine-1.jpg\"><img loading=\"lazy\" decoding=\"async\" class=\"size-large wp-image-739\" title=\"modellbaudampfmaschine-1\" src=\"http:\/\/www.bengs-modellbau.de\/magazin\/wp-content\/uploads\/2011\/08\/modellbaudampfmaschine-1-1024x768.jpg\" alt=\"\" width=\"640\" height=\"480\" srcset=\"https:\/\/www.bengs-modellbau.de\/magazin\/wp-content\/uploads\/2011\/08\/modellbaudampfmaschine-1-1024x768.jpg 1024w, https:\/\/www.bengs-modellbau.de\/magazin\/wp-content\/uploads\/2011\/08\/modellbaudampfmaschine-1-300x225.jpg 300w, https:\/\/www.bengs-modellbau.de\/magazin\/wp-content\/uploads\/2011\/08\/modellbaudampfmaschine-1.jpg 1200w\" sizes=\"(max-width: 640px) 100vw, 640px\" \/><\/a><a href=\"http:\/\/www.bengs-modellbau.de\/magazin\/wp-content\/uploads\/2011\/08\/Dampfkessel-1.jpg\"><img loading=\"lazy\" decoding=\"async\" class=\"size-large wp-image-736\" title=\"Dampfkessel-1\" src=\"http:\/\/www.bengs-modellbau.de\/magazin\/wp-content\/uploads\/2011\/08\/Dampfkessel-1-1024x768.jpg\" alt=\"\" width=\"640\" height=\"480\" srcset=\"https:\/\/www.bengs-modellbau.de\/magazin\/wp-content\/uploads\/2011\/08\/Dampfkessel-1-1024x768.jpg 1024w, https:\/\/www.bengs-modellbau.de\/magazin\/wp-content\/uploads\/2011\/08\/Dampfkessel-1-300x225.jpg 300w, https:\/\/www.bengs-modellbau.de\/magazin\/wp-content\/uploads\/2011\/08\/Dampfkessel-1.jpg 1200w\" sizes=\"(max-width: 640px) 100vw, 640px\" \/><\/a><a href=\"http:\/\/www.bengs-modellbau.de\/magazin\/wp-content\/uploads\/2011\/08\/Balancierdampfmaschine-kessel-3.jpg\"><img loading=\"lazy\" decoding=\"async\" class=\"size-large wp-image-733\" title=\"Balancierdampfmaschine-kessel-3\" src=\"http:\/\/www.bengs-modellbau.de\/magazin\/wp-content\/uploads\/2011\/08\/Balancierdampfmaschine-kessel-3-1024x768.jpg\" alt=\"\" width=\"640\" height=\"480\" srcset=\"https:\/\/www.bengs-modellbau.de\/magazin\/wp-content\/uploads\/2011\/08\/Balancierdampfmaschine-kessel-3-1024x768.jpg 1024w, https:\/\/www.bengs-modellbau.de\/magazin\/wp-content\/uploads\/2011\/08\/Balancierdampfmaschine-kessel-3-300x225.jpg 300w, https:\/\/www.bengs-modellbau.de\/magazin\/wp-content\/uploads\/2011\/08\/Balancierdampfmaschine-kessel-3.jpg 1200w\" sizes=\"(max-width: 640px) 100vw, 640px\" \/><\/a><a href=\"http:\/\/www.bengs-modellbau.de\/magazin\/wp-content\/uploads\/2011\/08\/Balancierdampfmaschine-kessel-2.jpg\"><img loading=\"lazy\" decoding=\"async\" class=\"size-large wp-image-732 alignleft\" title=\"Balancierdampfmaschine-kessel-2\" src=\"http:\/\/www.bengs-modellbau.de\/magazin\/wp-content\/uploads\/2011\/08\/Balancierdampfmaschine-kessel-2-1024x768.jpg\" alt=\"\" width=\"640\" height=\"480\" srcset=\"https:\/\/www.bengs-modellbau.de\/magazin\/wp-content\/uploads\/2011\/08\/Balancierdampfmaschine-kessel-2-1024x768.jpg 1024w, https:\/\/www.bengs-modellbau.de\/magazin\/wp-content\/uploads\/2011\/08\/Balancierdampfmaschine-kessel-2-300x225.jpg 300w, https:\/\/www.bengs-modellbau.de\/magazin\/wp-content\/uploads\/2011\/08\/Balancierdampfmaschine-kessel-2.jpg 1200w\" sizes=\"(max-width: 640px) 100vw, 640px\" \/><\/a><\/p>\n<p>&nbsp;<\/p>\n<p>&nbsp;<\/p>\n<p>&nbsp;<\/p>\n<p>&nbsp;<\/p>\n<p>&nbsp;<\/p>\n<p>&nbsp;<\/p>\n<p>&nbsp;<\/p>\n<p>&nbsp;<\/p>\n<p>&nbsp;<\/p>\n<p>&nbsp;<\/p>\n<p>&nbsp;<\/p>\n<p>&nbsp;<\/p>\n<hr \/>\n<p>&nbsp;<\/p>\n<h2>Balancierdampfmaschine mit\u00a0Fliehkraftregler<\/h2>\n<p>Diesen Bausatz von der Balancierdampfmaschine hat der Kunde noch um einen funktionst\u00fcchtigen Fliehkraftregler erweitert. Der Fliehkraftregler wirkt auf ein Ventil dass die Dampfzufuhr drosselt sobald eine zu hohe Geschwindigkeit erreicht wird. Au\u00dferdem wurde die Dampfmaschine Sophie hier noch um ein Dampfventil erweitert mit der die Dampfzufuhr abgestellt werden kann.<\/p>\n<figure id=\"attachment_731\" aria-describedby=\"caption-attachment-731\" style=\"width: 1024px\" class=\"wp-caption aligncenter\"><a href=\"http:\/\/www.bengs-modellbau.de\/magazin\/wp-content\/uploads\/2011\/08\/Balancierdampfmaschine-.jpg\"><img loading=\"lazy\" decoding=\"async\" class=\"size-full wp-image-731\" title=\"Balancierdampfmaschine-\" src=\"http:\/\/www.bengs-modellbau.de\/magazin\/wp-content\/uploads\/2011\/08\/Balancierdampfmaschine-.jpg\" alt=\"Balancierdampfmaschine Fliehkraftregler \" width=\"1024\" height=\"768\" srcset=\"https:\/\/www.bengs-modellbau.de\/magazin\/wp-content\/uploads\/2011\/08\/Balancierdampfmaschine-.jpg 1024w, https:\/\/www.bengs-modellbau.de\/magazin\/wp-content\/uploads\/2011\/08\/Balancierdampfmaschine--300x225.jpg 300w\" sizes=\"(max-width: 1024px) 100vw, 1024px\" \/><\/a><figcaption id=\"caption-attachment-731\" class=\"wp-caption-text\">Hier wurde die Balancierdampfmaschine noch um einem Fliehkraftregler erweitert.<\/figcaption><\/figure>\n<p style=\"text-align: center;\"><a href=\"http:\/\/www.bengs-modellbau.de\/magazin\/wp-content\/uploads\/2011\/08\/Modelldampfanlage-Balancierdampfmaschine.jpg\"><br \/>\n<\/a><a href=\"http:\/\/www.bengs-modellbau.de\/magazin\/wp-content\/uploads\/2011\/08\/Balancierdampfmaschine-1.jpg\"><img loading=\"lazy\" decoding=\"async\" class=\"aligncenter size-large wp-image-730\" title=\"Balancierdampfmaschine-1\" src=\"http:\/\/www.bengs-modellbau.de\/magazin\/wp-content\/uploads\/2011\/08\/Balancierdampfmaschine-1-1024x768.jpg\" alt=\"\" width=\"640\" height=\"480\" srcset=\"https:\/\/www.bengs-modellbau.de\/magazin\/wp-content\/uploads\/2011\/08\/Balancierdampfmaschine-1-1024x768.jpg 1024w, https:\/\/www.bengs-modellbau.de\/magazin\/wp-content\/uploads\/2011\/08\/Balancierdampfmaschine-1-300x225.jpg 300w, https:\/\/www.bengs-modellbau.de\/magazin\/wp-content\/uploads\/2011\/08\/Balancierdampfmaschine-1.jpg 1200w\" sizes=\"(max-width: 640px) 100vw, 640px\" \/><\/a><\/p>\n<h3><strong>Hier gelangen Sie in den Bengs Modellbau Shop zum Materialbausatz\u00a0<a href=\"https:\/\/www.bengs-modellbau.de\/Balancierdampfmaschine-Sophie\/2021\">\u00a0Dampfmaschine &#8222;Sophie&#8220;<\/a><\/strong><\/h3>\n<div><\/div>\n","protected":false},"excerpt":{"rendered":"<p>Die Balancierdampfmaschine Sophie versetzt eine zur\u00fcck an die anh\u00e4nge der Industrialisierung. Aus dem Grund wird das Modell gerne dazu benutzt um Modellbau Maschinenanlagen mir der Balancierdampfmaschine zu bauen. Solche Maschinenanlagen k\u00f6nnen allerlei Dinge enthalten wie zum Beispiel: Kessel, Generator, Ventile, Kondensator, Transmissionen, Fliehkraftregler, Antriebsmodelle, Modellbau Werkzeugmaschinen, Speisewasserpumpen und nat\u00fcrlich auch eine Dampfmaschine. Hier gelangen Sie [&hellip;]<\/p>\n","protected":false},"author":1,"featured_media":0,"parent":381,"menu_order":0,"comment_status":"closed","ping_status":"closed","template":"","meta":{"footnotes":""},"class_list":["post-403","page","type-page","status-publish","hentry"],"yoast_head":"<!-- This site is optimized with the Yoast SEO plugin v27.4 - https:\/\/yoast.com\/product\/yoast-seo-wordpress\/ -->\n<title>Dampfmaschine &quot;Sophie&quot; - Bengs Modellbau Magazin<\/title>\n<meta name=\"description\" content=\"Kundenmodelle von der Dampfmaschine &quot;Sophie&quot;. Hier sehen Sie einige Baus\u00e4tze die von Kunden hergestellt wurden.\" \/>\n<meta name=\"robots\" content=\"index, follow, max-snippet:-1, max-image-preview:large, max-video-preview:-1\" \/>\n<link rel=\"canonical\" href=\"https:\/\/www.bengs-modellbau.de\/magazin\/kunden-modelle\/dampfmaschine\/dampfmaschine-sophie\/\" \/>\n<meta property=\"og:locale\" content=\"de_DE\" \/>\n<meta property=\"og:type\" content=\"article\" \/>\n<meta property=\"og:title\" content=\"Dampfmaschine &quot;Sophie&quot; - Bengs Modellbau Magazin\" \/>\n<meta property=\"og:description\" content=\"Kundenmodelle von der Dampfmaschine &quot;Sophie&quot;. Hier sehen Sie einige Baus\u00e4tze die von Kunden hergestellt wurden.\" \/>\n<meta property=\"og:url\" content=\"https:\/\/www.bengs-modellbau.de\/magazin\/kunden-modelle\/dampfmaschine\/dampfmaschine-sophie\/\" \/>\n<meta property=\"og:site_name\" content=\"Bengs Modellbau Magazin\" \/>\n<meta property=\"article:modified_time\" content=\"2025-02-18T20:23:44+00:00\" \/>\n<meta property=\"og:image\" content=\"https:\/\/www.bengs-modellbau.de\/magazin\/wp-content\/uploads\/2011\/08\/Balancierdampfmaschine-Sophie-Bengs.jpg\" \/>\n\t<meta property=\"og:image:width\" content=\"1200\" \/>\n\t<meta property=\"og:image:height\" content=\"800\" \/>\n\t<meta property=\"og:image:type\" content=\"image\/jpeg\" \/>\n<meta name=\"twitter:card\" content=\"summary_large_image\" \/>\n<meta name=\"twitter:label1\" content=\"Gesch\u00e4tzte Lesezeit\" \/>\n\t<meta name=\"twitter:data1\" content=\"1\u00a0Minute\" \/>\n<script type=\"application\/ld+json\" class=\"yoast-schema-graph\">{\"@context\":\"https:\\\/\\\/schema.org\",\"@graph\":[{\"@type\":\"WebPage\",\"@id\":\"https:\\\/\\\/www.bengs-modellbau.de\\\/magazin\\\/kunden-modelle\\\/dampfmaschine\\\/dampfmaschine-sophie\\\/\",\"url\":\"https:\\\/\\\/www.bengs-modellbau.de\\\/magazin\\\/kunden-modelle\\\/dampfmaschine\\\/dampfmaschine-sophie\\\/\",\"name\":\"Dampfmaschine \\\"Sophie\\\" - Bengs Modellbau Magazin\",\"isPartOf\":{\"@id\":\"https:\\\/\\\/www.bengs-modellbau.de\\\/magazin\\\/#website\"},\"primaryImageOfPage\":{\"@id\":\"https:\\\/\\\/www.bengs-modellbau.de\\\/magazin\\\/kunden-modelle\\\/dampfmaschine\\\/dampfmaschine-sophie\\\/#primaryimage\"},\"image\":{\"@id\":\"https:\\\/\\\/www.bengs-modellbau.de\\\/magazin\\\/kunden-modelle\\\/dampfmaschine\\\/dampfmaschine-sophie\\\/#primaryimage\"},\"thumbnailUrl\":\"http:\\\/\\\/www.bengs-modellbau.de\\\/magazin\\\/wp-content\\\/uploads\\\/2011\\\/08\\\/Balancierdampfmaschine-Sophie-Bengs-1024x683.jpg\",\"datePublished\":\"2011-08-05T14:19:50+00:00\",\"dateModified\":\"2025-02-18T20:23:44+00:00\",\"description\":\"Kundenmodelle von der Dampfmaschine \\\"Sophie\\\". Hier sehen Sie einige Baus\u00e4tze die von Kunden hergestellt wurden.\",\"breadcrumb\":{\"@id\":\"https:\\\/\\\/www.bengs-modellbau.de\\\/magazin\\\/kunden-modelle\\\/dampfmaschine\\\/dampfmaschine-sophie\\\/#breadcrumb\"},\"inLanguage\":\"de\",\"potentialAction\":[{\"@type\":\"ReadAction\",\"target\":[\"https:\\\/\\\/www.bengs-modellbau.de\\\/magazin\\\/kunden-modelle\\\/dampfmaschine\\\/dampfmaschine-sophie\\\/\"]}]},{\"@type\":\"ImageObject\",\"inLanguage\":\"de\",\"@id\":\"https:\\\/\\\/www.bengs-modellbau.de\\\/magazin\\\/kunden-modelle\\\/dampfmaschine\\\/dampfmaschine-sophie\\\/#primaryimage\",\"url\":\"https:\\\/\\\/www.bengs-modellbau.de\\\/magazin\\\/wp-content\\\/uploads\\\/2011\\\/08\\\/Balancierdampfmaschine-Sophie-Bengs.jpg\",\"contentUrl\":\"https:\\\/\\\/www.bengs-modellbau.de\\\/magazin\\\/wp-content\\\/uploads\\\/2011\\\/08\\\/Balancierdampfmaschine-Sophie-Bengs.jpg\",\"width\":1200,\"height\":800},{\"@type\":\"BreadcrumbList\",\"@id\":\"https:\\\/\\\/www.bengs-modellbau.de\\\/magazin\\\/kunden-modelle\\\/dampfmaschine\\\/dampfmaschine-sophie\\\/#breadcrumb\",\"itemListElement\":[{\"@type\":\"ListItem\",\"position\":1,\"name\":\"Startseite\",\"item\":\"https:\\\/\\\/www.bengs-modellbau.de\\\/magazin\\\/\"},{\"@type\":\"ListItem\",\"position\":2,\"name\":\"Kunden Modelle\",\"item\":\"https:\\\/\\\/www.bengs-modellbau.de\\\/magazin\\\/kunden-modelle\\\/\"},{\"@type\":\"ListItem\",\"position\":3,\"name\":\"Dampfmaschine\",\"item\":\"https:\\\/\\\/www.bengs-modellbau.de\\\/magazin\\\/kunden-modelle\\\/dampfmaschine\\\/\"},{\"@type\":\"ListItem\",\"position\":4,\"name\":\"Dampfmaschine &#8222;Sophie&#8220;\"}]},{\"@type\":\"WebSite\",\"@id\":\"https:\\\/\\\/www.bengs-modellbau.de\\\/magazin\\\/#website\",\"url\":\"https:\\\/\\\/www.bengs-modellbau.de\\\/magazin\\\/\",\"name\":\"Bengs Modellbau Magazin\",\"description\":\"\",\"publisher\":{\"@id\":\"https:\\\/\\\/www.bengs-modellbau.de\\\/magazin\\\/#organization\"},\"potentialAction\":[{\"@type\":\"SearchAction\",\"target\":{\"@type\":\"EntryPoint\",\"urlTemplate\":\"https:\\\/\\\/www.bengs-modellbau.de\\\/magazin\\\/?s={search_term_string}\"},\"query-input\":{\"@type\":\"PropertyValueSpecification\",\"valueRequired\":true,\"valueName\":\"search_term_string\"}}],\"inLanguage\":\"de\"},{\"@type\":\"Organization\",\"@id\":\"https:\\\/\\\/www.bengs-modellbau.de\\\/magazin\\\/#organization\",\"name\":\"Bengs Modellbau Magazin\",\"url\":\"https:\\\/\\\/www.bengs-modellbau.de\\\/magazin\\\/\",\"logo\":{\"@type\":\"ImageObject\",\"inLanguage\":\"de\",\"@id\":\"https:\\\/\\\/www.bengs-modellbau.de\\\/magazin\\\/#\\\/schema\\\/logo\\\/image\\\/\",\"url\":\"https:\\\/\\\/www.bengs-modellbau.de\\\/magazin\\\/wp-content\\\/uploads\\\/2024\\\/01\\\/logo-bengs-ebay-2.jpg\",\"contentUrl\":\"https:\\\/\\\/www.bengs-modellbau.de\\\/magazin\\\/wp-content\\\/uploads\\\/2024\\\/01\\\/logo-bengs-ebay-2.jpg\",\"width\":369,\"height\":167,\"caption\":\"Bengs Modellbau Magazin\"},\"image\":{\"@id\":\"https:\\\/\\\/www.bengs-modellbau.de\\\/magazin\\\/#\\\/schema\\\/logo\\\/image\\\/\"}}]}<\/script>\n<!-- \/ Yoast SEO plugin. -->","yoast_head_json":{"title":"Dampfmaschine \"Sophie\" - Bengs Modellbau Magazin","description":"Kundenmodelle von der Dampfmaschine \"Sophie\". Hier sehen Sie einige Baus\u00e4tze die von Kunden hergestellt wurden.","robots":{"index":"index","follow":"follow","max-snippet":"max-snippet:-1","max-image-preview":"max-image-preview:large","max-video-preview":"max-video-preview:-1"},"canonical":"https:\/\/www.bengs-modellbau.de\/magazin\/kunden-modelle\/dampfmaschine\/dampfmaschine-sophie\/","og_locale":"de_DE","og_type":"article","og_title":"Dampfmaschine \"Sophie\" - Bengs Modellbau Magazin","og_description":"Kundenmodelle von der Dampfmaschine \"Sophie\". Hier sehen Sie einige Baus\u00e4tze die von Kunden hergestellt wurden.","og_url":"https:\/\/www.bengs-modellbau.de\/magazin\/kunden-modelle\/dampfmaschine\/dampfmaschine-sophie\/","og_site_name":"Bengs Modellbau Magazin","article_modified_time":"2025-02-18T20:23:44+00:00","og_image":[{"width":1200,"height":800,"url":"https:\/\/www.bengs-modellbau.de\/magazin\/wp-content\/uploads\/2011\/08\/Balancierdampfmaschine-Sophie-Bengs.jpg","type":"image\/jpeg"}],"twitter_card":"summary_large_image","twitter_misc":{"Gesch\u00e4tzte Lesezeit":"1\u00a0Minute"},"schema":{"@context":"https:\/\/schema.org","@graph":[{"@type":"WebPage","@id":"https:\/\/www.bengs-modellbau.de\/magazin\/kunden-modelle\/dampfmaschine\/dampfmaschine-sophie\/","url":"https:\/\/www.bengs-modellbau.de\/magazin\/kunden-modelle\/dampfmaschine\/dampfmaschine-sophie\/","name":"Dampfmaschine \"Sophie\" - Bengs Modellbau Magazin","isPartOf":{"@id":"https:\/\/www.bengs-modellbau.de\/magazin\/#website"},"primaryImageOfPage":{"@id":"https:\/\/www.bengs-modellbau.de\/magazin\/kunden-modelle\/dampfmaschine\/dampfmaschine-sophie\/#primaryimage"},"image":{"@id":"https:\/\/www.bengs-modellbau.de\/magazin\/kunden-modelle\/dampfmaschine\/dampfmaschine-sophie\/#primaryimage"},"thumbnailUrl":"http:\/\/www.bengs-modellbau.de\/magazin\/wp-content\/uploads\/2011\/08\/Balancierdampfmaschine-Sophie-Bengs-1024x683.jpg","datePublished":"2011-08-05T14:19:50+00:00","dateModified":"2025-02-18T20:23:44+00:00","description":"Kundenmodelle von der Dampfmaschine \"Sophie\". Hier sehen Sie einige Baus\u00e4tze die von Kunden hergestellt wurden.","breadcrumb":{"@id":"https:\/\/www.bengs-modellbau.de\/magazin\/kunden-modelle\/dampfmaschine\/dampfmaschine-sophie\/#breadcrumb"},"inLanguage":"de","potentialAction":[{"@type":"ReadAction","target":["https:\/\/www.bengs-modellbau.de\/magazin\/kunden-modelle\/dampfmaschine\/dampfmaschine-sophie\/"]}]},{"@type":"ImageObject","inLanguage":"de","@id":"https:\/\/www.bengs-modellbau.de\/magazin\/kunden-modelle\/dampfmaschine\/dampfmaschine-sophie\/#primaryimage","url":"https:\/\/www.bengs-modellbau.de\/magazin\/wp-content\/uploads\/2011\/08\/Balancierdampfmaschine-Sophie-Bengs.jpg","contentUrl":"https:\/\/www.bengs-modellbau.de\/magazin\/wp-content\/uploads\/2011\/08\/Balancierdampfmaschine-Sophie-Bengs.jpg","width":1200,"height":800},{"@type":"BreadcrumbList","@id":"https:\/\/www.bengs-modellbau.de\/magazin\/kunden-modelle\/dampfmaschine\/dampfmaschine-sophie\/#breadcrumb","itemListElement":[{"@type":"ListItem","position":1,"name":"Startseite","item":"https:\/\/www.bengs-modellbau.de\/magazin\/"},{"@type":"ListItem","position":2,"name":"Kunden Modelle","item":"https:\/\/www.bengs-modellbau.de\/magazin\/kunden-modelle\/"},{"@type":"ListItem","position":3,"name":"Dampfmaschine","item":"https:\/\/www.bengs-modellbau.de\/magazin\/kunden-modelle\/dampfmaschine\/"},{"@type":"ListItem","position":4,"name":"Dampfmaschine &#8222;Sophie&#8220;"}]},{"@type":"WebSite","@id":"https:\/\/www.bengs-modellbau.de\/magazin\/#website","url":"https:\/\/www.bengs-modellbau.de\/magazin\/","name":"Bengs Modellbau Magazin","description":"","publisher":{"@id":"https:\/\/www.bengs-modellbau.de\/magazin\/#organization"},"potentialAction":[{"@type":"SearchAction","target":{"@type":"EntryPoint","urlTemplate":"https:\/\/www.bengs-modellbau.de\/magazin\/?s={search_term_string}"},"query-input":{"@type":"PropertyValueSpecification","valueRequired":true,"valueName":"search_term_string"}}],"inLanguage":"de"},{"@type":"Organization","@id":"https:\/\/www.bengs-modellbau.de\/magazin\/#organization","name":"Bengs Modellbau Magazin","url":"https:\/\/www.bengs-modellbau.de\/magazin\/","logo":{"@type":"ImageObject","inLanguage":"de","@id":"https:\/\/www.bengs-modellbau.de\/magazin\/#\/schema\/logo\/image\/","url":"https:\/\/www.bengs-modellbau.de\/magazin\/wp-content\/uploads\/2024\/01\/logo-bengs-ebay-2.jpg","contentUrl":"https:\/\/www.bengs-modellbau.de\/magazin\/wp-content\/uploads\/2024\/01\/logo-bengs-ebay-2.jpg","width":369,"height":167,"caption":"Bengs Modellbau Magazin"},"image":{"@id":"https:\/\/www.bengs-modellbau.de\/magazin\/#\/schema\/logo\/image\/"}}]}},"_links":{"self":[{"href":"https:\/\/www.bengs-modellbau.de\/magazin\/wp-json\/wp\/v2\/pages\/403","targetHints":{"allow":["GET"]}}],"collection":[{"href":"https:\/\/www.bengs-modellbau.de\/magazin\/wp-json\/wp\/v2\/pages"}],"about":[{"href":"https:\/\/www.bengs-modellbau.de\/magazin\/wp-json\/wp\/v2\/types\/page"}],"author":[{"embeddable":true,"href":"https:\/\/www.bengs-modellbau.de\/magazin\/wp-json\/wp\/v2\/users\/1"}],"replies":[{"embeddable":true,"href":"https:\/\/www.bengs-modellbau.de\/magazin\/wp-json\/wp\/v2\/comments?post=403"}],"version-history":[{"count":9,"href":"https:\/\/www.bengs-modellbau.de\/magazin\/wp-json\/wp\/v2\/pages\/403\/revisions"}],"predecessor-version":[{"id":5412,"href":"https:\/\/www.bengs-modellbau.de\/magazin\/wp-json\/wp\/v2\/pages\/403\/revisions\/5412"}],"up":[{"embeddable":true,"href":"https:\/\/www.bengs-modellbau.de\/magazin\/wp-json\/wp\/v2\/pages\/381"}],"wp:attachment":[{"href":"https:\/\/www.bengs-modellbau.de\/magazin\/wp-json\/wp\/v2\/media?parent=403"}],"curies":[{"name":"wp","href":"https:\/\/api.w.org\/{rel}","templated":true}]}}