{"id":399,"date":"2011-08-05T14:18:30","date_gmt":"2011-08-05T14:18:30","guid":{"rendered":"http:\/\/www.bengs-modellbau.de\/magazin\/?page_id=399"},"modified":"2025-02-18T22:57:39","modified_gmt":"2025-02-18T20:57:39","slug":"stirlingmotor-john","status":"publish","type":"page","link":"https:\/\/www.bengs-modellbau.de\/magazin\/kunden-modelle\/stirlingmotor\/stirlingmotor-john\/","title":{"rendered":"Stirlingmotor &#8222;John&#8220;"},"content":{"rendered":"<p>Der Stirlingmotor \u201eJohn\u201c ist ein besonders sch\u00f6nes Modell mit viel Kraft. Der Ryder Ericsson Stirlingmotor von Bengs Modellbau ist das Modell eines Originalen Stirlingmotors aus dem Jahre 1880. Durch seine gro\u00dfen Kraft\u00fcberschu\u00df eignet sich der Modellbau Stirlingmotor gut zum antreiben von Antriebsmodellen.<\/p>\n<p><strong>Hier gelangen Sie in den Bengs Modellbau Shop zum Materialbausatz \u00a0<a href=\"https:\/\/www.bengs-modellbau.de\/Rider-Ericsson-Stirlingmotor-John\/2101\">Stirlingmotor &#8222;John&#8220;<\/a><\/strong><\/p>\n<h3>Kundenmodel Ericsson Hot Air Pump\u00a0\u201eJohn\u201c im Diorama<\/h3>\n<p>Dieser Modellbau Stirlingmotor&#8220; John&#8220; wurde in ein sehr sch\u00f6nes Diorama integriert. Dieses Diorama zeigt sehr sch\u00f6n wie der Stirlingmotor vor ca. 130 Jahren eingesetzt wurde. Die Ericsson Hot Air Pump wurde unter anderem zum pumpen von Wasser f\u00fcr das Vieh auf der Weide benutzt aber auch als&#8220; Hauswasserversorgung&#8220; f\u00fcr H\u00e4user oder kleine Gewerbebetriebe. Das Wasser wurde von einem Brunnen in einem Hochbeh\u00e4lter gepumpt aus dem es dann bei Bedarf Wasser entnommen werden konnte. Der Ericsson Stirlingmotor hatte den Vorteil dass er einfacher und sicherer zu bedienen war als eine Dampfmaschine mit Dampfkessel. Au\u00dferdem konnte man den Stirlingmotor entweder mit Holz, mit \u00d6l oder Gas beheizten.<\/p>\n<figure id=\"attachment_1033\" aria-describedby=\"caption-attachment-1033\" style=\"width: 640px\" class=\"wp-caption aligncenter\"><a href=\"http:\/\/www.bengs-modellbau.de\/magazin\/wp-content\/uploads\/2011\/08\/Ericsson-Hot-Air-Pump.jpg\"><img fetchpriority=\"high\" decoding=\"async\" class=\"size-large wp-image-1033\" title=\"Ericsson-Hot-Air-Pump\" src=\"http:\/\/www.bengs-modellbau.de\/magazin\/wp-content\/uploads\/2011\/08\/Ericsson-Hot-Air-Pump-1024x768.jpg\" alt=\"\" width=\"640\" height=\"480\" srcset=\"https:\/\/www.bengs-modellbau.de\/magazin\/wp-content\/uploads\/2011\/08\/Ericsson-Hot-Air-Pump-1024x768.jpg 1024w, https:\/\/www.bengs-modellbau.de\/magazin\/wp-content\/uploads\/2011\/08\/Ericsson-Hot-Air-Pump-300x225.jpg 300w, https:\/\/www.bengs-modellbau.de\/magazin\/wp-content\/uploads\/2011\/08\/Ericsson-Hot-Air-Pump.jpg 1200w\" sizes=\"(max-width: 640px) 100vw, 640px\" \/><\/a><figcaption id=\"caption-attachment-1033\" class=\"wp-caption-text\">Modellbau Stirlingmotor&#8220; John&#8220; Ericsson Hot-Air Pump<\/figcaption><\/figure>\n<h3>Kundenmodel Stirlingmotor \u201eJohn\u201c mit Brunnen<\/h3>\n<p>Habe dem &#8222;John&#8220; eine &#8222;sinnvolle&#8220; Aufgabe gegeben, indem ich sein K\u00fchlwasser \u00fcber einen\u00a0historischen Brunnen laufen lasse, der vor ca. 45 Jahren in meinem Heimatort verschrottet.\u00a0Es hat lange gedauert bis das Maschinchen lief, trotzdem hat die Anfertigung des Materialbausatzes gro\u00dfen Spa\u00df gemacht.<\/p>\n<p><a href=\"http:\/\/www.bengs-modellbau.de\/magazin\/wp-content\/uploads\/2011\/08\/Ryder-ericsson-modell.jpg\"><img decoding=\"async\" class=\"aligncenter size-large wp-image-707\" title=\"Ryder-ericsson-modell\" src=\"http:\/\/www.bengs-modellbau.de\/magazin\/wp-content\/uploads\/2011\/08\/Ryder-ericsson-modell-1024x768.jpg\" alt=\"\" width=\"640\" height=\"480\" srcset=\"https:\/\/www.bengs-modellbau.de\/magazin\/wp-content\/uploads\/2011\/08\/Ryder-ericsson-modell-1024x768.jpg 1024w, https:\/\/www.bengs-modellbau.de\/magazin\/wp-content\/uploads\/2011\/08\/Ryder-ericsson-modell-300x225.jpg 300w, https:\/\/www.bengs-modellbau.de\/magazin\/wp-content\/uploads\/2011\/08\/Ryder-ericsson-modell.jpg 1200w\" sizes=\"(max-width: 640px) 100vw, 640px\" \/><\/a><\/p>\n<figure id=\"attachment_705\" aria-describedby=\"caption-attachment-705\" style=\"width: 640px\" class=\"wp-caption aligncenter\"><a href=\"http:\/\/www.bengs-modellbau.de\/magazin\/wp-content\/uploads\/2011\/08\/rider-ericsson-gas-.jpg\"><img decoding=\"async\" class=\"size-large wp-image-705\" title=\"rider-ericsson-gas\" src=\"http:\/\/www.bengs-modellbau.de\/magazin\/wp-content\/uploads\/2011\/08\/rider-ericsson-gas--1024x791.jpg\" alt=\"\" width=\"640\" height=\"494\" srcset=\"https:\/\/www.bengs-modellbau.de\/magazin\/wp-content\/uploads\/2011\/08\/rider-ericsson-gas--1024x791.jpg 1024w, https:\/\/www.bengs-modellbau.de\/magazin\/wp-content\/uploads\/2011\/08\/rider-ericsson-gas--300x231.jpg 300w, https:\/\/www.bengs-modellbau.de\/magazin\/wp-content\/uploads\/2011\/08\/rider-ericsson-gas-.jpg 1200w\" sizes=\"(max-width: 640px) 100vw, 640px\" \/><\/a><figcaption id=\"caption-attachment-705\" class=\"wp-caption-text\">Dieser Stirlingmotor wird mit einem Gasbrenner beheizt<\/figcaption><\/figure>\n<figure id=\"attachment_706\" aria-describedby=\"caption-attachment-706\" style=\"width: 640px\" class=\"wp-caption aligncenter\"><img loading=\"lazy\" decoding=\"async\" class=\"size-large wp-image-706\" title=\"Ryder-ericsson-bengs\" src=\"http:\/\/www.bengs-modellbau.de\/magazin\/wp-content\/uploads\/2011\/08\/Ryder-ericsson-bengs-1024x768.jpg\" alt=\"\" width=\"640\" height=\"480\" srcset=\"https:\/\/www.bengs-modellbau.de\/magazin\/wp-content\/uploads\/2011\/08\/Ryder-ericsson-bengs-1024x768.jpg 1024w, https:\/\/www.bengs-modellbau.de\/magazin\/wp-content\/uploads\/2011\/08\/Ryder-ericsson-bengs-300x225.jpg 300w, https:\/\/www.bengs-modellbau.de\/magazin\/wp-content\/uploads\/2011\/08\/Ryder-ericsson-bengs.jpg 1200w\" sizes=\"(max-width: 640px) 100vw, 640px\" \/><figcaption id=\"caption-attachment-706\" class=\"wp-caption-text\">Dieser Ryder Ericsson hat einen Ablasshahn f\u00fcr des K\u00fchlwasser<\/figcaption><\/figure>\n<p style=\"text-align: center;\"><span style=\"color: #000000; font-size: 12px; font-weight: bold; line-height: 18px; background-color: #f1f1f1;\"><img loading=\"lazy\" decoding=\"async\" class=\"size-full wp-image-708\" title=\"Ryder-ericsson-pumpe\" src=\"http:\/\/www.bengs-modellbau.de\/magazin\/wp-content\/uploads\/2011\/08\/Ryder-ericsson-pumpe.jpg\" alt=\"\" width=\"640\" height=\"480\" srcset=\"https:\/\/www.bengs-modellbau.de\/magazin\/wp-content\/uploads\/2011\/08\/Ryder-ericsson-pumpe.jpg 640w, https:\/\/www.bengs-modellbau.de\/magazin\/wp-content\/uploads\/2011\/08\/Ryder-ericsson-pumpe-300x225.jpg 300w\" sizes=\"(max-width: 640px) 100vw, 640px\" \/><\/span><\/p>\n<p>Bei diesem Modell wurden die Beine des Stirlingmotors Sehr sch\u00f6n verfeinert<\/p>\n<p style=\"text-align: center;\"><img loading=\"lazy\" decoding=\"async\" class=\"aligncenter size-large wp-image-704\" title=\"Ryder-ericsson-stirling\" src=\"http:\/\/www.bengs-modellbau.de\/magazin\/wp-content\/uploads\/2011\/08\/Ryder-ericsson-stirling-1024x768.jpg\" alt=\"\" width=\"640\" height=\"480\" srcset=\"https:\/\/www.bengs-modellbau.de\/magazin\/wp-content\/uploads\/2011\/08\/Ryder-ericsson-stirling-1024x768.jpg 1024w, https:\/\/www.bengs-modellbau.de\/magazin\/wp-content\/uploads\/2011\/08\/Ryder-ericsson-stirling-300x225.jpg 300w, https:\/\/www.bengs-modellbau.de\/magazin\/wp-content\/uploads\/2011\/08\/Ryder-ericsson-stirling.jpg 1200w\" sizes=\"(max-width: 640px) 100vw, 640px\" \/><\/p>\n<p style=\"text-align: center;\"><strong>Hier gelangen Sie in den Bengs Modellbau Shop zum Materialbausatz \u00a0<a href=\"https:\/\/www.bengs-modellbau.de\/Rider-Ericsson-Stirlingmotor-John\/2101\">Stirlingmotor &#8222;John&#8220;<\/a><\/strong><\/p>\n","protected":false},"excerpt":{"rendered":"<p>Der Stirlingmotor \u201eJohn\u201c ist ein besonders sch\u00f6nes Modell mit viel Kraft. Der Ryder Ericsson Stirlingmotor von Bengs Modellbau ist das Modell eines Originalen Stirlingmotors aus dem Jahre 1880. Durch seine gro\u00dfen Kraft\u00fcberschu\u00df eignet sich der Modellbau Stirlingmotor gut zum antreiben von Antriebsmodellen. Hier gelangen Sie in den Bengs Modellbau Shop zum Materialbausatz \u00a0Stirlingmotor &#8222;John&#8220; Kundenmodel [&hellip;]<\/p>\n","protected":false},"author":1,"featured_media":0,"parent":379,"menu_order":0,"comment_status":"closed","ping_status":"closed","template":"","meta":{"footnotes":""},"class_list":["post-399","page","type-page","status-publish","hentry"],"yoast_head":"<!-- This site is optimized with the Yoast SEO plugin v27.4 - https:\/\/yoast.com\/product\/yoast-seo-wordpress\/ -->\n<title>Stirlingmotor &quot;John&quot; - Bengs Modellbau Magazin<\/title>\n<meta name=\"robots\" content=\"index, follow, max-snippet:-1, max-image-preview:large, max-video-preview:-1\" \/>\n<link rel=\"canonical\" href=\"https:\/\/www.bengs-modellbau.de\/magazin\/kunden-modelle\/stirlingmotor\/stirlingmotor-john\/\" \/>\n<meta property=\"og:locale\" content=\"de_DE\" \/>\n<meta property=\"og:type\" content=\"article\" \/>\n<meta property=\"og:title\" content=\"Stirlingmotor &quot;John&quot; - Bengs Modellbau Magazin\" \/>\n<meta property=\"og:description\" content=\"Der Stirlingmotor \u201eJohn\u201c ist ein besonders sch\u00f6nes Modell mit viel Kraft. Der Ryder Ericsson Stirlingmotor von Bengs Modellbau ist das Modell eines Originalen Stirlingmotors aus dem Jahre 1880. Durch seine gro\u00dfen Kraft\u00fcberschu\u00df eignet sich der Modellbau Stirlingmotor gut zum antreiben von Antriebsmodellen. Hier gelangen Sie in den Bengs Modellbau Shop zum Materialbausatz \u00a0Stirlingmotor &#8222;John&#8220; Kundenmodel [&hellip;]\" \/>\n<meta property=\"og:url\" content=\"https:\/\/www.bengs-modellbau.de\/magazin\/kunden-modelle\/stirlingmotor\/stirlingmotor-john\/\" \/>\n<meta property=\"og:site_name\" content=\"Bengs Modellbau Magazin\" \/>\n<meta property=\"article:modified_time\" content=\"2025-02-18T20:57:39+00:00\" \/>\n<meta property=\"og:image\" content=\"https:\/\/www.bengs-modellbau.de\/magazin\/wp-content\/uploads\/2011\/08\/Ericsson-Hot-Air-Pump.jpg\" \/>\n\t<meta property=\"og:image:width\" content=\"1200\" \/>\n\t<meta property=\"og:image:height\" content=\"901\" \/>\n\t<meta property=\"og:image:type\" content=\"image\/jpeg\" \/>\n<meta name=\"twitter:card\" content=\"summary_large_image\" \/>\n<meta name=\"twitter:label1\" content=\"Gesch\u00e4tzte Lesezeit\" \/>\n\t<meta name=\"twitter:data1\" content=\"1\u00a0Minute\" \/>\n<script type=\"application\/ld+json\" class=\"yoast-schema-graph\">{\"@context\":\"https:\\\/\\\/schema.org\",\"@graph\":[{\"@type\":\"WebPage\",\"@id\":\"https:\\\/\\\/www.bengs-modellbau.de\\\/magazin\\\/kunden-modelle\\\/stirlingmotor\\\/stirlingmotor-john\\\/\",\"url\":\"https:\\\/\\\/www.bengs-modellbau.de\\\/magazin\\\/kunden-modelle\\\/stirlingmotor\\\/stirlingmotor-john\\\/\",\"name\":\"Stirlingmotor \\\"John\\\" - Bengs Modellbau Magazin\",\"isPartOf\":{\"@id\":\"https:\\\/\\\/www.bengs-modellbau.de\\\/magazin\\\/#website\"},\"primaryImageOfPage\":{\"@id\":\"https:\\\/\\\/www.bengs-modellbau.de\\\/magazin\\\/kunden-modelle\\\/stirlingmotor\\\/stirlingmotor-john\\\/#primaryimage\"},\"image\":{\"@id\":\"https:\\\/\\\/www.bengs-modellbau.de\\\/magazin\\\/kunden-modelle\\\/stirlingmotor\\\/stirlingmotor-john\\\/#primaryimage\"},\"thumbnailUrl\":\"http:\\\/\\\/www.bengs-modellbau.de\\\/magazin\\\/wp-content\\\/uploads\\\/2011\\\/08\\\/Ericsson-Hot-Air-Pump-1024x768.jpg\",\"datePublished\":\"2011-08-05T14:18:30+00:00\",\"dateModified\":\"2025-02-18T20:57:39+00:00\",\"breadcrumb\":{\"@id\":\"https:\\\/\\\/www.bengs-modellbau.de\\\/magazin\\\/kunden-modelle\\\/stirlingmotor\\\/stirlingmotor-john\\\/#breadcrumb\"},\"inLanguage\":\"de\",\"potentialAction\":[{\"@type\":\"ReadAction\",\"target\":[\"https:\\\/\\\/www.bengs-modellbau.de\\\/magazin\\\/kunden-modelle\\\/stirlingmotor\\\/stirlingmotor-john\\\/\"]}]},{\"@type\":\"ImageObject\",\"inLanguage\":\"de\",\"@id\":\"https:\\\/\\\/www.bengs-modellbau.de\\\/magazin\\\/kunden-modelle\\\/stirlingmotor\\\/stirlingmotor-john\\\/#primaryimage\",\"url\":\"https:\\\/\\\/www.bengs-modellbau.de\\\/magazin\\\/wp-content\\\/uploads\\\/2011\\\/08\\\/Ericsson-Hot-Air-Pump.jpg\",\"contentUrl\":\"https:\\\/\\\/www.bengs-modellbau.de\\\/magazin\\\/wp-content\\\/uploads\\\/2011\\\/08\\\/Ericsson-Hot-Air-Pump.jpg\",\"width\":\"1200\",\"height\":\"901\",\"caption\":\"Modellbau Stirlingmotor\\\" John\\\" Ericsson Hot-Air Pump\"},{\"@type\":\"BreadcrumbList\",\"@id\":\"https:\\\/\\\/www.bengs-modellbau.de\\\/magazin\\\/kunden-modelle\\\/stirlingmotor\\\/stirlingmotor-john\\\/#breadcrumb\",\"itemListElement\":[{\"@type\":\"ListItem\",\"position\":1,\"name\":\"Startseite\",\"item\":\"https:\\\/\\\/www.bengs-modellbau.de\\\/magazin\\\/\"},{\"@type\":\"ListItem\",\"position\":2,\"name\":\"Kunden Modelle\",\"item\":\"https:\\\/\\\/www.bengs-modellbau.de\\\/magazin\\\/kunden-modelle\\\/\"},{\"@type\":\"ListItem\",\"position\":3,\"name\":\"Stirlingmotor\",\"item\":\"https:\\\/\\\/www.bengs-modellbau.de\\\/magazin\\\/kunden-modelle\\\/stirlingmotor\\\/\"},{\"@type\":\"ListItem\",\"position\":4,\"name\":\"Stirlingmotor &#8222;John&#8220;\"}]},{\"@type\":\"WebSite\",\"@id\":\"https:\\\/\\\/www.bengs-modellbau.de\\\/magazin\\\/#website\",\"url\":\"https:\\\/\\\/www.bengs-modellbau.de\\\/magazin\\\/\",\"name\":\"Bengs Modellbau Magazin\",\"description\":\"\",\"publisher\":{\"@id\":\"https:\\\/\\\/www.bengs-modellbau.de\\\/magazin\\\/#organization\"},\"potentialAction\":[{\"@type\":\"SearchAction\",\"target\":{\"@type\":\"EntryPoint\",\"urlTemplate\":\"https:\\\/\\\/www.bengs-modellbau.de\\\/magazin\\\/?s={search_term_string}\"},\"query-input\":{\"@type\":\"PropertyValueSpecification\",\"valueRequired\":true,\"valueName\":\"search_term_string\"}}],\"inLanguage\":\"de\"},{\"@type\":\"Organization\",\"@id\":\"https:\\\/\\\/www.bengs-modellbau.de\\\/magazin\\\/#organization\",\"name\":\"Bengs Modellbau Magazin\",\"url\":\"https:\\\/\\\/www.bengs-modellbau.de\\\/magazin\\\/\",\"logo\":{\"@type\":\"ImageObject\",\"inLanguage\":\"de\",\"@id\":\"https:\\\/\\\/www.bengs-modellbau.de\\\/magazin\\\/#\\\/schema\\\/logo\\\/image\\\/\",\"url\":\"https:\\\/\\\/www.bengs-modellbau.de\\\/magazin\\\/wp-content\\\/uploads\\\/2024\\\/01\\\/logo-bengs-ebay-2.jpg\",\"contentUrl\":\"https:\\\/\\\/www.bengs-modellbau.de\\\/magazin\\\/wp-content\\\/uploads\\\/2024\\\/01\\\/logo-bengs-ebay-2.jpg\",\"width\":369,\"height\":167,\"caption\":\"Bengs Modellbau Magazin\"},\"image\":{\"@id\":\"https:\\\/\\\/www.bengs-modellbau.de\\\/magazin\\\/#\\\/schema\\\/logo\\\/image\\\/\"}}]}<\/script>\n<!-- \/ Yoast SEO plugin. -->","yoast_head_json":{"title":"Stirlingmotor \"John\" - Bengs Modellbau Magazin","robots":{"index":"index","follow":"follow","max-snippet":"max-snippet:-1","max-image-preview":"max-image-preview:large","max-video-preview":"max-video-preview:-1"},"canonical":"https:\/\/www.bengs-modellbau.de\/magazin\/kunden-modelle\/stirlingmotor\/stirlingmotor-john\/","og_locale":"de_DE","og_type":"article","og_title":"Stirlingmotor \"John\" - Bengs Modellbau Magazin","og_description":"Der Stirlingmotor \u201eJohn\u201c ist ein besonders sch\u00f6nes Modell mit viel Kraft. Der Ryder Ericsson Stirlingmotor von Bengs Modellbau ist das Modell eines Originalen Stirlingmotors aus dem Jahre 1880. Durch seine gro\u00dfen Kraft\u00fcberschu\u00df eignet sich der Modellbau Stirlingmotor gut zum antreiben von Antriebsmodellen. Hier gelangen Sie in den Bengs Modellbau Shop zum Materialbausatz \u00a0Stirlingmotor &#8222;John&#8220; Kundenmodel [&hellip;]","og_url":"https:\/\/www.bengs-modellbau.de\/magazin\/kunden-modelle\/stirlingmotor\/stirlingmotor-john\/","og_site_name":"Bengs Modellbau Magazin","article_modified_time":"2025-02-18T20:57:39+00:00","og_image":[{"width":1200,"height":901,"url":"https:\/\/www.bengs-modellbau.de\/magazin\/wp-content\/uploads\/2011\/08\/Ericsson-Hot-Air-Pump.jpg","type":"image\/jpeg"}],"twitter_card":"summary_large_image","twitter_misc":{"Gesch\u00e4tzte Lesezeit":"1\u00a0Minute"},"schema":{"@context":"https:\/\/schema.org","@graph":[{"@type":"WebPage","@id":"https:\/\/www.bengs-modellbau.de\/magazin\/kunden-modelle\/stirlingmotor\/stirlingmotor-john\/","url":"https:\/\/www.bengs-modellbau.de\/magazin\/kunden-modelle\/stirlingmotor\/stirlingmotor-john\/","name":"Stirlingmotor \"John\" - Bengs Modellbau Magazin","isPartOf":{"@id":"https:\/\/www.bengs-modellbau.de\/magazin\/#website"},"primaryImageOfPage":{"@id":"https:\/\/www.bengs-modellbau.de\/magazin\/kunden-modelle\/stirlingmotor\/stirlingmotor-john\/#primaryimage"},"image":{"@id":"https:\/\/www.bengs-modellbau.de\/magazin\/kunden-modelle\/stirlingmotor\/stirlingmotor-john\/#primaryimage"},"thumbnailUrl":"http:\/\/www.bengs-modellbau.de\/magazin\/wp-content\/uploads\/2011\/08\/Ericsson-Hot-Air-Pump-1024x768.jpg","datePublished":"2011-08-05T14:18:30+00:00","dateModified":"2025-02-18T20:57:39+00:00","breadcrumb":{"@id":"https:\/\/www.bengs-modellbau.de\/magazin\/kunden-modelle\/stirlingmotor\/stirlingmotor-john\/#breadcrumb"},"inLanguage":"de","potentialAction":[{"@type":"ReadAction","target":["https:\/\/www.bengs-modellbau.de\/magazin\/kunden-modelle\/stirlingmotor\/stirlingmotor-john\/"]}]},{"@type":"ImageObject","inLanguage":"de","@id":"https:\/\/www.bengs-modellbau.de\/magazin\/kunden-modelle\/stirlingmotor\/stirlingmotor-john\/#primaryimage","url":"https:\/\/www.bengs-modellbau.de\/magazin\/wp-content\/uploads\/2011\/08\/Ericsson-Hot-Air-Pump.jpg","contentUrl":"https:\/\/www.bengs-modellbau.de\/magazin\/wp-content\/uploads\/2011\/08\/Ericsson-Hot-Air-Pump.jpg","width":"1200","height":"901","caption":"Modellbau Stirlingmotor\" John\" Ericsson Hot-Air Pump"},{"@type":"BreadcrumbList","@id":"https:\/\/www.bengs-modellbau.de\/magazin\/kunden-modelle\/stirlingmotor\/stirlingmotor-john\/#breadcrumb","itemListElement":[{"@type":"ListItem","position":1,"name":"Startseite","item":"https:\/\/www.bengs-modellbau.de\/magazin\/"},{"@type":"ListItem","position":2,"name":"Kunden Modelle","item":"https:\/\/www.bengs-modellbau.de\/magazin\/kunden-modelle\/"},{"@type":"ListItem","position":3,"name":"Stirlingmotor","item":"https:\/\/www.bengs-modellbau.de\/magazin\/kunden-modelle\/stirlingmotor\/"},{"@type":"ListItem","position":4,"name":"Stirlingmotor &#8222;John&#8220;"}]},{"@type":"WebSite","@id":"https:\/\/www.bengs-modellbau.de\/magazin\/#website","url":"https:\/\/www.bengs-modellbau.de\/magazin\/","name":"Bengs Modellbau Magazin","description":"","publisher":{"@id":"https:\/\/www.bengs-modellbau.de\/magazin\/#organization"},"potentialAction":[{"@type":"SearchAction","target":{"@type":"EntryPoint","urlTemplate":"https:\/\/www.bengs-modellbau.de\/magazin\/?s={search_term_string}"},"query-input":{"@type":"PropertyValueSpecification","valueRequired":true,"valueName":"search_term_string"}}],"inLanguage":"de"},{"@type":"Organization","@id":"https:\/\/www.bengs-modellbau.de\/magazin\/#organization","name":"Bengs Modellbau Magazin","url":"https:\/\/www.bengs-modellbau.de\/magazin\/","logo":{"@type":"ImageObject","inLanguage":"de","@id":"https:\/\/www.bengs-modellbau.de\/magazin\/#\/schema\/logo\/image\/","url":"https:\/\/www.bengs-modellbau.de\/magazin\/wp-content\/uploads\/2024\/01\/logo-bengs-ebay-2.jpg","contentUrl":"https:\/\/www.bengs-modellbau.de\/magazin\/wp-content\/uploads\/2024\/01\/logo-bengs-ebay-2.jpg","width":369,"height":167,"caption":"Bengs Modellbau Magazin"},"image":{"@id":"https:\/\/www.bengs-modellbau.de\/magazin\/#\/schema\/logo\/image\/"}}]}},"_links":{"self":[{"href":"https:\/\/www.bengs-modellbau.de\/magazin\/wp-json\/wp\/v2\/pages\/399","targetHints":{"allow":["GET"]}}],"collection":[{"href":"https:\/\/www.bengs-modellbau.de\/magazin\/wp-json\/wp\/v2\/pages"}],"about":[{"href":"https:\/\/www.bengs-modellbau.de\/magazin\/wp-json\/wp\/v2\/types\/page"}],"author":[{"embeddable":true,"href":"https:\/\/www.bengs-modellbau.de\/magazin\/wp-json\/wp\/v2\/users\/1"}],"replies":[{"embeddable":true,"href":"https:\/\/www.bengs-modellbau.de\/magazin\/wp-json\/wp\/v2\/comments?post=399"}],"version-history":[{"count":9,"href":"https:\/\/www.bengs-modellbau.de\/magazin\/wp-json\/wp\/v2\/pages\/399\/revisions"}],"predecessor-version":[{"id":5428,"href":"https:\/\/www.bengs-modellbau.de\/magazin\/wp-json\/wp\/v2\/pages\/399\/revisions\/5428"}],"up":[{"embeddable":true,"href":"https:\/\/www.bengs-modellbau.de\/magazin\/wp-json\/wp\/v2\/pages\/379"}],"wp:attachment":[{"href":"https:\/\/www.bengs-modellbau.de\/magazin\/wp-json\/wp\/v2\/media?parent=399"}],"curies":[{"name":"wp","href":"https:\/\/api.w.org\/{rel}","templated":true}]}}