{"id":397,"date":"2011-08-05T14:18:00","date_gmt":"2011-08-05T14:18:00","guid":{"rendered":"http:\/\/www.bengs-modellbau.de\/magazin\/?page_id=397"},"modified":"2025-02-18T22:58:44","modified_gmt":"2025-02-18T20:58:44","slug":"stirlingmotor-laura","status":"publish","type":"page","link":"https:\/\/www.bengs-modellbau.de\/magazin\/kunden-modelle\/stirlingmotor\/stirlingmotor-laura\/","title":{"rendered":"Stirlingmotor &#8222;Laura&#8220;"},"content":{"rendered":"<p>Der Stirlingmotor Laura war f\u00fcr viele Modellbauer der einstig in den Technischen Modellbau. Es ist ein einfach herzustellendes Model ohne einfach auszusehen. Der interessante Bewegungsablauf der Kurbelwelle und der Hebel und Kolben zeigt sehr gut die Funktionsweise eines Hei\u00dfluftmotors. Bengs Modellbau vertreibt den Materialbausatz des Stirlingmotors \u201eLaura\u201c in den Sprachen Deutsch, Englisch und Franz\u00f6sisch.<\/p>\n<p><strong>Hier gelangen Sie in den Bengs Modellbau Shop zum Materialbausatz \u00a0<a href=\"https:\/\/www.bengs-modellbau.de\/Stirlingmotor-Laura-Materialbausatz\/2062\">Stirlingmotor &#8222;Laura&#8220;<\/a><\/strong><\/p>\n<h2>Stirlingmotor Laura B\u00fcniert mit Nerofor<\/h2>\n<p>Dieser sch\u00f6n gebaute Bausatz vom Stirlingmotor Laura ist mit der Jatoba Grundplatte ausgestattet. Alle Messingteile wurden mit Nerofor Messingbeize von Ballistol geschw\u00e4rzt auf eine Lackierung wurde hier absichtlich verzichtet.<\/p>\n<p><a href=\"http:\/\/www.bengs-modellbau.de\/magazin\/wp-content\/uploads\/2011\/08\/Laura-nerofor-stirlingmotor.jpg\"><img fetchpriority=\"high\" decoding=\"async\" class=\"alignnone size-large wp-image-3054\" src=\"http:\/\/www.bengs-modellbau.de\/magazin\/wp-content\/uploads\/2011\/08\/Laura-nerofor-stirlingmotor-1024x768.jpg\" alt=\"Laura-nerofor-stirlingmotor\" width=\"770\" height=\"578\" srcset=\"https:\/\/www.bengs-modellbau.de\/magazin\/wp-content\/uploads\/2011\/08\/Laura-nerofor-stirlingmotor-1024x768.jpg 1024w, https:\/\/www.bengs-modellbau.de\/magazin\/wp-content\/uploads\/2011\/08\/Laura-nerofor-stirlingmotor-300x225.jpg 300w, https:\/\/www.bengs-modellbau.de\/magazin\/wp-content\/uploads\/2011\/08\/Laura-nerofor-stirlingmotor-160x120.jpg 160w, https:\/\/www.bengs-modellbau.de\/magazin\/wp-content\/uploads\/2011\/08\/Laura-nerofor-stirlingmotor-240x180.jpg 240w, https:\/\/www.bengs-modellbau.de\/magazin\/wp-content\/uploads\/2011\/08\/Laura-nerofor-stirlingmotor-357x268.jpg 357w\" sizes=\"(max-width: 770px) 100vw, 770px\" \/><\/a><\/p>\n<h2>3x Stirlingmotor Laura mit Glaszylinder<span style=\"font-size: 13px;\">\u00a0<\/span><\/h2>\n<p>Dieser nach Bauplan gebauten Stirlingmotoren Laura haben einen Arbeitszylinder aus Glas und einen Arbeitskolben aus Graphitrundmaterial. Zwei St\u00fcck wurden in original Gr\u00f6\u00dfe von dem Modellbauer gebaut. Ein Stirlingmotor mit dem Original Fu\u00df von Bengs Modellbau aus der Bauanleitung und der andere mit einem abge\u00e4ndertem Fu\u00df wie Ihn zum Beispiel Wiggers bei seinen Stirlingmotoren baut.<\/p>\n<figure id=\"attachment_1386\" aria-describedby=\"caption-attachment-1386\" style=\"width: 770px\" class=\"wp-caption aligncenter\"><a href=\"http:\/\/www.bengs-modellbau.de\/magazin\/wp-content\/uploads\/2011\/08\/Stirling-glaszylinder.jpg\"><img decoding=\"async\" class=\"size-large wp-image-1386\" title=\"Stirling-glaszylinder.jpg\" src=\"http:\/\/www.bengs-modellbau.de\/magazin\/wp-content\/uploads\/2011\/08\/Stirling-glaszylinder-1024x680.jpg\" alt=\"\" width=\"770\" height=\"511\" srcset=\"https:\/\/www.bengs-modellbau.de\/magazin\/wp-content\/uploads\/2011\/08\/Stirling-glaszylinder-1024x680.jpg 1024w, https:\/\/www.bengs-modellbau.de\/magazin\/wp-content\/uploads\/2011\/08\/Stirling-glaszylinder-300x199.jpg 300w, https:\/\/www.bengs-modellbau.de\/magazin\/wp-content\/uploads\/2011\/08\/Stirling-glaszylinder-160x106.jpg 160w, https:\/\/www.bengs-modellbau.de\/magazin\/wp-content\/uploads\/2011\/08\/Stirling-glaszylinder-260x172.jpg 260w, https:\/\/www.bengs-modellbau.de\/magazin\/wp-content\/uploads\/2011\/08\/Stirling-glaszylinder-360x239.jpg 360w, https:\/\/www.bengs-modellbau.de\/magazin\/wp-content\/uploads\/2011\/08\/Stirling-glaszylinder.jpg 1200w\" sizes=\"(max-width: 770px) 100vw, 770px\" \/><\/a><figcaption id=\"caption-attachment-1386\" class=\"wp-caption-text\">Stirlingmotor Laura mit Glaszylinder<\/figcaption><\/figure>\n<figure id=\"attachment_1387\" aria-describedby=\"caption-attachment-1387\" style=\"width: 770px\" class=\"wp-caption aligncenter\"><a href=\"http:\/\/www.bengs-modellbau.de\/magazin\/wp-content\/uploads\/2011\/08\/DSC01224.jpg\"><img decoding=\"async\" class=\"size-large wp-image-1387\" title=\"Stirlingmotor-laura-staender\" src=\"http:\/\/www.bengs-modellbau.de\/magazin\/wp-content\/uploads\/2011\/08\/DSC01224-1024x680.jpg\" alt=\"\" width=\"770\" height=\"511\" srcset=\"https:\/\/www.bengs-modellbau.de\/magazin\/wp-content\/uploads\/2011\/08\/DSC01224-1024x680.jpg 1024w, https:\/\/www.bengs-modellbau.de\/magazin\/wp-content\/uploads\/2011\/08\/DSC01224-300x199.jpg 300w, https:\/\/www.bengs-modellbau.de\/magazin\/wp-content\/uploads\/2011\/08\/DSC01224-160x106.jpg 160w, https:\/\/www.bengs-modellbau.de\/magazin\/wp-content\/uploads\/2011\/08\/DSC01224-260x172.jpg 260w, https:\/\/www.bengs-modellbau.de\/magazin\/wp-content\/uploads\/2011\/08\/DSC01224-360x239.jpg 360w, https:\/\/www.bengs-modellbau.de\/magazin\/wp-content\/uploads\/2011\/08\/DSC01224.jpg 1200w\" sizes=\"(max-width: 770px) 100vw, 770px\" \/><\/a><figcaption id=\"caption-attachment-1387\" class=\"wp-caption-text\">Stirlingmotor Laura mit S\u00e4ulen St\u00e4nder<\/figcaption><\/figure>\n<figure id=\"attachment_1389\" aria-describedby=\"caption-attachment-1389\" style=\"width: 770px\" class=\"wp-caption aligncenter\"><a href=\"http:\/\/www.bengs-modellbau.de\/magazin\/wp-content\/uploads\/2011\/08\/Stirling-laura-bauplan.jpg\"><img loading=\"lazy\" decoding=\"async\" class=\"size-large wp-image-1389\" title=\"Stirling-laura-bauplan.jpg\" src=\"http:\/\/www.bengs-modellbau.de\/magazin\/wp-content\/uploads\/2011\/08\/Stirling-laura-bauplan-1024x680.jpg\" alt=\"\" width=\"770\" height=\"511\" srcset=\"https:\/\/www.bengs-modellbau.de\/magazin\/wp-content\/uploads\/2011\/08\/Stirling-laura-bauplan-1024x680.jpg 1024w, https:\/\/www.bengs-modellbau.de\/magazin\/wp-content\/uploads\/2011\/08\/Stirling-laura-bauplan-300x199.jpg 300w, https:\/\/www.bengs-modellbau.de\/magazin\/wp-content\/uploads\/2011\/08\/Stirling-laura-bauplan-160x106.jpg 160w, https:\/\/www.bengs-modellbau.de\/magazin\/wp-content\/uploads\/2011\/08\/Stirling-laura-bauplan-260x172.jpg 260w, https:\/\/www.bengs-modellbau.de\/magazin\/wp-content\/uploads\/2011\/08\/Stirling-laura-bauplan-360x239.jpg 360w, https:\/\/www.bengs-modellbau.de\/magazin\/wp-content\/uploads\/2011\/08\/Stirling-laura-bauplan.jpg 1200w\" sizes=\"(max-width: 770px) 100vw, 770px\" \/><\/a><figcaption id=\"caption-attachment-1389\" class=\"wp-caption-text\">2 Stirlingmotoren mit Glaszylinder<\/figcaption><\/figure>\n<p>Die dritte Maschine wurde einfach ein wenig vergr\u00f6\u00dfert gebaut. Als Lagerb\u00f6cke wurden Hier die Lagerb\u00f6cke vom Flammenfresser \u201eDer gro\u00dfe Nick\u201c benutzt. Auch hier war wieder eine Wiggers Maschine Vorbild f\u00fcr den Maschinenst\u00e4nder. Alle drei Stirlingmotoren haben sehr sch\u00f6ne einstellbare Glas\u00f6ler.<\/p>\n<figure id=\"attachment_1388\" aria-describedby=\"caption-attachment-1388\" style=\"width: 770px\" class=\"wp-caption aligncenter\"><a href=\"http:\/\/www.bengs-modellbau.de\/magazin\/wp-content\/uploads\/2011\/08\/3-stirlingmotoren.jpg\"><img loading=\"lazy\" decoding=\"async\" class=\"size-large wp-image-1388\" title=\"3-stirlingmotoren.jpg\" src=\"http:\/\/www.bengs-modellbau.de\/magazin\/wp-content\/uploads\/2011\/08\/3-stirlingmotoren-1024x680.jpg\" alt=\"\" width=\"770\" height=\"511\" srcset=\"https:\/\/www.bengs-modellbau.de\/magazin\/wp-content\/uploads\/2011\/08\/3-stirlingmotoren-1024x680.jpg 1024w, https:\/\/www.bengs-modellbau.de\/magazin\/wp-content\/uploads\/2011\/08\/3-stirlingmotoren-300x199.jpg 300w, https:\/\/www.bengs-modellbau.de\/magazin\/wp-content\/uploads\/2011\/08\/3-stirlingmotoren-160x106.jpg 160w, https:\/\/www.bengs-modellbau.de\/magazin\/wp-content\/uploads\/2011\/08\/3-stirlingmotoren-260x172.jpg 260w, https:\/\/www.bengs-modellbau.de\/magazin\/wp-content\/uploads\/2011\/08\/3-stirlingmotoren-360x239.jpg 360w, https:\/\/www.bengs-modellbau.de\/magazin\/wp-content\/uploads\/2011\/08\/3-stirlingmotoren.jpg 1200w\" sizes=\"(max-width: 770px) 100vw, 770px\" \/><\/a><figcaption id=\"caption-attachment-1388\" class=\"wp-caption-text\">3 Stirlingmotoren nach dem Vorbild der Bengs Modellbau Laura<\/figcaption><\/figure>\n<h2>Stirlingmotor Laura mit Brennerhaus<\/h2>\n<p>Dieser Stirling wurde auf eine gr\u00f6\u00dfere Platte gebaut. Das Schwungrad wurde in die Platte eingelassen und der Spiritusbrenner hat ein eigens H\u00e4uschen. Bei alten Spielzeug Stirlingmotoren, anfangs des 20. Jahrhunderts, war diese Bauweise sehr beliebt.<\/p>\n<p><a href=\"http:\/\/www.bengs-modellbau.de\/magazin\/wp-content\/uploads\/2011\/08\/Laura-stirling.jpg\"><img loading=\"lazy\" decoding=\"async\" class=\"aligncenter size-large wp-image-714\" title=\"Laura-stirling\" src=\"http:\/\/www.bengs-modellbau.de\/magazin\/wp-content\/uploads\/2011\/08\/Laura-stirling-1024x768.jpg\" alt=\"\" width=\"640\" height=\"480\" srcset=\"https:\/\/www.bengs-modellbau.de\/magazin\/wp-content\/uploads\/2011\/08\/Laura-stirling-1024x768.jpg 1024w, https:\/\/www.bengs-modellbau.de\/magazin\/wp-content\/uploads\/2011\/08\/Laura-stirling-300x225.jpg 300w, https:\/\/www.bengs-modellbau.de\/magazin\/wp-content\/uploads\/2011\/08\/Laura-stirling.jpg 1200w\" sizes=\"(max-width: 640px) 100vw, 640px\" \/><\/a><\/p>\n<p><img loading=\"lazy\" decoding=\"async\" class=\"aligncenter size-full wp-image-711\" title=\"Laura Blooo1\" src=\"http:\/\/www.bengs-modellbau.de\/magazin\/wp-content\/uploads\/2011\/08\/Laura-Blooo1.jpg\" alt=\"\" width=\"800\" height=\"639\" srcset=\"https:\/\/www.bengs-modellbau.de\/magazin\/wp-content\/uploads\/2011\/08\/Laura-Blooo1.jpg 800w, https:\/\/www.bengs-modellbau.de\/magazin\/wp-content\/uploads\/2011\/08\/Laura-Blooo1-300x239.jpg 300w\" sizes=\"(max-width: 800px) 100vw, 800px\" \/><\/p>\n<figure id=\"attachment_713\" aria-describedby=\"caption-attachment-713\" style=\"width: 865px\" class=\"wp-caption aligncenter\"><img loading=\"lazy\" decoding=\"async\" class=\"size-full wp-image-713\" title=\"Stirlingmotor-Laura\" src=\"http:\/\/www.bengs-modellbau.de\/magazin\/wp-content\/uploads\/2011\/08\/Stirlingmotor-Laura.jpg\" alt=\"\" width=\"865\" height=\"576\" srcset=\"https:\/\/www.bengs-modellbau.de\/magazin\/wp-content\/uploads\/2011\/08\/Stirlingmotor-Laura.jpg 865w, https:\/\/www.bengs-modellbau.de\/magazin\/wp-content\/uploads\/2011\/08\/Stirlingmotor-Laura-300x199.jpg 300w\" sizes=\"(max-width: 865px) 100vw, 865px\" \/><figcaption id=\"caption-attachment-713\" class=\"wp-caption-text\">Hei\u00dfluftmotor Laura auf gemauertem Sockel<\/figcaption><\/figure>\n<figure id=\"attachment_712\" aria-describedby=\"caption-attachment-712\" style=\"width: 640px\" class=\"wp-caption aligncenter\"><img loading=\"lazy\" decoding=\"async\" class=\"size-large wp-image-712\" title=\"Laura-stirlingmotor\" src=\"http:\/\/www.bengs-modellbau.de\/magazin\/wp-content\/uploads\/2011\/08\/Laura-Ulbricht-1024x768.jpg\" alt=\"\" width=\"640\" height=\"480\" srcset=\"https:\/\/www.bengs-modellbau.de\/magazin\/wp-content\/uploads\/2011\/08\/Laura-Ulbricht-1024x768.jpg 1024w, https:\/\/www.bengs-modellbau.de\/magazin\/wp-content\/uploads\/2011\/08\/Laura-Ulbricht-300x225.jpg 300w, https:\/\/www.bengs-modellbau.de\/magazin\/wp-content\/uploads\/2011\/08\/Laura-Ulbricht.jpg 1200w\" sizes=\"(max-width: 640px) 100vw, 640px\" \/><figcaption id=\"caption-attachment-712\" class=\"wp-caption-text\">Hier wurde die Grundplatte vergr\u00f6\u00dfert um den Brenner fest zu integrieren.<\/figcaption><\/figure>\n<p><strong>Hier gelangen Sie in den Bengs Modellbau Shop zum Materialbausatz \u00a0<a href=\"https:\/\/www.bengs-modellbau.de\/Stirlingmotor-Laura-Materialbausatz\/2062\">Stirlingmotor &#8222;Laura&#8220;<\/a><\/strong><\/p>\n","protected":false},"excerpt":{"rendered":"<p>Der Stirlingmotor Laura war f\u00fcr viele Modellbauer der einstig in den Technischen Modellbau. Es ist ein einfach herzustellendes Model ohne einfach auszusehen. Der interessante Bewegungsablauf der Kurbelwelle und der Hebel und Kolben zeigt sehr gut die Funktionsweise eines Hei\u00dfluftmotors. Bengs Modellbau vertreibt den Materialbausatz des Stirlingmotors \u201eLaura\u201c in den Sprachen Deutsch, Englisch und Franz\u00f6sisch. Hier [&hellip;]<\/p>\n","protected":false},"author":1,"featured_media":0,"parent":379,"menu_order":0,"comment_status":"closed","ping_status":"closed","template":"","meta":{"footnotes":""},"class_list":["post-397","page","type-page","status-publish","hentry"],"yoast_head":"<!-- This site is optimized with the Yoast SEO plugin v27.4 - https:\/\/yoast.com\/product\/yoast-seo-wordpress\/ -->\n<title>Stirlingmotor &quot;Laura&quot; - Bengs Modellbau Magazin<\/title>\n<meta name=\"description\" content=\"Hier sehen Sie kundenmodelle von Stirlingmotor &quot;Laura&quot; von Bengs Modellbau\" \/>\n<meta name=\"robots\" content=\"index, follow, max-snippet:-1, max-image-preview:large, max-video-preview:-1\" \/>\n<link rel=\"canonical\" href=\"https:\/\/www.bengs-modellbau.de\/magazin\/kunden-modelle\/stirlingmotor\/stirlingmotor-laura\/\" \/>\n<meta property=\"og:locale\" content=\"de_DE\" \/>\n<meta property=\"og:type\" content=\"article\" \/>\n<meta property=\"og:title\" content=\"Stirlingmotor &quot;Laura&quot; - Bengs Modellbau Magazin\" \/>\n<meta property=\"og:description\" content=\"Hier sehen Sie kundenmodelle von Stirlingmotor &quot;Laura&quot; von Bengs Modellbau\" \/>\n<meta property=\"og:url\" content=\"https:\/\/www.bengs-modellbau.de\/magazin\/kunden-modelle\/stirlingmotor\/stirlingmotor-laura\/\" \/>\n<meta property=\"og:site_name\" content=\"Bengs Modellbau Magazin\" \/>\n<meta property=\"article:modified_time\" content=\"2025-02-18T20:58:44+00:00\" \/>\n<meta property=\"og:image\" content=\"https:\/\/www.bengs-modellbau.de\/magazin\/wp-content\/uploads\/2011\/08\/Laura-nerofor-stirlingmotor.jpg\" \/>\n\t<meta property=\"og:image:width\" content=\"2560\" \/>\n\t<meta property=\"og:image:height\" content=\"1920\" \/>\n\t<meta property=\"og:image:type\" content=\"image\/jpeg\" \/>\n<meta name=\"twitter:card\" content=\"summary_large_image\" \/>\n<meta name=\"twitter:label1\" content=\"Gesch\u00e4tzte Lesezeit\" \/>\n\t<meta name=\"twitter:data1\" content=\"2\u00a0Minuten\" \/>\n<script type=\"application\/ld+json\" class=\"yoast-schema-graph\">{\"@context\":\"https:\\\/\\\/schema.org\",\"@graph\":[{\"@type\":\"WebPage\",\"@id\":\"https:\\\/\\\/www.bengs-modellbau.de\\\/magazin\\\/kunden-modelle\\\/stirlingmotor\\\/stirlingmotor-laura\\\/\",\"url\":\"https:\\\/\\\/www.bengs-modellbau.de\\\/magazin\\\/kunden-modelle\\\/stirlingmotor\\\/stirlingmotor-laura\\\/\",\"name\":\"Stirlingmotor \\\"Laura\\\" - Bengs Modellbau Magazin\",\"isPartOf\":{\"@id\":\"https:\\\/\\\/www.bengs-modellbau.de\\\/magazin\\\/#website\"},\"primaryImageOfPage\":{\"@id\":\"https:\\\/\\\/www.bengs-modellbau.de\\\/magazin\\\/kunden-modelle\\\/stirlingmotor\\\/stirlingmotor-laura\\\/#primaryimage\"},\"image\":{\"@id\":\"https:\\\/\\\/www.bengs-modellbau.de\\\/magazin\\\/kunden-modelle\\\/stirlingmotor\\\/stirlingmotor-laura\\\/#primaryimage\"},\"thumbnailUrl\":\"http:\\\/\\\/www.bengs-modellbau.de\\\/magazin\\\/wp-content\\\/uploads\\\/2011\\\/08\\\/Laura-nerofor-stirlingmotor-1024x768.jpg\",\"datePublished\":\"2011-08-05T14:18:00+00:00\",\"dateModified\":\"2025-02-18T20:58:44+00:00\",\"description\":\"Hier sehen Sie kundenmodelle von Stirlingmotor \\\"Laura\\\" von Bengs Modellbau\",\"breadcrumb\":{\"@id\":\"https:\\\/\\\/www.bengs-modellbau.de\\\/magazin\\\/kunden-modelle\\\/stirlingmotor\\\/stirlingmotor-laura\\\/#breadcrumb\"},\"inLanguage\":\"de\",\"potentialAction\":[{\"@type\":\"ReadAction\",\"target\":[\"https:\\\/\\\/www.bengs-modellbau.de\\\/magazin\\\/kunden-modelle\\\/stirlingmotor\\\/stirlingmotor-laura\\\/\"]}]},{\"@type\":\"ImageObject\",\"inLanguage\":\"de\",\"@id\":\"https:\\\/\\\/www.bengs-modellbau.de\\\/magazin\\\/kunden-modelle\\\/stirlingmotor\\\/stirlingmotor-laura\\\/#primaryimage\",\"url\":\"https:\\\/\\\/www.bengs-modellbau.de\\\/magazin\\\/wp-content\\\/uploads\\\/2011\\\/08\\\/Laura-nerofor-stirlingmotor.jpg\",\"contentUrl\":\"https:\\\/\\\/www.bengs-modellbau.de\\\/magazin\\\/wp-content\\\/uploads\\\/2011\\\/08\\\/Laura-nerofor-stirlingmotor.jpg\",\"width\":2560,\"height\":1920},{\"@type\":\"BreadcrumbList\",\"@id\":\"https:\\\/\\\/www.bengs-modellbau.de\\\/magazin\\\/kunden-modelle\\\/stirlingmotor\\\/stirlingmotor-laura\\\/#breadcrumb\",\"itemListElement\":[{\"@type\":\"ListItem\",\"position\":1,\"name\":\"Startseite\",\"item\":\"https:\\\/\\\/www.bengs-modellbau.de\\\/magazin\\\/\"},{\"@type\":\"ListItem\",\"position\":2,\"name\":\"Kunden Modelle\",\"item\":\"https:\\\/\\\/www.bengs-modellbau.de\\\/magazin\\\/kunden-modelle\\\/\"},{\"@type\":\"ListItem\",\"position\":3,\"name\":\"Stirlingmotor\",\"item\":\"https:\\\/\\\/www.bengs-modellbau.de\\\/magazin\\\/kunden-modelle\\\/stirlingmotor\\\/\"},{\"@type\":\"ListItem\",\"position\":4,\"name\":\"Stirlingmotor &#8222;Laura&#8220;\"}]},{\"@type\":\"WebSite\",\"@id\":\"https:\\\/\\\/www.bengs-modellbau.de\\\/magazin\\\/#website\",\"url\":\"https:\\\/\\\/www.bengs-modellbau.de\\\/magazin\\\/\",\"name\":\"Bengs Modellbau Magazin\",\"description\":\"\",\"publisher\":{\"@id\":\"https:\\\/\\\/www.bengs-modellbau.de\\\/magazin\\\/#organization\"},\"potentialAction\":[{\"@type\":\"SearchAction\",\"target\":{\"@type\":\"EntryPoint\",\"urlTemplate\":\"https:\\\/\\\/www.bengs-modellbau.de\\\/magazin\\\/?s={search_term_string}\"},\"query-input\":{\"@type\":\"PropertyValueSpecification\",\"valueRequired\":true,\"valueName\":\"search_term_string\"}}],\"inLanguage\":\"de\"},{\"@type\":\"Organization\",\"@id\":\"https:\\\/\\\/www.bengs-modellbau.de\\\/magazin\\\/#organization\",\"name\":\"Bengs Modellbau Magazin\",\"url\":\"https:\\\/\\\/www.bengs-modellbau.de\\\/magazin\\\/\",\"logo\":{\"@type\":\"ImageObject\",\"inLanguage\":\"de\",\"@id\":\"https:\\\/\\\/www.bengs-modellbau.de\\\/magazin\\\/#\\\/schema\\\/logo\\\/image\\\/\",\"url\":\"https:\\\/\\\/www.bengs-modellbau.de\\\/magazin\\\/wp-content\\\/uploads\\\/2024\\\/01\\\/logo-bengs-ebay-2.jpg\",\"contentUrl\":\"https:\\\/\\\/www.bengs-modellbau.de\\\/magazin\\\/wp-content\\\/uploads\\\/2024\\\/01\\\/logo-bengs-ebay-2.jpg\",\"width\":369,\"height\":167,\"caption\":\"Bengs Modellbau Magazin\"},\"image\":{\"@id\":\"https:\\\/\\\/www.bengs-modellbau.de\\\/magazin\\\/#\\\/schema\\\/logo\\\/image\\\/\"}}]}<\/script>\n<!-- \/ Yoast SEO plugin. -->","yoast_head_json":{"title":"Stirlingmotor \"Laura\" - Bengs Modellbau Magazin","description":"Hier sehen Sie kundenmodelle von Stirlingmotor \"Laura\" von Bengs Modellbau","robots":{"index":"index","follow":"follow","max-snippet":"max-snippet:-1","max-image-preview":"max-image-preview:large","max-video-preview":"max-video-preview:-1"},"canonical":"https:\/\/www.bengs-modellbau.de\/magazin\/kunden-modelle\/stirlingmotor\/stirlingmotor-laura\/","og_locale":"de_DE","og_type":"article","og_title":"Stirlingmotor \"Laura\" - Bengs Modellbau Magazin","og_description":"Hier sehen Sie kundenmodelle von Stirlingmotor \"Laura\" von Bengs Modellbau","og_url":"https:\/\/www.bengs-modellbau.de\/magazin\/kunden-modelle\/stirlingmotor\/stirlingmotor-laura\/","og_site_name":"Bengs Modellbau Magazin","article_modified_time":"2025-02-18T20:58:44+00:00","og_image":[{"width":2560,"height":1920,"url":"https:\/\/www.bengs-modellbau.de\/magazin\/wp-content\/uploads\/2011\/08\/Laura-nerofor-stirlingmotor.jpg","type":"image\/jpeg"}],"twitter_card":"summary_large_image","twitter_misc":{"Gesch\u00e4tzte Lesezeit":"2\u00a0Minuten"},"schema":{"@context":"https:\/\/schema.org","@graph":[{"@type":"WebPage","@id":"https:\/\/www.bengs-modellbau.de\/magazin\/kunden-modelle\/stirlingmotor\/stirlingmotor-laura\/","url":"https:\/\/www.bengs-modellbau.de\/magazin\/kunden-modelle\/stirlingmotor\/stirlingmotor-laura\/","name":"Stirlingmotor \"Laura\" - Bengs Modellbau Magazin","isPartOf":{"@id":"https:\/\/www.bengs-modellbau.de\/magazin\/#website"},"primaryImageOfPage":{"@id":"https:\/\/www.bengs-modellbau.de\/magazin\/kunden-modelle\/stirlingmotor\/stirlingmotor-laura\/#primaryimage"},"image":{"@id":"https:\/\/www.bengs-modellbau.de\/magazin\/kunden-modelle\/stirlingmotor\/stirlingmotor-laura\/#primaryimage"},"thumbnailUrl":"http:\/\/www.bengs-modellbau.de\/magazin\/wp-content\/uploads\/2011\/08\/Laura-nerofor-stirlingmotor-1024x768.jpg","datePublished":"2011-08-05T14:18:00+00:00","dateModified":"2025-02-18T20:58:44+00:00","description":"Hier sehen Sie kundenmodelle von Stirlingmotor \"Laura\" von Bengs Modellbau","breadcrumb":{"@id":"https:\/\/www.bengs-modellbau.de\/magazin\/kunden-modelle\/stirlingmotor\/stirlingmotor-laura\/#breadcrumb"},"inLanguage":"de","potentialAction":[{"@type":"ReadAction","target":["https:\/\/www.bengs-modellbau.de\/magazin\/kunden-modelle\/stirlingmotor\/stirlingmotor-laura\/"]}]},{"@type":"ImageObject","inLanguage":"de","@id":"https:\/\/www.bengs-modellbau.de\/magazin\/kunden-modelle\/stirlingmotor\/stirlingmotor-laura\/#primaryimage","url":"https:\/\/www.bengs-modellbau.de\/magazin\/wp-content\/uploads\/2011\/08\/Laura-nerofor-stirlingmotor.jpg","contentUrl":"https:\/\/www.bengs-modellbau.de\/magazin\/wp-content\/uploads\/2011\/08\/Laura-nerofor-stirlingmotor.jpg","width":2560,"height":1920},{"@type":"BreadcrumbList","@id":"https:\/\/www.bengs-modellbau.de\/magazin\/kunden-modelle\/stirlingmotor\/stirlingmotor-laura\/#breadcrumb","itemListElement":[{"@type":"ListItem","position":1,"name":"Startseite","item":"https:\/\/www.bengs-modellbau.de\/magazin\/"},{"@type":"ListItem","position":2,"name":"Kunden Modelle","item":"https:\/\/www.bengs-modellbau.de\/magazin\/kunden-modelle\/"},{"@type":"ListItem","position":3,"name":"Stirlingmotor","item":"https:\/\/www.bengs-modellbau.de\/magazin\/kunden-modelle\/stirlingmotor\/"},{"@type":"ListItem","position":4,"name":"Stirlingmotor &#8222;Laura&#8220;"}]},{"@type":"WebSite","@id":"https:\/\/www.bengs-modellbau.de\/magazin\/#website","url":"https:\/\/www.bengs-modellbau.de\/magazin\/","name":"Bengs Modellbau Magazin","description":"","publisher":{"@id":"https:\/\/www.bengs-modellbau.de\/magazin\/#organization"},"potentialAction":[{"@type":"SearchAction","target":{"@type":"EntryPoint","urlTemplate":"https:\/\/www.bengs-modellbau.de\/magazin\/?s={search_term_string}"},"query-input":{"@type":"PropertyValueSpecification","valueRequired":true,"valueName":"search_term_string"}}],"inLanguage":"de"},{"@type":"Organization","@id":"https:\/\/www.bengs-modellbau.de\/magazin\/#organization","name":"Bengs Modellbau Magazin","url":"https:\/\/www.bengs-modellbau.de\/magazin\/","logo":{"@type":"ImageObject","inLanguage":"de","@id":"https:\/\/www.bengs-modellbau.de\/magazin\/#\/schema\/logo\/image\/","url":"https:\/\/www.bengs-modellbau.de\/magazin\/wp-content\/uploads\/2024\/01\/logo-bengs-ebay-2.jpg","contentUrl":"https:\/\/www.bengs-modellbau.de\/magazin\/wp-content\/uploads\/2024\/01\/logo-bengs-ebay-2.jpg","width":369,"height":167,"caption":"Bengs Modellbau Magazin"},"image":{"@id":"https:\/\/www.bengs-modellbau.de\/magazin\/#\/schema\/logo\/image\/"}}]}},"_links":{"self":[{"href":"https:\/\/www.bengs-modellbau.de\/magazin\/wp-json\/wp\/v2\/pages\/397","targetHints":{"allow":["GET"]}}],"collection":[{"href":"https:\/\/www.bengs-modellbau.de\/magazin\/wp-json\/wp\/v2\/pages"}],"about":[{"href":"https:\/\/www.bengs-modellbau.de\/magazin\/wp-json\/wp\/v2\/types\/page"}],"author":[{"embeddable":true,"href":"https:\/\/www.bengs-modellbau.de\/magazin\/wp-json\/wp\/v2\/users\/1"}],"replies":[{"embeddable":true,"href":"https:\/\/www.bengs-modellbau.de\/magazin\/wp-json\/wp\/v2\/comments?post=397"}],"version-history":[{"count":9,"href":"https:\/\/www.bengs-modellbau.de\/magazin\/wp-json\/wp\/v2\/pages\/397\/revisions"}],"predecessor-version":[{"id":5429,"href":"https:\/\/www.bengs-modellbau.de\/magazin\/wp-json\/wp\/v2\/pages\/397\/revisions\/5429"}],"up":[{"embeddable":true,"href":"https:\/\/www.bengs-modellbau.de\/magazin\/wp-json\/wp\/v2\/pages\/379"}],"wp:attachment":[{"href":"https:\/\/www.bengs-modellbau.de\/magazin\/wp-json\/wp\/v2\/media?parent=397"}],"curies":[{"name":"wp","href":"https:\/\/api.w.org\/{rel}","templated":true}]}}