{"id":390,"date":"2011-08-05T14:14:57","date_gmt":"2011-08-05T14:14:57","guid":{"rendered":"http:\/\/www.bengs-modellbau.de\/magazin\/?page_id=390"},"modified":"2025-02-18T22:30:28","modified_gmt":"2025-02-18T20:30:28","slug":"flammenfresser-der-grose-nick","status":"publish","type":"page","link":"https:\/\/www.bengs-modellbau.de\/magazin\/kunden-modelle\/flammenfresser\/flammenfresser-der-grose-nick\/","title":{"rendered":"Flammenfresser &#8222;Der Gro\u00dfe Nick&#8220;"},"content":{"rendered":"<p>Hier finden Sie eine Auswahl an Kundenbildern vom Model <a href=\"https:\/\/www.bengs-modellbau.de\/materialbausaetze\/flammenfresser\/flammenfresser-der-grosse-nick-materialsatz\">Flammenfresser \u201eDer Gro\u00dfe Nick\u201c<\/a>. Der Flammenfresser ist eines unserer beliebtesten Modele. Wir haben schon Baus\u00e4tze an Modellbauer rund um die Welt geliefert wie zum Beispiel nach Australien, USA, England ,Kanada , Zypern, Brasilien, Frankreich, Niederlande, Belgien, \u00d6sterreich und nat\u00fcrlich der Schweiz.<\/p>\n<p><strong>Hier gelangen Sie in den Bengs Modellbaushop zum Materialbausatz \u00a0<a href=\"https:\/\/www.bengs-modellbau.de\/materialbausaetze\/flammenfresser\/flammenfresser-der-grosse-nick-materialsatz\"><span style=\"text-decoration: underline;\">Flammenfresser &#8222;Der Gro\u00dfe Nick&#8220;<\/span><\/a><\/strong><\/p>\n<p>&nbsp;<\/p>\n<h2>Flammenfresser &#8222;Der Gro\u00dfe Nick&#8220; mit &#8222;Kurf\u00fcrst&#8220; Einfl\u00fcssen<\/h2>\n<p>Der Flammenfresser \u201eDer gro\u00dfe Nick\u201c wurde hier ein wenig mit den Kurf\u00fcrst gekreuzt. Der markante rechteckige K\u00fchlwasserbeh\u00e4lter wurde aus Messing Flachmaterial dem des Kurf\u00fcrsten nachempfunden. Auch die Klappe auf dem Auspuff erinnert ein wenig an den Kurf\u00fcrst. Besonders sch\u00f6n bei diesem Flammenfresser sind die drei Glas\u00f6ler und der zus\u00e4tzliche Hahn am K\u00fchlwassermantel. Interessant ist die L\u00f6sung wie man den Spiritustank auf den Scherenhubtisch montieren kann. Das erleichtert nat\u00fcrlich ein nachtr\u00e4gliches Polieren des Spiritustanks. Und wie man sieht hat sich das Polieren gelohnt<\/p>\n<h2><a href=\"http:\/\/www.bengs-modellbau.de\/magazin\/wp-content\/uploads\/2011\/08\/flammenfresser-blau.jpg\"><img fetchpriority=\"high\" decoding=\"async\" class=\"aligncenter size-full wp-image-1080\" title=\"flammenfresser-blau\" src=\"http:\/\/www.bengs-modellbau.de\/magazin\/wp-content\/uploads\/2011\/08\/flammenfresser-blau.jpg\" alt=\"\" width=\"1024\" height=\"770\" srcset=\"https:\/\/www.bengs-modellbau.de\/magazin\/wp-content\/uploads\/2011\/08\/flammenfresser-blau.jpg 1024w, https:\/\/www.bengs-modellbau.de\/magazin\/wp-content\/uploads\/2011\/08\/flammenfresser-blau-300x225.jpg 300w\" sizes=\"(max-width: 1024px) 100vw, 1024px\" \/><\/a><\/h2>\n<h2><\/h2>\n<h2><a href=\"http:\/\/www.bengs-modellbau.de\/magazin\/wp-content\/uploads\/2011\/08\/gro\u00dfer-brenner-flammenfresser.jpg\"><img decoding=\"async\" class=\"aligncenter size-full wp-image-1082\" title=\"gro\u00dfer-brenner-flammenfresser\" src=\"http:\/\/www.bengs-modellbau.de\/magazin\/wp-content\/uploads\/2011\/08\/gro\u00dfer-brenner-flammenfresser.jpg\" alt=\"\" width=\"1024\" height=\"768\" srcset=\"https:\/\/www.bengs-modellbau.de\/magazin\/wp-content\/uploads\/2011\/08\/gro\u00dfer-brenner-flammenfresser.jpg 1024w, https:\/\/www.bengs-modellbau.de\/magazin\/wp-content\/uploads\/2011\/08\/gro\u00dfer-brenner-flammenfresser-300x225.jpg 300w\" sizes=\"(max-width: 1024px) 100vw, 1024px\" \/><\/a><a href=\"http:\/\/www.bengs-modellbau.de\/magazin\/wp-content\/uploads\/2011\/08\/glasoeler-kurbelwelle-modellbau.jpg\"><img decoding=\"async\" class=\"aligncenter size-full wp-image-1081\" title=\"glasoeler-kurbelwelle-modellbau\" src=\"http:\/\/www.bengs-modellbau.de\/magazin\/wp-content\/uploads\/2011\/08\/glasoeler-kurbelwelle-modellbau.jpg\" alt=\"\" width=\"1024\" height=\"768\" srcset=\"https:\/\/www.bengs-modellbau.de\/magazin\/wp-content\/uploads\/2011\/08\/glasoeler-kurbelwelle-modellbau.jpg 1024w, https:\/\/www.bengs-modellbau.de\/magazin\/wp-content\/uploads\/2011\/08\/glasoeler-kurbelwelle-modellbau-300x225.jpg 300w\" sizes=\"(max-width: 1024px) 100vw, 1024px\" \/><\/a><a href=\"http:\/\/www.bengs-modellbau.de\/magazin\/wp-content\/uploads\/2011\/08\/Flammenfresser-Ablasshahn.jpg\"><img loading=\"lazy\" decoding=\"async\" class=\"aligncenter size-full wp-image-1079\" title=\"Flammenfresser-Ablasshahn\" src=\"http:\/\/www.bengs-modellbau.de\/magazin\/wp-content\/uploads\/2011\/08\/Flammenfresser-Ablasshahn.jpg\" alt=\"\" width=\"1024\" height=\"768\" srcset=\"https:\/\/www.bengs-modellbau.de\/magazin\/wp-content\/uploads\/2011\/08\/Flammenfresser-Ablasshahn.jpg 1024w, https:\/\/www.bengs-modellbau.de\/magazin\/wp-content\/uploads\/2011\/08\/Flammenfresser-Ablasshahn-300x225.jpg 300w\" sizes=\"(max-width: 1024px) 100vw, 1024px\" \/><\/a><a href=\"http:\/\/www.bengs-modellbau.de\/magazin\/wp-content\/uploads\/2011\/08\/verdampfer-flammenfresser.jpg\"><img loading=\"lazy\" decoding=\"async\" class=\"aligncenter size-full wp-image-1078\" title=\"verdampfer-flammenfresser\" src=\"http:\/\/www.bengs-modellbau.de\/magazin\/wp-content\/uploads\/2011\/08\/verdampfer-flammenfresser.jpg\" alt=\"\" width=\"1024\" height=\"768\" srcset=\"https:\/\/www.bengs-modellbau.de\/magazin\/wp-content\/uploads\/2011\/08\/verdampfer-flammenfresser.jpg 1024w, https:\/\/www.bengs-modellbau.de\/magazin\/wp-content\/uploads\/2011\/08\/verdampfer-flammenfresser-300x225.jpg 300w\" sizes=\"(max-width: 1024px) 100vw, 1024px\" \/><\/a><\/h2>\n<p>&nbsp;<\/p>\n<h2><\/h2>\n<h2>Flammenfresser &#8222;Der gro\u00dfe Nick&#8220; mit besonders gro\u00dfen Schwungr\u00e4dern<\/h2>\n<p>Dieser Kunde hat seinen \u201eGro\u00dfen Nick\u201c mit noch massiveren Schwungr\u00e4dern ausgestattet. Das gibt dem Flammenfresser ein noch bulligeres Aussehen. Um das K\u00fchlwasser besser ablassen zu k\u00f6nnen wurde am K\u00fchlwassermantel ein Ablasshandel installiert. Damit der Flammenfresser auch in zugigen Ecken betrieben werden kann hat er vorne am Zylinderkopf einen Flammenschutz.<\/p>\n<figure id=\"attachment_694\" aria-describedby=\"caption-attachment-694\" style=\"width: 640px\" class=\"wp-caption aligncenter\"><a href=\"http:\/\/www.bengs-modellbau.de\/magazin\/wp-content\/uploads\/2011\/08\/vacuummotor-1.jpg\"><img loading=\"lazy\" decoding=\"async\" class=\"size-large wp-image-694\" title=\"vacuummotor-1\" src=\"http:\/\/www.bengs-modellbau.de\/magazin\/wp-content\/uploads\/2011\/08\/vacuummotor-1-1024x680.jpg\" alt=\"\" width=\"640\" height=\"425\" srcset=\"https:\/\/www.bengs-modellbau.de\/magazin\/wp-content\/uploads\/2011\/08\/vacuummotor-1-1024x680.jpg 1024w, https:\/\/www.bengs-modellbau.de\/magazin\/wp-content\/uploads\/2011\/08\/vacuummotor-1-300x199.jpg 300w, https:\/\/www.bengs-modellbau.de\/magazin\/wp-content\/uploads\/2011\/08\/vacuummotor-1.jpg 1200w\" sizes=\"(max-width: 640px) 100vw, 640px\" \/><\/a><figcaption id=\"caption-attachment-694\" class=\"wp-caption-text\">Flammenfresser mit besonders gro\u00dfen Schwungr\u00e4dern<\/figcaption><\/figure>\n<figure style=\"width: 640px\" class=\"wp-caption alignnone\"><a href=\"http:\/\/www.bengs-modellbau.de\/magazin\/wp-content\/uploads\/2011\/08\/vacuummotor-2.jpg\"><img loading=\"lazy\" decoding=\"async\" title=\"vacuummotor-2\" src=\"http:\/\/www.bengs-modellbau.de\/magazin\/wp-content\/uploads\/2011\/08\/vacuummotor-2-1024x721.jpg\" alt=\"\" width=\"640\" height=\"450\" \/><\/a><figcaption class=\"wp-caption-text\">Au\u00dferdem wurde noch ein Windschutz installiert.<\/figcaption><\/figure>\n<p>&nbsp;<\/p>\n<figure id=\"attachment_691\" aria-describedby=\"caption-attachment-691\" style=\"width: 640px\" class=\"wp-caption aligncenter\"><a href=\"http:\/\/www.bengs-modellbau.de\/magazin\/wp-content\/uploads\/2011\/08\/Der-Gro\u00dfe-Nick-Bengs.jpg\"><img loading=\"lazy\" decoding=\"async\" class=\"size-large wp-image-691\" title=\"Der-Gro\u00dfe-Nick-Bengs\" src=\"http:\/\/www.bengs-modellbau.de\/magazin\/wp-content\/uploads\/2011\/08\/Der-Gro\u00dfe-Nick-Bengs-1024x735.jpg\" alt=\"\" width=\"640\" height=\"459\" srcset=\"https:\/\/www.bengs-modellbau.de\/magazin\/wp-content\/uploads\/2011\/08\/Der-Gro\u00dfe-Nick-Bengs-1024x735.jpg 1024w, https:\/\/www.bengs-modellbau.de\/magazin\/wp-content\/uploads\/2011\/08\/Der-Gro\u00dfe-Nick-Bengs-300x215.jpg 300w, https:\/\/www.bengs-modellbau.de\/magazin\/wp-content\/uploads\/2011\/08\/Der-Gro\u00dfe-Nick-Bengs.jpg 1200w\" sizes=\"(max-width: 640px) 100vw, 640px\" \/><\/a><figcaption id=\"caption-attachment-691\" class=\"wp-caption-text\">Dieser Flammenfresser wurde noch um einen Glas\u00f6ler und einen Windschutz f\u00fcr die Flamme erweitert<\/figcaption><\/figure>\n<figure id=\"attachment_692\" aria-describedby=\"caption-attachment-692\" style=\"width: 640px\" class=\"wp-caption aligncenter\"><a href=\"http:\/\/www.bengs-modellbau.de\/magazin\/wp-content\/uploads\/2011\/08\/DGN-Flammenfresser1.jpg\"><img loading=\"lazy\" decoding=\"async\" class=\"size-large wp-image-692\" title=\"DGN-Flammenfresser1\" src=\"http:\/\/www.bengs-modellbau.de\/magazin\/wp-content\/uploads\/2011\/08\/DGN-Flammenfresser1-994x1024.jpg\" alt=\"\" width=\"640\" height=\"659\" srcset=\"https:\/\/www.bengs-modellbau.de\/magazin\/wp-content\/uploads\/2011\/08\/DGN-Flammenfresser1-994x1024.jpg 994w, https:\/\/www.bengs-modellbau.de\/magazin\/wp-content\/uploads\/2011\/08\/DGN-Flammenfresser1-291x300.jpg 291w, https:\/\/www.bengs-modellbau.de\/magazin\/wp-content\/uploads\/2011\/08\/DGN-Flammenfresser1.jpg 1166w\" sizes=\"(max-width: 640px) 100vw, 640px\" \/><\/a><figcaption id=\"caption-attachment-692\" class=\"wp-caption-text\">Der Gro\u00dfe Nick Flammenfresser als Selbstfahrer<\/figcaption><\/figure>\n<figure id=\"attachment_693\" aria-describedby=\"caption-attachment-693\" style=\"width: 640px\" class=\"wp-caption aligncenter\"><img loading=\"lazy\" decoding=\"async\" class=\"size-large wp-image-693\" title=\"DGN-Flammenfresser3\" src=\"http:\/\/www.bengs-modellbau.de\/magazin\/wp-content\/uploads\/2011\/08\/DGN-Flammenfresser3-1024x866.jpg\" alt=\"\" width=\"640\" height=\"541\" srcset=\"https:\/\/www.bengs-modellbau.de\/magazin\/wp-content\/uploads\/2011\/08\/DGN-Flammenfresser3-1024x866.jpg 1024w, https:\/\/www.bengs-modellbau.de\/magazin\/wp-content\/uploads\/2011\/08\/DGN-Flammenfresser3-300x254.jpg 300w, https:\/\/www.bengs-modellbau.de\/magazin\/wp-content\/uploads\/2011\/08\/DGN-Flammenfresser3.jpg 1200w\" sizes=\"(max-width: 640px) 100vw, 640px\" \/><figcaption id=\"caption-attachment-693\" class=\"wp-caption-text\">Der Flammenfresser hat eine Schwerkraftk\u00fchlung und LED Beleuchtung<\/figcaption><\/figure>\n<p><strong>Hier gelangen Sie in den Bengs Modellbaushop zum Materialbausatz \u00a0<a href=\"https:\/\/www.bengs-modellbau.de\/materialbausaetze\/flammenfresser\/flammenfresser-der-grosse-nick-materialsatz\">Flammenfresser &#8222;Der Gro\u00dfe Nick&#8220;<\/a><\/strong><\/p>\n","protected":false},"excerpt":{"rendered":"<p>Hier finden Sie eine Auswahl an Kundenbildern vom Model Flammenfresser \u201eDer Gro\u00dfe Nick\u201c. Der Flammenfresser ist eines unserer beliebtesten Modele. Wir haben schon Baus\u00e4tze an Modellbauer rund um die Welt geliefert wie zum Beispiel nach Australien, USA, England ,Kanada , Zypern, Brasilien, Frankreich, Niederlande, Belgien, \u00d6sterreich und nat\u00fcrlich der Schweiz. Hier gelangen Sie in den [&hellip;]<\/p>\n","protected":false},"author":1,"featured_media":0,"parent":377,"menu_order":0,"comment_status":"closed","ping_status":"closed","template":"","meta":{"footnotes":""},"class_list":["post-390","page","type-page","status-publish","hentry"],"yoast_head":"<!-- This site is optimized with the Yoast SEO plugin v27.4 - https:\/\/yoast.com\/product\/yoast-seo-wordpress\/ -->\n<title>Flammenfresser &quot;Der Gro\u00dfe Nick&quot; - Bengs Modellbau Magazin<\/title>\n<meta name=\"robots\" content=\"index, follow, max-snippet:-1, max-image-preview:large, max-video-preview:-1\" \/>\n<link rel=\"canonical\" href=\"https:\/\/www.bengs-modellbau.de\/magazin\/kunden-modelle\/flammenfresser\/flammenfresser-der-grose-nick\/\" \/>\n<meta property=\"og:locale\" content=\"de_DE\" \/>\n<meta property=\"og:type\" content=\"article\" \/>\n<meta property=\"og:title\" content=\"Flammenfresser &quot;Der Gro\u00dfe Nick&quot; - Bengs Modellbau Magazin\" \/>\n<meta property=\"og:description\" content=\"Hier finden Sie eine Auswahl an Kundenbildern vom Model Flammenfresser \u201eDer Gro\u00dfe Nick\u201c. Der Flammenfresser ist eines unserer beliebtesten Modele. Wir haben schon Baus\u00e4tze an Modellbauer rund um die Welt geliefert wie zum Beispiel nach Australien, USA, England ,Kanada , Zypern, Brasilien, Frankreich, Niederlande, Belgien, \u00d6sterreich und nat\u00fcrlich der Schweiz. Hier gelangen Sie in den [&hellip;]\" \/>\n<meta property=\"og:url\" content=\"https:\/\/www.bengs-modellbau.de\/magazin\/kunden-modelle\/flammenfresser\/flammenfresser-der-grose-nick\/\" \/>\n<meta property=\"og:site_name\" content=\"Bengs Modellbau Magazin\" \/>\n<meta property=\"article:modified_time\" content=\"2025-02-18T20:30:28+00:00\" \/>\n<meta property=\"og:image\" content=\"https:\/\/www.bengs-modellbau.de\/magazin\/wp-content\/uploads\/2011\/08\/flammenfresser-blau.jpg\" \/>\n\t<meta property=\"og:image:width\" content=\"1024\" \/>\n\t<meta property=\"og:image:height\" content=\"770\" \/>\n\t<meta property=\"og:image:type\" content=\"image\/jpeg\" \/>\n<meta name=\"twitter:card\" content=\"summary_large_image\" \/>\n<meta name=\"twitter:label1\" content=\"Gesch\u00e4tzte Lesezeit\" \/>\n\t<meta name=\"twitter:data1\" content=\"2\u00a0Minuten\" \/>\n<script type=\"application\/ld+json\" class=\"yoast-schema-graph\">{\"@context\":\"https:\\\/\\\/schema.org\",\"@graph\":[{\"@type\":\"WebPage\",\"@id\":\"https:\\\/\\\/www.bengs-modellbau.de\\\/magazin\\\/kunden-modelle\\\/flammenfresser\\\/flammenfresser-der-grose-nick\\\/\",\"url\":\"https:\\\/\\\/www.bengs-modellbau.de\\\/magazin\\\/kunden-modelle\\\/flammenfresser\\\/flammenfresser-der-grose-nick\\\/\",\"name\":\"Flammenfresser \\\"Der Gro\u00dfe Nick\\\" - Bengs Modellbau Magazin\",\"isPartOf\":{\"@id\":\"https:\\\/\\\/www.bengs-modellbau.de\\\/magazin\\\/#website\"},\"primaryImageOfPage\":{\"@id\":\"https:\\\/\\\/www.bengs-modellbau.de\\\/magazin\\\/kunden-modelle\\\/flammenfresser\\\/flammenfresser-der-grose-nick\\\/#primaryimage\"},\"image\":{\"@id\":\"https:\\\/\\\/www.bengs-modellbau.de\\\/magazin\\\/kunden-modelle\\\/flammenfresser\\\/flammenfresser-der-grose-nick\\\/#primaryimage\"},\"thumbnailUrl\":\"http:\\\/\\\/www.bengs-modellbau.de\\\/magazin\\\/wp-content\\\/uploads\\\/2011\\\/08\\\/flammenfresser-blau.jpg\",\"datePublished\":\"2011-08-05T14:14:57+00:00\",\"dateModified\":\"2025-02-18T20:30:28+00:00\",\"breadcrumb\":{\"@id\":\"https:\\\/\\\/www.bengs-modellbau.de\\\/magazin\\\/kunden-modelle\\\/flammenfresser\\\/flammenfresser-der-grose-nick\\\/#breadcrumb\"},\"inLanguage\":\"de\",\"potentialAction\":[{\"@type\":\"ReadAction\",\"target\":[\"https:\\\/\\\/www.bengs-modellbau.de\\\/magazin\\\/kunden-modelle\\\/flammenfresser\\\/flammenfresser-der-grose-nick\\\/\"]}]},{\"@type\":\"ImageObject\",\"inLanguage\":\"de\",\"@id\":\"https:\\\/\\\/www.bengs-modellbau.de\\\/magazin\\\/kunden-modelle\\\/flammenfresser\\\/flammenfresser-der-grose-nick\\\/#primaryimage\",\"url\":\"https:\\\/\\\/www.bengs-modellbau.de\\\/magazin\\\/wp-content\\\/uploads\\\/2011\\\/08\\\/flammenfresser-blau.jpg\",\"contentUrl\":\"https:\\\/\\\/www.bengs-modellbau.de\\\/magazin\\\/wp-content\\\/uploads\\\/2011\\\/08\\\/flammenfresser-blau.jpg\",\"width\":\"1024\",\"height\":\"770\",\"caption\":\"Flammenfresser Kundenmodell mit einigen Optimierungen\"},{\"@type\":\"BreadcrumbList\",\"@id\":\"https:\\\/\\\/www.bengs-modellbau.de\\\/magazin\\\/kunden-modelle\\\/flammenfresser\\\/flammenfresser-der-grose-nick\\\/#breadcrumb\",\"itemListElement\":[{\"@type\":\"ListItem\",\"position\":1,\"name\":\"Startseite\",\"item\":\"https:\\\/\\\/www.bengs-modellbau.de\\\/magazin\\\/\"},{\"@type\":\"ListItem\",\"position\":2,\"name\":\"Kunden Modelle\",\"item\":\"https:\\\/\\\/www.bengs-modellbau.de\\\/magazin\\\/kunden-modelle\\\/\"},{\"@type\":\"ListItem\",\"position\":3,\"name\":\"Flammenfresser\",\"item\":\"https:\\\/\\\/www.bengs-modellbau.de\\\/magazin\\\/kunden-modelle\\\/flammenfresser\\\/\"},{\"@type\":\"ListItem\",\"position\":4,\"name\":\"Flammenfresser &#8222;Der Gro\u00dfe Nick&#8220;\"}]},{\"@type\":\"WebSite\",\"@id\":\"https:\\\/\\\/www.bengs-modellbau.de\\\/magazin\\\/#website\",\"url\":\"https:\\\/\\\/www.bengs-modellbau.de\\\/magazin\\\/\",\"name\":\"Bengs Modellbau Magazin\",\"description\":\"\",\"publisher\":{\"@id\":\"https:\\\/\\\/www.bengs-modellbau.de\\\/magazin\\\/#organization\"},\"potentialAction\":[{\"@type\":\"SearchAction\",\"target\":{\"@type\":\"EntryPoint\",\"urlTemplate\":\"https:\\\/\\\/www.bengs-modellbau.de\\\/magazin\\\/?s={search_term_string}\"},\"query-input\":{\"@type\":\"PropertyValueSpecification\",\"valueRequired\":true,\"valueName\":\"search_term_string\"}}],\"inLanguage\":\"de\"},{\"@type\":\"Organization\",\"@id\":\"https:\\\/\\\/www.bengs-modellbau.de\\\/magazin\\\/#organization\",\"name\":\"Bengs Modellbau Magazin\",\"url\":\"https:\\\/\\\/www.bengs-modellbau.de\\\/magazin\\\/\",\"logo\":{\"@type\":\"ImageObject\",\"inLanguage\":\"de\",\"@id\":\"https:\\\/\\\/www.bengs-modellbau.de\\\/magazin\\\/#\\\/schema\\\/logo\\\/image\\\/\",\"url\":\"https:\\\/\\\/www.bengs-modellbau.de\\\/magazin\\\/wp-content\\\/uploads\\\/2024\\\/01\\\/logo-bengs-ebay-2.jpg\",\"contentUrl\":\"https:\\\/\\\/www.bengs-modellbau.de\\\/magazin\\\/wp-content\\\/uploads\\\/2024\\\/01\\\/logo-bengs-ebay-2.jpg\",\"width\":369,\"height\":167,\"caption\":\"Bengs Modellbau Magazin\"},\"image\":{\"@id\":\"https:\\\/\\\/www.bengs-modellbau.de\\\/magazin\\\/#\\\/schema\\\/logo\\\/image\\\/\"}}]}<\/script>\n<!-- \/ Yoast SEO plugin. -->","yoast_head_json":{"title":"Flammenfresser \"Der Gro\u00dfe Nick\" - Bengs Modellbau Magazin","robots":{"index":"index","follow":"follow","max-snippet":"max-snippet:-1","max-image-preview":"max-image-preview:large","max-video-preview":"max-video-preview:-1"},"canonical":"https:\/\/www.bengs-modellbau.de\/magazin\/kunden-modelle\/flammenfresser\/flammenfresser-der-grose-nick\/","og_locale":"de_DE","og_type":"article","og_title":"Flammenfresser \"Der Gro\u00dfe Nick\" - Bengs Modellbau Magazin","og_description":"Hier finden Sie eine Auswahl an Kundenbildern vom Model Flammenfresser \u201eDer Gro\u00dfe Nick\u201c. Der Flammenfresser ist eines unserer beliebtesten Modele. Wir haben schon Baus\u00e4tze an Modellbauer rund um die Welt geliefert wie zum Beispiel nach Australien, USA, England ,Kanada , Zypern, Brasilien, Frankreich, Niederlande, Belgien, \u00d6sterreich und nat\u00fcrlich der Schweiz. Hier gelangen Sie in den [&hellip;]","og_url":"https:\/\/www.bengs-modellbau.de\/magazin\/kunden-modelle\/flammenfresser\/flammenfresser-der-grose-nick\/","og_site_name":"Bengs Modellbau Magazin","article_modified_time":"2025-02-18T20:30:28+00:00","og_image":[{"width":1024,"height":770,"url":"https:\/\/www.bengs-modellbau.de\/magazin\/wp-content\/uploads\/2011\/08\/flammenfresser-blau.jpg","type":"image\/jpeg"}],"twitter_card":"summary_large_image","twitter_misc":{"Gesch\u00e4tzte Lesezeit":"2\u00a0Minuten"},"schema":{"@context":"https:\/\/schema.org","@graph":[{"@type":"WebPage","@id":"https:\/\/www.bengs-modellbau.de\/magazin\/kunden-modelle\/flammenfresser\/flammenfresser-der-grose-nick\/","url":"https:\/\/www.bengs-modellbau.de\/magazin\/kunden-modelle\/flammenfresser\/flammenfresser-der-grose-nick\/","name":"Flammenfresser \"Der Gro\u00dfe Nick\" - Bengs Modellbau Magazin","isPartOf":{"@id":"https:\/\/www.bengs-modellbau.de\/magazin\/#website"},"primaryImageOfPage":{"@id":"https:\/\/www.bengs-modellbau.de\/magazin\/kunden-modelle\/flammenfresser\/flammenfresser-der-grose-nick\/#primaryimage"},"image":{"@id":"https:\/\/www.bengs-modellbau.de\/magazin\/kunden-modelle\/flammenfresser\/flammenfresser-der-grose-nick\/#primaryimage"},"thumbnailUrl":"http:\/\/www.bengs-modellbau.de\/magazin\/wp-content\/uploads\/2011\/08\/flammenfresser-blau.jpg","datePublished":"2011-08-05T14:14:57+00:00","dateModified":"2025-02-18T20:30:28+00:00","breadcrumb":{"@id":"https:\/\/www.bengs-modellbau.de\/magazin\/kunden-modelle\/flammenfresser\/flammenfresser-der-grose-nick\/#breadcrumb"},"inLanguage":"de","potentialAction":[{"@type":"ReadAction","target":["https:\/\/www.bengs-modellbau.de\/magazin\/kunden-modelle\/flammenfresser\/flammenfresser-der-grose-nick\/"]}]},{"@type":"ImageObject","inLanguage":"de","@id":"https:\/\/www.bengs-modellbau.de\/magazin\/kunden-modelle\/flammenfresser\/flammenfresser-der-grose-nick\/#primaryimage","url":"https:\/\/www.bengs-modellbau.de\/magazin\/wp-content\/uploads\/2011\/08\/flammenfresser-blau.jpg","contentUrl":"https:\/\/www.bengs-modellbau.de\/magazin\/wp-content\/uploads\/2011\/08\/flammenfresser-blau.jpg","width":"1024","height":"770","caption":"Flammenfresser Kundenmodell mit einigen Optimierungen"},{"@type":"BreadcrumbList","@id":"https:\/\/www.bengs-modellbau.de\/magazin\/kunden-modelle\/flammenfresser\/flammenfresser-der-grose-nick\/#breadcrumb","itemListElement":[{"@type":"ListItem","position":1,"name":"Startseite","item":"https:\/\/www.bengs-modellbau.de\/magazin\/"},{"@type":"ListItem","position":2,"name":"Kunden Modelle","item":"https:\/\/www.bengs-modellbau.de\/magazin\/kunden-modelle\/"},{"@type":"ListItem","position":3,"name":"Flammenfresser","item":"https:\/\/www.bengs-modellbau.de\/magazin\/kunden-modelle\/flammenfresser\/"},{"@type":"ListItem","position":4,"name":"Flammenfresser &#8222;Der Gro\u00dfe Nick&#8220;"}]},{"@type":"WebSite","@id":"https:\/\/www.bengs-modellbau.de\/magazin\/#website","url":"https:\/\/www.bengs-modellbau.de\/magazin\/","name":"Bengs Modellbau Magazin","description":"","publisher":{"@id":"https:\/\/www.bengs-modellbau.de\/magazin\/#organization"},"potentialAction":[{"@type":"SearchAction","target":{"@type":"EntryPoint","urlTemplate":"https:\/\/www.bengs-modellbau.de\/magazin\/?s={search_term_string}"},"query-input":{"@type":"PropertyValueSpecification","valueRequired":true,"valueName":"search_term_string"}}],"inLanguage":"de"},{"@type":"Organization","@id":"https:\/\/www.bengs-modellbau.de\/magazin\/#organization","name":"Bengs Modellbau Magazin","url":"https:\/\/www.bengs-modellbau.de\/magazin\/","logo":{"@type":"ImageObject","inLanguage":"de","@id":"https:\/\/www.bengs-modellbau.de\/magazin\/#\/schema\/logo\/image\/","url":"https:\/\/www.bengs-modellbau.de\/magazin\/wp-content\/uploads\/2024\/01\/logo-bengs-ebay-2.jpg","contentUrl":"https:\/\/www.bengs-modellbau.de\/magazin\/wp-content\/uploads\/2024\/01\/logo-bengs-ebay-2.jpg","width":369,"height":167,"caption":"Bengs Modellbau Magazin"},"image":{"@id":"https:\/\/www.bengs-modellbau.de\/magazin\/#\/schema\/logo\/image\/"}}]}},"_links":{"self":[{"href":"https:\/\/www.bengs-modellbau.de\/magazin\/wp-json\/wp\/v2\/pages\/390","targetHints":{"allow":["GET"]}}],"collection":[{"href":"https:\/\/www.bengs-modellbau.de\/magazin\/wp-json\/wp\/v2\/pages"}],"about":[{"href":"https:\/\/www.bengs-modellbau.de\/magazin\/wp-json\/wp\/v2\/types\/page"}],"author":[{"embeddable":true,"href":"https:\/\/www.bengs-modellbau.de\/magazin\/wp-json\/wp\/v2\/users\/1"}],"replies":[{"embeddable":true,"href":"https:\/\/www.bengs-modellbau.de\/magazin\/wp-json\/wp\/v2\/comments?post=390"}],"version-history":[{"count":9,"href":"https:\/\/www.bengs-modellbau.de\/magazin\/wp-json\/wp\/v2\/pages\/390\/revisions"}],"predecessor-version":[{"id":5417,"href":"https:\/\/www.bengs-modellbau.de\/magazin\/wp-json\/wp\/v2\/pages\/390\/revisions\/5417"}],"up":[{"embeddable":true,"href":"https:\/\/www.bengs-modellbau.de\/magazin\/wp-json\/wp\/v2\/pages\/377"}],"wp:attachment":[{"href":"https:\/\/www.bengs-modellbau.de\/magazin\/wp-json\/wp\/v2\/media?parent=390"}],"curies":[{"name":"wp","href":"https:\/\/api.w.org\/{rel}","templated":true}]}}