{"id":3693,"date":"2019-05-06T11:43:36","date_gmt":"2019-05-06T09:43:36","guid":{"rendered":"https:\/\/www.bengs-modellbau.de\/magazin\/?page_id=3693"},"modified":"2019-05-06T12:46:23","modified_gmt":"2019-05-06T10:46:23","slug":"dampfmaschine-leni","status":"publish","type":"page","link":"https:\/\/www.bengs-modellbau.de\/magazin\/kunden-modelle\/dampfmaschine\/dampfmaschine-leni\/","title":{"rendered":"Dampfmaschine \u201cLeni\u201d"},"content":{"rendered":"<p>Auf dieser Seite haben wir Kundenbilder der stehenden Dampfmaschine Leni zusammengetragen. Die Kundenmodelle wurden aus <a href=\"https:\/\/www.bengs-modellbau.de\/materialbausaetze\/\">Materialbaus\u00e4tzen<\/a> der Firma Bengs Modellbau hergestellt.\u00a0Die Fotos der einzelnen Dampfmaschinen wurden uns freundlicherweise von Modellbauern zur Verf\u00fcgung gestellt. Wenn auch Sie einen Materialbausatz von uns gebaut haben w\u00fcrden wir uns sehr \u00fcber die Zusendung von Fotos freuen.\u00a0Weitere Informationen zu dem <a href=\"https:\/\/www.bengs-modellbau.de\/materialbausaetze\/dampfmaschinen\/stehende-dampfmaschine-leni-mit-umsteuerung\">Materialbausatz der Dampfmaschine Leni<\/a> finden Sie in unserem Onlineshop.<\/p>\n<h2>Dampfmaschine Leni mit Anschlussrohren<\/h2>\n<p>Bei diesem sehr sch\u00f6n gebauten Modell fallen als erstes die akkurate Linierung und die sehr sch\u00f6n isolierten Zudampf und Abdampfleitungen ins Auge. Die Dampfrohre wurden mit einer Kordel isoliert au\u00dferdem wurden die Dampfleitungen nachtr\u00e4glich mit unseren <a href=\"https:\/\/www.bengs-modellbau.de\/zubehoerteile\/flasche-und-fittings\/rohrschelle-einfach-und-doppelt\">Rohrschellen<\/a> doppelt befestigt. Des weiteren wurde dieser stehende Dampfmaschine mit 2 Zischh\u00e4hnen am Zylinder ausger\u00fcstet. Als Farbe wurde bei dieser Maschine ausschlie\u00dflich Pulverlack in RAL7021 Schwarzgrau verwendet.<\/p>\n<p>&nbsp;<\/p>\n<p><a href=\"https:\/\/www.bengs-modellbau.de\/magazin\/wp-content\/uploads\/2019\/05\/Modelldampfmaschine-bengs-modellbau.jpg\"><img fetchpriority=\"high\" decoding=\"async\" class=\"alignnone size-large wp-image-3696\" src=\"https:\/\/www.bengs-modellbau.de\/magazin\/wp-content\/uploads\/2019\/05\/Modelldampfmaschine-bengs-modellbau-1024x1024.jpg\" alt=\"\" width=\"770\" height=\"770\" srcset=\"https:\/\/www.bengs-modellbau.de\/magazin\/wp-content\/uploads\/2019\/05\/Modelldampfmaschine-bengs-modellbau-1024x1024.jpg 1024w, https:\/\/www.bengs-modellbau.de\/magazin\/wp-content\/uploads\/2019\/05\/Modelldampfmaschine-bengs-modellbau-150x150.jpg 150w, https:\/\/www.bengs-modellbau.de\/magazin\/wp-content\/uploads\/2019\/05\/Modelldampfmaschine-bengs-modellbau-300x300.jpg 300w, https:\/\/www.bengs-modellbau.de\/magazin\/wp-content\/uploads\/2019\/05\/Modelldampfmaschine-bengs-modellbau-768x768.jpg 768w, https:\/\/www.bengs-modellbau.de\/magazin\/wp-content\/uploads\/2019\/05\/Modelldampfmaschine-bengs-modellbau-120x120.jpg 120w, https:\/\/www.bengs-modellbau.de\/magazin\/wp-content\/uploads\/2019\/05\/Modelldampfmaschine-bengs-modellbau-180x180.jpg 180w, https:\/\/www.bengs-modellbau.de\/magazin\/wp-content\/uploads\/2019\/05\/Modelldampfmaschine-bengs-modellbau-268x268.jpg 268w, https:\/\/www.bengs-modellbau.de\/magazin\/wp-content\/uploads\/2019\/05\/Modelldampfmaschine-bengs-modellbau.jpg 1200w\" sizes=\"(max-width: 770px) 100vw, 770px\" \/><\/a><\/p>\n<p><a href=\"https:\/\/www.bengs-modellbau.de\/magazin\/wp-content\/uploads\/2019\/05\/Dampfrohr-Dampfmachine-leni.jpg\"><img decoding=\"async\" class=\"alignnone size-large wp-image-3695\" src=\"https:\/\/www.bengs-modellbau.de\/magazin\/wp-content\/uploads\/2019\/05\/Dampfrohr-Dampfmachine-leni-1024x1024.jpg\" alt=\"\" width=\"770\" height=\"770\" srcset=\"https:\/\/www.bengs-modellbau.de\/magazin\/wp-content\/uploads\/2019\/05\/Dampfrohr-Dampfmachine-leni-1024x1024.jpg 1024w, https:\/\/www.bengs-modellbau.de\/magazin\/wp-content\/uploads\/2019\/05\/Dampfrohr-Dampfmachine-leni-150x150.jpg 150w, https:\/\/www.bengs-modellbau.de\/magazin\/wp-content\/uploads\/2019\/05\/Dampfrohr-Dampfmachine-leni-300x300.jpg 300w, https:\/\/www.bengs-modellbau.de\/magazin\/wp-content\/uploads\/2019\/05\/Dampfrohr-Dampfmachine-leni-768x768.jpg 768w, https:\/\/www.bengs-modellbau.de\/magazin\/wp-content\/uploads\/2019\/05\/Dampfrohr-Dampfmachine-leni-120x120.jpg 120w, https:\/\/www.bengs-modellbau.de\/magazin\/wp-content\/uploads\/2019\/05\/Dampfrohr-Dampfmachine-leni-180x180.jpg 180w, https:\/\/www.bengs-modellbau.de\/magazin\/wp-content\/uploads\/2019\/05\/Dampfrohr-Dampfmachine-leni-268x268.jpg 268w, https:\/\/www.bengs-modellbau.de\/magazin\/wp-content\/uploads\/2019\/05\/Dampfrohr-Dampfmachine-leni.jpg 1200w\" sizes=\"(max-width: 770px) 100vw, 770px\" \/><\/a><\/p>\n<p><a href=\"https:\/\/www.bengs-modellbau.de\/magazin\/wp-content\/uploads\/2019\/05\/Dampfmaschine-Leni-Modell-fertig.jpg\"><img decoding=\"async\" class=\"alignnone size-large wp-image-3697\" src=\"https:\/\/www.bengs-modellbau.de\/magazin\/wp-content\/uploads\/2019\/05\/Dampfmaschine-Leni-Modell-fertig-1024x1024.jpg\" alt=\"\" width=\"770\" height=\"770\" srcset=\"https:\/\/www.bengs-modellbau.de\/magazin\/wp-content\/uploads\/2019\/05\/Dampfmaschine-Leni-Modell-fertig-1024x1024.jpg 1024w, https:\/\/www.bengs-modellbau.de\/magazin\/wp-content\/uploads\/2019\/05\/Dampfmaschine-Leni-Modell-fertig-150x150.jpg 150w, https:\/\/www.bengs-modellbau.de\/magazin\/wp-content\/uploads\/2019\/05\/Dampfmaschine-Leni-Modell-fertig-300x300.jpg 300w, https:\/\/www.bengs-modellbau.de\/magazin\/wp-content\/uploads\/2019\/05\/Dampfmaschine-Leni-Modell-fertig-768x769.jpg 768w, https:\/\/www.bengs-modellbau.de\/magazin\/wp-content\/uploads\/2019\/05\/Dampfmaschine-Leni-Modell-fertig-120x120.jpg 120w, https:\/\/www.bengs-modellbau.de\/magazin\/wp-content\/uploads\/2019\/05\/Dampfmaschine-Leni-Modell-fertig-180x180.jpg 180w, https:\/\/www.bengs-modellbau.de\/magazin\/wp-content\/uploads\/2019\/05\/Dampfmaschine-Leni-Modell-fertig-268x268.jpg 268w, https:\/\/www.bengs-modellbau.de\/magazin\/wp-content\/uploads\/2019\/05\/Dampfmaschine-Leni-Modell-fertig.jpg 1199w\" sizes=\"(max-width: 770px) 100vw, 770px\" \/><\/a><\/p>\n<p>&nbsp;<\/p>\n<p>&nbsp;<\/p>\n","protected":false},"excerpt":{"rendered":"<p>Auf dieser Seite haben wir Kundenbilder der stehenden Dampfmaschine Leni zusammengetragen. Die Kundenmodelle wurden aus Materialbaus\u00e4tzen der Firma Bengs Modellbau hergestellt.\u00a0Die Fotos der einzelnen Dampfmaschinen wurden uns freundlicherweise von Modellbauern zur Verf\u00fcgung gestellt. Wenn auch Sie einen Materialbausatz von uns gebaut haben w\u00fcrden wir uns sehr \u00fcber die Zusendung von Fotos freuen.\u00a0Weitere Informationen zu dem [&hellip;]<\/p>\n","protected":false},"author":1,"featured_media":0,"parent":381,"menu_order":0,"comment_status":"closed","ping_status":"closed","template":"","meta":{"footnotes":""},"class_list":["post-3693","page","type-page","status-publish","hentry"],"yoast_head":"<!-- This site is optimized with the Yoast SEO plugin v27.2 - https:\/\/yoast.com\/product\/yoast-seo-wordpress\/ -->\n<title>Dampfmaschine \u201cLeni\u201d - Bengs Modellbau Magazin<\/title>\n<meta name=\"description\" content=\"Hier finden Sie Fotos von Kundenmodellen der Stehenden Dampfmaschine Leni. Der Bausatz ist bei Bengs Modellbau erh\u00e4ltlich\" \/>\n<meta name=\"robots\" content=\"index, follow, max-snippet:-1, max-image-preview:large, max-video-preview:-1\" \/>\n<link rel=\"canonical\" href=\"https:\/\/www.bengs-modellbau.de\/magazin\/kunden-modelle\/dampfmaschine\/dampfmaschine-leni\/\" \/>\n<meta property=\"og:locale\" content=\"de_DE\" \/>\n<meta property=\"og:type\" content=\"article\" \/>\n<meta property=\"og:title\" content=\"Dampfmaschine \u201cLeni\u201d - Bengs Modellbau Magazin\" \/>\n<meta property=\"og:description\" content=\"Hier finden Sie Fotos von Kundenmodellen der Stehenden Dampfmaschine Leni. Der Bausatz ist bei Bengs Modellbau erh\u00e4ltlich\" \/>\n<meta property=\"og:url\" content=\"https:\/\/www.bengs-modellbau.de\/magazin\/kunden-modelle\/dampfmaschine\/dampfmaschine-leni\/\" \/>\n<meta property=\"og:site_name\" content=\"Bengs Modellbau Magazin\" \/>\n<meta property=\"article:modified_time\" content=\"2019-05-06T10:46:23+00:00\" \/>\n<meta property=\"og:image\" content=\"https:\/\/www.bengs-modellbau.de\/magazin\/wp-content\/uploads\/2019\/05\/Modelldampfmaschine-bengs-modellbau-1024x1024.jpg\" \/>\n<meta name=\"twitter:card\" content=\"summary_large_image\" \/>\n<meta name=\"twitter:label1\" content=\"Gesch\u00e4tzte Lesezeit\" \/>\n\t<meta name=\"twitter:data1\" content=\"1\u00a0Minute\" \/>\n<script type=\"application\/ld+json\" class=\"yoast-schema-graph\">{\"@context\":\"https:\/\/schema.org\",\"@graph\":[{\"@type\":\"WebPage\",\"@id\":\"https:\/\/www.bengs-modellbau.de\/magazin\/kunden-modelle\/dampfmaschine\/dampfmaschine-leni\/\",\"url\":\"https:\/\/www.bengs-modellbau.de\/magazin\/kunden-modelle\/dampfmaschine\/dampfmaschine-leni\/\",\"name\":\"Dampfmaschine \u201cLeni\u201d - Bengs Modellbau Magazin\",\"isPartOf\":{\"@id\":\"https:\/\/www.bengs-modellbau.de\/magazin\/#website\"},\"primaryImageOfPage\":{\"@id\":\"https:\/\/www.bengs-modellbau.de\/magazin\/kunden-modelle\/dampfmaschine\/dampfmaschine-leni\/#primaryimage\"},\"image\":{\"@id\":\"https:\/\/www.bengs-modellbau.de\/magazin\/kunden-modelle\/dampfmaschine\/dampfmaschine-leni\/#primaryimage\"},\"thumbnailUrl\":\"https:\/\/www.bengs-modellbau.de\/magazin\/wp-content\/uploads\/2019\/05\/Modelldampfmaschine-bengs-modellbau-1024x1024.jpg\",\"datePublished\":\"2019-05-06T09:43:36+00:00\",\"dateModified\":\"2019-05-06T10:46:23+00:00\",\"description\":\"Hier finden Sie Fotos von Kundenmodellen der Stehenden Dampfmaschine Leni. Der Bausatz ist bei Bengs Modellbau erh\u00e4ltlich\",\"breadcrumb\":{\"@id\":\"https:\/\/www.bengs-modellbau.de\/magazin\/kunden-modelle\/dampfmaschine\/dampfmaschine-leni\/#breadcrumb\"},\"inLanguage\":\"de\",\"potentialAction\":[{\"@type\":\"ReadAction\",\"target\":[\"https:\/\/www.bengs-modellbau.de\/magazin\/kunden-modelle\/dampfmaschine\/dampfmaschine-leni\/\"]}]},{\"@type\":\"ImageObject\",\"inLanguage\":\"de\",\"@id\":\"https:\/\/www.bengs-modellbau.de\/magazin\/kunden-modelle\/dampfmaschine\/dampfmaschine-leni\/#primaryimage\",\"url\":\"https:\/\/www.bengs-modellbau.de\/magazin\/wp-content\/uploads\/2019\/05\/Modelldampfmaschine-bengs-modellbau.jpg\",\"contentUrl\":\"https:\/\/www.bengs-modellbau.de\/magazin\/wp-content\/uploads\/2019\/05\/Modelldampfmaschine-bengs-modellbau.jpg\",\"width\":1200,\"height\":1200},{\"@type\":\"BreadcrumbList\",\"@id\":\"https:\/\/www.bengs-modellbau.de\/magazin\/kunden-modelle\/dampfmaschine\/dampfmaschine-leni\/#breadcrumb\",\"itemListElement\":[{\"@type\":\"ListItem\",\"position\":1,\"name\":\"Startseite\",\"item\":\"https:\/\/www.bengs-modellbau.de\/magazin\/\"},{\"@type\":\"ListItem\",\"position\":2,\"name\":\"Kunden Modelle\",\"item\":\"https:\/\/www.bengs-modellbau.de\/magazin\/kunden-modelle\/\"},{\"@type\":\"ListItem\",\"position\":3,\"name\":\"Dampfmaschine\",\"item\":\"https:\/\/www.bengs-modellbau.de\/magazin\/kunden-modelle\/dampfmaschine\/\"},{\"@type\":\"ListItem\",\"position\":4,\"name\":\"Dampfmaschine \u201cLeni\u201d\"}]},{\"@type\":\"WebSite\",\"@id\":\"https:\/\/www.bengs-modellbau.de\/magazin\/#website\",\"url\":\"https:\/\/www.bengs-modellbau.de\/magazin\/\",\"name\":\"Bengs Modellbau Magazin\",\"description\":\"\",\"publisher\":{\"@id\":\"https:\/\/www.bengs-modellbau.de\/magazin\/#organization\"},\"potentialAction\":[{\"@type\":\"SearchAction\",\"target\":{\"@type\":\"EntryPoint\",\"urlTemplate\":\"https:\/\/www.bengs-modellbau.de\/magazin\/?s={search_term_string}\"},\"query-input\":{\"@type\":\"PropertyValueSpecification\",\"valueRequired\":true,\"valueName\":\"search_term_string\"}}],\"inLanguage\":\"de\"},{\"@type\":\"Organization\",\"@id\":\"https:\/\/www.bengs-modellbau.de\/magazin\/#organization\",\"name\":\"Bengs Modellbau Magazin\",\"url\":\"https:\/\/www.bengs-modellbau.de\/magazin\/\",\"logo\":{\"@type\":\"ImageObject\",\"inLanguage\":\"de\",\"@id\":\"https:\/\/www.bengs-modellbau.de\/magazin\/#\/schema\/logo\/image\/\",\"url\":\"https:\/\/www.bengs-modellbau.de\/magazin\/wp-content\/uploads\/2024\/01\/logo-bengs-ebay-2.jpg\",\"contentUrl\":\"https:\/\/www.bengs-modellbau.de\/magazin\/wp-content\/uploads\/2024\/01\/logo-bengs-ebay-2.jpg\",\"width\":369,\"height\":167,\"caption\":\"Bengs Modellbau Magazin\"},\"image\":{\"@id\":\"https:\/\/www.bengs-modellbau.de\/magazin\/#\/schema\/logo\/image\/\"}}]}<\/script>\n<!-- \/ Yoast SEO plugin. -->","yoast_head_json":{"title":"Dampfmaschine \u201cLeni\u201d - Bengs Modellbau Magazin","description":"Hier finden Sie Fotos von Kundenmodellen der Stehenden Dampfmaschine Leni. Der Bausatz ist bei Bengs Modellbau erh\u00e4ltlich","robots":{"index":"index","follow":"follow","max-snippet":"max-snippet:-1","max-image-preview":"max-image-preview:large","max-video-preview":"max-video-preview:-1"},"canonical":"https:\/\/www.bengs-modellbau.de\/magazin\/kunden-modelle\/dampfmaschine\/dampfmaschine-leni\/","og_locale":"de_DE","og_type":"article","og_title":"Dampfmaschine \u201cLeni\u201d - Bengs Modellbau Magazin","og_description":"Hier finden Sie Fotos von Kundenmodellen der Stehenden Dampfmaschine Leni. Der Bausatz ist bei Bengs Modellbau erh\u00e4ltlich","og_url":"https:\/\/www.bengs-modellbau.de\/magazin\/kunden-modelle\/dampfmaschine\/dampfmaschine-leni\/","og_site_name":"Bengs Modellbau Magazin","article_modified_time":"2019-05-06T10:46:23+00:00","og_image":[{"url":"https:\/\/www.bengs-modellbau.de\/magazin\/wp-content\/uploads\/2019\/05\/Modelldampfmaschine-bengs-modellbau-1024x1024.jpg","type":"","width":"","height":""}],"twitter_card":"summary_large_image","twitter_misc":{"Gesch\u00e4tzte Lesezeit":"1\u00a0Minute"},"schema":{"@context":"https:\/\/schema.org","@graph":[{"@type":"WebPage","@id":"https:\/\/www.bengs-modellbau.de\/magazin\/kunden-modelle\/dampfmaschine\/dampfmaschine-leni\/","url":"https:\/\/www.bengs-modellbau.de\/magazin\/kunden-modelle\/dampfmaschine\/dampfmaschine-leni\/","name":"Dampfmaschine \u201cLeni\u201d - Bengs Modellbau Magazin","isPartOf":{"@id":"https:\/\/www.bengs-modellbau.de\/magazin\/#website"},"primaryImageOfPage":{"@id":"https:\/\/www.bengs-modellbau.de\/magazin\/kunden-modelle\/dampfmaschine\/dampfmaschine-leni\/#primaryimage"},"image":{"@id":"https:\/\/www.bengs-modellbau.de\/magazin\/kunden-modelle\/dampfmaschine\/dampfmaschine-leni\/#primaryimage"},"thumbnailUrl":"https:\/\/www.bengs-modellbau.de\/magazin\/wp-content\/uploads\/2019\/05\/Modelldampfmaschine-bengs-modellbau-1024x1024.jpg","datePublished":"2019-05-06T09:43:36+00:00","dateModified":"2019-05-06T10:46:23+00:00","description":"Hier finden Sie Fotos von Kundenmodellen der Stehenden Dampfmaschine Leni. Der Bausatz ist bei Bengs Modellbau erh\u00e4ltlich","breadcrumb":{"@id":"https:\/\/www.bengs-modellbau.de\/magazin\/kunden-modelle\/dampfmaschine\/dampfmaschine-leni\/#breadcrumb"},"inLanguage":"de","potentialAction":[{"@type":"ReadAction","target":["https:\/\/www.bengs-modellbau.de\/magazin\/kunden-modelle\/dampfmaschine\/dampfmaschine-leni\/"]}]},{"@type":"ImageObject","inLanguage":"de","@id":"https:\/\/www.bengs-modellbau.de\/magazin\/kunden-modelle\/dampfmaschine\/dampfmaschine-leni\/#primaryimage","url":"https:\/\/www.bengs-modellbau.de\/magazin\/wp-content\/uploads\/2019\/05\/Modelldampfmaschine-bengs-modellbau.jpg","contentUrl":"https:\/\/www.bengs-modellbau.de\/magazin\/wp-content\/uploads\/2019\/05\/Modelldampfmaschine-bengs-modellbau.jpg","width":1200,"height":1200},{"@type":"BreadcrumbList","@id":"https:\/\/www.bengs-modellbau.de\/magazin\/kunden-modelle\/dampfmaschine\/dampfmaschine-leni\/#breadcrumb","itemListElement":[{"@type":"ListItem","position":1,"name":"Startseite","item":"https:\/\/www.bengs-modellbau.de\/magazin\/"},{"@type":"ListItem","position":2,"name":"Kunden Modelle","item":"https:\/\/www.bengs-modellbau.de\/magazin\/kunden-modelle\/"},{"@type":"ListItem","position":3,"name":"Dampfmaschine","item":"https:\/\/www.bengs-modellbau.de\/magazin\/kunden-modelle\/dampfmaschine\/"},{"@type":"ListItem","position":4,"name":"Dampfmaschine \u201cLeni\u201d"}]},{"@type":"WebSite","@id":"https:\/\/www.bengs-modellbau.de\/magazin\/#website","url":"https:\/\/www.bengs-modellbau.de\/magazin\/","name":"Bengs Modellbau Magazin","description":"","publisher":{"@id":"https:\/\/www.bengs-modellbau.de\/magazin\/#organization"},"potentialAction":[{"@type":"SearchAction","target":{"@type":"EntryPoint","urlTemplate":"https:\/\/www.bengs-modellbau.de\/magazin\/?s={search_term_string}"},"query-input":{"@type":"PropertyValueSpecification","valueRequired":true,"valueName":"search_term_string"}}],"inLanguage":"de"},{"@type":"Organization","@id":"https:\/\/www.bengs-modellbau.de\/magazin\/#organization","name":"Bengs Modellbau Magazin","url":"https:\/\/www.bengs-modellbau.de\/magazin\/","logo":{"@type":"ImageObject","inLanguage":"de","@id":"https:\/\/www.bengs-modellbau.de\/magazin\/#\/schema\/logo\/image\/","url":"https:\/\/www.bengs-modellbau.de\/magazin\/wp-content\/uploads\/2024\/01\/logo-bengs-ebay-2.jpg","contentUrl":"https:\/\/www.bengs-modellbau.de\/magazin\/wp-content\/uploads\/2024\/01\/logo-bengs-ebay-2.jpg","width":369,"height":167,"caption":"Bengs Modellbau Magazin"},"image":{"@id":"https:\/\/www.bengs-modellbau.de\/magazin\/#\/schema\/logo\/image\/"}}]}},"_links":{"self":[{"href":"https:\/\/www.bengs-modellbau.de\/magazin\/wp-json\/wp\/v2\/pages\/3693","targetHints":{"allow":["GET"]}}],"collection":[{"href":"https:\/\/www.bengs-modellbau.de\/magazin\/wp-json\/wp\/v2\/pages"}],"about":[{"href":"https:\/\/www.bengs-modellbau.de\/magazin\/wp-json\/wp\/v2\/types\/page"}],"author":[{"embeddable":true,"href":"https:\/\/www.bengs-modellbau.de\/magazin\/wp-json\/wp\/v2\/users\/1"}],"replies":[{"embeddable":true,"href":"https:\/\/www.bengs-modellbau.de\/magazin\/wp-json\/wp\/v2\/comments?post=3693"}],"version-history":[{"count":1,"href":"https:\/\/www.bengs-modellbau.de\/magazin\/wp-json\/wp\/v2\/pages\/3693\/revisions"}],"predecessor-version":[{"id":3698,"href":"https:\/\/www.bengs-modellbau.de\/magazin\/wp-json\/wp\/v2\/pages\/3693\/revisions\/3698"}],"up":[{"embeddable":true,"href":"https:\/\/www.bengs-modellbau.de\/magazin\/wp-json\/wp\/v2\/pages\/381"}],"wp:attachment":[{"href":"https:\/\/www.bengs-modellbau.de\/magazin\/wp-json\/wp\/v2\/media?parent=3693"}],"curies":[{"name":"wp","href":"https:\/\/api.w.org\/{rel}","templated":true}]}}