{"id":342,"date":"2011-08-02T15:24:08","date_gmt":"2011-08-02T15:24:08","guid":{"rendered":"http:\/\/www.bengs-modellbau.de\/magazin\/?page_id=342"},"modified":"2017-10-11T15:06:04","modified_gmt":"2017-10-11T13:06:04","slug":"bauberichte","status":"publish","type":"page","link":"https:\/\/www.bengs-modellbau.de\/magazin\/bauberichte\/","title":{"rendered":"Bauberichte"},"content":{"rendered":"<p><a href=\"http:\/\/www.bengs-modellbau.de\/magazin\/wp-content\/uploads\/2011\/08\/Modellbau-baubericht.jpg\"><img fetchpriority=\"high\" decoding=\"async\" class=\"alignright size-medium wp-image-803\" title=\"Modellbau-baubericht\" src=\"http:\/\/www.bengs-modellbau.de\/magazin\/wp-content\/uploads\/2011\/08\/Modellbau-baubericht-300x200.jpg\" alt=\"\" width=\"300\" height=\"200\" srcset=\"https:\/\/www.bengs-modellbau.de\/magazin\/wp-content\/uploads\/2011\/08\/Modellbau-baubericht-300x200.jpg 300w, https:\/\/www.bengs-modellbau.de\/magazin\/wp-content\/uploads\/2011\/08\/Modellbau-baubericht-1024x682.jpg 1024w, https:\/\/www.bengs-modellbau.de\/magazin\/wp-content\/uploads\/2011\/08\/Modellbau-baubericht.jpg 1200w\" sizes=\"(max-width: 300px) 100vw, 300px\" \/><\/a>Kommen Sie bei Ihrem Modellbau Projekt nicht weiter oder wissen nicht, wie Sie ein Drehteil herstellen oder spannen sollen?<\/p>\n<p>Dann schauen Sie sich doch unsere Bauberichte von verschiedenen Modellen von Bengs Modellbau an. Vielleicht hilft Ihnen das ja ein wenig weiter. Im technischen Modellbau gibt es die verschiedensten Herangehensweisen beim Bau von Dampfmaschinen, Stirlingmotoren, Verbrennungsmotoren oder Flammenfressern. Darum ist es immer eine gute Idee einfach mal anderen Modellbauern bei der Aus\u00fcbung ihres Hobbys \u00fcber die Schultern zu gucken. Sicherlich kann man sich hier und da noch etwas abgucken, das man f\u00fcr seine eigenen Modellbauten gebrauchen kann. Sie finden hier zu fast allen bei Bengs Modellbau erh\u00e4ltlichen Modellen Bauberichte. Wir haben beim Bau der Materialbaus\u00e4tze sehr viele Fotos von den Bauteilen oder der Bearbeitung gemacht um Ihnen einen Eindruck zu vermitteln wie wir die Modelle bauen. Einige der Bauberichte haben wir auch von Kunden erhalten. Daf\u00fcr an dieser Stelle noch einmal vielen Dank.<\/p>\n<h2>Bauberichte der Modelle<\/h2>\n<ul>\n<li><a href=\"http:\/\/www.bengs-modellbau.de\/magazin\/2988-baubericht-flammenfresser-jarne\/\">Baubericht Flammenfresser &#8222;Jarne&#8220;<\/a><\/li>\n<li><a href=\"http:\/\/www.bengs-modellbau.de\/magazin\/bauberichte\/baubericht-ventilgesteuerte-dampfmaschine-isabel\/\">Baubericht ventilgesteuerte Dampfmaschine \u201eIsabel\u201c<\/a><\/li>\n<li><a href=\"http:\/\/www.bengs-modellbau.de\/magazin\/bauberichte\/baubericht-stirlingmotor-laura\/\">Baubericht Stirlingmotor \u201eLaura\u201c<\/a><\/li>\n<li><a href=\"http:\/\/www.bengs-modellbau.de\/magazin\/bauberichte\/baubericht-dampfmaschine-danni\/\">Baubericht Dampfmaschine \u201cDanni\u201d<\/a><\/li>\n<li><a href=\"http:\/\/www.bengs-modellbau.de\/magazin\/bauberichte\/baubericht-dampfmaschine-donatus\/\">Baubericht Dampfmaschine \u201cDonatus\u201d<\/a><\/li>\n<li><a href=\"http:\/\/www.bengs-modellbau.de\/magazin\/bauberichte\/baubericht-flammenfresser-nick\/\">Baubericht Flammenfresser \u201eNick\u201c<\/a><\/li>\n<li><a href=\"http:\/\/www.bengs-modellbau.de\/magazin\/bauberichte\/dampfmaschine-danni-2-zylinder-maschine\/\">Dampfmaschine \u201eDanni\u201c als 2 Zylinder Maschine<\/a><\/li>\n<li><a href=\"http:\/\/www.bengs-modellbau.de\/magazin\/bauberichte\/baubericht-4-takt-stationaermotor-verbrennungsmoto\/\">Baubericht 4-Takt Station\u00e4rmotor \u201eKarl\u201c<\/a><\/li>\n<li><a href=\"http:\/\/www.bengs-modellbau.de\/magazin\/2372-baubericht-baubericht-loetlampe-heizlampe-materialbausatz\/\">Baubericht L\u00f6tlampe \/ Heizlampe Materialbausatz<\/a><\/li>\n<li><a href=\"http:\/\/www.bengs-modellbau.de\/magazin\/bauberichte\/duerkopp-tauchkolben-gasmotor\/\">D\u00fcrkopp Tauchkolben Gasmotor<\/a><\/li>\n<\/ul>\n","protected":false},"excerpt":{"rendered":"<p>Kommen Sie bei Ihrem Modellbau Projekt nicht weiter oder wissen nicht, wie Sie ein Drehteil herstellen oder spannen sollen? Dann schauen Sie sich doch unsere Bauberichte von verschiedenen Modellen von Bengs Modellbau an. Vielleicht hilft Ihnen das ja ein wenig weiter. Im technischen Modellbau gibt es die verschiedensten Herangehensweisen beim Bau von Dampfmaschinen, Stirlingmotoren, Verbrennungsmotoren [&hellip;]<\/p>\n","protected":false},"author":1,"featured_media":0,"parent":0,"menu_order":0,"comment_status":"closed","ping_status":"closed","template":"","meta":{"footnotes":""},"class_list":["post-342","page","type-page","status-publish","hentry"],"yoast_head":"<!-- This site is optimized with the Yoast SEO plugin v27.4 - https:\/\/yoast.com\/product\/yoast-seo-wordpress\/ -->\n<title>Bauberichte - Bengs Modellbau Magazin<\/title>\n<meta name=\"description\" content=\"Sie finden hier Bauberichte von fast allen Bengs Modellbau Materialbaus\u00e4tzen. Flammenfresser, Dampfmaschine, Stirlingmotor und Verbrennungsmotor.\" \/>\n<meta name=\"robots\" content=\"index, follow, max-snippet:-1, max-image-preview:large, max-video-preview:-1\" \/>\n<link rel=\"canonical\" href=\"https:\/\/www.bengs-modellbau.de\/magazin\/bauberichte\/\" \/>\n<meta property=\"og:locale\" content=\"de_DE\" \/>\n<meta property=\"og:type\" content=\"article\" \/>\n<meta property=\"og:title\" content=\"Bauberichte - Bengs Modellbau Magazin\" \/>\n<meta property=\"og:description\" content=\"Sie finden hier Bauberichte von fast allen Bengs Modellbau Materialbaus\u00e4tzen. Flammenfresser, Dampfmaschine, Stirlingmotor und Verbrennungsmotor.\" \/>\n<meta property=\"og:url\" content=\"https:\/\/www.bengs-modellbau.de\/magazin\/bauberichte\/\" \/>\n<meta property=\"og:site_name\" content=\"Bengs Modellbau Magazin\" \/>\n<meta property=\"article:modified_time\" content=\"2017-10-11T13:06:04+00:00\" \/>\n<meta property=\"og:image\" content=\"http:\/\/www.bengs-modellbau.de\/magazin\/wp-content\/uploads\/2011\/08\/Modellbau-baubericht-300x200.jpg\" \/>\n<meta name=\"twitter:card\" content=\"summary_large_image\" \/>\n<meta name=\"twitter:label1\" content=\"Gesch\u00e4tzte Lesezeit\" \/>\n\t<meta name=\"twitter:data1\" content=\"1\u00a0Minute\" \/>\n<script type=\"application\/ld+json\" class=\"yoast-schema-graph\">{\"@context\":\"https:\\\/\\\/schema.org\",\"@graph\":[{\"@type\":\"WebPage\",\"@id\":\"https:\\\/\\\/www.bengs-modellbau.de\\\/magazin\\\/bauberichte\\\/\",\"url\":\"https:\\\/\\\/www.bengs-modellbau.de\\\/magazin\\\/bauberichte\\\/\",\"name\":\"Bauberichte - Bengs Modellbau Magazin\",\"isPartOf\":{\"@id\":\"https:\\\/\\\/www.bengs-modellbau.de\\\/magazin\\\/#website\"},\"primaryImageOfPage\":{\"@id\":\"https:\\\/\\\/www.bengs-modellbau.de\\\/magazin\\\/bauberichte\\\/#primaryimage\"},\"image\":{\"@id\":\"https:\\\/\\\/www.bengs-modellbau.de\\\/magazin\\\/bauberichte\\\/#primaryimage\"},\"thumbnailUrl\":\"http:\\\/\\\/www.bengs-modellbau.de\\\/magazin\\\/wp-content\\\/uploads\\\/2011\\\/08\\\/Modellbau-baubericht-300x200.jpg\",\"datePublished\":\"2011-08-02T15:24:08+00:00\",\"dateModified\":\"2017-10-11T13:06:04+00:00\",\"description\":\"Sie finden hier Bauberichte von fast allen Bengs Modellbau Materialbaus\u00e4tzen. Flammenfresser, Dampfmaschine, Stirlingmotor und Verbrennungsmotor.\",\"breadcrumb\":{\"@id\":\"https:\\\/\\\/www.bengs-modellbau.de\\\/magazin\\\/bauberichte\\\/#breadcrumb\"},\"inLanguage\":\"de\",\"potentialAction\":[{\"@type\":\"ReadAction\",\"target\":[\"https:\\\/\\\/www.bengs-modellbau.de\\\/magazin\\\/bauberichte\\\/\"]}]},{\"@type\":\"ImageObject\",\"inLanguage\":\"de\",\"@id\":\"https:\\\/\\\/www.bengs-modellbau.de\\\/magazin\\\/bauberichte\\\/#primaryimage\",\"url\":\"https:\\\/\\\/www.bengs-modellbau.de\\\/magazin\\\/wp-content\\\/uploads\\\/2011\\\/08\\\/Modellbau-baubericht.jpg\",\"contentUrl\":\"https:\\\/\\\/www.bengs-modellbau.de\\\/magazin\\\/wp-content\\\/uploads\\\/2011\\\/08\\\/Modellbau-baubericht.jpg\",\"width\":\"1200\",\"height\":\"800\",\"caption\":\"Modellbaubauberichte von Dampfmaschinen Stirlingmotoren und Flammenfresser\"},{\"@type\":\"BreadcrumbList\",\"@id\":\"https:\\\/\\\/www.bengs-modellbau.de\\\/magazin\\\/bauberichte\\\/#breadcrumb\",\"itemListElement\":[{\"@type\":\"ListItem\",\"position\":1,\"name\":\"Startseite\",\"item\":\"https:\\\/\\\/www.bengs-modellbau.de\\\/magazin\\\/\"},{\"@type\":\"ListItem\",\"position\":2,\"name\":\"Bauberichte\"}]},{\"@type\":\"WebSite\",\"@id\":\"https:\\\/\\\/www.bengs-modellbau.de\\\/magazin\\\/#website\",\"url\":\"https:\\\/\\\/www.bengs-modellbau.de\\\/magazin\\\/\",\"name\":\"Bengs Modellbau Magazin\",\"description\":\"\",\"publisher\":{\"@id\":\"https:\\\/\\\/www.bengs-modellbau.de\\\/magazin\\\/#organization\"},\"potentialAction\":[{\"@type\":\"SearchAction\",\"target\":{\"@type\":\"EntryPoint\",\"urlTemplate\":\"https:\\\/\\\/www.bengs-modellbau.de\\\/magazin\\\/?s={search_term_string}\"},\"query-input\":{\"@type\":\"PropertyValueSpecification\",\"valueRequired\":true,\"valueName\":\"search_term_string\"}}],\"inLanguage\":\"de\"},{\"@type\":\"Organization\",\"@id\":\"https:\\\/\\\/www.bengs-modellbau.de\\\/magazin\\\/#organization\",\"name\":\"Bengs Modellbau Magazin\",\"url\":\"https:\\\/\\\/www.bengs-modellbau.de\\\/magazin\\\/\",\"logo\":{\"@type\":\"ImageObject\",\"inLanguage\":\"de\",\"@id\":\"https:\\\/\\\/www.bengs-modellbau.de\\\/magazin\\\/#\\\/schema\\\/logo\\\/image\\\/\",\"url\":\"https:\\\/\\\/www.bengs-modellbau.de\\\/magazin\\\/wp-content\\\/uploads\\\/2024\\\/01\\\/logo-bengs-ebay-2.jpg\",\"contentUrl\":\"https:\\\/\\\/www.bengs-modellbau.de\\\/magazin\\\/wp-content\\\/uploads\\\/2024\\\/01\\\/logo-bengs-ebay-2.jpg\",\"width\":369,\"height\":167,\"caption\":\"Bengs Modellbau Magazin\"},\"image\":{\"@id\":\"https:\\\/\\\/www.bengs-modellbau.de\\\/magazin\\\/#\\\/schema\\\/logo\\\/image\\\/\"}}]}<\/script>\n<!-- \/ Yoast SEO plugin. -->","yoast_head_json":{"title":"Bauberichte - Bengs Modellbau Magazin","description":"Sie finden hier Bauberichte von fast allen Bengs Modellbau Materialbaus\u00e4tzen. Flammenfresser, Dampfmaschine, Stirlingmotor und Verbrennungsmotor.","robots":{"index":"index","follow":"follow","max-snippet":"max-snippet:-1","max-image-preview":"max-image-preview:large","max-video-preview":"max-video-preview:-1"},"canonical":"https:\/\/www.bengs-modellbau.de\/magazin\/bauberichte\/","og_locale":"de_DE","og_type":"article","og_title":"Bauberichte - Bengs Modellbau Magazin","og_description":"Sie finden hier Bauberichte von fast allen Bengs Modellbau Materialbaus\u00e4tzen. Flammenfresser, Dampfmaschine, Stirlingmotor und Verbrennungsmotor.","og_url":"https:\/\/www.bengs-modellbau.de\/magazin\/bauberichte\/","og_site_name":"Bengs Modellbau Magazin","article_modified_time":"2017-10-11T13:06:04+00:00","og_image":[{"url":"http:\/\/www.bengs-modellbau.de\/magazin\/wp-content\/uploads\/2011\/08\/Modellbau-baubericht-300x200.jpg","type":"","width":"","height":""}],"twitter_card":"summary_large_image","twitter_misc":{"Gesch\u00e4tzte Lesezeit":"1\u00a0Minute"},"schema":{"@context":"https:\/\/schema.org","@graph":[{"@type":"WebPage","@id":"https:\/\/www.bengs-modellbau.de\/magazin\/bauberichte\/","url":"https:\/\/www.bengs-modellbau.de\/magazin\/bauberichte\/","name":"Bauberichte - Bengs Modellbau Magazin","isPartOf":{"@id":"https:\/\/www.bengs-modellbau.de\/magazin\/#website"},"primaryImageOfPage":{"@id":"https:\/\/www.bengs-modellbau.de\/magazin\/bauberichte\/#primaryimage"},"image":{"@id":"https:\/\/www.bengs-modellbau.de\/magazin\/bauberichte\/#primaryimage"},"thumbnailUrl":"http:\/\/www.bengs-modellbau.de\/magazin\/wp-content\/uploads\/2011\/08\/Modellbau-baubericht-300x200.jpg","datePublished":"2011-08-02T15:24:08+00:00","dateModified":"2017-10-11T13:06:04+00:00","description":"Sie finden hier Bauberichte von fast allen Bengs Modellbau Materialbaus\u00e4tzen. Flammenfresser, Dampfmaschine, Stirlingmotor und Verbrennungsmotor.","breadcrumb":{"@id":"https:\/\/www.bengs-modellbau.de\/magazin\/bauberichte\/#breadcrumb"},"inLanguage":"de","potentialAction":[{"@type":"ReadAction","target":["https:\/\/www.bengs-modellbau.de\/magazin\/bauberichte\/"]}]},{"@type":"ImageObject","inLanguage":"de","@id":"https:\/\/www.bengs-modellbau.de\/magazin\/bauberichte\/#primaryimage","url":"https:\/\/www.bengs-modellbau.de\/magazin\/wp-content\/uploads\/2011\/08\/Modellbau-baubericht.jpg","contentUrl":"https:\/\/www.bengs-modellbau.de\/magazin\/wp-content\/uploads\/2011\/08\/Modellbau-baubericht.jpg","width":"1200","height":"800","caption":"Modellbaubauberichte von Dampfmaschinen Stirlingmotoren und Flammenfresser"},{"@type":"BreadcrumbList","@id":"https:\/\/www.bengs-modellbau.de\/magazin\/bauberichte\/#breadcrumb","itemListElement":[{"@type":"ListItem","position":1,"name":"Startseite","item":"https:\/\/www.bengs-modellbau.de\/magazin\/"},{"@type":"ListItem","position":2,"name":"Bauberichte"}]},{"@type":"WebSite","@id":"https:\/\/www.bengs-modellbau.de\/magazin\/#website","url":"https:\/\/www.bengs-modellbau.de\/magazin\/","name":"Bengs Modellbau Magazin","description":"","publisher":{"@id":"https:\/\/www.bengs-modellbau.de\/magazin\/#organization"},"potentialAction":[{"@type":"SearchAction","target":{"@type":"EntryPoint","urlTemplate":"https:\/\/www.bengs-modellbau.de\/magazin\/?s={search_term_string}"},"query-input":{"@type":"PropertyValueSpecification","valueRequired":true,"valueName":"search_term_string"}}],"inLanguage":"de"},{"@type":"Organization","@id":"https:\/\/www.bengs-modellbau.de\/magazin\/#organization","name":"Bengs Modellbau Magazin","url":"https:\/\/www.bengs-modellbau.de\/magazin\/","logo":{"@type":"ImageObject","inLanguage":"de","@id":"https:\/\/www.bengs-modellbau.de\/magazin\/#\/schema\/logo\/image\/","url":"https:\/\/www.bengs-modellbau.de\/magazin\/wp-content\/uploads\/2024\/01\/logo-bengs-ebay-2.jpg","contentUrl":"https:\/\/www.bengs-modellbau.de\/magazin\/wp-content\/uploads\/2024\/01\/logo-bengs-ebay-2.jpg","width":369,"height":167,"caption":"Bengs Modellbau Magazin"},"image":{"@id":"https:\/\/www.bengs-modellbau.de\/magazin\/#\/schema\/logo\/image\/"}}]}},"_links":{"self":[{"href":"https:\/\/www.bengs-modellbau.de\/magazin\/wp-json\/wp\/v2\/pages\/342","targetHints":{"allow":["GET"]}}],"collection":[{"href":"https:\/\/www.bengs-modellbau.de\/magazin\/wp-json\/wp\/v2\/pages"}],"about":[{"href":"https:\/\/www.bengs-modellbau.de\/magazin\/wp-json\/wp\/v2\/types\/page"}],"author":[{"embeddable":true,"href":"https:\/\/www.bengs-modellbau.de\/magazin\/wp-json\/wp\/v2\/users\/1"}],"replies":[{"embeddable":true,"href":"https:\/\/www.bengs-modellbau.de\/magazin\/wp-json\/wp\/v2\/comments?post=342"}],"version-history":[{"count":9,"href":"https:\/\/www.bengs-modellbau.de\/magazin\/wp-json\/wp\/v2\/pages\/342\/revisions"}],"predecessor-version":[{"id":3121,"href":"https:\/\/www.bengs-modellbau.de\/magazin\/wp-json\/wp\/v2\/pages\/342\/revisions\/3121"}],"wp:attachment":[{"href":"https:\/\/www.bengs-modellbau.de\/magazin\/wp-json\/wp\/v2\/media?parent=342"}],"curies":[{"name":"wp","href":"https:\/\/api.w.org\/{rel}","templated":true}]}}