{"id":3283,"date":"2018-08-01T10:07:25","date_gmt":"2018-08-01T08:07:25","guid":{"rendered":"https:\/\/www.bengs-modellbau.de\/magazin\/?page_id=3283"},"modified":"2024-01-17T22:42:17","modified_gmt":"2024-01-17T20:42:17","slug":"flammenfresser-jarne","status":"publish","type":"page","link":"https:\/\/www.bengs-modellbau.de\/magazin\/kunden-modelle\/flammenfresser\/flammenfresser-jarne\/","title":{"rendered":"Flammenfresser &#8222;Jarne&#8220;"},"content":{"rendered":"<p>Auf dieser Seite finden Sie Bilder vom <a href=\"https:\/\/www.bengs-modellbau.de\/materialbausaetze\/flammenfresser\/flammenfresser-jarne\">Flammenfresser Jarne<\/a> die uns freundlicherweise von Kunden zur Verf\u00fcgung gestellt wurden. Der Flammenfresser Jarne hat durch seine auf dem Zylinder montierte Kurbelwelle eine ungew\u00f6nliche Optik. \u00dcber einen Balken wird die Kraft des Kolben auf die Kurbelwelle weitergeleitet. Dieser Flammenfresser ist in Anlehnung an einen Flammenfresser von Armin de Vries enstanden, dieser bot vor einiger Zeit einen Gussteile Satz an.<\/p>\n<p>&nbsp;<\/p>\n<h2>Flammenfresser Jarne Antik<\/h2>\n<p>Hier sehen Sie einen sch\u00f6nen gebauten Flammenfresser Jarne aus unserem Materialbausatz. Die Schwungr\u00e4der wurden mit einem Antiklack lackiert. Alle Messingteile wurden mit <a href=\"https:\/\/www.bengs-modellbau.de\/werkzeug\/werkstattbedarf\/schwarzbeize-fuer-buntmetalle\">Schwarzbeize<\/a> br\u00fcniert. Die Grundplatte aus Eiche hat ebenfalls ein Antikfinish erhalten so das der ganze Motor etwas \u00e4lter aussieht als er wirklich ist.<\/p>\n<p><a href=\"https:\/\/www.bengs-modellbau.de\/magazin\/wp-content\/uploads\/2018\/08\/Flammenfresser-Jarne-bengs.jpg\"><img fetchpriority=\"high\" decoding=\"async\" class=\"aligncenter wp-image-3287 size-full\" src=\"https:\/\/www.bengs-modellbau.de\/magazin\/wp-content\/uploads\/2018\/08\/Flammenfresser-Jarne-bengs.jpg\" alt=\"Flammenfresser Jarne im Antik Look\" width=\"852\" height=\"852\" srcset=\"https:\/\/www.bengs-modellbau.de\/magazin\/wp-content\/uploads\/2018\/08\/Flammenfresser-Jarne-bengs.jpg 852w, https:\/\/www.bengs-modellbau.de\/magazin\/wp-content\/uploads\/2018\/08\/Flammenfresser-Jarne-bengs-150x150.jpg 150w, https:\/\/www.bengs-modellbau.de\/magazin\/wp-content\/uploads\/2018\/08\/Flammenfresser-Jarne-bengs-300x300.jpg 300w, https:\/\/www.bengs-modellbau.de\/magazin\/wp-content\/uploads\/2018\/08\/Flammenfresser-Jarne-bengs-768x768.jpg 768w, https:\/\/www.bengs-modellbau.de\/magazin\/wp-content\/uploads\/2018\/08\/Flammenfresser-Jarne-bengs-120x120.jpg 120w, https:\/\/www.bengs-modellbau.de\/magazin\/wp-content\/uploads\/2018\/08\/Flammenfresser-Jarne-bengs-180x180.jpg 180w, https:\/\/www.bengs-modellbau.de\/magazin\/wp-content\/uploads\/2018\/08\/Flammenfresser-Jarne-bengs-268x268.jpg 268w\" sizes=\"(max-width: 852px) 100vw, 852px\" \/><\/a><\/p>\n<p>&nbsp;<\/p>\n<p><a href=\"https:\/\/www.bengs-modellbau.de\/magazin\/wp-content\/uploads\/2018\/08\/Flammenfresser-Jarne-modellbau.jpg\"><img decoding=\"async\" class=\"aligncenter wp-image-3286 size-full\" src=\"https:\/\/www.bengs-modellbau.de\/magazin\/wp-content\/uploads\/2018\/08\/Flammenfresser-Jarne-modellbau.jpg\" alt=\"\" width=\"852\" height=\"852\" srcset=\"https:\/\/www.bengs-modellbau.de\/magazin\/wp-content\/uploads\/2018\/08\/Flammenfresser-Jarne-modellbau.jpg 852w, https:\/\/www.bengs-modellbau.de\/magazin\/wp-content\/uploads\/2018\/08\/Flammenfresser-Jarne-modellbau-150x150.jpg 150w, https:\/\/www.bengs-modellbau.de\/magazin\/wp-content\/uploads\/2018\/08\/Flammenfresser-Jarne-modellbau-300x300.jpg 300w, https:\/\/www.bengs-modellbau.de\/magazin\/wp-content\/uploads\/2018\/08\/Flammenfresser-Jarne-modellbau-768x768.jpg 768w, https:\/\/www.bengs-modellbau.de\/magazin\/wp-content\/uploads\/2018\/08\/Flammenfresser-Jarne-modellbau-120x120.jpg 120w, https:\/\/www.bengs-modellbau.de\/magazin\/wp-content\/uploads\/2018\/08\/Flammenfresser-Jarne-modellbau-180x180.jpg 180w, https:\/\/www.bengs-modellbau.de\/magazin\/wp-content\/uploads\/2018\/08\/Flammenfresser-Jarne-modellbau-268x268.jpg 268w\" sizes=\"(max-width: 852px) 100vw, 852px\" \/><\/a><\/p>\n<p>&nbsp;<\/p>\n<p><a href=\"https:\/\/www.bengs-modellbau.de\/magazin\/wp-content\/uploads\/2018\/08\/Flammenfresser-Jarne-brenner.jpg\"><img decoding=\"async\" class=\"aligncenter size-full wp-image-3284\" src=\"https:\/\/www.bengs-modellbau.de\/magazin\/wp-content\/uploads\/2018\/08\/Flammenfresser-Jarne-brenner.jpg\" alt=\"\" width=\"851\" height=\"852\" srcset=\"https:\/\/www.bengs-modellbau.de\/magazin\/wp-content\/uploads\/2018\/08\/Flammenfresser-Jarne-brenner.jpg 851w, https:\/\/www.bengs-modellbau.de\/magazin\/wp-content\/uploads\/2018\/08\/Flammenfresser-Jarne-brenner-150x150.jpg 150w, https:\/\/www.bengs-modellbau.de\/magazin\/wp-content\/uploads\/2018\/08\/Flammenfresser-Jarne-brenner-300x300.jpg 300w, https:\/\/www.bengs-modellbau.de\/magazin\/wp-content\/uploads\/2018\/08\/Flammenfresser-Jarne-brenner-768x769.jpg 768w, https:\/\/www.bengs-modellbau.de\/magazin\/wp-content\/uploads\/2018\/08\/Flammenfresser-Jarne-brenner-120x120.jpg 120w, https:\/\/www.bengs-modellbau.de\/magazin\/wp-content\/uploads\/2018\/08\/Flammenfresser-Jarne-brenner-180x180.jpg 180w, https:\/\/www.bengs-modellbau.de\/magazin\/wp-content\/uploads\/2018\/08\/Flammenfresser-Jarne-brenner-268x268.jpg 268w\" sizes=\"(max-width: 851px) 100vw, 851px\" \/><\/a><\/p>\n<p>&nbsp;<\/p>\n<p><a href=\"https:\/\/www.bengs-modellbau.de\/magazin\/wp-content\/uploads\/2018\/08\/Flammenfresser-Jarne-kurbelwelle.jpg\"><img loading=\"lazy\" decoding=\"async\" class=\"aligncenter wp-image-3285 size-full\" src=\"https:\/\/www.bengs-modellbau.de\/magazin\/wp-content\/uploads\/2018\/08\/Flammenfresser-Jarne-kurbelwelle.jpg\" alt=\"\" width=\"852\" height=\"851\" srcset=\"https:\/\/www.bengs-modellbau.de\/magazin\/wp-content\/uploads\/2018\/08\/Flammenfresser-Jarne-kurbelwelle.jpg 852w, https:\/\/www.bengs-modellbau.de\/magazin\/wp-content\/uploads\/2018\/08\/Flammenfresser-Jarne-kurbelwelle-150x150.jpg 150w, https:\/\/www.bengs-modellbau.de\/magazin\/wp-content\/uploads\/2018\/08\/Flammenfresser-Jarne-kurbelwelle-300x300.jpg 300w, https:\/\/www.bengs-modellbau.de\/magazin\/wp-content\/uploads\/2018\/08\/Flammenfresser-Jarne-kurbelwelle-768x767.jpg 768w, https:\/\/www.bengs-modellbau.de\/magazin\/wp-content\/uploads\/2018\/08\/Flammenfresser-Jarne-kurbelwelle-120x120.jpg 120w, https:\/\/www.bengs-modellbau.de\/magazin\/wp-content\/uploads\/2018\/08\/Flammenfresser-Jarne-kurbelwelle-180x180.jpg 180w, https:\/\/www.bengs-modellbau.de\/magazin\/wp-content\/uploads\/2018\/08\/Flammenfresser-Jarne-kurbelwelle-268x268.jpg 268w\" sizes=\"(max-width: 852px) 100vw, 852px\" \/><\/a><\/p>\n<p>&nbsp;<\/p>\n<div class=\"brlbs-cmpnt-container brlbs-cmpnt-content-blocker brlbs-cmpnt-with-individual-styles\" data-borlabs-cookie-content-blocker-id=\"youtube-content-blocker\" data-borlabs-cookie-content=\"PGlmcmFtZSBzcmM9Imh0dHBzOi8vd3d3LnlvdXR1YmUtbm9jb29raWUuY29tL2VtYmVkL1hreWJnWkhuNGFBP3JlbD0wJmFtcDtzaG93aW5mbz0wIiB3aWR0aD0iNzkwIiBoZWlnaHQ9IjQ0NCIgZnJhbWVib3JkZXI9IjAiIGFsbG93ZnVsbHNjcmVlbj0iYWxsb3dmdWxsc2NyZWVuIj48L2lmcmFtZT4=\">\n<div class=\"brlbs-cmpnt-cb-preset-c brlbs-cmpnt-cb-youtube\">\n<div class=\"brlbs-cmpnt-cb-thumbnail\" style=\"background-image: url('https:\/\/www.bengs-modellbau.de\/magazin\/wp-content\/uploads\/borlabs-cookie\/1\/yt_XkybgZHn4aA_hqdefault.jpg')\"><\/div>\n<div class=\"brlbs-cmpnt-cb-main\">\n<div class=\"brlbs-cmpnt-cb-play-button\"><\/div>\n<div class=\"brlbs-cmpnt-cb-content\">\n<p class=\"brlbs-cmpnt-cb-description\">Sie sehen gerade einen Platzhalterinhalt von <strong>YouTube<\/strong>. Um auf den eigentlichen Inhalt zuzugreifen, klicken Sie auf die Schaltfl\u00e4che unten. Bitte beachten Sie, dass dabei Daten an Drittanbieter weitergegeben werden.<\/p>\n<p> <a class=\"brlbs-cmpnt-cb-provider-toggle\" href=\"#\" data-borlabs-cookie-show-provider-information role=\"button\">Mehr Informationen<\/a> <\/div>\n<div class=\"brlbs-cmpnt-cb-buttons\"> <a class=\"brlbs-cmpnt-cb-btn\" href=\"#\" data-borlabs-cookie-unblock role=\"button\">Inhalt entsperren<\/a> <a class=\"brlbs-cmpnt-cb-btn\" href=\"#\" data-borlabs-cookie-accept-service role=\"button\" style=\"display: inherit\">Erforderlichen Service akzeptieren und Inhalte entsperren<\/a> <\/div>\n<\/p><\/div>\n<\/p><\/div>\n<\/div>\n<hr \/>\n<p>Flammenfresser Jarne auf gemauertem Sockel<\/p>\n<p>Als erstes sticht bei diesem Flammenfresser nat\u00fcrlich der gemauerte Sockel ins Auge. Es gibt aber noch einige weitere \u00c4nderungen. Der Brenner hat eine andere Form und der Verschluss wurde \u201ean die Kette gelegt\u201c. Am Schieber wurde die Anlenkung f\u00fcr das Schieberpleuel in einem etwas gr\u00f6\u00dferem Durchmesser (nicht 8mm wie im Plan sondern 17mm im Durchmesser) gefertigt da der Schieber zwei mal an dieser Stelle abgebrochen ist. Au\u00dferdem hat dieses Modell noch eine Riemenscheibe auf die Hauptachse bekommen so das man etwas antreiben kann. Dieser Flammenfresser Jarne l\u00e4uft\u00a0 35 Minuten am St\u00fcck und die Drehzahl ist absolut gleichm\u00e4\u00dfig \u00fcber die ganze Zeit.<\/p>\n<p><a href=\"https:\/\/www.bengs-modellbau.de\/magazin\/wp-content\/uploads\/2018\/08\/Flammenfresser-Jarne-modellbau-fliesen.jpg\"><img loading=\"lazy\" decoding=\"async\" class=\"aligncenter wp-image-3297 size-large\" src=\"https:\/\/www.bengs-modellbau.de\/magazin\/wp-content\/uploads\/2018\/08\/Flammenfresser-Jarne-modellbau-fliesen-1021x1024.jpg\" alt=\"Flammenfresser Jarne mit gemauertem Sockel\" width=\"770\" height=\"772\" srcset=\"https:\/\/www.bengs-modellbau.de\/magazin\/wp-content\/uploads\/2018\/08\/Flammenfresser-Jarne-modellbau-fliesen-1021x1024.jpg 1021w, https:\/\/www.bengs-modellbau.de\/magazin\/wp-content\/uploads\/2018\/08\/Flammenfresser-Jarne-modellbau-fliesen-150x150.jpg 150w, https:\/\/www.bengs-modellbau.de\/magazin\/wp-content\/uploads\/2018\/08\/Flammenfresser-Jarne-modellbau-fliesen-300x300.jpg 300w, https:\/\/www.bengs-modellbau.de\/magazin\/wp-content\/uploads\/2018\/08\/Flammenfresser-Jarne-modellbau-fliesen-768x770.jpg 768w, https:\/\/www.bengs-modellbau.de\/magazin\/wp-content\/uploads\/2018\/08\/Flammenfresser-Jarne-modellbau-fliesen-120x120.jpg 120w, https:\/\/www.bengs-modellbau.de\/magazin\/wp-content\/uploads\/2018\/08\/Flammenfresser-Jarne-modellbau-fliesen-180x180.jpg 180w, https:\/\/www.bengs-modellbau.de\/magazin\/wp-content\/uploads\/2018\/08\/Flammenfresser-Jarne-modellbau-fliesen-267x268.jpg 267w, https:\/\/www.bengs-modellbau.de\/magazin\/wp-content\/uploads\/2018\/08\/Flammenfresser-Jarne-modellbau-fliesen.jpg 1144w\" sizes=\"(max-width: 770px) 100vw, 770px\" \/><\/a><\/p>\n<p>&nbsp;<\/p>\n<p><a href=\"https:\/\/www.bengs-modellbau.de\/magazin\/wp-content\/uploads\/2018\/08\/Flammenfresser-Jarne-bausatz.jpg\"><img loading=\"lazy\" decoding=\"async\" class=\"aligncenter size-large wp-image-3298\" src=\"https:\/\/www.bengs-modellbau.de\/magazin\/wp-content\/uploads\/2018\/08\/Flammenfresser-Jarne-bausatz-1024x1024.jpg\" alt=\"\" width=\"770\" height=\"770\" srcset=\"https:\/\/www.bengs-modellbau.de\/magazin\/wp-content\/uploads\/2018\/08\/Flammenfresser-Jarne-bausatz-1024x1024.jpg 1024w, https:\/\/www.bengs-modellbau.de\/magazin\/wp-content\/uploads\/2018\/08\/Flammenfresser-Jarne-bausatz-150x150.jpg 150w, https:\/\/www.bengs-modellbau.de\/magazin\/wp-content\/uploads\/2018\/08\/Flammenfresser-Jarne-bausatz-300x300.jpg 300w, https:\/\/www.bengs-modellbau.de\/magazin\/wp-content\/uploads\/2018\/08\/Flammenfresser-Jarne-bausatz-768x769.jpg 768w, https:\/\/www.bengs-modellbau.de\/magazin\/wp-content\/uploads\/2018\/08\/Flammenfresser-Jarne-bausatz-120x120.jpg 120w, https:\/\/www.bengs-modellbau.de\/magazin\/wp-content\/uploads\/2018\/08\/Flammenfresser-Jarne-bausatz-180x180.jpg 180w, https:\/\/www.bengs-modellbau.de\/magazin\/wp-content\/uploads\/2018\/08\/Flammenfresser-Jarne-bausatz-268x268.jpg 268w, https:\/\/www.bengs-modellbau.de\/magazin\/wp-content\/uploads\/2018\/08\/Flammenfresser-Jarne-bausatz.jpg 1223w\" sizes=\"(max-width: 770px) 100vw, 770px\" \/><\/a><\/p>\n<p>&nbsp;<\/p>\n<p><a href=\"https:\/\/www.bengs-modellbau.de\/magazin\/wp-content\/uploads\/2018\/08\/Flammenfresser-Jarne-brenner-kette.jpg\"><img loading=\"lazy\" decoding=\"async\" class=\"aligncenter size-large wp-image-3295\" src=\"https:\/\/www.bengs-modellbau.de\/magazin\/wp-content\/uploads\/2018\/08\/Flammenfresser-Jarne-brenner-kette-1024x1024.jpg\" alt=\"\" width=\"770\" height=\"770\" srcset=\"https:\/\/www.bengs-modellbau.de\/magazin\/wp-content\/uploads\/2018\/08\/Flammenfresser-Jarne-brenner-kette-1024x1024.jpg 1024w, https:\/\/www.bengs-modellbau.de\/magazin\/wp-content\/uploads\/2018\/08\/Flammenfresser-Jarne-brenner-kette-150x150.jpg 150w, https:\/\/www.bengs-modellbau.de\/magazin\/wp-content\/uploads\/2018\/08\/Flammenfresser-Jarne-brenner-kette-300x300.jpg 300w, https:\/\/www.bengs-modellbau.de\/magazin\/wp-content\/uploads\/2018\/08\/Flammenfresser-Jarne-brenner-kette-768x769.jpg 768w, https:\/\/www.bengs-modellbau.de\/magazin\/wp-content\/uploads\/2018\/08\/Flammenfresser-Jarne-brenner-kette-120x120.jpg 120w, https:\/\/www.bengs-modellbau.de\/magazin\/wp-content\/uploads\/2018\/08\/Flammenfresser-Jarne-brenner-kette-180x180.jpg 180w, https:\/\/www.bengs-modellbau.de\/magazin\/wp-content\/uploads\/2018\/08\/Flammenfresser-Jarne-brenner-kette-268x268.jpg 268w, https:\/\/www.bengs-modellbau.de\/magazin\/wp-content\/uploads\/2018\/08\/Flammenfresser-Jarne-brenner-kette.jpg 1203w\" sizes=\"(max-width: 770px) 100vw, 770px\" \/><\/a><\/p>\n<p>&nbsp;<\/p>\n<p><a href=\"https:\/\/www.bengs-modellbau.de\/magazin\/wp-content\/uploads\/2018\/08\/Flammenfresser-Jarne-kurbel-holz.jpg\"><img loading=\"lazy\" decoding=\"async\" class=\"aligncenter size-large wp-image-3296\" src=\"https:\/\/www.bengs-modellbau.de\/magazin\/wp-content\/uploads\/2018\/08\/Flammenfresser-Jarne-kurbel-holz-1024x1024.jpg\" alt=\"\" width=\"770\" height=\"770\" srcset=\"https:\/\/www.bengs-modellbau.de\/magazin\/wp-content\/uploads\/2018\/08\/Flammenfresser-Jarne-kurbel-holz-1024x1024.jpg 1024w, https:\/\/www.bengs-modellbau.de\/magazin\/wp-content\/uploads\/2018\/08\/Flammenfresser-Jarne-kurbel-holz-150x150.jpg 150w, https:\/\/www.bengs-modellbau.de\/magazin\/wp-content\/uploads\/2018\/08\/Flammenfresser-Jarne-kurbel-holz-300x300.jpg 300w, https:\/\/www.bengs-modellbau.de\/magazin\/wp-content\/uploads\/2018\/08\/Flammenfresser-Jarne-kurbel-holz-768x768.jpg 768w, https:\/\/www.bengs-modellbau.de\/magazin\/wp-content\/uploads\/2018\/08\/Flammenfresser-Jarne-kurbel-holz-120x120.jpg 120w, https:\/\/www.bengs-modellbau.de\/magazin\/wp-content\/uploads\/2018\/08\/Flammenfresser-Jarne-kurbel-holz-180x180.jpg 180w, https:\/\/www.bengs-modellbau.de\/magazin\/wp-content\/uploads\/2018\/08\/Flammenfresser-Jarne-kurbel-holz-268x268.jpg 268w, https:\/\/www.bengs-modellbau.de\/magazin\/wp-content\/uploads\/2018\/08\/Flammenfresser-Jarne-kurbel-holz.jpg 1159w\" sizes=\"(max-width: 770px) 100vw, 770px\" \/><\/a><\/p>\n","protected":false},"excerpt":{"rendered":"<p>Auf dieser Seite finden Sie Bilder vom Flammenfresser Jarne die uns freundlicherweise von Kunden zur Verf\u00fcgung gestellt wurden. Der Flammenfresser Jarne hat durch seine auf dem Zylinder montierte Kurbelwelle eine ungew\u00f6nliche Optik. \u00dcber einen Balken wird die Kraft des Kolben auf die Kurbelwelle weitergeleitet. Dieser Flammenfresser ist in Anlehnung an einen Flammenfresser von Armin de [&hellip;]<\/p>\n","protected":false},"author":1,"featured_media":0,"parent":377,"menu_order":0,"comment_status":"closed","ping_status":"closed","template":"","meta":{"footnotes":""},"class_list":["post-3283","page","type-page","status-publish","hentry"],"yoast_head":"<!-- This site is optimized with the Yoast SEO plugin v27.4 - https:\/\/yoast.com\/product\/yoast-seo-wordpress\/ -->\n<title>Flammenfresser &quot;Jarne&quot; - Bengs Modellbau Magazin<\/title>\n<meta name=\"description\" content=\"Hier finden Sie Kundenbilder vom Flammenfresser Jarne. Die Modelle wurden mit einem Materialbausatz von Bengs Modellbau hergestellt.\" \/>\n<meta name=\"robots\" content=\"index, follow, max-snippet:-1, max-image-preview:large, max-video-preview:-1\" \/>\n<link rel=\"canonical\" href=\"https:\/\/www.bengs-modellbau.de\/magazin\/kunden-modelle\/flammenfresser\/flammenfresser-jarne\/\" \/>\n<meta property=\"og:locale\" content=\"de_DE\" \/>\n<meta property=\"og:type\" content=\"article\" \/>\n<meta property=\"og:title\" content=\"Flammenfresser &quot;Jarne&quot; - Bengs Modellbau Magazin\" \/>\n<meta property=\"og:description\" content=\"Hier finden Sie Kundenbilder vom Flammenfresser Jarne. Die Modelle wurden mit einem Materialbausatz von Bengs Modellbau hergestellt.\" \/>\n<meta property=\"og:url\" content=\"https:\/\/www.bengs-modellbau.de\/magazin\/kunden-modelle\/flammenfresser\/flammenfresser-jarne\/\" \/>\n<meta property=\"og:site_name\" content=\"Bengs Modellbau Magazin\" \/>\n<meta property=\"article:modified_time\" content=\"2024-01-17T20:42:17+00:00\" \/>\n<meta property=\"og:image\" content=\"https:\/\/www.bengs-modellbau.de\/magazin\/wp-content\/uploads\/2018\/08\/Flammenfresser-Jarne-bengs.jpg\" \/>\n<meta name=\"twitter:card\" content=\"summary_large_image\" \/>\n<meta name=\"twitter:label1\" content=\"Gesch\u00e4tzte Lesezeit\" \/>\n\t<meta name=\"twitter:data1\" content=\"1\u00a0Minute\" \/>\n<script type=\"application\/ld+json\" class=\"yoast-schema-graph\">{\"@context\":\"https:\\\/\\\/schema.org\",\"@graph\":[{\"@type\":\"WebPage\",\"@id\":\"https:\\\/\\\/www.bengs-modellbau.de\\\/magazin\\\/kunden-modelle\\\/flammenfresser\\\/flammenfresser-jarne\\\/\",\"url\":\"https:\\\/\\\/www.bengs-modellbau.de\\\/magazin\\\/kunden-modelle\\\/flammenfresser\\\/flammenfresser-jarne\\\/\",\"name\":\"Flammenfresser \\\"Jarne\\\" - Bengs Modellbau Magazin\",\"isPartOf\":{\"@id\":\"https:\\\/\\\/www.bengs-modellbau.de\\\/magazin\\\/#website\"},\"primaryImageOfPage\":{\"@id\":\"https:\\\/\\\/www.bengs-modellbau.de\\\/magazin\\\/kunden-modelle\\\/flammenfresser\\\/flammenfresser-jarne\\\/#primaryimage\"},\"image\":{\"@id\":\"https:\\\/\\\/www.bengs-modellbau.de\\\/magazin\\\/kunden-modelle\\\/flammenfresser\\\/flammenfresser-jarne\\\/#primaryimage\"},\"thumbnailUrl\":\"https:\\\/\\\/www.bengs-modellbau.de\\\/magazin\\\/wp-content\\\/uploads\\\/2018\\\/08\\\/Flammenfresser-Jarne-bengs.jpg\",\"datePublished\":\"2018-08-01T08:07:25+00:00\",\"dateModified\":\"2024-01-17T20:42:17+00:00\",\"description\":\"Hier finden Sie Kundenbilder vom Flammenfresser Jarne. Die Modelle wurden mit einem Materialbausatz von Bengs Modellbau hergestellt.\",\"breadcrumb\":{\"@id\":\"https:\\\/\\\/www.bengs-modellbau.de\\\/magazin\\\/kunden-modelle\\\/flammenfresser\\\/flammenfresser-jarne\\\/#breadcrumb\"},\"inLanguage\":\"de\",\"potentialAction\":[{\"@type\":\"ReadAction\",\"target\":[\"https:\\\/\\\/www.bengs-modellbau.de\\\/magazin\\\/kunden-modelle\\\/flammenfresser\\\/flammenfresser-jarne\\\/\"]}]},{\"@type\":\"ImageObject\",\"inLanguage\":\"de\",\"@id\":\"https:\\\/\\\/www.bengs-modellbau.de\\\/magazin\\\/kunden-modelle\\\/flammenfresser\\\/flammenfresser-jarne\\\/#primaryimage\",\"url\":\"https:\\\/\\\/www.bengs-modellbau.de\\\/magazin\\\/wp-content\\\/uploads\\\/2018\\\/08\\\/Flammenfresser-Jarne-bengs.jpg\",\"contentUrl\":\"https:\\\/\\\/www.bengs-modellbau.de\\\/magazin\\\/wp-content\\\/uploads\\\/2018\\\/08\\\/Flammenfresser-Jarne-bengs.jpg\",\"width\":852,\"height\":852},{\"@type\":\"BreadcrumbList\",\"@id\":\"https:\\\/\\\/www.bengs-modellbau.de\\\/magazin\\\/kunden-modelle\\\/flammenfresser\\\/flammenfresser-jarne\\\/#breadcrumb\",\"itemListElement\":[{\"@type\":\"ListItem\",\"position\":1,\"name\":\"Startseite\",\"item\":\"https:\\\/\\\/www.bengs-modellbau.de\\\/magazin\\\/\"},{\"@type\":\"ListItem\",\"position\":2,\"name\":\"Kunden Modelle\",\"item\":\"https:\\\/\\\/www.bengs-modellbau.de\\\/magazin\\\/kunden-modelle\\\/\"},{\"@type\":\"ListItem\",\"position\":3,\"name\":\"Flammenfresser\",\"item\":\"https:\\\/\\\/www.bengs-modellbau.de\\\/magazin\\\/kunden-modelle\\\/flammenfresser\\\/\"},{\"@type\":\"ListItem\",\"position\":4,\"name\":\"Flammenfresser &#8222;Jarne&#8220;\"}]},{\"@type\":\"WebSite\",\"@id\":\"https:\\\/\\\/www.bengs-modellbau.de\\\/magazin\\\/#website\",\"url\":\"https:\\\/\\\/www.bengs-modellbau.de\\\/magazin\\\/\",\"name\":\"Bengs Modellbau Magazin\",\"description\":\"\",\"publisher\":{\"@id\":\"https:\\\/\\\/www.bengs-modellbau.de\\\/magazin\\\/#organization\"},\"potentialAction\":[{\"@type\":\"SearchAction\",\"target\":{\"@type\":\"EntryPoint\",\"urlTemplate\":\"https:\\\/\\\/www.bengs-modellbau.de\\\/magazin\\\/?s={search_term_string}\"},\"query-input\":{\"@type\":\"PropertyValueSpecification\",\"valueRequired\":true,\"valueName\":\"search_term_string\"}}],\"inLanguage\":\"de\"},{\"@type\":\"Organization\",\"@id\":\"https:\\\/\\\/www.bengs-modellbau.de\\\/magazin\\\/#organization\",\"name\":\"Bengs Modellbau Magazin\",\"url\":\"https:\\\/\\\/www.bengs-modellbau.de\\\/magazin\\\/\",\"logo\":{\"@type\":\"ImageObject\",\"inLanguage\":\"de\",\"@id\":\"https:\\\/\\\/www.bengs-modellbau.de\\\/magazin\\\/#\\\/schema\\\/logo\\\/image\\\/\",\"url\":\"https:\\\/\\\/www.bengs-modellbau.de\\\/magazin\\\/wp-content\\\/uploads\\\/2024\\\/01\\\/logo-bengs-ebay-2.jpg\",\"contentUrl\":\"https:\\\/\\\/www.bengs-modellbau.de\\\/magazin\\\/wp-content\\\/uploads\\\/2024\\\/01\\\/logo-bengs-ebay-2.jpg\",\"width\":369,\"height\":167,\"caption\":\"Bengs Modellbau Magazin\"},\"image\":{\"@id\":\"https:\\\/\\\/www.bengs-modellbau.de\\\/magazin\\\/#\\\/schema\\\/logo\\\/image\\\/\"}}]}<\/script>\n<!-- \/ Yoast SEO plugin. -->","yoast_head_json":{"title":"Flammenfresser \"Jarne\" - Bengs Modellbau Magazin","description":"Hier finden Sie Kundenbilder vom Flammenfresser Jarne. Die Modelle wurden mit einem Materialbausatz von Bengs Modellbau hergestellt.","robots":{"index":"index","follow":"follow","max-snippet":"max-snippet:-1","max-image-preview":"max-image-preview:large","max-video-preview":"max-video-preview:-1"},"canonical":"https:\/\/www.bengs-modellbau.de\/magazin\/kunden-modelle\/flammenfresser\/flammenfresser-jarne\/","og_locale":"de_DE","og_type":"article","og_title":"Flammenfresser \"Jarne\" - Bengs Modellbau Magazin","og_description":"Hier finden Sie Kundenbilder vom Flammenfresser Jarne. Die Modelle wurden mit einem Materialbausatz von Bengs Modellbau hergestellt.","og_url":"https:\/\/www.bengs-modellbau.de\/magazin\/kunden-modelle\/flammenfresser\/flammenfresser-jarne\/","og_site_name":"Bengs Modellbau Magazin","article_modified_time":"2024-01-17T20:42:17+00:00","og_image":[{"url":"https:\/\/www.bengs-modellbau.de\/magazin\/wp-content\/uploads\/2018\/08\/Flammenfresser-Jarne-bengs.jpg","type":"","width":"","height":""}],"twitter_card":"summary_large_image","twitter_misc":{"Gesch\u00e4tzte Lesezeit":"1\u00a0Minute"},"schema":{"@context":"https:\/\/schema.org","@graph":[{"@type":"WebPage","@id":"https:\/\/www.bengs-modellbau.de\/magazin\/kunden-modelle\/flammenfresser\/flammenfresser-jarne\/","url":"https:\/\/www.bengs-modellbau.de\/magazin\/kunden-modelle\/flammenfresser\/flammenfresser-jarne\/","name":"Flammenfresser \"Jarne\" - Bengs Modellbau Magazin","isPartOf":{"@id":"https:\/\/www.bengs-modellbau.de\/magazin\/#website"},"primaryImageOfPage":{"@id":"https:\/\/www.bengs-modellbau.de\/magazin\/kunden-modelle\/flammenfresser\/flammenfresser-jarne\/#primaryimage"},"image":{"@id":"https:\/\/www.bengs-modellbau.de\/magazin\/kunden-modelle\/flammenfresser\/flammenfresser-jarne\/#primaryimage"},"thumbnailUrl":"https:\/\/www.bengs-modellbau.de\/magazin\/wp-content\/uploads\/2018\/08\/Flammenfresser-Jarne-bengs.jpg","datePublished":"2018-08-01T08:07:25+00:00","dateModified":"2024-01-17T20:42:17+00:00","description":"Hier finden Sie Kundenbilder vom Flammenfresser Jarne. Die Modelle wurden mit einem Materialbausatz von Bengs Modellbau hergestellt.","breadcrumb":{"@id":"https:\/\/www.bengs-modellbau.de\/magazin\/kunden-modelle\/flammenfresser\/flammenfresser-jarne\/#breadcrumb"},"inLanguage":"de","potentialAction":[{"@type":"ReadAction","target":["https:\/\/www.bengs-modellbau.de\/magazin\/kunden-modelle\/flammenfresser\/flammenfresser-jarne\/"]}]},{"@type":"ImageObject","inLanguage":"de","@id":"https:\/\/www.bengs-modellbau.de\/magazin\/kunden-modelle\/flammenfresser\/flammenfresser-jarne\/#primaryimage","url":"https:\/\/www.bengs-modellbau.de\/magazin\/wp-content\/uploads\/2018\/08\/Flammenfresser-Jarne-bengs.jpg","contentUrl":"https:\/\/www.bengs-modellbau.de\/magazin\/wp-content\/uploads\/2018\/08\/Flammenfresser-Jarne-bengs.jpg","width":852,"height":852},{"@type":"BreadcrumbList","@id":"https:\/\/www.bengs-modellbau.de\/magazin\/kunden-modelle\/flammenfresser\/flammenfresser-jarne\/#breadcrumb","itemListElement":[{"@type":"ListItem","position":1,"name":"Startseite","item":"https:\/\/www.bengs-modellbau.de\/magazin\/"},{"@type":"ListItem","position":2,"name":"Kunden Modelle","item":"https:\/\/www.bengs-modellbau.de\/magazin\/kunden-modelle\/"},{"@type":"ListItem","position":3,"name":"Flammenfresser","item":"https:\/\/www.bengs-modellbau.de\/magazin\/kunden-modelle\/flammenfresser\/"},{"@type":"ListItem","position":4,"name":"Flammenfresser &#8222;Jarne&#8220;"}]},{"@type":"WebSite","@id":"https:\/\/www.bengs-modellbau.de\/magazin\/#website","url":"https:\/\/www.bengs-modellbau.de\/magazin\/","name":"Bengs Modellbau Magazin","description":"","publisher":{"@id":"https:\/\/www.bengs-modellbau.de\/magazin\/#organization"},"potentialAction":[{"@type":"SearchAction","target":{"@type":"EntryPoint","urlTemplate":"https:\/\/www.bengs-modellbau.de\/magazin\/?s={search_term_string}"},"query-input":{"@type":"PropertyValueSpecification","valueRequired":true,"valueName":"search_term_string"}}],"inLanguage":"de"},{"@type":"Organization","@id":"https:\/\/www.bengs-modellbau.de\/magazin\/#organization","name":"Bengs Modellbau Magazin","url":"https:\/\/www.bengs-modellbau.de\/magazin\/","logo":{"@type":"ImageObject","inLanguage":"de","@id":"https:\/\/www.bengs-modellbau.de\/magazin\/#\/schema\/logo\/image\/","url":"https:\/\/www.bengs-modellbau.de\/magazin\/wp-content\/uploads\/2024\/01\/logo-bengs-ebay-2.jpg","contentUrl":"https:\/\/www.bengs-modellbau.de\/magazin\/wp-content\/uploads\/2024\/01\/logo-bengs-ebay-2.jpg","width":369,"height":167,"caption":"Bengs Modellbau Magazin"},"image":{"@id":"https:\/\/www.bengs-modellbau.de\/magazin\/#\/schema\/logo\/image\/"}}]}},"_links":{"self":[{"href":"https:\/\/www.bengs-modellbau.de\/magazin\/wp-json\/wp\/v2\/pages\/3283","targetHints":{"allow":["GET"]}}],"collection":[{"href":"https:\/\/www.bengs-modellbau.de\/magazin\/wp-json\/wp\/v2\/pages"}],"about":[{"href":"https:\/\/www.bengs-modellbau.de\/magazin\/wp-json\/wp\/v2\/types\/page"}],"author":[{"embeddable":true,"href":"https:\/\/www.bengs-modellbau.de\/magazin\/wp-json\/wp\/v2\/users\/1"}],"replies":[{"embeddable":true,"href":"https:\/\/www.bengs-modellbau.de\/magazin\/wp-json\/wp\/v2\/comments?post=3283"}],"version-history":[{"count":6,"href":"https:\/\/www.bengs-modellbau.de\/magazin\/wp-json\/wp\/v2\/pages\/3283\/revisions"}],"predecessor-version":[{"id":4972,"href":"https:\/\/www.bengs-modellbau.de\/magazin\/wp-json\/wp\/v2\/pages\/3283\/revisions\/4972"}],"up":[{"embeddable":true,"href":"https:\/\/www.bengs-modellbau.de\/magazin\/wp-json\/wp\/v2\/pages\/377"}],"wp:attachment":[{"href":"https:\/\/www.bengs-modellbau.de\/magazin\/wp-json\/wp\/v2\/media?parent=3283"}],"curies":[{"name":"wp","href":"https:\/\/api.w.org\/{rel}","templated":true}]}}