{"id":3075,"date":"2017-08-09T13:26:56","date_gmt":"2017-08-09T11:26:56","guid":{"rendered":"http:\/\/www.bengs-modellbau.de\/magazin\/?page_id=3075"},"modified":"2025-02-14T18:06:18","modified_gmt":"2025-02-14T16:06:18","slug":"dampfmaschine-isabel","status":"publish","type":"page","link":"https:\/\/www.bengs-modellbau.de\/magazin\/kunden-modelle\/dampfmaschine\/dampfmaschine-isabel\/","title":{"rendered":"Dampfmaschine &#8222;Isabel&#8220;"},"content":{"rendered":"\r\n<p>Auf dieser Seite pr\u00e4sentieren wir Ihnen Bilder und Videos von Maschinen die nach einen Materialbausatz von Bengs Modellbau hergestellt wurden. Die Ventilgesteuerte Dampfmaschine bekommen Sie in unserem Onlineshop als Materialbausatz. Dieses Set beinhaltet alle bearbeiteten Fr\u00e4steile und Rohmaterial f\u00fcr die Drehteile. Jeder Bausatz wird vom Kunden individuell gestaltet und entweder an seine Maschinen oder seine Bed\u00fcrfnisse angepasst.<\/p>\r\n\r\n\r\n\r\n<p><strong>Hier gelangen Sie in den Bengs Modellbau Shop zum Materialbausatz \u00a0<a href=\"https:\/\/www.bengs-modellbau.de\/materialbausaetze\/dampfmaschinen\/liegende-ventilgesteuerte-dampfmaschine-isabel\">Dampfmaschine &#8222;Isabel&#8220;<\/a><\/strong><\/p>\r\n\r\n\r\n\r\n<h2 class=\"wp-block-heading\">Dampfmaschine &#8222;Isabel&#8220; mit Aluminium Sockel<\/h2>\r\n\r\n\r\n\r\n<p>Das auff\u00e4lligste bei diesem Kundenmodell ist der selbst gebaute Sockel aus Aluminium Profilen und Bleche. Folgendes wurde zum Bau des Sockels verwendet.<\/p>\r\n\r\n\r\n\r\n<ul class=\"wp-block-list\">\r\n<li>2 Alu U-Profile 90&#215;50(40)x8, 350 mm, abgefr\u00e4st 50 auf 40 und aneinandergeschraubt<\/li>\r\n<li>Alu 4-kt. 30&#215;30, 94 mm<\/li>\r\n<li>Alu flach 80&#215;30, 180 mm<\/li>\r\n<li>Alu-Abdeckung rechts und links 40&#215;3, 180 mm mit M 2,5 Senkkopfschrauben befestigt<\/li>\r\n<\/ul>\r\n\r\n\r\n\r\n<p>Au\u00dferdem hat dieses Modell der liegenden Dampfmaschine noch zus\u00e4tzlich einen sch\u00f6nen Absperrschieber aus Messing bekommen um die Dampfzufuhr regeln zu k\u00f6nnen.<\/p>\r\n\r\n\r\n\r\n<figure class=\"wp-block-image\"><img fetchpriority=\"high\" decoding=\"async\" width=\"1024\" height=\"769\" class=\"wp-image-3818\" src=\"https:\/\/www.bengs-modellbau.de\/magazin\/wp-content\/uploads\/2019\/10\/Dampfmaschine-Isabel-bausatz-1024x769.jpg\" alt=\"\" srcset=\"https:\/\/www.bengs-modellbau.de\/magazin\/wp-content\/uploads\/2019\/10\/Dampfmaschine-Isabel-bausatz-1024x769.jpg 1024w, https:\/\/www.bengs-modellbau.de\/magazin\/wp-content\/uploads\/2019\/10\/Dampfmaschine-Isabel-bausatz-300x225.jpg 300w, https:\/\/www.bengs-modellbau.de\/magazin\/wp-content\/uploads\/2019\/10\/Dampfmaschine-Isabel-bausatz-768x576.jpg 768w, https:\/\/www.bengs-modellbau.de\/magazin\/wp-content\/uploads\/2019\/10\/Dampfmaschine-Isabel-bausatz-1200x901.jpg 1200w, https:\/\/www.bengs-modellbau.de\/magazin\/wp-content\/uploads\/2019\/10\/Dampfmaschine-Isabel-bausatz.jpg 1600w\" sizes=\"(max-width: 1024px) 100vw, 1024px\" \/><\/figure>\r\n\r\n\r\n\r\n<figure class=\"wp-block-image\"><img decoding=\"async\" width=\"1024\" height=\"768\" class=\"wp-image-3817\" src=\"https:\/\/www.bengs-modellbau.de\/magazin\/wp-content\/uploads\/2019\/10\/liegende-Dampfmaschine-bengs-1024x768.jpg\" alt=\"\" srcset=\"https:\/\/www.bengs-modellbau.de\/magazin\/wp-content\/uploads\/2019\/10\/liegende-Dampfmaschine-bengs-1024x768.jpg 1024w, https:\/\/www.bengs-modellbau.de\/magazin\/wp-content\/uploads\/2019\/10\/liegende-Dampfmaschine-bengs-300x225.jpg 300w, https:\/\/www.bengs-modellbau.de\/magazin\/wp-content\/uploads\/2019\/10\/liegende-Dampfmaschine-bengs-768x576.jpg 768w, https:\/\/www.bengs-modellbau.de\/magazin\/wp-content\/uploads\/2019\/10\/liegende-Dampfmaschine-bengs-1200x900.jpg 1200w, https:\/\/www.bengs-modellbau.de\/magazin\/wp-content\/uploads\/2019\/10\/liegende-Dampfmaschine-bengs.jpg 1600w\" sizes=\"(max-width: 1024px) 100vw, 1024px\" \/><\/figure>\r\n\r\n\r\n\r\n<figure class=\"wp-block-image\"><img decoding=\"async\" width=\"1024\" height=\"768\" class=\"wp-image-3816\" src=\"https:\/\/www.bengs-modellbau.de\/magazin\/wp-content\/uploads\/2019\/10\/dampfmaschine-ventiele.dempf-bengs-1024x768.jpg\" alt=\"Dampfmaschine Isabel\r\n\" srcset=\"https:\/\/www.bengs-modellbau.de\/magazin\/wp-content\/uploads\/2019\/10\/dampfmaschine-ventiele.dempf-bengs-1024x768.jpg 1024w, https:\/\/www.bengs-modellbau.de\/magazin\/wp-content\/uploads\/2019\/10\/dampfmaschine-ventiele.dempf-bengs-300x225.jpg 300w, https:\/\/www.bengs-modellbau.de\/magazin\/wp-content\/uploads\/2019\/10\/dampfmaschine-ventiele.dempf-bengs-768x576.jpg 768w, https:\/\/www.bengs-modellbau.de\/magazin\/wp-content\/uploads\/2019\/10\/dampfmaschine-ventiele.dempf-bengs-1200x900.jpg 1200w, https:\/\/www.bengs-modellbau.de\/magazin\/wp-content\/uploads\/2019\/10\/dampfmaschine-ventiele.dempf-bengs.jpg 1600w\" sizes=\"(max-width: 1024px) 100vw, 1024px\" \/><\/figure>\r\n\r\n<h2>Ventilgesteuerte Dampfmaschine &#8222;Isabel&#8220; mit Generator<\/h2>\r\n<p>Dieser Bausatz der ventilgesteuerten Dampfmaschine Isabel wurde noch um einige Bauteile erweitert. Die Maschine hat auf der Grundplatte noch zus\u00e4tzlich ein <a href=\"https:\/\/www.bengs-modellbau.de\/Modellbau-Eckventil-Flansch\/1311\">Eckventil<\/a> zum ein und ausstellen der Zuluft. Au\u00dferdem hat die Dampfmaschine noch eine <a href=\"https:\/\/www.bengs-modellbau.de\/material\/schwungraeder\/riemenscheibe-58mm\">Riemenscheibe<\/a> erhalten mit der Sie einen Generator antreibt. Dieser Generator erzeugt Strom f\u00fcr einige LED Lampen. Die Zuluft wird \u00fcber einen <a href=\"https:\/\/www.bengs-modellbau.de\/zubehoerteile\/dampfanlagenzubehoer\/glasverdraengungsoeler\">Glasverdr\u00e4ngungs\u00f6ler<\/a> mit \u00d6l angereichert. Wir freuen uns dass uns der Erbauer dieser sch\u00f6nen Maschine sowohl Bilder als auch ein Video zur Verf\u00fcgung gestellt hat.<\/p>\r\n<p><a href=\"http:\/\/www.bengs-modellbau.de\/magazin\/wp-content\/uploads\/2017\/08\/Ventilgesteuerte-Dampfmaschine-Bausatz.jpg\"><img loading=\"lazy\" decoding=\"async\" class=\"alignnone size-large wp-image-3076\" src=\"http:\/\/www.bengs-modellbau.de\/magazin\/wp-content\/uploads\/2017\/08\/Ventilgesteuerte-Dampfmaschine-Bausatz-1024x768.jpg\" alt=\"Ventilgesteuerte-Dampfmaschine-Bausatz\" width=\"770\" height=\"578\" srcset=\"https:\/\/www.bengs-modellbau.de\/magazin\/wp-content\/uploads\/2017\/08\/Ventilgesteuerte-Dampfmaschine-Bausatz.jpg 1024w, https:\/\/www.bengs-modellbau.de\/magazin\/wp-content\/uploads\/2017\/08\/Ventilgesteuerte-Dampfmaschine-Bausatz-300x225.jpg 300w, https:\/\/www.bengs-modellbau.de\/magazin\/wp-content\/uploads\/2017\/08\/Ventilgesteuerte-Dampfmaschine-Bausatz-160x120.jpg 160w, https:\/\/www.bengs-modellbau.de\/magazin\/wp-content\/uploads\/2017\/08\/Ventilgesteuerte-Dampfmaschine-Bausatz-240x180.jpg 240w, https:\/\/www.bengs-modellbau.de\/magazin\/wp-content\/uploads\/2017\/08\/Ventilgesteuerte-Dampfmaschine-Bausatz-357x268.jpg 357w\" sizes=\"(max-width: 770px) 100vw, 770px\" \/><\/a><\/p>\r\n<p><a href=\"http:\/\/www.bengs-modellbau.de\/magazin\/wp-content\/uploads\/2017\/08\/Ventilgesteuerte-Dampfmaschine-Modellbau.jpg\"><img loading=\"lazy\" decoding=\"async\" class=\"alignnone size-large wp-image-3077\" src=\"http:\/\/www.bengs-modellbau.de\/magazin\/wp-content\/uploads\/2017\/08\/Ventilgesteuerte-Dampfmaschine-Modellbau-1024x768.jpg\" alt=\"Ventilgesteuerte-Dampfmaschine-Modellbau\" width=\"770\" height=\"578\" srcset=\"https:\/\/www.bengs-modellbau.de\/magazin\/wp-content\/uploads\/2017\/08\/Ventilgesteuerte-Dampfmaschine-Modellbau.jpg 1024w, https:\/\/www.bengs-modellbau.de\/magazin\/wp-content\/uploads\/2017\/08\/Ventilgesteuerte-Dampfmaschine-Modellbau-300x225.jpg 300w, https:\/\/www.bengs-modellbau.de\/magazin\/wp-content\/uploads\/2017\/08\/Ventilgesteuerte-Dampfmaschine-Modellbau-160x120.jpg 160w, https:\/\/www.bengs-modellbau.de\/magazin\/wp-content\/uploads\/2017\/08\/Ventilgesteuerte-Dampfmaschine-Modellbau-240x180.jpg 240w, https:\/\/www.bengs-modellbau.de\/magazin\/wp-content\/uploads\/2017\/08\/Ventilgesteuerte-Dampfmaschine-Modellbau-357x268.jpg 357w\" sizes=\"(max-width: 770px) 100vw, 770px\" \/><\/a><\/p>\r\n<p> <div class=\"brlbs-cmpnt-container brlbs-cmpnt-content-blocker brlbs-cmpnt-with-individual-styles\" data-borlabs-cookie-content-blocker-id=\"youtube-content-blocker\" data-borlabs-cookie-content=\"PGlmcmFtZSBzcmM9Imh0dHBzOi8vd3d3LnlvdXR1YmUtbm9jb29raWUuY29tL2VtYmVkL1d1YVlXanFBbElnP3JlbD0wJmFtcDtzaG93aW5mbz0wIiB3aWR0aD0iNzcwIiBoZWlnaHQ9IjQzMyIgZnJhbWVib3JkZXI9IjAiIGFsbG93ZnVsbHNjcmVlbj0iYWxsb3dmdWxsc2NyZWVuIj48L2lmcmFtZT4=\"><div class=\"brlbs-cmpnt-cb-preset-c brlbs-cmpnt-cb-youtube\"> <div class=\"brlbs-cmpnt-cb-thumbnail\" style=\"background-image: url('https:\/\/www.bengs-modellbau.de\/magazin\/wp-content\/uploads\/borlabs-cookie\/1\/yt_WuaYWjqAlIg_hqdefault.jpg')\"><\/div> <div class=\"brlbs-cmpnt-cb-main\"> <div class=\"brlbs-cmpnt-cb-play-button\"><\/div> <div class=\"brlbs-cmpnt-cb-content\"> <p class=\"brlbs-cmpnt-cb-description\">Sie sehen gerade einen Platzhalterinhalt von <strong>YouTube<\/strong>. Um auf den eigentlichen Inhalt zuzugreifen, klicken Sie auf die Schaltfl\u00e4che unten. Bitte beachten Sie, dass dabei Daten an Drittanbieter weitergegeben werden.<\/p> <a class=\"brlbs-cmpnt-cb-provider-toggle\" href=\"#\" data-borlabs-cookie-show-provider-information role=\"button\">Mehr Informationen<\/a> <\/div> <div class=\"brlbs-cmpnt-cb-buttons\"> <a class=\"brlbs-cmpnt-cb-btn\" href=\"#\" data-borlabs-cookie-unblock role=\"button\">Inhalt entsperren<\/a> <a class=\"brlbs-cmpnt-cb-btn\" href=\"#\" data-borlabs-cookie-accept-service role=\"button\" style=\"display: inherit\">Erforderlichen Service akzeptieren und Inhalte entsperren<\/a> <\/div> <\/div> <\/div><\/div><\/p>\r\n<h3>Dampfmaschine Isabel mit Holzsockel und gravierter Grundplatte<\/h3>\r\n<p>Diese Dampfmaschine Isabel steht auf einem Holzsockel, darauf befestigt ist eine im Fliesenmuster gravierte Aluminiumplatte. Sehr gelungen sind die Fundamente der Dampfmaschine, sie wurden aus kleinen Ziegelsteinen hergestellt. Auch die 4 verbauten einstellbaren Glas\u00f6lern werten das Modell entsprechend auf.<\/p>\r\n<p><a href=\"https:\/\/www.bengs-modellbau.de\/magazin\/wp-content\/uploads\/2021\/02\/Isabel-Dampfmaschine-kundenmodell.jpg\"><img loading=\"lazy\" decoding=\"async\" class=\"alignnone size-large wp-image-4272\" src=\"https:\/\/www.bengs-modellbau.de\/magazin\/wp-content\/uploads\/2021\/02\/Isabel-Dampfmaschine-kundenmodell-1024x548.jpg\" alt=\"\" width=\"840\" height=\"450\" srcset=\"https:\/\/www.bengs-modellbau.de\/magazin\/wp-content\/uploads\/2021\/02\/Isabel-Dampfmaschine-kundenmodell-1024x548.jpg 1024w, https:\/\/www.bengs-modellbau.de\/magazin\/wp-content\/uploads\/2021\/02\/Isabel-Dampfmaschine-kundenmodell-300x161.jpg 300w, https:\/\/www.bengs-modellbau.de\/magazin\/wp-content\/uploads\/2021\/02\/Isabel-Dampfmaschine-kundenmodell-768x411.jpg 768w, https:\/\/www.bengs-modellbau.de\/magazin\/wp-content\/uploads\/2021\/02\/Isabel-Dampfmaschine-kundenmodell-1536x822.jpg 1536w, https:\/\/www.bengs-modellbau.de\/magazin\/wp-content\/uploads\/2021\/02\/Isabel-Dampfmaschine-kundenmodell-1200x642.jpg 1200w, https:\/\/www.bengs-modellbau.de\/magazin\/wp-content\/uploads\/2021\/02\/Isabel-Dampfmaschine-kundenmodell.jpg 1600w\" sizes=\"(max-width: 840px) 100vw, 840px\" \/><\/a><\/p>\r\n<p><a href=\"https:\/\/www.bengs-modellbau.de\/magazin\/wp-content\/uploads\/2021\/02\/Isabel-ventielgesteuerte-Dampfmaschine-kunden-modell.jpg\"><img loading=\"lazy\" decoding=\"async\" class=\"alignnone size-large wp-image-4271\" src=\"https:\/\/www.bengs-modellbau.de\/magazin\/wp-content\/uploads\/2021\/02\/Isabel-ventielgesteuerte-Dampfmaschine-kunden-modell-1024x660.jpg\" alt=\"\" width=\"840\" height=\"541\" srcset=\"https:\/\/www.bengs-modellbau.de\/magazin\/wp-content\/uploads\/2021\/02\/Isabel-ventielgesteuerte-Dampfmaschine-kunden-modell-1024x660.jpg 1024w, https:\/\/www.bengs-modellbau.de\/magazin\/wp-content\/uploads\/2021\/02\/Isabel-ventielgesteuerte-Dampfmaschine-kunden-modell-300x194.jpg 300w, https:\/\/www.bengs-modellbau.de\/magazin\/wp-content\/uploads\/2021\/02\/Isabel-ventielgesteuerte-Dampfmaschine-kunden-modell-768x495.jpg 768w, https:\/\/www.bengs-modellbau.de\/magazin\/wp-content\/uploads\/2021\/02\/Isabel-ventielgesteuerte-Dampfmaschine-kunden-modell-1536x991.jpg 1536w, https:\/\/www.bengs-modellbau.de\/magazin\/wp-content\/uploads\/2021\/02\/Isabel-ventielgesteuerte-Dampfmaschine-kunden-modell-1200x774.jpg 1200w, https:\/\/www.bengs-modellbau.de\/magazin\/wp-content\/uploads\/2021\/02\/Isabel-ventielgesteuerte-Dampfmaschine-kunden-modell.jpg 1600w\" sizes=\"(max-width: 840px) 100vw, 840px\" \/><\/a><\/p>\r\n<p><a href=\"https:\/\/www.bengs-modellbau.de\/magazin\/wp-content\/uploads\/2021\/02\/Isabel-dampf-ventil-modellbau.jpg\"><img loading=\"lazy\" decoding=\"async\" class=\"alignnone size-large wp-image-4273\" src=\"https:\/\/www.bengs-modellbau.de\/magazin\/wp-content\/uploads\/2021\/02\/Isabel-dampf-ventil-modellbau-1024x769.jpg\" alt=\"\" width=\"840\" height=\"631\" srcset=\"https:\/\/www.bengs-modellbau.de\/magazin\/wp-content\/uploads\/2021\/02\/Isabel-dampf-ventil-modellbau-1024x769.jpg 1024w, https:\/\/www.bengs-modellbau.de\/magazin\/wp-content\/uploads\/2021\/02\/Isabel-dampf-ventil-modellbau-300x225.jpg 300w, https:\/\/www.bengs-modellbau.de\/magazin\/wp-content\/uploads\/2021\/02\/Isabel-dampf-ventil-modellbau-768x576.jpg 768w, https:\/\/www.bengs-modellbau.de\/magazin\/wp-content\/uploads\/2021\/02\/Isabel-dampf-ventil-modellbau-1536x1153.jpg 1536w, https:\/\/www.bengs-modellbau.de\/magazin\/wp-content\/uploads\/2021\/02\/Isabel-dampf-ventil-modellbau-1200x901.jpg 1200w, https:\/\/www.bengs-modellbau.de\/magazin\/wp-content\/uploads\/2021\/02\/Isabel-dampf-ventil-modellbau.jpg 1600w\" sizes=\"(max-width: 840px) 100vw, 840px\" \/><\/a><\/p>","protected":false},"excerpt":{"rendered":"<p>Auf dieser Seite pr\u00e4sentieren wir Ihnen Bilder und Videos von Maschinen die nach einen Materialbausatz von Bengs Modellbau hergestellt wurden. Die Ventilgesteuerte Dampfmaschine bekommen Sie in unserem Onlineshop als Materialbausatz. Dieses Set beinhaltet alle bearbeiteten Fr\u00e4steile und Rohmaterial f\u00fcr die Drehteile. Jeder Bausatz wird vom Kunden individuell gestaltet und entweder an seine Maschinen oder seine [&hellip;]<\/p>\n","protected":false},"author":1,"featured_media":0,"parent":381,"menu_order":0,"comment_status":"closed","ping_status":"closed","template":"","meta":{"footnotes":""},"class_list":["post-3075","page","type-page","status-publish","hentry"],"yoast_head":"<!-- This site is optimized with the Yoast SEO plugin v27.4 - https:\/\/yoast.com\/product\/yoast-seo-wordpress\/ -->\n<title>Dampfmaschine &quot;Isabel&quot; - Bengs Modellbau Magazin<\/title>\n<meta name=\"description\" content=\"Bilder und Videos von Kundenmodellen der Dampfmaschine &quot;Isabel&quot; die nach einem Materialbausatz von Bengs Modellbau gebaut wurde.\" \/>\n<meta name=\"robots\" content=\"index, follow, max-snippet:-1, max-image-preview:large, max-video-preview:-1\" \/>\n<link rel=\"canonical\" href=\"https:\/\/www.bengs-modellbau.de\/magazin\/kunden-modelle\/dampfmaschine\/dampfmaschine-isabel\/\" \/>\n<meta property=\"og:locale\" content=\"de_DE\" \/>\n<meta property=\"og:type\" content=\"article\" \/>\n<meta property=\"og:title\" content=\"Dampfmaschine &quot;Isabel&quot; - Bengs Modellbau Magazin\" \/>\n<meta property=\"og:description\" content=\"Bilder und Videos von Kundenmodellen der Dampfmaschine &quot;Isabel&quot; die nach einem Materialbausatz von Bengs Modellbau gebaut wurde.\" \/>\n<meta property=\"og:url\" content=\"https:\/\/www.bengs-modellbau.de\/magazin\/kunden-modelle\/dampfmaschine\/dampfmaschine-isabel\/\" \/>\n<meta property=\"og:site_name\" content=\"Bengs Modellbau Magazin\" \/>\n<meta property=\"article:modified_time\" content=\"2025-02-14T16:06:18+00:00\" \/>\n<meta property=\"og:image\" content=\"https:\/\/www.bengs-modellbau.de\/magazin\/wp-content\/uploads\/2019\/10\/Dampfmaschine-Isabel-bausatz.jpg\" \/>\n\t<meta property=\"og:image:width\" content=\"1600\" \/>\n\t<meta property=\"og:image:height\" content=\"1201\" \/>\n\t<meta property=\"og:image:type\" content=\"image\/jpeg\" \/>\n<meta name=\"twitter:card\" content=\"summary_large_image\" \/>\n<meta name=\"twitter:label1\" content=\"Gesch\u00e4tzte Lesezeit\" \/>\n\t<meta name=\"twitter:data1\" content=\"3\u00a0Minuten\" \/>\n<script type=\"application\/ld+json\" class=\"yoast-schema-graph\">{\"@context\":\"https:\\\/\\\/schema.org\",\"@graph\":[{\"@type\":\"WebPage\",\"@id\":\"https:\\\/\\\/www.bengs-modellbau.de\\\/magazin\\\/kunden-modelle\\\/dampfmaschine\\\/dampfmaschine-isabel\\\/\",\"url\":\"https:\\\/\\\/www.bengs-modellbau.de\\\/magazin\\\/kunden-modelle\\\/dampfmaschine\\\/dampfmaschine-isabel\\\/\",\"name\":\"Dampfmaschine \\\"Isabel\\\" - Bengs Modellbau Magazin\",\"isPartOf\":{\"@id\":\"https:\\\/\\\/www.bengs-modellbau.de\\\/magazin\\\/#website\"},\"primaryImageOfPage\":{\"@id\":\"https:\\\/\\\/www.bengs-modellbau.de\\\/magazin\\\/kunden-modelle\\\/dampfmaschine\\\/dampfmaschine-isabel\\\/#primaryimage\"},\"image\":{\"@id\":\"https:\\\/\\\/www.bengs-modellbau.de\\\/magazin\\\/kunden-modelle\\\/dampfmaschine\\\/dampfmaschine-isabel\\\/#primaryimage\"},\"thumbnailUrl\":\"https:\\\/\\\/www.bengs-modellbau.de\\\/magazin\\\/wp-content\\\/uploads\\\/2019\\\/10\\\/Dampfmaschine-Isabel-bausatz-1024x769.jpg\",\"datePublished\":\"2017-08-09T11:26:56+00:00\",\"dateModified\":\"2025-02-14T16:06:18+00:00\",\"description\":\"Bilder und Videos von Kundenmodellen der Dampfmaschine \\\"Isabel\\\" die nach einem Materialbausatz von Bengs Modellbau gebaut wurde.\",\"breadcrumb\":{\"@id\":\"https:\\\/\\\/www.bengs-modellbau.de\\\/magazin\\\/kunden-modelle\\\/dampfmaschine\\\/dampfmaschine-isabel\\\/#breadcrumb\"},\"inLanguage\":\"de\",\"potentialAction\":[{\"@type\":\"ReadAction\",\"target\":[\"https:\\\/\\\/www.bengs-modellbau.de\\\/magazin\\\/kunden-modelle\\\/dampfmaschine\\\/dampfmaschine-isabel\\\/\"]}]},{\"@type\":\"ImageObject\",\"inLanguage\":\"de\",\"@id\":\"https:\\\/\\\/www.bengs-modellbau.de\\\/magazin\\\/kunden-modelle\\\/dampfmaschine\\\/dampfmaschine-isabel\\\/#primaryimage\",\"url\":\"https:\\\/\\\/www.bengs-modellbau.de\\\/magazin\\\/wp-content\\\/uploads\\\/2019\\\/10\\\/Dampfmaschine-Isabel-bausatz.jpg\",\"contentUrl\":\"https:\\\/\\\/www.bengs-modellbau.de\\\/magazin\\\/wp-content\\\/uploads\\\/2019\\\/10\\\/Dampfmaschine-Isabel-bausatz.jpg\",\"width\":1600,\"height\":1201},{\"@type\":\"BreadcrumbList\",\"@id\":\"https:\\\/\\\/www.bengs-modellbau.de\\\/magazin\\\/kunden-modelle\\\/dampfmaschine\\\/dampfmaschine-isabel\\\/#breadcrumb\",\"itemListElement\":[{\"@type\":\"ListItem\",\"position\":1,\"name\":\"Startseite\",\"item\":\"https:\\\/\\\/www.bengs-modellbau.de\\\/magazin\\\/\"},{\"@type\":\"ListItem\",\"position\":2,\"name\":\"Kunden Modelle\",\"item\":\"https:\\\/\\\/www.bengs-modellbau.de\\\/magazin\\\/kunden-modelle\\\/\"},{\"@type\":\"ListItem\",\"position\":3,\"name\":\"Dampfmaschine\",\"item\":\"https:\\\/\\\/www.bengs-modellbau.de\\\/magazin\\\/kunden-modelle\\\/dampfmaschine\\\/\"},{\"@type\":\"ListItem\",\"position\":4,\"name\":\"Dampfmaschine &#8222;Isabel&#8220;\"}]},{\"@type\":\"WebSite\",\"@id\":\"https:\\\/\\\/www.bengs-modellbau.de\\\/magazin\\\/#website\",\"url\":\"https:\\\/\\\/www.bengs-modellbau.de\\\/magazin\\\/\",\"name\":\"Bengs Modellbau Magazin\",\"description\":\"\",\"publisher\":{\"@id\":\"https:\\\/\\\/www.bengs-modellbau.de\\\/magazin\\\/#organization\"},\"potentialAction\":[{\"@type\":\"SearchAction\",\"target\":{\"@type\":\"EntryPoint\",\"urlTemplate\":\"https:\\\/\\\/www.bengs-modellbau.de\\\/magazin\\\/?s={search_term_string}\"},\"query-input\":{\"@type\":\"PropertyValueSpecification\",\"valueRequired\":true,\"valueName\":\"search_term_string\"}}],\"inLanguage\":\"de\"},{\"@type\":\"Organization\",\"@id\":\"https:\\\/\\\/www.bengs-modellbau.de\\\/magazin\\\/#organization\",\"name\":\"Bengs Modellbau Magazin\",\"url\":\"https:\\\/\\\/www.bengs-modellbau.de\\\/magazin\\\/\",\"logo\":{\"@type\":\"ImageObject\",\"inLanguage\":\"de\",\"@id\":\"https:\\\/\\\/www.bengs-modellbau.de\\\/magazin\\\/#\\\/schema\\\/logo\\\/image\\\/\",\"url\":\"https:\\\/\\\/www.bengs-modellbau.de\\\/magazin\\\/wp-content\\\/uploads\\\/2024\\\/01\\\/logo-bengs-ebay-2.jpg\",\"contentUrl\":\"https:\\\/\\\/www.bengs-modellbau.de\\\/magazin\\\/wp-content\\\/uploads\\\/2024\\\/01\\\/logo-bengs-ebay-2.jpg\",\"width\":369,\"height\":167,\"caption\":\"Bengs Modellbau Magazin\"},\"image\":{\"@id\":\"https:\\\/\\\/www.bengs-modellbau.de\\\/magazin\\\/#\\\/schema\\\/logo\\\/image\\\/\"}}]}<\/script>\n<!-- \/ Yoast SEO plugin. -->","yoast_head_json":{"title":"Dampfmaschine \"Isabel\" - Bengs Modellbau Magazin","description":"Bilder und Videos von Kundenmodellen der Dampfmaschine \"Isabel\" die nach einem Materialbausatz von Bengs Modellbau gebaut wurde.","robots":{"index":"index","follow":"follow","max-snippet":"max-snippet:-1","max-image-preview":"max-image-preview:large","max-video-preview":"max-video-preview:-1"},"canonical":"https:\/\/www.bengs-modellbau.de\/magazin\/kunden-modelle\/dampfmaschine\/dampfmaschine-isabel\/","og_locale":"de_DE","og_type":"article","og_title":"Dampfmaschine \"Isabel\" - Bengs Modellbau Magazin","og_description":"Bilder und Videos von Kundenmodellen der Dampfmaschine \"Isabel\" die nach einem Materialbausatz von Bengs Modellbau gebaut wurde.","og_url":"https:\/\/www.bengs-modellbau.de\/magazin\/kunden-modelle\/dampfmaschine\/dampfmaschine-isabel\/","og_site_name":"Bengs Modellbau Magazin","article_modified_time":"2025-02-14T16:06:18+00:00","og_image":[{"width":1600,"height":1201,"url":"https:\/\/www.bengs-modellbau.de\/magazin\/wp-content\/uploads\/2019\/10\/Dampfmaschine-Isabel-bausatz.jpg","type":"image\/jpeg"}],"twitter_card":"summary_large_image","twitter_misc":{"Gesch\u00e4tzte Lesezeit":"3\u00a0Minuten"},"schema":{"@context":"https:\/\/schema.org","@graph":[{"@type":"WebPage","@id":"https:\/\/www.bengs-modellbau.de\/magazin\/kunden-modelle\/dampfmaschine\/dampfmaschine-isabel\/","url":"https:\/\/www.bengs-modellbau.de\/magazin\/kunden-modelle\/dampfmaschine\/dampfmaschine-isabel\/","name":"Dampfmaschine \"Isabel\" - Bengs Modellbau Magazin","isPartOf":{"@id":"https:\/\/www.bengs-modellbau.de\/magazin\/#website"},"primaryImageOfPage":{"@id":"https:\/\/www.bengs-modellbau.de\/magazin\/kunden-modelle\/dampfmaschine\/dampfmaschine-isabel\/#primaryimage"},"image":{"@id":"https:\/\/www.bengs-modellbau.de\/magazin\/kunden-modelle\/dampfmaschine\/dampfmaschine-isabel\/#primaryimage"},"thumbnailUrl":"https:\/\/www.bengs-modellbau.de\/magazin\/wp-content\/uploads\/2019\/10\/Dampfmaschine-Isabel-bausatz-1024x769.jpg","datePublished":"2017-08-09T11:26:56+00:00","dateModified":"2025-02-14T16:06:18+00:00","description":"Bilder und Videos von Kundenmodellen der Dampfmaschine \"Isabel\" die nach einem Materialbausatz von Bengs Modellbau gebaut wurde.","breadcrumb":{"@id":"https:\/\/www.bengs-modellbau.de\/magazin\/kunden-modelle\/dampfmaschine\/dampfmaschine-isabel\/#breadcrumb"},"inLanguage":"de","potentialAction":[{"@type":"ReadAction","target":["https:\/\/www.bengs-modellbau.de\/magazin\/kunden-modelle\/dampfmaschine\/dampfmaschine-isabel\/"]}]},{"@type":"ImageObject","inLanguage":"de","@id":"https:\/\/www.bengs-modellbau.de\/magazin\/kunden-modelle\/dampfmaschine\/dampfmaschine-isabel\/#primaryimage","url":"https:\/\/www.bengs-modellbau.de\/magazin\/wp-content\/uploads\/2019\/10\/Dampfmaschine-Isabel-bausatz.jpg","contentUrl":"https:\/\/www.bengs-modellbau.de\/magazin\/wp-content\/uploads\/2019\/10\/Dampfmaschine-Isabel-bausatz.jpg","width":1600,"height":1201},{"@type":"BreadcrumbList","@id":"https:\/\/www.bengs-modellbau.de\/magazin\/kunden-modelle\/dampfmaschine\/dampfmaschine-isabel\/#breadcrumb","itemListElement":[{"@type":"ListItem","position":1,"name":"Startseite","item":"https:\/\/www.bengs-modellbau.de\/magazin\/"},{"@type":"ListItem","position":2,"name":"Kunden Modelle","item":"https:\/\/www.bengs-modellbau.de\/magazin\/kunden-modelle\/"},{"@type":"ListItem","position":3,"name":"Dampfmaschine","item":"https:\/\/www.bengs-modellbau.de\/magazin\/kunden-modelle\/dampfmaschine\/"},{"@type":"ListItem","position":4,"name":"Dampfmaschine &#8222;Isabel&#8220;"}]},{"@type":"WebSite","@id":"https:\/\/www.bengs-modellbau.de\/magazin\/#website","url":"https:\/\/www.bengs-modellbau.de\/magazin\/","name":"Bengs Modellbau Magazin","description":"","publisher":{"@id":"https:\/\/www.bengs-modellbau.de\/magazin\/#organization"},"potentialAction":[{"@type":"SearchAction","target":{"@type":"EntryPoint","urlTemplate":"https:\/\/www.bengs-modellbau.de\/magazin\/?s={search_term_string}"},"query-input":{"@type":"PropertyValueSpecification","valueRequired":true,"valueName":"search_term_string"}}],"inLanguage":"de"},{"@type":"Organization","@id":"https:\/\/www.bengs-modellbau.de\/magazin\/#organization","name":"Bengs Modellbau Magazin","url":"https:\/\/www.bengs-modellbau.de\/magazin\/","logo":{"@type":"ImageObject","inLanguage":"de","@id":"https:\/\/www.bengs-modellbau.de\/magazin\/#\/schema\/logo\/image\/","url":"https:\/\/www.bengs-modellbau.de\/magazin\/wp-content\/uploads\/2024\/01\/logo-bengs-ebay-2.jpg","contentUrl":"https:\/\/www.bengs-modellbau.de\/magazin\/wp-content\/uploads\/2024\/01\/logo-bengs-ebay-2.jpg","width":369,"height":167,"caption":"Bengs Modellbau Magazin"},"image":{"@id":"https:\/\/www.bengs-modellbau.de\/magazin\/#\/schema\/logo\/image\/"}}]}},"_links":{"self":[{"href":"https:\/\/www.bengs-modellbau.de\/magazin\/wp-json\/wp\/v2\/pages\/3075","targetHints":{"allow":["GET"]}}],"collection":[{"href":"https:\/\/www.bengs-modellbau.de\/magazin\/wp-json\/wp\/v2\/pages"}],"about":[{"href":"https:\/\/www.bengs-modellbau.de\/magazin\/wp-json\/wp\/v2\/types\/page"}],"author":[{"embeddable":true,"href":"https:\/\/www.bengs-modellbau.de\/magazin\/wp-json\/wp\/v2\/users\/1"}],"replies":[{"embeddable":true,"href":"https:\/\/www.bengs-modellbau.de\/magazin\/wp-json\/wp\/v2\/comments?post=3075"}],"version-history":[{"count":6,"href":"https:\/\/www.bengs-modellbau.de\/magazin\/wp-json\/wp\/v2\/pages\/3075\/revisions"}],"predecessor-version":[{"id":5349,"href":"https:\/\/www.bengs-modellbau.de\/magazin\/wp-json\/wp\/v2\/pages\/3075\/revisions\/5349"}],"up":[{"embeddable":true,"href":"https:\/\/www.bengs-modellbau.de\/magazin\/wp-json\/wp\/v2\/pages\/381"}],"wp:attachment":[{"href":"https:\/\/www.bengs-modellbau.de\/magazin\/wp-json\/wp\/v2\/media?parent=3075"}],"curies":[{"name":"wp","href":"https:\/\/api.w.org\/{rel}","templated":true}]}}