{"id":2492,"date":"2016-10-27T10:49:03","date_gmt":"2016-10-27T08:49:03","guid":{"rendered":"http:\/\/www.bengs-modellbau.de\/magazin\/?page_id=2492"},"modified":"2017-03-22T14:34:17","modified_gmt":"2017-03-22T12:34:17","slug":"baubericht-ventilgesteuerte-dampfmaschine-isabel","status":"publish","type":"page","link":"https:\/\/www.bengs-modellbau.de\/magazin\/bauberichte\/baubericht-ventilgesteuerte-dampfmaschine-isabel\/","title":{"rendered":"Baubericht ventilgesteuerte Dampfmaschine &#8222;Isabel&#8220;"},"content":{"rendered":"<p><a href=\"http:\/\/www.bengs-modellbau.de\/magazin\/wp-content\/uploads\/2016\/08\/Dampfmaschine-bengs-modellbau-winter-2016.jpg\"><img fetchpriority=\"high\" decoding=\"async\" class=\"alignleft wp-image-2480 size-medium\" src=\"http:\/\/www.bengs-modellbau.de\/magazin\/wp-content\/uploads\/2016\/08\/Dampfmaschine-bengs-modellbau-winter-2016-300x200.jpg\" alt=\"ventilgesteuerte Dampfmaschine &quot;Isabel&quot;\" width=\"300\" height=\"200\" srcset=\"https:\/\/www.bengs-modellbau.de\/magazin\/wp-content\/uploads\/2016\/08\/Dampfmaschine-bengs-modellbau-winter-2016-300x200.jpg 300w, https:\/\/www.bengs-modellbau.de\/magazin\/wp-content\/uploads\/2016\/08\/Dampfmaschine-bengs-modellbau-winter-2016-1024x682.jpg 1024w, https:\/\/www.bengs-modellbau.de\/magazin\/wp-content\/uploads\/2016\/08\/Dampfmaschine-bengs-modellbau-winter-2016-160x107.jpg 160w, https:\/\/www.bengs-modellbau.de\/magazin\/wp-content\/uploads\/2016\/08\/Dampfmaschine-bengs-modellbau-winter-2016-260x173.jpg 260w, https:\/\/www.bengs-modellbau.de\/magazin\/wp-content\/uploads\/2016\/08\/Dampfmaschine-bengs-modellbau-winter-2016-360x240.jpg 360w, https:\/\/www.bengs-modellbau.de\/magazin\/wp-content\/uploads\/2016\/08\/Dampfmaschine-bengs-modellbau-winter-2016.jpg 1200w\" sizes=\"(max-width: 300px) 100vw, 300px\" \/><\/a>Auf dieser Seite finden Sie einen ausf\u00fchrlichen Baubericht f\u00fcr unsere ventilgesteuerte Dampfmaschine &#8222;Isabel&#8220;. Wir werden Sie in diesem Baubericht mit reichlich Bildern der Modellbaudampfmaschine versorgen. Die in diesem Baubericht gezeigte Vorgehensweise muss nat\u00fcrlich nicht zu 100 % eingehalten werden. Die Art und Weise wie Sie die Teile f\u00fcr den Bausatz erstellen sollten Sie immer an die Ihnen zur Verf\u00fcgung stehenden Werkzeuge anpassen. Der Baubericht ist aufgeteilt in die verschiedenen Baugruppen das erm\u00f6glicht Ihnen immer schnell an die von Ihnen gesuchte Baugruppe der Dampfmaschine zu gelangen. Hier finden Sie die\u00a0<a href=\"https:\/\/www.bengs-modellbau.de\/materialbausaetze\/dampfmaschinen\/liegende-ventilgesteuerte-dampfmaschine-isabel\">ventilgesteuerte Dampfmaschine &#8222;Isabel&#8220;<\/a> in unserem Onlineshop.<\/p>\n<h3>Ventilgesteuerte Dampfmaschine &#8222;Isabel&#8220;<\/h3>\n<p>Der ab Winter 2016 erh\u00e4ltliche Modellbau Bauteilesatz f\u00fcr eine Einzylinder ventilgesteuerte Dampfmaschine erm\u00f6glicht es Ihnen in Ihrer eigenen Werkstatt eine sehr komplexe Dampfmaschine herzustellen. Der Bauteilesatz beinhaltet wie von Bengs Modellbau gewohnt alle Teile die zum Bau der Modellbaudampfmaschine ben\u00f6tigt werden.<\/p>\n<h3>Bauberichte der einzelnen Baugruppen<\/h3>\n<h4><\/h4>\n<h4><a href=\"http:\/\/www.bengs-modellbau.de\/magazin\/bauberichte\/baubericht-ventilgesteuerte-dampfmaschine-isabel\/grundplatte-ventilgesteuerte-dampfmaschine-isabel\/\">Grundplatte<\/a><\/h4>\n<p><a href=\"http:\/\/www.bengs-modellbau.de\/magazin\/bauberichte\/baubericht-ventilgesteuerte-dampfmaschine-isabel\/grundplatte-ventilgesteuerte-dampfmaschine-isabel\/\"><img decoding=\"async\" class=\"alignnone wp-image-2501\" src=\"http:\/\/www.bengs-modellbau.de\/magazin\/wp-content\/uploads\/2016\/10\/Grundplatte-Ventilgesteuerte-Dampfmaschine-Isabel-1024x683.jpg\" alt=\"grundplatte-ventilgesteuerte-dampfmaschine-isabel\" width=\"500\" height=\"333\" srcset=\"https:\/\/www.bengs-modellbau.de\/magazin\/wp-content\/uploads\/2016\/10\/Grundplatte-Ventilgesteuerte-Dampfmaschine-Isabel-1024x683.jpg 1024w, https:\/\/www.bengs-modellbau.de\/magazin\/wp-content\/uploads\/2016\/10\/Grundplatte-Ventilgesteuerte-Dampfmaschine-Isabel-300x200.jpg 300w, https:\/\/www.bengs-modellbau.de\/magazin\/wp-content\/uploads\/2016\/10\/Grundplatte-Ventilgesteuerte-Dampfmaschine-Isabel-160x107.jpg 160w, https:\/\/www.bengs-modellbau.de\/magazin\/wp-content\/uploads\/2016\/10\/Grundplatte-Ventilgesteuerte-Dampfmaschine-Isabel-260x173.jpg 260w, https:\/\/www.bengs-modellbau.de\/magazin\/wp-content\/uploads\/2016\/10\/Grundplatte-Ventilgesteuerte-Dampfmaschine-Isabel-360x240.jpg 360w, https:\/\/www.bengs-modellbau.de\/magazin\/wp-content\/uploads\/2016\/10\/Grundplatte-Ventilgesteuerte-Dampfmaschine-Isabel.jpg 1200w\" sizes=\"(max-width: 500px) 100vw, 500px\" \/><\/a><\/p>\n<hr \/>\n<h4><a href=\"http:\/\/www.bengs-modellbau.de\/magazin\/bauberichte\/baubericht-ventilgesteuerte-dampfmaschine-isabel\/maschinensockel-kolben-und-zylinder\/\">Maschinensockel, Kolben und Zylinder<\/a><\/h4>\n<p><a href=\"http:\/\/www.bengs-modellbau.de\/magazin\/bauberichte\/baubericht-ventilgesteuerte-dampfmaschine-isabel\/maschinensockel-kolben-und-zylinder\/\"><img decoding=\"async\" class=\"alignnone wp-image-2559\" src=\"http:\/\/www.bengs-modellbau.de\/magazin\/wp-content\/uploads\/2016\/10\/Maschinensockel-Kolben-Zylinder-1024x683.jpg\" alt=\"maschinensockel-kolben-zylinder\" width=\"500\" height=\"333\" srcset=\"https:\/\/www.bengs-modellbau.de\/magazin\/wp-content\/uploads\/2016\/10\/Maschinensockel-Kolben-Zylinder-1024x683.jpg 1024w, https:\/\/www.bengs-modellbau.de\/magazin\/wp-content\/uploads\/2016\/10\/Maschinensockel-Kolben-Zylinder-300x200.jpg 300w, https:\/\/www.bengs-modellbau.de\/magazin\/wp-content\/uploads\/2016\/10\/Maschinensockel-Kolben-Zylinder-160x107.jpg 160w, https:\/\/www.bengs-modellbau.de\/magazin\/wp-content\/uploads\/2016\/10\/Maschinensockel-Kolben-Zylinder-260x173.jpg 260w, https:\/\/www.bengs-modellbau.de\/magazin\/wp-content\/uploads\/2016\/10\/Maschinensockel-Kolben-Zylinder-360x240.jpg 360w, https:\/\/www.bengs-modellbau.de\/magazin\/wp-content\/uploads\/2016\/10\/Maschinensockel-Kolben-Zylinder.jpg 1200w\" sizes=\"(max-width: 500px) 100vw, 500px\" \/><\/a><\/p>\n<hr \/>\n<p>&nbsp;<\/p>\n<h4><a href=\"http:\/\/www.bengs-modellbau.de\/magazin\/bauberichte\/baubericht-ventilgesteuerte-dampfmaschine-isabel\/fliehkraftreglersteuerung-und-regelung\/\">Fliehkraftregler,Steuerung und Regelung<\/a><\/h4>\n<p><a href=\"http:\/\/www.bengs-modellbau.de\/magazin\/bauberichte\/baubericht-ventilgesteuerte-dampfmaschine-isabel\/fliehkraftreglersteuerung-und-regelung\/\"><img loading=\"lazy\" decoding=\"async\" class=\"alignnone wp-image-2636\" src=\"http:\/\/www.bengs-modellbau.de\/magazin\/wp-content\/uploads\/2016\/10\/Fliehkraftregler-steuerung-dampfmaschine-1024x684.jpg\" alt=\"fliehkraftregler-steuerung-dampfmaschine\" width=\"500\" height=\"334\" srcset=\"https:\/\/www.bengs-modellbau.de\/magazin\/wp-content\/uploads\/2016\/10\/Fliehkraftregler-steuerung-dampfmaschine-1024x684.jpg 1024w, https:\/\/www.bengs-modellbau.de\/magazin\/wp-content\/uploads\/2016\/10\/Fliehkraftregler-steuerung-dampfmaschine-300x200.jpg 300w, https:\/\/www.bengs-modellbau.de\/magazin\/wp-content\/uploads\/2016\/10\/Fliehkraftregler-steuerung-dampfmaschine-160x107.jpg 160w, https:\/\/www.bengs-modellbau.de\/magazin\/wp-content\/uploads\/2016\/10\/Fliehkraftregler-steuerung-dampfmaschine-260x174.jpg 260w, https:\/\/www.bengs-modellbau.de\/magazin\/wp-content\/uploads\/2016\/10\/Fliehkraftregler-steuerung-dampfmaschine-360x240.jpg 360w, https:\/\/www.bengs-modellbau.de\/magazin\/wp-content\/uploads\/2016\/10\/Fliehkraftregler-steuerung-dampfmaschine.jpg 1200w\" sizes=\"(max-width: 500px) 100vw, 500px\" \/><\/a><\/p>\n<hr \/>\n<p>&nbsp;<\/p>\n<h2>Die fertige ventilgesteuerte Dampfmaschine &#8222;Isabel&#8220;<\/h2>\n<p>Hier finden Sie die\u00a0<a href=\"https:\/\/www.bengs-modellbau.de\/materialbausaetze\/dampfmaschinen\/liegende-ventilgesteuerte-dampfmaschine-isabel\">ventilgesteuerte Dampfmaschine &#8222;Isabel&#8220;<\/a> in unserem Onlineshop.<\/p>\n<p><a href=\"http:\/\/www.bengs-modellbau.de\/magazin\/wp-content\/uploads\/2016\/10\/Ventilgesteuerte-dampfmaschine-isabel-bengs-modellbau.jpg\"><img loading=\"lazy\" decoding=\"async\" class=\"aligncenter size-large wp-image-2665\" src=\"http:\/\/www.bengs-modellbau.de\/magazin\/wp-content\/uploads\/2016\/10\/Ventilgesteuerte-dampfmaschine-isabel-bengs-modellbau-1024x619.jpg\" alt=\"ventilgesteuerte-dampfmaschine-isabel-bengs-modellbau\" width=\"770\" height=\"465\" srcset=\"https:\/\/www.bengs-modellbau.de\/magazin\/wp-content\/uploads\/2016\/10\/Ventilgesteuerte-dampfmaschine-isabel-bengs-modellbau-1024x619.jpg 1024w, https:\/\/www.bengs-modellbau.de\/magazin\/wp-content\/uploads\/2016\/10\/Ventilgesteuerte-dampfmaschine-isabel-bengs-modellbau-300x181.jpg 300w, https:\/\/www.bengs-modellbau.de\/magazin\/wp-content\/uploads\/2016\/10\/Ventilgesteuerte-dampfmaschine-isabel-bengs-modellbau-160x97.jpg 160w, https:\/\/www.bengs-modellbau.de\/magazin\/wp-content\/uploads\/2016\/10\/Ventilgesteuerte-dampfmaschine-isabel-bengs-modellbau-260x157.jpg 260w, https:\/\/www.bengs-modellbau.de\/magazin\/wp-content\/uploads\/2016\/10\/Ventilgesteuerte-dampfmaschine-isabel-bengs-modellbau-360x218.jpg 360w, https:\/\/www.bengs-modellbau.de\/magazin\/wp-content\/uploads\/2016\/10\/Ventilgesteuerte-dampfmaschine-isabel-bengs-modellbau.jpg 1200w\" sizes=\"(max-width: 770px) 100vw, 770px\" \/><\/a><\/p>\n","protected":false},"excerpt":{"rendered":"<p>Auf dieser Seite finden Sie einen ausf\u00fchrlichen Baubericht f\u00fcr unsere ventilgesteuerte Dampfmaschine &#8222;Isabel&#8220;. Wir werden Sie in diesem Baubericht mit reichlich Bildern der Modellbaudampfmaschine versorgen. Die in diesem Baubericht gezeigte Vorgehensweise muss nat\u00fcrlich nicht zu 100 % eingehalten werden. Die Art und Weise wie Sie die Teile f\u00fcr den Bausatz erstellen sollten Sie immer an [&hellip;]<\/p>\n","protected":false},"author":1,"featured_media":0,"parent":342,"menu_order":0,"comment_status":"closed","ping_status":"closed","template":"","meta":{"footnotes":""},"class_list":["post-2492","page","type-page","status-publish","hentry"],"yoast_head":"<!-- This site is optimized with the Yoast SEO plugin v27.4 - https:\/\/yoast.com\/product\/yoast-seo-wordpress\/ -->\n<title>Baubericht ventilgesteuerte Dampfmaschine &quot;Isabel&quot; - Bengs Modellbau Magazin<\/title>\n<meta name=\"description\" content=\"Baubericht Ventilgesteuerte Dampfmaschine &quot;Isabel&quot; von Bengs. Hier sehen Sie welche Arbeitsschritte n\u00f6tig sind um die Modellbaudampfmaschine herzustellen.\" \/>\n<meta name=\"robots\" content=\"index, follow, max-snippet:-1, max-image-preview:large, max-video-preview:-1\" \/>\n<link rel=\"canonical\" href=\"https:\/\/www.bengs-modellbau.de\/magazin\/bauberichte\/baubericht-ventilgesteuerte-dampfmaschine-isabel\/\" \/>\n<meta property=\"og:locale\" content=\"de_DE\" \/>\n<meta property=\"og:type\" content=\"article\" \/>\n<meta property=\"og:title\" content=\"Baubericht ventilgesteuerte Dampfmaschine &quot;Isabel&quot; - Bengs Modellbau Magazin\" \/>\n<meta property=\"og:description\" content=\"Baubericht Ventilgesteuerte Dampfmaschine &quot;Isabel&quot; von Bengs. Hier sehen Sie welche Arbeitsschritte n\u00f6tig sind um die Modellbaudampfmaschine herzustellen.\" \/>\n<meta property=\"og:url\" content=\"https:\/\/www.bengs-modellbau.de\/magazin\/bauberichte\/baubericht-ventilgesteuerte-dampfmaschine-isabel\/\" \/>\n<meta property=\"og:site_name\" content=\"Bengs Modellbau Magazin\" \/>\n<meta property=\"article:modified_time\" content=\"2017-03-22T12:34:17+00:00\" \/>\n<meta property=\"og:image\" content=\"http:\/\/www.bengs-modellbau.de\/magazin\/wp-content\/uploads\/2016\/08\/Dampfmaschine-bengs-modellbau-winter-2016-300x200.jpg\" \/>\n<meta name=\"twitter:card\" content=\"summary_large_image\" \/>\n<meta name=\"twitter:label1\" content=\"Gesch\u00e4tzte Lesezeit\" \/>\n\t<meta name=\"twitter:data1\" content=\"1\u00a0Minute\" \/>\n<script type=\"application\/ld+json\" class=\"yoast-schema-graph\">{\"@context\":\"https:\\\/\\\/schema.org\",\"@graph\":[{\"@type\":\"WebPage\",\"@id\":\"https:\\\/\\\/www.bengs-modellbau.de\\\/magazin\\\/bauberichte\\\/baubericht-ventilgesteuerte-dampfmaschine-isabel\\\/\",\"url\":\"https:\\\/\\\/www.bengs-modellbau.de\\\/magazin\\\/bauberichte\\\/baubericht-ventilgesteuerte-dampfmaschine-isabel\\\/\",\"name\":\"Baubericht ventilgesteuerte Dampfmaschine \\\"Isabel\\\" - Bengs Modellbau Magazin\",\"isPartOf\":{\"@id\":\"https:\\\/\\\/www.bengs-modellbau.de\\\/magazin\\\/#website\"},\"primaryImageOfPage\":{\"@id\":\"https:\\\/\\\/www.bengs-modellbau.de\\\/magazin\\\/bauberichte\\\/baubericht-ventilgesteuerte-dampfmaschine-isabel\\\/#primaryimage\"},\"image\":{\"@id\":\"https:\\\/\\\/www.bengs-modellbau.de\\\/magazin\\\/bauberichte\\\/baubericht-ventilgesteuerte-dampfmaschine-isabel\\\/#primaryimage\"},\"thumbnailUrl\":\"http:\\\/\\\/www.bengs-modellbau.de\\\/magazin\\\/wp-content\\\/uploads\\\/2016\\\/08\\\/Dampfmaschine-bengs-modellbau-winter-2016-300x200.jpg\",\"datePublished\":\"2016-10-27T08:49:03+00:00\",\"dateModified\":\"2017-03-22T12:34:17+00:00\",\"description\":\"Baubericht Ventilgesteuerte Dampfmaschine \\\"Isabel\\\" von Bengs. Hier sehen Sie welche Arbeitsschritte n\u00f6tig sind um die Modellbaudampfmaschine herzustellen.\",\"breadcrumb\":{\"@id\":\"https:\\\/\\\/www.bengs-modellbau.de\\\/magazin\\\/bauberichte\\\/baubericht-ventilgesteuerte-dampfmaschine-isabel\\\/#breadcrumb\"},\"inLanguage\":\"de\",\"potentialAction\":[{\"@type\":\"ReadAction\",\"target\":[\"https:\\\/\\\/www.bengs-modellbau.de\\\/magazin\\\/bauberichte\\\/baubericht-ventilgesteuerte-dampfmaschine-isabel\\\/\"]}]},{\"@type\":\"ImageObject\",\"inLanguage\":\"de\",\"@id\":\"https:\\\/\\\/www.bengs-modellbau.de\\\/magazin\\\/bauberichte\\\/baubericht-ventilgesteuerte-dampfmaschine-isabel\\\/#primaryimage\",\"url\":\"https:\\\/\\\/www.bengs-modellbau.de\\\/magazin\\\/wp-content\\\/uploads\\\/2016\\\/08\\\/Dampfmaschine-bengs-modellbau-winter-2016.jpg\",\"contentUrl\":\"https:\\\/\\\/www.bengs-modellbau.de\\\/magazin\\\/wp-content\\\/uploads\\\/2016\\\/08\\\/Dampfmaschine-bengs-modellbau-winter-2016.jpg\",\"width\":1200,\"height\":799},{\"@type\":\"BreadcrumbList\",\"@id\":\"https:\\\/\\\/www.bengs-modellbau.de\\\/magazin\\\/bauberichte\\\/baubericht-ventilgesteuerte-dampfmaschine-isabel\\\/#breadcrumb\",\"itemListElement\":[{\"@type\":\"ListItem\",\"position\":1,\"name\":\"Startseite\",\"item\":\"https:\\\/\\\/www.bengs-modellbau.de\\\/magazin\\\/\"},{\"@type\":\"ListItem\",\"position\":2,\"name\":\"Bauberichte\",\"item\":\"https:\\\/\\\/www.bengs-modellbau.de\\\/magazin\\\/bauberichte\\\/\"},{\"@type\":\"ListItem\",\"position\":3,\"name\":\"Baubericht ventilgesteuerte Dampfmaschine &#8222;Isabel&#8220;\"}]},{\"@type\":\"WebSite\",\"@id\":\"https:\\\/\\\/www.bengs-modellbau.de\\\/magazin\\\/#website\",\"url\":\"https:\\\/\\\/www.bengs-modellbau.de\\\/magazin\\\/\",\"name\":\"Bengs Modellbau Magazin\",\"description\":\"\",\"publisher\":{\"@id\":\"https:\\\/\\\/www.bengs-modellbau.de\\\/magazin\\\/#organization\"},\"potentialAction\":[{\"@type\":\"SearchAction\",\"target\":{\"@type\":\"EntryPoint\",\"urlTemplate\":\"https:\\\/\\\/www.bengs-modellbau.de\\\/magazin\\\/?s={search_term_string}\"},\"query-input\":{\"@type\":\"PropertyValueSpecification\",\"valueRequired\":true,\"valueName\":\"search_term_string\"}}],\"inLanguage\":\"de\"},{\"@type\":\"Organization\",\"@id\":\"https:\\\/\\\/www.bengs-modellbau.de\\\/magazin\\\/#organization\",\"name\":\"Bengs Modellbau Magazin\",\"url\":\"https:\\\/\\\/www.bengs-modellbau.de\\\/magazin\\\/\",\"logo\":{\"@type\":\"ImageObject\",\"inLanguage\":\"de\",\"@id\":\"https:\\\/\\\/www.bengs-modellbau.de\\\/magazin\\\/#\\\/schema\\\/logo\\\/image\\\/\",\"url\":\"https:\\\/\\\/www.bengs-modellbau.de\\\/magazin\\\/wp-content\\\/uploads\\\/2024\\\/01\\\/logo-bengs-ebay-2.jpg\",\"contentUrl\":\"https:\\\/\\\/www.bengs-modellbau.de\\\/magazin\\\/wp-content\\\/uploads\\\/2024\\\/01\\\/logo-bengs-ebay-2.jpg\",\"width\":369,\"height\":167,\"caption\":\"Bengs Modellbau Magazin\"},\"image\":{\"@id\":\"https:\\\/\\\/www.bengs-modellbau.de\\\/magazin\\\/#\\\/schema\\\/logo\\\/image\\\/\"}}]}<\/script>\n<!-- \/ Yoast SEO plugin. -->","yoast_head_json":{"title":"Baubericht ventilgesteuerte Dampfmaschine \"Isabel\" - Bengs Modellbau Magazin","description":"Baubericht Ventilgesteuerte Dampfmaschine \"Isabel\" von Bengs. Hier sehen Sie welche Arbeitsschritte n\u00f6tig sind um die Modellbaudampfmaschine herzustellen.","robots":{"index":"index","follow":"follow","max-snippet":"max-snippet:-1","max-image-preview":"max-image-preview:large","max-video-preview":"max-video-preview:-1"},"canonical":"https:\/\/www.bengs-modellbau.de\/magazin\/bauberichte\/baubericht-ventilgesteuerte-dampfmaschine-isabel\/","og_locale":"de_DE","og_type":"article","og_title":"Baubericht ventilgesteuerte Dampfmaschine \"Isabel\" - Bengs Modellbau Magazin","og_description":"Baubericht Ventilgesteuerte Dampfmaschine \"Isabel\" von Bengs. Hier sehen Sie welche Arbeitsschritte n\u00f6tig sind um die Modellbaudampfmaschine herzustellen.","og_url":"https:\/\/www.bengs-modellbau.de\/magazin\/bauberichte\/baubericht-ventilgesteuerte-dampfmaschine-isabel\/","og_site_name":"Bengs Modellbau Magazin","article_modified_time":"2017-03-22T12:34:17+00:00","og_image":[{"url":"http:\/\/www.bengs-modellbau.de\/magazin\/wp-content\/uploads\/2016\/08\/Dampfmaschine-bengs-modellbau-winter-2016-300x200.jpg","type":"","width":"","height":""}],"twitter_card":"summary_large_image","twitter_misc":{"Gesch\u00e4tzte Lesezeit":"1\u00a0Minute"},"schema":{"@context":"https:\/\/schema.org","@graph":[{"@type":"WebPage","@id":"https:\/\/www.bengs-modellbau.de\/magazin\/bauberichte\/baubericht-ventilgesteuerte-dampfmaschine-isabel\/","url":"https:\/\/www.bengs-modellbau.de\/magazin\/bauberichte\/baubericht-ventilgesteuerte-dampfmaschine-isabel\/","name":"Baubericht ventilgesteuerte Dampfmaschine \"Isabel\" - Bengs Modellbau Magazin","isPartOf":{"@id":"https:\/\/www.bengs-modellbau.de\/magazin\/#website"},"primaryImageOfPage":{"@id":"https:\/\/www.bengs-modellbau.de\/magazin\/bauberichte\/baubericht-ventilgesteuerte-dampfmaschine-isabel\/#primaryimage"},"image":{"@id":"https:\/\/www.bengs-modellbau.de\/magazin\/bauberichte\/baubericht-ventilgesteuerte-dampfmaschine-isabel\/#primaryimage"},"thumbnailUrl":"http:\/\/www.bengs-modellbau.de\/magazin\/wp-content\/uploads\/2016\/08\/Dampfmaschine-bengs-modellbau-winter-2016-300x200.jpg","datePublished":"2016-10-27T08:49:03+00:00","dateModified":"2017-03-22T12:34:17+00:00","description":"Baubericht Ventilgesteuerte Dampfmaschine \"Isabel\" von Bengs. Hier sehen Sie welche Arbeitsschritte n\u00f6tig sind um die Modellbaudampfmaschine herzustellen.","breadcrumb":{"@id":"https:\/\/www.bengs-modellbau.de\/magazin\/bauberichte\/baubericht-ventilgesteuerte-dampfmaschine-isabel\/#breadcrumb"},"inLanguage":"de","potentialAction":[{"@type":"ReadAction","target":["https:\/\/www.bengs-modellbau.de\/magazin\/bauberichte\/baubericht-ventilgesteuerte-dampfmaschine-isabel\/"]}]},{"@type":"ImageObject","inLanguage":"de","@id":"https:\/\/www.bengs-modellbau.de\/magazin\/bauberichte\/baubericht-ventilgesteuerte-dampfmaschine-isabel\/#primaryimage","url":"https:\/\/www.bengs-modellbau.de\/magazin\/wp-content\/uploads\/2016\/08\/Dampfmaschine-bengs-modellbau-winter-2016.jpg","contentUrl":"https:\/\/www.bengs-modellbau.de\/magazin\/wp-content\/uploads\/2016\/08\/Dampfmaschine-bengs-modellbau-winter-2016.jpg","width":1200,"height":799},{"@type":"BreadcrumbList","@id":"https:\/\/www.bengs-modellbau.de\/magazin\/bauberichte\/baubericht-ventilgesteuerte-dampfmaschine-isabel\/#breadcrumb","itemListElement":[{"@type":"ListItem","position":1,"name":"Startseite","item":"https:\/\/www.bengs-modellbau.de\/magazin\/"},{"@type":"ListItem","position":2,"name":"Bauberichte","item":"https:\/\/www.bengs-modellbau.de\/magazin\/bauberichte\/"},{"@type":"ListItem","position":3,"name":"Baubericht ventilgesteuerte Dampfmaschine &#8222;Isabel&#8220;"}]},{"@type":"WebSite","@id":"https:\/\/www.bengs-modellbau.de\/magazin\/#website","url":"https:\/\/www.bengs-modellbau.de\/magazin\/","name":"Bengs Modellbau Magazin","description":"","publisher":{"@id":"https:\/\/www.bengs-modellbau.de\/magazin\/#organization"},"potentialAction":[{"@type":"SearchAction","target":{"@type":"EntryPoint","urlTemplate":"https:\/\/www.bengs-modellbau.de\/magazin\/?s={search_term_string}"},"query-input":{"@type":"PropertyValueSpecification","valueRequired":true,"valueName":"search_term_string"}}],"inLanguage":"de"},{"@type":"Organization","@id":"https:\/\/www.bengs-modellbau.de\/magazin\/#organization","name":"Bengs Modellbau Magazin","url":"https:\/\/www.bengs-modellbau.de\/magazin\/","logo":{"@type":"ImageObject","inLanguage":"de","@id":"https:\/\/www.bengs-modellbau.de\/magazin\/#\/schema\/logo\/image\/","url":"https:\/\/www.bengs-modellbau.de\/magazin\/wp-content\/uploads\/2024\/01\/logo-bengs-ebay-2.jpg","contentUrl":"https:\/\/www.bengs-modellbau.de\/magazin\/wp-content\/uploads\/2024\/01\/logo-bengs-ebay-2.jpg","width":369,"height":167,"caption":"Bengs Modellbau Magazin"},"image":{"@id":"https:\/\/www.bengs-modellbau.de\/magazin\/#\/schema\/logo\/image\/"}}]}},"_links":{"self":[{"href":"https:\/\/www.bengs-modellbau.de\/magazin\/wp-json\/wp\/v2\/pages\/2492","targetHints":{"allow":["GET"]}}],"collection":[{"href":"https:\/\/www.bengs-modellbau.de\/magazin\/wp-json\/wp\/v2\/pages"}],"about":[{"href":"https:\/\/www.bengs-modellbau.de\/magazin\/wp-json\/wp\/v2\/types\/page"}],"author":[{"embeddable":true,"href":"https:\/\/www.bengs-modellbau.de\/magazin\/wp-json\/wp\/v2\/users\/1"}],"replies":[{"embeddable":true,"href":"https:\/\/www.bengs-modellbau.de\/magazin\/wp-json\/wp\/v2\/comments?post=2492"}],"version-history":[{"count":13,"href":"https:\/\/www.bengs-modellbau.de\/magazin\/wp-json\/wp\/v2\/pages\/2492\/revisions"}],"predecessor-version":[{"id":2950,"href":"https:\/\/www.bengs-modellbau.de\/magazin\/wp-json\/wp\/v2\/pages\/2492\/revisions\/2950"}],"up":[{"embeddable":true,"href":"https:\/\/www.bengs-modellbau.de\/magazin\/wp-json\/wp\/v2\/pages\/342"}],"wp:attachment":[{"href":"https:\/\/www.bengs-modellbau.de\/magazin\/wp-json\/wp\/v2\/media?parent=2492"}],"curies":[{"name":"wp","href":"https:\/\/api.w.org\/{rel}","templated":true}]}}