{"id":2278,"date":"2015-11-26T17:48:21","date_gmt":"2015-11-26T15:48:21","guid":{"rendered":"http:\/\/www.bengs-modellbau.de\/magazin\/?page_id=2278"},"modified":"2025-02-18T23:01:20","modified_gmt":"2025-02-18T21:01:20","slug":"verbrennungsmotoren","status":"publish","type":"page","link":"https:\/\/www.bengs-modellbau.de\/magazin\/kunden-modelle\/verbrennungsmotoren\/","title":{"rendered":"Verbrennungsmotoren"},"content":{"rendered":"<p>Unter dieser Rubrik finden Sie Bilder die uns von Kunden zugesendet wurden, die einen Verbrennungsmotor Bausatz von Bengs Modellbau gebaut haben. Verbrennungsmotoren im Modellbau haben einen besonderen Reiz. Der Materialbausatz beinhaltet alle Teile jedoch ist bei der Erstellung des Modellbau Verbrennungsmotors noch viel Spielraum f\u00fcr den individuellen Geschmack des Modellbauer. Auch zur Herstellung dieses Material Bausatzes wird nur eine Drehmaschine ben\u00f6tigt eine Fr\u00e4se ist nicht vonn\u00f6ten um den Verbrennungsmotor Bausatz zu bearbeiten.<\/p>\n<p>Da jeder Modellbauer seinen Modellbaumotor etwas anders baut ist es immer interessant auch mal zu schauen wie ein anderer Modellbauer ein Modell erstellt.<\/p>\n<h4><a href=\"https:\/\/www.bengs-modellbau.de\/magazin\/kunden-modelle\/verbrennungsmotoren\/stationaermotor-karl-kundenfotos\/\">Kundenfotos\u00a0Station\u00e4rmotor &#8222;Karl&#8220;<\/a><\/h4>\n<h4><a href=\"https:\/\/www.bengs-modellbau.de\/magazin\/kunden-modelle\/verbrennungsmotoren\/duerkopp-tauchkolben-gasmotor-kundenfotos\/\">Kundenfotos\u00a0D\u00fcrkopp Tachkolbenmotor<\/a><\/h4>\n<h4><a href=\"https:\/\/www.bengs-modellbau.de\/magazin\/kunden-modelle\/verbrennungsmotoren\/stationaermotor-jonas\/\">Kundenfotos Verbrennungsmotor &#8222;Jonas&#8220;<\/a><\/h4>\n<h4><a href=\"https:\/\/www.bengs-modellbau.de\/magazin\/kunden-modelle\/verbrennungsmotoren\/verbrennungsmotor-der-kleine-karl\/\">Kundenfotos Verbrennungsmotor &#8222;Der kleine Karl&#8220; <\/a><\/h4>\n<p><a href=\"http:\/\/www.bengs-modellbau.de\/magazin\/wp-content\/uploads\/2015\/11\/Bengs-verbrennugsmotor-modellbau.jpg\"><img fetchpriority=\"high\" decoding=\"async\" class=\"aligncenter wp-image-2279 size-full\" src=\"http:\/\/www.bengs-modellbau.de\/magazin\/wp-content\/uploads\/2015\/11\/Bengs-verbrennugsmotor-modellbau.jpg\" alt=\"Bengs Verbrennungsmotoren Modellbau\" width=\"800\" height=\"533\" srcset=\"https:\/\/www.bengs-modellbau.de\/magazin\/wp-content\/uploads\/2015\/11\/Bengs-verbrennugsmotor-modellbau.jpg 800w, https:\/\/www.bengs-modellbau.de\/magazin\/wp-content\/uploads\/2015\/11\/Bengs-verbrennugsmotor-modellbau-300x200.jpg 300w, https:\/\/www.bengs-modellbau.de\/magazin\/wp-content\/uploads\/2015\/11\/Bengs-verbrennugsmotor-modellbau-160x107.jpg 160w, https:\/\/www.bengs-modellbau.de\/magazin\/wp-content\/uploads\/2015\/11\/Bengs-verbrennugsmotor-modellbau-260x173.jpg 260w, https:\/\/www.bengs-modellbau.de\/magazin\/wp-content\/uploads\/2015\/11\/Bengs-verbrennugsmotor-modellbau-360x240.jpg 360w\" sizes=\"(max-width: 800px) 100vw, 800px\" \/><\/a><\/p>\n<h2>Hier geht&#8217;s zu den <a href=\"https:\/\/www.bengs-modellbau.de\/materialbausaetze\/verbrennungsmotoren\/\">Verbrennungsmotoren <\/a>im Shop<\/h2>\n","protected":false},"excerpt":{"rendered":"<p>Unter dieser Rubrik finden Sie Bilder die uns von Kunden zugesendet wurden, die einen Verbrennungsmotor Bausatz von Bengs Modellbau gebaut haben. Verbrennungsmotoren im Modellbau haben einen besonderen Reiz. Der Materialbausatz beinhaltet alle Teile jedoch ist bei der Erstellung des Modellbau Verbrennungsmotors noch viel Spielraum f\u00fcr den individuellen Geschmack des Modellbauer. Auch zur Herstellung dieses Material [&hellip;]<\/p>\n","protected":false},"author":1,"featured_media":0,"parent":344,"menu_order":0,"comment_status":"closed","ping_status":"closed","template":"","meta":{"footnotes":""},"class_list":["post-2278","page","type-page","status-publish","hentry"],"yoast_head":"<!-- This site is optimized with the Yoast SEO plugin v27.4 - https:\/\/yoast.com\/product\/yoast-seo-wordpress\/ -->\n<title>Verbrennungsmotoren - Bengs Modellbau Magazin<\/title>\n<meta name=\"description\" content=\"Auf dieser Seite finden Sie verschiedene Bilder von Kundenmodellen die Verbrennungsmotoren von Bengs Modellbau hergestellt haben\" \/>\n<meta name=\"robots\" content=\"index, follow, max-snippet:-1, max-image-preview:large, max-video-preview:-1\" \/>\n<link rel=\"canonical\" href=\"https:\/\/www.bengs-modellbau.de\/magazin\/kunden-modelle\/verbrennungsmotoren\/\" \/>\n<meta property=\"og:locale\" content=\"de_DE\" \/>\n<meta property=\"og:type\" content=\"article\" \/>\n<meta property=\"og:title\" content=\"Verbrennungsmotoren - Bengs Modellbau Magazin\" \/>\n<meta property=\"og:description\" content=\"Auf dieser Seite finden Sie verschiedene Bilder von Kundenmodellen die Verbrennungsmotoren von Bengs Modellbau hergestellt haben\" \/>\n<meta property=\"og:url\" content=\"https:\/\/www.bengs-modellbau.de\/magazin\/kunden-modelle\/verbrennungsmotoren\/\" \/>\n<meta property=\"og:site_name\" content=\"Bengs Modellbau Magazin\" \/>\n<meta property=\"article:modified_time\" content=\"2025-02-18T21:01:20+00:00\" \/>\n<meta property=\"og:image\" content=\"https:\/\/www.bengs-modellbau.de\/magazin\/wp-content\/uploads\/2015\/11\/Bengs-verbrennugsmotor-modellbau.jpg\" \/>\n\t<meta property=\"og:image:width\" content=\"800\" \/>\n\t<meta property=\"og:image:height\" content=\"533\" \/>\n\t<meta property=\"og:image:type\" content=\"image\/jpeg\" \/>\n<meta name=\"twitter:card\" content=\"summary_large_image\" \/>\n<meta name=\"twitter:label1\" content=\"Gesch\u00e4tzte Lesezeit\" \/>\n\t<meta name=\"twitter:data1\" content=\"1\u00a0Minute\" \/>\n<script type=\"application\/ld+json\" class=\"yoast-schema-graph\">{\"@context\":\"https:\\\/\\\/schema.org\",\"@graph\":[{\"@type\":\"WebPage\",\"@id\":\"https:\\\/\\\/www.bengs-modellbau.de\\\/magazin\\\/kunden-modelle\\\/verbrennungsmotoren\\\/\",\"url\":\"https:\\\/\\\/www.bengs-modellbau.de\\\/magazin\\\/kunden-modelle\\\/verbrennungsmotoren\\\/\",\"name\":\"Verbrennungsmotoren - Bengs Modellbau Magazin\",\"isPartOf\":{\"@id\":\"https:\\\/\\\/www.bengs-modellbau.de\\\/magazin\\\/#website\"},\"primaryImageOfPage\":{\"@id\":\"https:\\\/\\\/www.bengs-modellbau.de\\\/magazin\\\/kunden-modelle\\\/verbrennungsmotoren\\\/#primaryimage\"},\"image\":{\"@id\":\"https:\\\/\\\/www.bengs-modellbau.de\\\/magazin\\\/kunden-modelle\\\/verbrennungsmotoren\\\/#primaryimage\"},\"thumbnailUrl\":\"http:\\\/\\\/www.bengs-modellbau.de\\\/magazin\\\/wp-content\\\/uploads\\\/2015\\\/11\\\/Bengs-verbrennugsmotor-modellbau.jpg\",\"datePublished\":\"2015-11-26T15:48:21+00:00\",\"dateModified\":\"2025-02-18T21:01:20+00:00\",\"description\":\"Auf dieser Seite finden Sie verschiedene Bilder von Kundenmodellen die Verbrennungsmotoren von Bengs Modellbau hergestellt haben\",\"breadcrumb\":{\"@id\":\"https:\\\/\\\/www.bengs-modellbau.de\\\/magazin\\\/kunden-modelle\\\/verbrennungsmotoren\\\/#breadcrumb\"},\"inLanguage\":\"de\",\"potentialAction\":[{\"@type\":\"ReadAction\",\"target\":[\"https:\\\/\\\/www.bengs-modellbau.de\\\/magazin\\\/kunden-modelle\\\/verbrennungsmotoren\\\/\"]}]},{\"@type\":\"ImageObject\",\"inLanguage\":\"de\",\"@id\":\"https:\\\/\\\/www.bengs-modellbau.de\\\/magazin\\\/kunden-modelle\\\/verbrennungsmotoren\\\/#primaryimage\",\"url\":\"http:\\\/\\\/www.bengs-modellbau.de\\\/magazin\\\/wp-content\\\/uploads\\\/2015\\\/11\\\/Bengs-verbrennugsmotor-modellbau.jpg\",\"contentUrl\":\"http:\\\/\\\/www.bengs-modellbau.de\\\/magazin\\\/wp-content\\\/uploads\\\/2015\\\/11\\\/Bengs-verbrennugsmotor-modellbau.jpg\"},{\"@type\":\"BreadcrumbList\",\"@id\":\"https:\\\/\\\/www.bengs-modellbau.de\\\/magazin\\\/kunden-modelle\\\/verbrennungsmotoren\\\/#breadcrumb\",\"itemListElement\":[{\"@type\":\"ListItem\",\"position\":1,\"name\":\"Startseite\",\"item\":\"https:\\\/\\\/www.bengs-modellbau.de\\\/magazin\\\/\"},{\"@type\":\"ListItem\",\"position\":2,\"name\":\"Kunden Modelle\",\"item\":\"https:\\\/\\\/www.bengs-modellbau.de\\\/magazin\\\/kunden-modelle\\\/\"},{\"@type\":\"ListItem\",\"position\":3,\"name\":\"Verbrennungsmotoren\"}]},{\"@type\":\"WebSite\",\"@id\":\"https:\\\/\\\/www.bengs-modellbau.de\\\/magazin\\\/#website\",\"url\":\"https:\\\/\\\/www.bengs-modellbau.de\\\/magazin\\\/\",\"name\":\"Bengs Modellbau Magazin\",\"description\":\"\",\"publisher\":{\"@id\":\"https:\\\/\\\/www.bengs-modellbau.de\\\/magazin\\\/#organization\"},\"potentialAction\":[{\"@type\":\"SearchAction\",\"target\":{\"@type\":\"EntryPoint\",\"urlTemplate\":\"https:\\\/\\\/www.bengs-modellbau.de\\\/magazin\\\/?s={search_term_string}\"},\"query-input\":{\"@type\":\"PropertyValueSpecification\",\"valueRequired\":true,\"valueName\":\"search_term_string\"}}],\"inLanguage\":\"de\"},{\"@type\":\"Organization\",\"@id\":\"https:\\\/\\\/www.bengs-modellbau.de\\\/magazin\\\/#organization\",\"name\":\"Bengs Modellbau Magazin\",\"url\":\"https:\\\/\\\/www.bengs-modellbau.de\\\/magazin\\\/\",\"logo\":{\"@type\":\"ImageObject\",\"inLanguage\":\"de\",\"@id\":\"https:\\\/\\\/www.bengs-modellbau.de\\\/magazin\\\/#\\\/schema\\\/logo\\\/image\\\/\",\"url\":\"https:\\\/\\\/www.bengs-modellbau.de\\\/magazin\\\/wp-content\\\/uploads\\\/2024\\\/01\\\/logo-bengs-ebay-2.jpg\",\"contentUrl\":\"https:\\\/\\\/www.bengs-modellbau.de\\\/magazin\\\/wp-content\\\/uploads\\\/2024\\\/01\\\/logo-bengs-ebay-2.jpg\",\"width\":369,\"height\":167,\"caption\":\"Bengs Modellbau Magazin\"},\"image\":{\"@id\":\"https:\\\/\\\/www.bengs-modellbau.de\\\/magazin\\\/#\\\/schema\\\/logo\\\/image\\\/\"}}]}<\/script>\n<!-- \/ Yoast SEO plugin. -->","yoast_head_json":{"title":"Verbrennungsmotoren - Bengs Modellbau Magazin","description":"Auf dieser Seite finden Sie verschiedene Bilder von Kundenmodellen die Verbrennungsmotoren von Bengs Modellbau hergestellt haben","robots":{"index":"index","follow":"follow","max-snippet":"max-snippet:-1","max-image-preview":"max-image-preview:large","max-video-preview":"max-video-preview:-1"},"canonical":"https:\/\/www.bengs-modellbau.de\/magazin\/kunden-modelle\/verbrennungsmotoren\/","og_locale":"de_DE","og_type":"article","og_title":"Verbrennungsmotoren - Bengs Modellbau Magazin","og_description":"Auf dieser Seite finden Sie verschiedene Bilder von Kundenmodellen die Verbrennungsmotoren von Bengs Modellbau hergestellt haben","og_url":"https:\/\/www.bengs-modellbau.de\/magazin\/kunden-modelle\/verbrennungsmotoren\/","og_site_name":"Bengs Modellbau Magazin","article_modified_time":"2025-02-18T21:01:20+00:00","og_image":[{"width":800,"height":533,"url":"https:\/\/www.bengs-modellbau.de\/magazin\/wp-content\/uploads\/2015\/11\/Bengs-verbrennugsmotor-modellbau.jpg","type":"image\/jpeg"}],"twitter_card":"summary_large_image","twitter_misc":{"Gesch\u00e4tzte Lesezeit":"1\u00a0Minute"},"schema":{"@context":"https:\/\/schema.org","@graph":[{"@type":"WebPage","@id":"https:\/\/www.bengs-modellbau.de\/magazin\/kunden-modelle\/verbrennungsmotoren\/","url":"https:\/\/www.bengs-modellbau.de\/magazin\/kunden-modelle\/verbrennungsmotoren\/","name":"Verbrennungsmotoren - Bengs Modellbau Magazin","isPartOf":{"@id":"https:\/\/www.bengs-modellbau.de\/magazin\/#website"},"primaryImageOfPage":{"@id":"https:\/\/www.bengs-modellbau.de\/magazin\/kunden-modelle\/verbrennungsmotoren\/#primaryimage"},"image":{"@id":"https:\/\/www.bengs-modellbau.de\/magazin\/kunden-modelle\/verbrennungsmotoren\/#primaryimage"},"thumbnailUrl":"http:\/\/www.bengs-modellbau.de\/magazin\/wp-content\/uploads\/2015\/11\/Bengs-verbrennugsmotor-modellbau.jpg","datePublished":"2015-11-26T15:48:21+00:00","dateModified":"2025-02-18T21:01:20+00:00","description":"Auf dieser Seite finden Sie verschiedene Bilder von Kundenmodellen die Verbrennungsmotoren von Bengs Modellbau hergestellt haben","breadcrumb":{"@id":"https:\/\/www.bengs-modellbau.de\/magazin\/kunden-modelle\/verbrennungsmotoren\/#breadcrumb"},"inLanguage":"de","potentialAction":[{"@type":"ReadAction","target":["https:\/\/www.bengs-modellbau.de\/magazin\/kunden-modelle\/verbrennungsmotoren\/"]}]},{"@type":"ImageObject","inLanguage":"de","@id":"https:\/\/www.bengs-modellbau.de\/magazin\/kunden-modelle\/verbrennungsmotoren\/#primaryimage","url":"http:\/\/www.bengs-modellbau.de\/magazin\/wp-content\/uploads\/2015\/11\/Bengs-verbrennugsmotor-modellbau.jpg","contentUrl":"http:\/\/www.bengs-modellbau.de\/magazin\/wp-content\/uploads\/2015\/11\/Bengs-verbrennugsmotor-modellbau.jpg"},{"@type":"BreadcrumbList","@id":"https:\/\/www.bengs-modellbau.de\/magazin\/kunden-modelle\/verbrennungsmotoren\/#breadcrumb","itemListElement":[{"@type":"ListItem","position":1,"name":"Startseite","item":"https:\/\/www.bengs-modellbau.de\/magazin\/"},{"@type":"ListItem","position":2,"name":"Kunden Modelle","item":"https:\/\/www.bengs-modellbau.de\/magazin\/kunden-modelle\/"},{"@type":"ListItem","position":3,"name":"Verbrennungsmotoren"}]},{"@type":"WebSite","@id":"https:\/\/www.bengs-modellbau.de\/magazin\/#website","url":"https:\/\/www.bengs-modellbau.de\/magazin\/","name":"Bengs Modellbau Magazin","description":"","publisher":{"@id":"https:\/\/www.bengs-modellbau.de\/magazin\/#organization"},"potentialAction":[{"@type":"SearchAction","target":{"@type":"EntryPoint","urlTemplate":"https:\/\/www.bengs-modellbau.de\/magazin\/?s={search_term_string}"},"query-input":{"@type":"PropertyValueSpecification","valueRequired":true,"valueName":"search_term_string"}}],"inLanguage":"de"},{"@type":"Organization","@id":"https:\/\/www.bengs-modellbau.de\/magazin\/#organization","name":"Bengs Modellbau Magazin","url":"https:\/\/www.bengs-modellbau.de\/magazin\/","logo":{"@type":"ImageObject","inLanguage":"de","@id":"https:\/\/www.bengs-modellbau.de\/magazin\/#\/schema\/logo\/image\/","url":"https:\/\/www.bengs-modellbau.de\/magazin\/wp-content\/uploads\/2024\/01\/logo-bengs-ebay-2.jpg","contentUrl":"https:\/\/www.bengs-modellbau.de\/magazin\/wp-content\/uploads\/2024\/01\/logo-bengs-ebay-2.jpg","width":369,"height":167,"caption":"Bengs Modellbau Magazin"},"image":{"@id":"https:\/\/www.bengs-modellbau.de\/magazin\/#\/schema\/logo\/image\/"}}]}},"_links":{"self":[{"href":"https:\/\/www.bengs-modellbau.de\/magazin\/wp-json\/wp\/v2\/pages\/2278","targetHints":{"allow":["GET"]}}],"collection":[{"href":"https:\/\/www.bengs-modellbau.de\/magazin\/wp-json\/wp\/v2\/pages"}],"about":[{"href":"https:\/\/www.bengs-modellbau.de\/magazin\/wp-json\/wp\/v2\/types\/page"}],"author":[{"embeddable":true,"href":"https:\/\/www.bengs-modellbau.de\/magazin\/wp-json\/wp\/v2\/users\/1"}],"replies":[{"embeddable":true,"href":"https:\/\/www.bengs-modellbau.de\/magazin\/wp-json\/wp\/v2\/comments?post=2278"}],"version-history":[{"count":11,"href":"https:\/\/www.bengs-modellbau.de\/magazin\/wp-json\/wp\/v2\/pages\/2278\/revisions"}],"predecessor-version":[{"id":5432,"href":"https:\/\/www.bengs-modellbau.de\/magazin\/wp-json\/wp\/v2\/pages\/2278\/revisions\/5432"}],"up":[{"embeddable":true,"href":"https:\/\/www.bengs-modellbau.de\/magazin\/wp-json\/wp\/v2\/pages\/344"}],"wp:attachment":[{"href":"https:\/\/www.bengs-modellbau.de\/magazin\/wp-json\/wp\/v2\/media?parent=2278"}],"curies":[{"name":"wp","href":"https:\/\/api.w.org\/{rel}","templated":true}]}}