{"id":1699,"date":"2014-03-10T13:10:28","date_gmt":"2014-03-10T13:10:28","guid":{"rendered":"http:\/\/www.bengs-modellbau.de\/magazin\/?page_id=1699"},"modified":"2025-02-18T23:07:49","modified_gmt":"2025-02-18T21:07:49","slug":"entgraten-osborn-schleifensbuerste-tellerbuerste","status":"publish","type":"page","link":"https:\/\/www.bengs-modellbau.de\/magazin\/tutorial\/entgraten-osborn-schleifensbuerste-tellerbuerste\/","title":{"rendered":"Teile entgraten mit der Osborn Schleifensb\u00fcrste \/ Tellerb\u00fcrste"},"content":{"rendered":"<p><a href=\"http:\/\/www.bengs-modellbau.de\/magazin\/wp-content\/uploads\/2014\/03\/entgraten-osborn-schleifb\u00fcrste.jpg\"><img fetchpriority=\"high\" decoding=\"async\" class=\"aligncenter size-large wp-image-1700\" title=\"entgraten-osborn-schleifb\u00fcrste\" src=\"http:\/\/www.bengs-modellbau.de\/magazin\/wp-content\/uploads\/2014\/03\/entgraten-osborn-schleifb\u00fcrste-1024x576.jpg\" alt=\"\" width=\"770\" height=\"433\" srcset=\"https:\/\/www.bengs-modellbau.de\/magazin\/wp-content\/uploads\/2014\/03\/entgraten-osborn-schleifb\u00fcrste-1024x576.jpg 1024w, https:\/\/www.bengs-modellbau.de\/magazin\/wp-content\/uploads\/2014\/03\/entgraten-osborn-schleifb\u00fcrste-300x168.jpg 300w, https:\/\/www.bengs-modellbau.de\/magazin\/wp-content\/uploads\/2014\/03\/entgraten-osborn-schleifb\u00fcrste-160x90.jpg 160w, https:\/\/www.bengs-modellbau.de\/magazin\/wp-content\/uploads\/2014\/03\/entgraten-osborn-schleifb\u00fcrste-260x146.jpg 260w, https:\/\/www.bengs-modellbau.de\/magazin\/wp-content\/uploads\/2014\/03\/entgraten-osborn-schleifb\u00fcrste-360x202.jpg 360w, https:\/\/www.bengs-modellbau.de\/magazin\/wp-content\/uploads\/2014\/03\/entgraten-osborn-schleifb\u00fcrste.jpg 1200w\" sizes=\"(max-width: 770px) 100vw, 770px\" \/><\/a><\/p>\n<h3>Sie suchen nach einer M\u00f6glichkeit komplexe Bauteile schnell und gleichm\u00e4\u00dfig zu entgraten?<\/h3>\n<p>Dann haben wir hier eine interessante M\u00f6glichkeit f\u00fcr Sie. Mit der Osborn Schleifb\u00fcrste k\u00f6nnen Sie komplexe Fr\u00e4steile ausgezeichnet entgraten und sie gleichzeitig mit einem gleichm\u00e4\u00dfigen Schliffbild versehen. \u00a0Bisher war es nur \u00e4u\u00dferst schwer m\u00f6glich Aluminium Profile stirnseitig sauber und gleichm\u00e4\u00dfig zu entgraten. Mit der <a href=\"http:\/\/www.bengs-modellbau.de\/werkzeug\/werkzeuge\/osborn-tellerbuerste-130mm\">Osborn Schleifb\u00fcrste<\/a> lassen sich Aluminium Profile nach dem abs\u00e4gen besonders gut entgraten. Aber auch f\u00fcr den technischen Modellbau zum entgraten von kleinen Dreh- und Fr\u00e4steilen eignet sich der Schleifteller hervorragend. Sie k\u00f6nnen selbst kleinste Teile von Hand mit dem Schleifteller entgraten. Der Osborn Schleifteller eignet sich f\u00fcr nahezu alle Metalle. Sie k\u00f6nnen ihn sogar zum schleifen von Holz verwenden oder um von Holz Lackschichten zu entfernen ohne das Holz zu sehr zu verletzen.<\/p>\n<h4>Bengs Modellbau benutzt die Osborn Schleifb\u00fcrste schon seit vielen Jahren.<\/h4>\n<p>Hier finden Sie die <a title=\"Osborn Tellerb\u00fcrste in unserem Bengs Modellbaushop\" href=\"https:\/\/www.bengs-modellbau.de\/werkzeug\/werkzeuge\/osborn-tellerbuerste-130mm\">Osborn Tellerb\u00fcrste in unserem Bengs Modellbaushop<\/a>.<\/p>\n<p>&nbsp;<\/p>\n<p><object width=\"770\" height=\"433\" classid=\"clsid:d27cdb6e-ae6d-11cf-96b8-444553540000\" codebase=\"http:\/\/download.macromedia.com\/pub\/shockwave\/cabs\/flash\/swflash.cab#version=6,0,40,0\"><param name=\"allowFullScreen\" value=\"true\" \/><param name=\"allowscriptaccess\" value=\"always\" \/><param name=\"src\" value=\"\/\/www.youtube.com\/v\/6CQmKbPrFpg?version=3&amp;hl=de_DE&amp;rel=0\" \/><param name=\"allowfullscreen\" value=\"true\" \/><embed width=\"770\" height=\"433\" type=\"application\/x-shockwave-flash\" src=\"\/\/www.youtube.com\/v\/6CQmKbPrFpg?version=3&amp;hl=de_DE&amp;rel=0\" allowfullscreen=\"allowfullscreen\" allowscriptaccess=\"always\" allowfullscreen=\"allowfullscreen\" \/><\/object><\/p>\n","protected":false},"excerpt":{"rendered":"<p>Sie suchen nach einer M\u00f6glichkeit komplexe Bauteile schnell und gleichm\u00e4\u00dfig zu entgraten? Dann haben wir hier eine interessante M\u00f6glichkeit f\u00fcr Sie. Mit der Osborn Schleifb\u00fcrste k\u00f6nnen Sie komplexe Fr\u00e4steile ausgezeichnet entgraten und sie gleichzeitig mit einem gleichm\u00e4\u00dfigen Schliffbild versehen. \u00a0Bisher war es nur \u00e4u\u00dferst schwer m\u00f6glich Aluminium Profile stirnseitig sauber und gleichm\u00e4\u00dfig zu entgraten. Mit [&hellip;]<\/p>\n","protected":false},"author":1,"featured_media":0,"parent":346,"menu_order":0,"comment_status":"closed","ping_status":"closed","template":"","meta":{"footnotes":""},"class_list":["post-1699","page","type-page","status-publish","hentry"],"yoast_head":"<!-- This site is optimized with the Yoast SEO plugin v27.4 - https:\/\/yoast.com\/product\/yoast-seo-wordpress\/ -->\n<title>Teile entgraten mit der Osborn Schleifensb\u00fcrste \/ Tellerb\u00fcrste - Bengs Modellbau Magazin<\/title>\n<meta name=\"robots\" content=\"index, follow, max-snippet:-1, max-image-preview:large, max-video-preview:-1\" \/>\n<link rel=\"canonical\" href=\"https:\/\/www.bengs-modellbau.de\/magazin\/tutorial\/entgraten-osborn-schleifensbuerste-tellerbuerste\/\" \/>\n<meta property=\"og:locale\" content=\"de_DE\" \/>\n<meta property=\"og:type\" content=\"article\" \/>\n<meta property=\"og:title\" content=\"Teile entgraten mit der Osborn Schleifensb\u00fcrste \/ Tellerb\u00fcrste - Bengs Modellbau Magazin\" \/>\n<meta property=\"og:description\" content=\"Sie suchen nach einer M\u00f6glichkeit komplexe Bauteile schnell und gleichm\u00e4\u00dfig zu entgraten? Dann haben wir hier eine interessante M\u00f6glichkeit f\u00fcr Sie. Mit der Osborn Schleifb\u00fcrste k\u00f6nnen Sie komplexe Fr\u00e4steile ausgezeichnet entgraten und sie gleichzeitig mit einem gleichm\u00e4\u00dfigen Schliffbild versehen. \u00a0Bisher war es nur \u00e4u\u00dferst schwer m\u00f6glich Aluminium Profile stirnseitig sauber und gleichm\u00e4\u00dfig zu entgraten. Mit [&hellip;]\" \/>\n<meta property=\"og:url\" content=\"https:\/\/www.bengs-modellbau.de\/magazin\/tutorial\/entgraten-osborn-schleifensbuerste-tellerbuerste\/\" \/>\n<meta property=\"og:site_name\" content=\"Bengs Modellbau Magazin\" \/>\n<meta property=\"article:modified_time\" content=\"2025-02-18T21:07:49+00:00\" \/>\n<meta name=\"twitter:card\" content=\"summary_large_image\" \/>\n<meta name=\"twitter:label1\" content=\"Gesch\u00e4tzte Lesezeit\" \/>\n\t<meta name=\"twitter:data1\" content=\"1\u00a0Minute\" \/>\n<script type=\"application\/ld+json\" class=\"yoast-schema-graph\">{\"@context\":\"https:\\\/\\\/schema.org\",\"@graph\":[{\"@type\":\"WebPage\",\"@id\":\"https:\\\/\\\/www.bengs-modellbau.de\\\/magazin\\\/tutorial\\\/entgraten-osborn-schleifensbuerste-tellerbuerste\\\/\",\"url\":\"https:\\\/\\\/www.bengs-modellbau.de\\\/magazin\\\/tutorial\\\/entgraten-osborn-schleifensbuerste-tellerbuerste\\\/\",\"name\":\"Teile entgraten mit der Osborn Schleifensb\u00fcrste \\\/ Tellerb\u00fcrste - Bengs Modellbau Magazin\",\"isPartOf\":{\"@id\":\"https:\\\/\\\/www.bengs-modellbau.de\\\/magazin\\\/#website\"},\"datePublished\":\"2014-03-10T13:10:28+00:00\",\"dateModified\":\"2025-02-18T21:07:49+00:00\",\"breadcrumb\":{\"@id\":\"https:\\\/\\\/www.bengs-modellbau.de\\\/magazin\\\/tutorial\\\/entgraten-osborn-schleifensbuerste-tellerbuerste\\\/#breadcrumb\"},\"inLanguage\":\"de\",\"potentialAction\":[{\"@type\":\"ReadAction\",\"target\":[\"https:\\\/\\\/www.bengs-modellbau.de\\\/magazin\\\/tutorial\\\/entgraten-osborn-schleifensbuerste-tellerbuerste\\\/\"]}]},{\"@type\":\"BreadcrumbList\",\"@id\":\"https:\\\/\\\/www.bengs-modellbau.de\\\/magazin\\\/tutorial\\\/entgraten-osborn-schleifensbuerste-tellerbuerste\\\/#breadcrumb\",\"itemListElement\":[{\"@type\":\"ListItem\",\"position\":1,\"name\":\"Startseite\",\"item\":\"https:\\\/\\\/www.bengs-modellbau.de\\\/magazin\\\/\"},{\"@type\":\"ListItem\",\"position\":2,\"name\":\"Tipps und Tricks (Tutorial)\",\"item\":\"https:\\\/\\\/www.bengs-modellbau.de\\\/magazin\\\/tutorial\\\/\"},{\"@type\":\"ListItem\",\"position\":3,\"name\":\"Teile entgraten mit der Osborn Schleifensb\u00fcrste \\\/ Tellerb\u00fcrste\"}]},{\"@type\":\"WebSite\",\"@id\":\"https:\\\/\\\/www.bengs-modellbau.de\\\/magazin\\\/#website\",\"url\":\"https:\\\/\\\/www.bengs-modellbau.de\\\/magazin\\\/\",\"name\":\"Bengs Modellbau Magazin\",\"description\":\"\",\"publisher\":{\"@id\":\"https:\\\/\\\/www.bengs-modellbau.de\\\/magazin\\\/#organization\"},\"potentialAction\":[{\"@type\":\"SearchAction\",\"target\":{\"@type\":\"EntryPoint\",\"urlTemplate\":\"https:\\\/\\\/www.bengs-modellbau.de\\\/magazin\\\/?s={search_term_string}\"},\"query-input\":{\"@type\":\"PropertyValueSpecification\",\"valueRequired\":true,\"valueName\":\"search_term_string\"}}],\"inLanguage\":\"de\"},{\"@type\":\"Organization\",\"@id\":\"https:\\\/\\\/www.bengs-modellbau.de\\\/magazin\\\/#organization\",\"name\":\"Bengs Modellbau Magazin\",\"url\":\"https:\\\/\\\/www.bengs-modellbau.de\\\/magazin\\\/\",\"logo\":{\"@type\":\"ImageObject\",\"inLanguage\":\"de\",\"@id\":\"https:\\\/\\\/www.bengs-modellbau.de\\\/magazin\\\/#\\\/schema\\\/logo\\\/image\\\/\",\"url\":\"https:\\\/\\\/www.bengs-modellbau.de\\\/magazin\\\/wp-content\\\/uploads\\\/2024\\\/01\\\/logo-bengs-ebay-2.jpg\",\"contentUrl\":\"https:\\\/\\\/www.bengs-modellbau.de\\\/magazin\\\/wp-content\\\/uploads\\\/2024\\\/01\\\/logo-bengs-ebay-2.jpg\",\"width\":369,\"height\":167,\"caption\":\"Bengs Modellbau Magazin\"},\"image\":{\"@id\":\"https:\\\/\\\/www.bengs-modellbau.de\\\/magazin\\\/#\\\/schema\\\/logo\\\/image\\\/\"}}]}<\/script>\n<!-- \/ Yoast SEO plugin. -->","yoast_head_json":{"title":"Teile entgraten mit der Osborn Schleifensb\u00fcrste \/ Tellerb\u00fcrste - Bengs Modellbau Magazin","robots":{"index":"index","follow":"follow","max-snippet":"max-snippet:-1","max-image-preview":"max-image-preview:large","max-video-preview":"max-video-preview:-1"},"canonical":"https:\/\/www.bengs-modellbau.de\/magazin\/tutorial\/entgraten-osborn-schleifensbuerste-tellerbuerste\/","og_locale":"de_DE","og_type":"article","og_title":"Teile entgraten mit der Osborn Schleifensb\u00fcrste \/ Tellerb\u00fcrste - Bengs Modellbau Magazin","og_description":"Sie suchen nach einer M\u00f6glichkeit komplexe Bauteile schnell und gleichm\u00e4\u00dfig zu entgraten? Dann haben wir hier eine interessante M\u00f6glichkeit f\u00fcr Sie. Mit der Osborn Schleifb\u00fcrste k\u00f6nnen Sie komplexe Fr\u00e4steile ausgezeichnet entgraten und sie gleichzeitig mit einem gleichm\u00e4\u00dfigen Schliffbild versehen. \u00a0Bisher war es nur \u00e4u\u00dferst schwer m\u00f6glich Aluminium Profile stirnseitig sauber und gleichm\u00e4\u00dfig zu entgraten. Mit [&hellip;]","og_url":"https:\/\/www.bengs-modellbau.de\/magazin\/tutorial\/entgraten-osborn-schleifensbuerste-tellerbuerste\/","og_site_name":"Bengs Modellbau Magazin","article_modified_time":"2025-02-18T21:07:49+00:00","twitter_card":"summary_large_image","twitter_misc":{"Gesch\u00e4tzte Lesezeit":"1\u00a0Minute"},"schema":{"@context":"https:\/\/schema.org","@graph":[{"@type":"WebPage","@id":"https:\/\/www.bengs-modellbau.de\/magazin\/tutorial\/entgraten-osborn-schleifensbuerste-tellerbuerste\/","url":"https:\/\/www.bengs-modellbau.de\/magazin\/tutorial\/entgraten-osborn-schleifensbuerste-tellerbuerste\/","name":"Teile entgraten mit der Osborn Schleifensb\u00fcrste \/ Tellerb\u00fcrste - Bengs Modellbau Magazin","isPartOf":{"@id":"https:\/\/www.bengs-modellbau.de\/magazin\/#website"},"datePublished":"2014-03-10T13:10:28+00:00","dateModified":"2025-02-18T21:07:49+00:00","breadcrumb":{"@id":"https:\/\/www.bengs-modellbau.de\/magazin\/tutorial\/entgraten-osborn-schleifensbuerste-tellerbuerste\/#breadcrumb"},"inLanguage":"de","potentialAction":[{"@type":"ReadAction","target":["https:\/\/www.bengs-modellbau.de\/magazin\/tutorial\/entgraten-osborn-schleifensbuerste-tellerbuerste\/"]}]},{"@type":"BreadcrumbList","@id":"https:\/\/www.bengs-modellbau.de\/magazin\/tutorial\/entgraten-osborn-schleifensbuerste-tellerbuerste\/#breadcrumb","itemListElement":[{"@type":"ListItem","position":1,"name":"Startseite","item":"https:\/\/www.bengs-modellbau.de\/magazin\/"},{"@type":"ListItem","position":2,"name":"Tipps und Tricks (Tutorial)","item":"https:\/\/www.bengs-modellbau.de\/magazin\/tutorial\/"},{"@type":"ListItem","position":3,"name":"Teile entgraten mit der Osborn Schleifensb\u00fcrste \/ Tellerb\u00fcrste"}]},{"@type":"WebSite","@id":"https:\/\/www.bengs-modellbau.de\/magazin\/#website","url":"https:\/\/www.bengs-modellbau.de\/magazin\/","name":"Bengs Modellbau Magazin","description":"","publisher":{"@id":"https:\/\/www.bengs-modellbau.de\/magazin\/#organization"},"potentialAction":[{"@type":"SearchAction","target":{"@type":"EntryPoint","urlTemplate":"https:\/\/www.bengs-modellbau.de\/magazin\/?s={search_term_string}"},"query-input":{"@type":"PropertyValueSpecification","valueRequired":true,"valueName":"search_term_string"}}],"inLanguage":"de"},{"@type":"Organization","@id":"https:\/\/www.bengs-modellbau.de\/magazin\/#organization","name":"Bengs Modellbau Magazin","url":"https:\/\/www.bengs-modellbau.de\/magazin\/","logo":{"@type":"ImageObject","inLanguage":"de","@id":"https:\/\/www.bengs-modellbau.de\/magazin\/#\/schema\/logo\/image\/","url":"https:\/\/www.bengs-modellbau.de\/magazin\/wp-content\/uploads\/2024\/01\/logo-bengs-ebay-2.jpg","contentUrl":"https:\/\/www.bengs-modellbau.de\/magazin\/wp-content\/uploads\/2024\/01\/logo-bengs-ebay-2.jpg","width":369,"height":167,"caption":"Bengs Modellbau Magazin"},"image":{"@id":"https:\/\/www.bengs-modellbau.de\/magazin\/#\/schema\/logo\/image\/"}}]}},"_links":{"self":[{"href":"https:\/\/www.bengs-modellbau.de\/magazin\/wp-json\/wp\/v2\/pages\/1699","targetHints":{"allow":["GET"]}}],"collection":[{"href":"https:\/\/www.bengs-modellbau.de\/magazin\/wp-json\/wp\/v2\/pages"}],"about":[{"href":"https:\/\/www.bengs-modellbau.de\/magazin\/wp-json\/wp\/v2\/types\/page"}],"author":[{"embeddable":true,"href":"https:\/\/www.bengs-modellbau.de\/magazin\/wp-json\/wp\/v2\/users\/1"}],"replies":[{"embeddable":true,"href":"https:\/\/www.bengs-modellbau.de\/magazin\/wp-json\/wp\/v2\/comments?post=1699"}],"version-history":[{"count":11,"href":"https:\/\/www.bengs-modellbau.de\/magazin\/wp-json\/wp\/v2\/pages\/1699\/revisions"}],"predecessor-version":[{"id":5436,"href":"https:\/\/www.bengs-modellbau.de\/magazin\/wp-json\/wp\/v2\/pages\/1699\/revisions\/5436"}],"up":[{"embeddable":true,"href":"https:\/\/www.bengs-modellbau.de\/magazin\/wp-json\/wp\/v2\/pages\/346"}],"wp:attachment":[{"href":"https:\/\/www.bengs-modellbau.de\/magazin\/wp-json\/wp\/v2\/media?parent=1699"}],"curies":[{"name":"wp","href":"https:\/\/api.w.org\/{rel}","templated":true}]}}