{"id":1229,"date":"2012-08-23T10:51:24","date_gmt":"2012-08-23T10:51:24","guid":{"rendered":"http:\/\/www.bengs-modellbau.de\/magazin\/?page_id=1229"},"modified":"2025-02-18T23:21:57","modified_gmt":"2025-02-18T21:21:57","slug":"hartloten-mit-flussmittel-ummantelten-silberlotstangen","status":"publish","type":"page","link":"https:\/\/www.bengs-modellbau.de\/magazin\/tutorial\/hartloten-mit-flussmittel-ummantelten-silberlotstangen\/","title":{"rendered":"Hartl\u00f6ten mit Flussmittel ummantelten Silberlotstangen"},"content":{"rendered":"<figure id=\"attachment_1230\" aria-describedby=\"caption-attachment-1230\" style=\"width: 300px\" class=\"wp-caption alignleft\"><a href=\"http:\/\/www.bengs-modellbau.de\/magazin\/wp-content\/uploads\/2012\/08\/hartloeten-flussmittel-ummantelte-silberlotstange.jpg\"><img fetchpriority=\"high\" decoding=\"async\" class=\"size-medium wp-image-1230\" title=\"hartloeten-flussmittel-ummantelte-silberlotstange\" src=\"http:\/\/www.bengs-modellbau.de\/magazin\/wp-content\/uploads\/2012\/08\/hartloeten-flussmittel-ummantelte-silberlotstange-300x200.jpg\" alt=\"\" width=\"300\" height=\"200\" srcset=\"https:\/\/www.bengs-modellbau.de\/magazin\/wp-content\/uploads\/2012\/08\/hartloeten-flussmittel-ummantelte-silberlotstange-300x200.jpg 300w, https:\/\/www.bengs-modellbau.de\/magazin\/wp-content\/uploads\/2012\/08\/hartloeten-flussmittel-ummantelte-silberlotstange-1024x683.jpg 1024w, https:\/\/www.bengs-modellbau.de\/magazin\/wp-content\/uploads\/2012\/08\/hartloeten-flussmittel-ummantelte-silberlotstange.jpg 1200w\" sizes=\"(max-width: 300px) 100vw, 300px\" \/><\/a><figcaption id=\"caption-attachment-1230\" class=\"wp-caption-text\">Edelstahl l\u00f6ten mit einer ummantelten Silberlotstange<\/figcaption><\/figure>\n<p>Das Hartl\u00f6ten mit Flussmittel ummantelten Silberlotstangen unterscheidet sich nicht stark von dem l\u00f6ten mit blanken Silberlotstangen.\u00a0Es entf\u00e4llt allerdings das einpinseln der Bauteile mit Flussmittel. Ein Nachteil der\u00a0Ummantelung\u00a0ist das Sie die Menge des Flussmittels nicht dosieren k\u00f6nnen und somit meist zu viel Flussmittel auf dem Bauteil ist.\u00a0F\u00fcr gr\u00f6\u00dfere Bauteile bietet es sich aber an ummantelte Hartlotstangen zu benutzen. Im Bengs Modellbau Shop finden Sie ummantelte S<a href=\"https:\/\/www.bengs-modellbau.de\/werkzeug\/loetzubehoer\/flussmittel-ummantelte-silberlot-stangen\">ilberlotstangen mit dem Durchmesser 1,5 mm oder 2 mm<\/a>\u00a0\u00a0L-Ag55 (55%Silber) mit einer Arbeitstemperatur von 630C\u00b0. In dem unten eingebundenen Video sehen Sie eine Anleitung wie Sie mit den Silberlotstangen l\u00f6ten k\u00f6nnen. In dem Video l\u00f6ten wir drei Edelstahl Bauteile mit Silberlot hart zusammen. Nat\u00fcrlich k\u00f6nnen Sie mit unseren Stangen auch Messing, Kupfer oder Stahl Hartl\u00f6ten.<\/p>\n<p>In dem Video Tutorial zum Thema Tipps Hartl\u00f6ten mit ummantelte Silberlotstangen sehen Sie wie wir drei Edelstahlbauteile verl\u00f6tet. Das erstellte Bauteil ist der Verdr\u00e4nger Zylinder f\u00fcr einen <a href=\"https:\/\/www.bengs-modellbau.de\/materialbausaetze\/stirlingmotoren\/\">Modellbau Stirlingmotor<\/a>. Bei dem Verdr\u00e4nger Zylinder ist es wichtig dass er komplett dicht ist sonst funktioniert der Stirlingmotor sp\u00e4ter nicht.<\/p>\n<div class=\"brlbs-cmpnt-container brlbs-cmpnt-content-blocker brlbs-cmpnt-with-individual-styles\" data-borlabs-cookie-content-blocker-id=\"youtube-content-blocker\" data-borlabs-cookie-content=\"PGlmcmFtZSB0aXRsZT0iWW91VHViZSB2aWRlbyBwbGF5ZXIiIHNyYz0iaHR0cHM6Ly93d3cueW91dHViZS1ub2Nvb2tpZS5jb20vZW1iZWQvWnhnZ24wNmJnUDA\/c2k9YTBlRlNkR1p3eWtveFQ0MCIgd2lkdGg9IjY0MCIgaGVpZ2h0PSI0ODAiIGZyYW1lYm9yZGVyPSIwIiBhbGxvd2Z1bGxzY3JlZW49ImFsbG93ZnVsbHNjcmVlbiI+PC9pZnJhbWU+\">\n<div class=\"brlbs-cmpnt-cb-preset-c brlbs-cmpnt-cb-youtube\">\n<div class=\"brlbs-cmpnt-cb-thumbnail\" style=\"background-image: url('https:\/\/www.bengs-modellbau.de\/magazin\/wp-content\/uploads\/borlabs-cookie\/1\/yt_Zxggn06bgP0_hqdefault.jpg')\"><\/div>\n<div class=\"brlbs-cmpnt-cb-main\">\n<div class=\"brlbs-cmpnt-cb-play-button\"><\/div>\n<div class=\"brlbs-cmpnt-cb-content\">\n<p class=\"brlbs-cmpnt-cb-description\">Sie sehen gerade einen Platzhalterinhalt von <strong>YouTube<\/strong>. Um auf den eigentlichen Inhalt zuzugreifen, klicken Sie auf die Schaltfl\u00e4che unten. Bitte beachten Sie, dass dabei Daten an Drittanbieter weitergegeben werden.<\/p>\n<p> <a class=\"brlbs-cmpnt-cb-provider-toggle\" href=\"#\" data-borlabs-cookie-show-provider-information role=\"button\">Mehr Informationen<\/a> <\/div>\n<div class=\"brlbs-cmpnt-cb-buttons\"> <a class=\"brlbs-cmpnt-cb-btn\" href=\"#\" data-borlabs-cookie-unblock role=\"button\">Inhalt entsperren<\/a> <a class=\"brlbs-cmpnt-cb-btn\" href=\"#\" data-borlabs-cookie-accept-service role=\"button\" style=\"display: inherit\">Erforderlichen Service akzeptieren und Inhalte entsperren<\/a> <\/div>\n<\/p><\/div>\n<\/p><\/div>\n<\/div>\n<p>Wenn Ihnen die hier zu sehenden Teile zu gro\u00df sind schauen Sie sich doch unserer Anleitung zum Thema \u201e<a href=\"https:\/\/www.bengs-modellbau.de\/magazin\/tutorial\/hartloeten-silberlot-anleitung\/\">Hartl\u00f6ten mit Silberlot<\/a>\u201c an da sehen Sie wie Kleinteile verl\u00f6tet werden.<\/p>\n<figure id=\"attachment_1233\" aria-describedby=\"caption-attachment-1233\" style=\"width: 300px\" class=\"wp-caption alignright\"><a href=\"http:\/\/www.bengs-modellbau.de\/magazin\/wp-content\/uploads\/2012\/08\/edelstahl-loeten-hartloeten.jpg\"><img decoding=\"async\" class=\"size-medium wp-image-1233\" title=\"edelstahl-loeten-hartloeten\" src=\"http:\/\/www.bengs-modellbau.de\/magazin\/wp-content\/uploads\/2012\/08\/edelstahl-loeten-hartloeten-300x200.jpg\" alt=\"\" width=\"300\" height=\"200\" srcset=\"https:\/\/www.bengs-modellbau.de\/magazin\/wp-content\/uploads\/2012\/08\/edelstahl-loeten-hartloeten-300x200.jpg 300w, https:\/\/www.bengs-modellbau.de\/magazin\/wp-content\/uploads\/2012\/08\/edelstahl-loeten-hartloeten-1024x684.jpg 1024w, https:\/\/www.bengs-modellbau.de\/magazin\/wp-content\/uploads\/2012\/08\/edelstahl-loeten-hartloeten.jpg 1200w\" sizes=\"(max-width: 300px) 100vw, 300px\" \/><\/a><figcaption id=\"caption-attachment-1233\" class=\"wp-caption-text\">Der fertig hartgel\u00f6tete und geputzte Edelstahl Verdr\u00e4ngerzylinder<\/figcaption><\/figure>\n<p>&nbsp;<\/p>\n<p><strong>Hier geht es zum Modellbau Shop:\u00a0<a href=\"https:\/\/www.bengs-modellbau.de\/werkzeug\/loetzubehoer\/flussmittel-ummantelte-silberlot-stangen\">Flussmittel ummantelte Silberlotstangen<\/a><\/strong><\/p>\n<p>&nbsp;<\/p>\n","protected":false},"excerpt":{"rendered":"<p>Das Hartl\u00f6ten mit Flussmittel ummantelten Silberlotstangen unterscheidet sich nicht stark von dem l\u00f6ten mit blanken Silberlotstangen.\u00a0Es entf\u00e4llt allerdings das einpinseln der Bauteile mit Flussmittel. Ein Nachteil der\u00a0Ummantelung\u00a0ist das Sie die Menge des Flussmittels nicht dosieren k\u00f6nnen und somit meist zu viel Flussmittel auf dem Bauteil ist.\u00a0F\u00fcr gr\u00f6\u00dfere Bauteile bietet es sich aber an ummantelte Hartlotstangen [&hellip;]<\/p>\n","protected":false},"author":1,"featured_media":0,"parent":346,"menu_order":0,"comment_status":"closed","ping_status":"closed","template":"","meta":{"footnotes":""},"class_list":["post-1229","page","type-page","status-publish","hentry"],"yoast_head":"<!-- This site is optimized with the Yoast SEO plugin v27.4 - https:\/\/yoast.com\/product\/yoast-seo-wordpress\/ -->\n<title>Hartl\u00f6ten mit Flussmittel ummantelten Silberlotstangen - Bengs Modellbau Magazin<\/title>\n<meta name=\"robots\" content=\"index, follow, max-snippet:-1, max-image-preview:large, max-video-preview:-1\" \/>\n<link rel=\"canonical\" href=\"https:\/\/www.bengs-modellbau.de\/magazin\/tutorial\/hartloten-mit-flussmittel-ummantelten-silberlotstangen\/\" \/>\n<meta property=\"og:locale\" content=\"de_DE\" \/>\n<meta property=\"og:type\" content=\"article\" \/>\n<meta property=\"og:title\" content=\"Hartl\u00f6ten mit Flussmittel ummantelten Silberlotstangen - Bengs Modellbau Magazin\" \/>\n<meta property=\"og:description\" content=\"Das Hartl\u00f6ten mit Flussmittel ummantelten Silberlotstangen unterscheidet sich nicht stark von dem l\u00f6ten mit blanken Silberlotstangen.\u00a0Es entf\u00e4llt allerdings das einpinseln der Bauteile mit Flussmittel. Ein Nachteil der\u00a0Ummantelung\u00a0ist das Sie die Menge des Flussmittels nicht dosieren k\u00f6nnen und somit meist zu viel Flussmittel auf dem Bauteil ist.\u00a0F\u00fcr gr\u00f6\u00dfere Bauteile bietet es sich aber an ummantelte Hartlotstangen [&hellip;]\" \/>\n<meta property=\"og:url\" content=\"https:\/\/www.bengs-modellbau.de\/magazin\/tutorial\/hartloten-mit-flussmittel-ummantelten-silberlotstangen\/\" \/>\n<meta property=\"og:site_name\" content=\"Bengs Modellbau Magazin\" \/>\n<meta property=\"article:modified_time\" content=\"2025-02-18T21:21:57+00:00\" \/>\n<meta property=\"og:image\" content=\"https:\/\/www.bengs-modellbau.de\/magazin\/wp-content\/uploads\/2012\/08\/hartloeten-flussmittel-ummantelte-silberlotstange.jpg\" \/>\n\t<meta property=\"og:image:width\" content=\"1200\" \/>\n\t<meta property=\"og:image:height\" content=\"801\" \/>\n\t<meta property=\"og:image:type\" content=\"image\/jpeg\" \/>\n<meta name=\"twitter:card\" content=\"summary_large_image\" \/>\n<meta name=\"twitter:label1\" content=\"Gesch\u00e4tzte Lesezeit\" \/>\n\t<meta name=\"twitter:data1\" content=\"1\u00a0Minute\" \/>\n<script type=\"application\/ld+json\" class=\"yoast-schema-graph\">{\"@context\":\"https:\\\/\\\/schema.org\",\"@graph\":[{\"@type\":\"WebPage\",\"@id\":\"https:\\\/\\\/www.bengs-modellbau.de\\\/magazin\\\/tutorial\\\/hartloten-mit-flussmittel-ummantelten-silberlotstangen\\\/\",\"url\":\"https:\\\/\\\/www.bengs-modellbau.de\\\/magazin\\\/tutorial\\\/hartloten-mit-flussmittel-ummantelten-silberlotstangen\\\/\",\"name\":\"Hartl\u00f6ten mit Flussmittel ummantelten Silberlotstangen - Bengs Modellbau Magazin\",\"isPartOf\":{\"@id\":\"https:\\\/\\\/www.bengs-modellbau.de\\\/magazin\\\/#website\"},\"primaryImageOfPage\":{\"@id\":\"https:\\\/\\\/www.bengs-modellbau.de\\\/magazin\\\/tutorial\\\/hartloten-mit-flussmittel-ummantelten-silberlotstangen\\\/#primaryimage\"},\"image\":{\"@id\":\"https:\\\/\\\/www.bengs-modellbau.de\\\/magazin\\\/tutorial\\\/hartloten-mit-flussmittel-ummantelten-silberlotstangen\\\/#primaryimage\"},\"thumbnailUrl\":\"http:\\\/\\\/www.bengs-modellbau.de\\\/magazin\\\/wp-content\\\/uploads\\\/2012\\\/08\\\/hartloeten-flussmittel-ummantelte-silberlotstange-300x200.jpg\",\"datePublished\":\"2012-08-23T10:51:24+00:00\",\"dateModified\":\"2025-02-18T21:21:57+00:00\",\"breadcrumb\":{\"@id\":\"https:\\\/\\\/www.bengs-modellbau.de\\\/magazin\\\/tutorial\\\/hartloten-mit-flussmittel-ummantelten-silberlotstangen\\\/#breadcrumb\"},\"inLanguage\":\"de\",\"potentialAction\":[{\"@type\":\"ReadAction\",\"target\":[\"https:\\\/\\\/www.bengs-modellbau.de\\\/magazin\\\/tutorial\\\/hartloten-mit-flussmittel-ummantelten-silberlotstangen\\\/\"]}]},{\"@type\":\"ImageObject\",\"inLanguage\":\"de\",\"@id\":\"https:\\\/\\\/www.bengs-modellbau.de\\\/magazin\\\/tutorial\\\/hartloten-mit-flussmittel-ummantelten-silberlotstangen\\\/#primaryimage\",\"url\":\"https:\\\/\\\/www.bengs-modellbau.de\\\/magazin\\\/wp-content\\\/uploads\\\/2012\\\/08\\\/hartloeten-flussmittel-ummantelte-silberlotstange.jpg\",\"contentUrl\":\"https:\\\/\\\/www.bengs-modellbau.de\\\/magazin\\\/wp-content\\\/uploads\\\/2012\\\/08\\\/hartloeten-flussmittel-ummantelte-silberlotstange.jpg\",\"width\":\"1200\",\"height\":\"801\",\"caption\":\"Edelstahl l\u00f6ten mit einer ummantelten Silberlotstange\"},{\"@type\":\"BreadcrumbList\",\"@id\":\"https:\\\/\\\/www.bengs-modellbau.de\\\/magazin\\\/tutorial\\\/hartloten-mit-flussmittel-ummantelten-silberlotstangen\\\/#breadcrumb\",\"itemListElement\":[{\"@type\":\"ListItem\",\"position\":1,\"name\":\"Startseite\",\"item\":\"https:\\\/\\\/www.bengs-modellbau.de\\\/magazin\\\/\"},{\"@type\":\"ListItem\",\"position\":2,\"name\":\"Tipps und Tricks (Tutorial)\",\"item\":\"https:\\\/\\\/www.bengs-modellbau.de\\\/magazin\\\/tutorial\\\/\"},{\"@type\":\"ListItem\",\"position\":3,\"name\":\"Hartl\u00f6ten mit Flussmittel ummantelten Silberlotstangen\"}]},{\"@type\":\"WebSite\",\"@id\":\"https:\\\/\\\/www.bengs-modellbau.de\\\/magazin\\\/#website\",\"url\":\"https:\\\/\\\/www.bengs-modellbau.de\\\/magazin\\\/\",\"name\":\"Bengs Modellbau Magazin\",\"description\":\"\",\"publisher\":{\"@id\":\"https:\\\/\\\/www.bengs-modellbau.de\\\/magazin\\\/#organization\"},\"potentialAction\":[{\"@type\":\"SearchAction\",\"target\":{\"@type\":\"EntryPoint\",\"urlTemplate\":\"https:\\\/\\\/www.bengs-modellbau.de\\\/magazin\\\/?s={search_term_string}\"},\"query-input\":{\"@type\":\"PropertyValueSpecification\",\"valueRequired\":true,\"valueName\":\"search_term_string\"}}],\"inLanguage\":\"de\"},{\"@type\":\"Organization\",\"@id\":\"https:\\\/\\\/www.bengs-modellbau.de\\\/magazin\\\/#organization\",\"name\":\"Bengs Modellbau Magazin\",\"url\":\"https:\\\/\\\/www.bengs-modellbau.de\\\/magazin\\\/\",\"logo\":{\"@type\":\"ImageObject\",\"inLanguage\":\"de\",\"@id\":\"https:\\\/\\\/www.bengs-modellbau.de\\\/magazin\\\/#\\\/schema\\\/logo\\\/image\\\/\",\"url\":\"https:\\\/\\\/www.bengs-modellbau.de\\\/magazin\\\/wp-content\\\/uploads\\\/2024\\\/01\\\/logo-bengs-ebay-2.jpg\",\"contentUrl\":\"https:\\\/\\\/www.bengs-modellbau.de\\\/magazin\\\/wp-content\\\/uploads\\\/2024\\\/01\\\/logo-bengs-ebay-2.jpg\",\"width\":369,\"height\":167,\"caption\":\"Bengs Modellbau Magazin\"},\"image\":{\"@id\":\"https:\\\/\\\/www.bengs-modellbau.de\\\/magazin\\\/#\\\/schema\\\/logo\\\/image\\\/\"}}]}<\/script>\n<!-- \/ Yoast SEO plugin. -->","yoast_head_json":{"title":"Hartl\u00f6ten mit Flussmittel ummantelten Silberlotstangen - Bengs Modellbau Magazin","robots":{"index":"index","follow":"follow","max-snippet":"max-snippet:-1","max-image-preview":"max-image-preview:large","max-video-preview":"max-video-preview:-1"},"canonical":"https:\/\/www.bengs-modellbau.de\/magazin\/tutorial\/hartloten-mit-flussmittel-ummantelten-silberlotstangen\/","og_locale":"de_DE","og_type":"article","og_title":"Hartl\u00f6ten mit Flussmittel ummantelten Silberlotstangen - Bengs Modellbau Magazin","og_description":"Das Hartl\u00f6ten mit Flussmittel ummantelten Silberlotstangen unterscheidet sich nicht stark von dem l\u00f6ten mit blanken Silberlotstangen.\u00a0Es entf\u00e4llt allerdings das einpinseln der Bauteile mit Flussmittel. Ein Nachteil der\u00a0Ummantelung\u00a0ist das Sie die Menge des Flussmittels nicht dosieren k\u00f6nnen und somit meist zu viel Flussmittel auf dem Bauteil ist.\u00a0F\u00fcr gr\u00f6\u00dfere Bauteile bietet es sich aber an ummantelte Hartlotstangen [&hellip;]","og_url":"https:\/\/www.bengs-modellbau.de\/magazin\/tutorial\/hartloten-mit-flussmittel-ummantelten-silberlotstangen\/","og_site_name":"Bengs Modellbau Magazin","article_modified_time":"2025-02-18T21:21:57+00:00","og_image":[{"width":1200,"height":801,"url":"https:\/\/www.bengs-modellbau.de\/magazin\/wp-content\/uploads\/2012\/08\/hartloeten-flussmittel-ummantelte-silberlotstange.jpg","type":"image\/jpeg"}],"twitter_card":"summary_large_image","twitter_misc":{"Gesch\u00e4tzte Lesezeit":"1\u00a0Minute"},"schema":{"@context":"https:\/\/schema.org","@graph":[{"@type":"WebPage","@id":"https:\/\/www.bengs-modellbau.de\/magazin\/tutorial\/hartloten-mit-flussmittel-ummantelten-silberlotstangen\/","url":"https:\/\/www.bengs-modellbau.de\/magazin\/tutorial\/hartloten-mit-flussmittel-ummantelten-silberlotstangen\/","name":"Hartl\u00f6ten mit Flussmittel ummantelten Silberlotstangen - Bengs Modellbau Magazin","isPartOf":{"@id":"https:\/\/www.bengs-modellbau.de\/magazin\/#website"},"primaryImageOfPage":{"@id":"https:\/\/www.bengs-modellbau.de\/magazin\/tutorial\/hartloten-mit-flussmittel-ummantelten-silberlotstangen\/#primaryimage"},"image":{"@id":"https:\/\/www.bengs-modellbau.de\/magazin\/tutorial\/hartloten-mit-flussmittel-ummantelten-silberlotstangen\/#primaryimage"},"thumbnailUrl":"http:\/\/www.bengs-modellbau.de\/magazin\/wp-content\/uploads\/2012\/08\/hartloeten-flussmittel-ummantelte-silberlotstange-300x200.jpg","datePublished":"2012-08-23T10:51:24+00:00","dateModified":"2025-02-18T21:21:57+00:00","breadcrumb":{"@id":"https:\/\/www.bengs-modellbau.de\/magazin\/tutorial\/hartloten-mit-flussmittel-ummantelten-silberlotstangen\/#breadcrumb"},"inLanguage":"de","potentialAction":[{"@type":"ReadAction","target":["https:\/\/www.bengs-modellbau.de\/magazin\/tutorial\/hartloten-mit-flussmittel-ummantelten-silberlotstangen\/"]}]},{"@type":"ImageObject","inLanguage":"de","@id":"https:\/\/www.bengs-modellbau.de\/magazin\/tutorial\/hartloten-mit-flussmittel-ummantelten-silberlotstangen\/#primaryimage","url":"https:\/\/www.bengs-modellbau.de\/magazin\/wp-content\/uploads\/2012\/08\/hartloeten-flussmittel-ummantelte-silberlotstange.jpg","contentUrl":"https:\/\/www.bengs-modellbau.de\/magazin\/wp-content\/uploads\/2012\/08\/hartloeten-flussmittel-ummantelte-silberlotstange.jpg","width":"1200","height":"801","caption":"Edelstahl l\u00f6ten mit einer ummantelten Silberlotstange"},{"@type":"BreadcrumbList","@id":"https:\/\/www.bengs-modellbau.de\/magazin\/tutorial\/hartloten-mit-flussmittel-ummantelten-silberlotstangen\/#breadcrumb","itemListElement":[{"@type":"ListItem","position":1,"name":"Startseite","item":"https:\/\/www.bengs-modellbau.de\/magazin\/"},{"@type":"ListItem","position":2,"name":"Tipps und Tricks (Tutorial)","item":"https:\/\/www.bengs-modellbau.de\/magazin\/tutorial\/"},{"@type":"ListItem","position":3,"name":"Hartl\u00f6ten mit Flussmittel ummantelten Silberlotstangen"}]},{"@type":"WebSite","@id":"https:\/\/www.bengs-modellbau.de\/magazin\/#website","url":"https:\/\/www.bengs-modellbau.de\/magazin\/","name":"Bengs Modellbau Magazin","description":"","publisher":{"@id":"https:\/\/www.bengs-modellbau.de\/magazin\/#organization"},"potentialAction":[{"@type":"SearchAction","target":{"@type":"EntryPoint","urlTemplate":"https:\/\/www.bengs-modellbau.de\/magazin\/?s={search_term_string}"},"query-input":{"@type":"PropertyValueSpecification","valueRequired":true,"valueName":"search_term_string"}}],"inLanguage":"de"},{"@type":"Organization","@id":"https:\/\/www.bengs-modellbau.de\/magazin\/#organization","name":"Bengs Modellbau Magazin","url":"https:\/\/www.bengs-modellbau.de\/magazin\/","logo":{"@type":"ImageObject","inLanguage":"de","@id":"https:\/\/www.bengs-modellbau.de\/magazin\/#\/schema\/logo\/image\/","url":"https:\/\/www.bengs-modellbau.de\/magazin\/wp-content\/uploads\/2024\/01\/logo-bengs-ebay-2.jpg","contentUrl":"https:\/\/www.bengs-modellbau.de\/magazin\/wp-content\/uploads\/2024\/01\/logo-bengs-ebay-2.jpg","width":369,"height":167,"caption":"Bengs Modellbau Magazin"},"image":{"@id":"https:\/\/www.bengs-modellbau.de\/magazin\/#\/schema\/logo\/image\/"}}]}},"_links":{"self":[{"href":"https:\/\/www.bengs-modellbau.de\/magazin\/wp-json\/wp\/v2\/pages\/1229","targetHints":{"allow":["GET"]}}],"collection":[{"href":"https:\/\/www.bengs-modellbau.de\/magazin\/wp-json\/wp\/v2\/pages"}],"about":[{"href":"https:\/\/www.bengs-modellbau.de\/magazin\/wp-json\/wp\/v2\/types\/page"}],"author":[{"embeddable":true,"href":"https:\/\/www.bengs-modellbau.de\/magazin\/wp-json\/wp\/v2\/users\/1"}],"replies":[{"embeddable":true,"href":"https:\/\/www.bengs-modellbau.de\/magazin\/wp-json\/wp\/v2\/comments?post=1229"}],"version-history":[{"count":21,"href":"https:\/\/www.bengs-modellbau.de\/magazin\/wp-json\/wp\/v2\/pages\/1229\/revisions"}],"predecessor-version":[{"id":5440,"href":"https:\/\/www.bengs-modellbau.de\/magazin\/wp-json\/wp\/v2\/pages\/1229\/revisions\/5440"}],"up":[{"embeddable":true,"href":"https:\/\/www.bengs-modellbau.de\/magazin\/wp-json\/wp\/v2\/pages\/346"}],"wp:attachment":[{"href":"https:\/\/www.bengs-modellbau.de\/magazin\/wp-json\/wp\/v2\/media?parent=1229"}],"curies":[{"name":"wp","href":"https:\/\/api.w.org\/{rel}","templated":true}]}}